{"id":12873,"date":"2020-08-14T08:40:46","date_gmt":"2020-08-14T06:40:46","guid":{"rendered":"https:\/\/baloikasdasa.sg-host.com\/de\/?page_id=12873"},"modified":"2023-12-15T08:27:04","modified_gmt":"2023-12-15T07:27:04","slug":"lager-in-stuhr","status":"publish","type":"page","link":"https:\/\/www.baks.com.pl\/de\/technische-unterstuetzung\/lager-in-stuhr\/","title":{"rendered":"LAGER in STUHR"},"content":{"rendered":"<section class=\"wpb-content-wrapper\"><p>[vc_row row_id=&#8221;sticky-menu&#8221; el_class=&#8221;submenu-row&#8221; css=&#8221;.vc_custom_1441293994461{margin-top: 0px !important;margin-bottom: 0px !important;padding-top: 0px !important;padding-bottom: 0px !important;}&#8221;][vc_column css=&#8221;.vc_custom_1440764270954{margin-top: 0px !important;margin-bottom: 0px !important;padding-top: 0px !important;padding-bottom: 0px !important;}&#8221;][vc_widget_sidebar sidebar_id=&#8221;sidebar-2&#8243; el_class=&#8221;subMenuTop negative&#8221;][\/vc_column][\/vc_row][vc_row full_width=&#8221;stretch_row&#8221; el_class=&#8221;ri-opacity50 ri-black negative ri-padding-page-title&#8221; css=&#8221;.vc_custom_1702625222283{margin-bottom: 0px !important;background-image: url(https:\/\/www.baks.com.pl\/wp-content\/uploads\/2023\/12\/IMG_3566-mod-reduced-001.jpg?id=44712) !important;background-position: center !important;background-repeat: no-repeat !important;background-size: cover !important;}&#8221;][vc_column width=&#8221;1\/6&#8243; offset=&#8221;vc_hidden-xs&#8221;][\/vc_column][vc_column width=&#8221;2\/3&#8243;][vc_column_text el_class=&#8221;negative intro&#8221;]<\/p>\n<h1 style=\"text-align: center;\">KATALOG DER VORR\u00c4TIGEN PRODUKTE<\/h1>\n<hr \/>\n<p style=\"text-align: center;\">\u2013 LAGER IN STUHR<\/p>\n<p>[\/vc_column_text][vc_btn title=&#8221;Herunterladen&#8221; color=&#8221;warning&#8221; align=&#8221;center&#8221; css_animation=&#8221;left-to-right&#8221; link=&#8221;url:%23kat||&#8221; el_class=&#8221;menu-item&#8221;][\/vc_column][vc_column width=&#8221;1\/6&#8243; offset=&#8221;vc_hidden-xs&#8221;][\/vc_column][\/vc_row][vc_row full_width=&#8221;stretch_row&#8221; css=&#8221;.vc_custom_1597399486020{padding-top: 30px !important;padding-bottom: 30px !important;background-color: #acc940 !important;background-position: center !important;background-repeat: no-repeat !important;background-size: cover !important;}&#8221;][vc_column width=&#8221;1\/3&#8243; offset=&#8221;vc_hidden-xs&#8221;][vc_icon icon_fontawesome=&#8221;fa fa-pencil&#8221; color=&#8221;white&#8221; background_style=&#8221;rounded-outline&#8221; background_color=&#8221;white&#8221; align=&#8221;center&#8221; el_class=&#8221;ri_icon_element&#8221;][vc_column_text el_class=&#8221;negative menu-item&#8221;]<\/p>\n<p style=\"text-align: center;\"><a href=\"#kat\">Katalog<\/a><\/p>\n<p>[\/vc_column_text][\/vc_column][vc_column width=&#8221;1\/3&#8243;][vc_icon icon_fontawesome=&#8221;fa fa-question&#8221; color=&#8221;white&#8221; background_style=&#8221;rounded-outline&#8221; background_color=&#8221;white&#8221; align=&#8221;center&#8221; el_class=&#8221;ri_icon_element&#8221;][vc_column_text el_class=&#8221;negative menu-item&#8221;]<\/p>\n<p style=\"text-align: center;\"><a href=\"#ulotka\">Flyer und Brosch\u00fcren<\/a><\/p>\n<p>[\/vc_column_text][\/vc_column][vc_column width=&#8221;1\/3&#8243; offset=&#8221;vc_hidden-xs&#8221;][vc_icon icon_fontawesome=&#8221;fa fa-plus&#8221; color=&#8221;white&#8221; background_style=&#8221;rounded-outline&#8221; background_color=&#8221;white&#8221; align=&#8221;center&#8221; el_class=&#8221;ri_icon_element&#8221;][vc_column_text el_class=&#8221;negative menu-item&#8221;]<\/p>\n<p style=\"text-align: center;\"><a href=\"#ulotka\">Sonderangebote<\/a><\/p>\n<p>[\/vc_column_text][\/vc_column][\/vc_row][vc_row css=&#8221;.vc_custom_1595596447177{margin-top: 50px !important;background-color: #ffffff !important;}&#8221;][vc_column][vc_column_text]<\/p>\n<h2 style=\"text-align: center;\">Sehr geehrte Damen und Herren,<\/h2>\n<p>[\/vc_column_text][\/vc_column][\/vc_row][vc_row css=&#8221;.vc_custom_1595588079041{margin-top: 50px !important;}&#8221;][vc_column width=&#8221;1\/2&#8243;][vc_column_text]Unsere langj\u00e4hrige Erfahrung zeigt uns, wie wichtig die rechtzeitige Bereitstellung von Kabeltragsystemen f\u00fcr die effiziente Umsetzung jedes Projekts ist.<\/p>\n<p>Um die uns anvertrauten Aufgaben zu erf\u00fcllen und unseren Kunden auf dem deutschen Markt eine hohe Verf\u00fcgbarkeit von Produkten zu gew\u00e4hrleisten, hat Firma BAKS f\u00fcr seine Kunden Lagerprogramm vorbereitet. Das Lagerprogramm enth\u00e4lt:<\/p>\n<p>&#8211; zwei Lager: in Stuhr (800 m2)<\/p>\n<p>&#8211; eine Liste von Standardprodukten mit Lagerbest\u00e4nden, die immer in unseren Lagern in Deutschland und im Hauptlager in Karczew vorr\u00e4tig sind<\/p>\n<p>&#8211; ein zus\u00e4tzlicher Rabatt von 3% f\u00fcr Bestellungen von Produkten auf der Liste, der bis Ende 2020 g\u00fcltig ist.[\/vc_column_text][\/vc_column][vc_column width=&#8221;1\/2&#8243;][vc_single_image image=&#8221;12602&#8243; img_size=&#8221;large&#8221; alignment=&#8221;center&#8221; css=&#8221;.vc_custom_1595596180102{padding-right: 2vw !important;padding-left: 2vw !important;}&#8221;][\/vc_column][\/vc_row][vc_row css=&#8221;.vc_custom_1595588079041{margin-top: 50px !important;}&#8221;][vc_column width=&#8221;1\/2&#8243;][vc_single_image image=&#8221;12883&#8243; img_size=&#8221;large&#8221; alignment=&#8221;center&#8221; css=&#8221;.vc_custom_1597385716781{padding-right: 2vw !important;padding-left: 2vw !important;}&#8221;][\/vc_column][vc_column width=&#8221;1\/2&#8243;][vc_column_text]Wir empfehlen Ihnen, sich mit den gesendeten Werbematerialien, der Brosch\u00fcre mit den Lagern sowie der Liste der in den Lagern in Deutschland verf\u00fcgbaren Standardprodukte vertraut zu machen.<\/p>\n<p>Hier finden Sie auch die Lieferbedingungen, die von der Bestellgr\u00f6\u00dfe und der Entfernung abh\u00e4ngen.<\/p>\n<p>Wir bieten spezielle Gesch\u00e4ftsbedingungen f\u00fcr Unternehmen, die eine dauerhafte Zusammenarbeit aufbauen m\u00f6chten.<\/p>\n<p>Wir m\u00f6chten darauf hinweisen, dass wir neben den Produkten aus dem beigef\u00fcgten Katalog auch eine breite Palette von Komponenten f\u00fcr Kabeltragsysteme haben.<\/p>\n<p>Das gesamte Angebot finden Sie auf unserer Website unter: \/de[\/vc_column_text][\/vc_column][\/vc_row]<\/p>\n<\/section>","protected":false},"excerpt":{"rendered":"<p>[vc_row row_id=&#8221;sticky-menu&#8221; el_class=&#8221;submenu-row&#8221; css=&#8221;.vc_custom_1441293994461{margin-top: 0px !important;margin-bottom: 0px !important;padding-top: 0px !important;padding-bottom: 0px !important;}&#8221;][vc_column css=&#8221;.vc_custom_1440764270954{margin-top: 0px !important;margin-bottom: 0px !important;padding-top: 0px !important;padding-bottom: 0px !important;}&#8221;][vc_widget_sidebar sidebar_id=&#8221;sidebar-2&#8243; el_class=&#8221;subMenuTop negative&#8221;][\/vc_column][\/vc_row][vc_row full_width=&#8221;stretch_row&#8221; el_class=&#8221;ri-opacity50 ri-black negative ri-padding-page-title&#8221; css=&#8221;.vc_custom_1702625222283{margin-bottom: 0px !important;background-image: url(https:\/\/www.baks.com.pl\/wp-content\/uploads\/2023\/12\/IMG_3566-mod-reduced-001.jpg?id=44712) !important;background-position: center !important;background-repeat: no-repeat !important;background-size: cover !important;}&#8221;][vc_column width=&#8221;1\/6&#8243; offset=&#8221;vc_hidden-xs&#8221;][\/vc_column][vc_column width=&#8221;2\/3&#8243;][vc_column_text el_class=&#8221;negative intro&#8221;]<\/p>\n<p>KATALOG DER VORR\u00c4TIGEN PRODUKTE<\/p>\n<p style=\"text-align: center;\">\u2013 LAGER IN STUHR<\/p>\n<p>[\/vc_column_text][vc_btn title=&#8221;Herunterladen&#8221; color=&#8221;warning&#8221; align=&#8221;center&#8221; css_animation=&#8221;left-to-right&#8221; link=&#8221;url:%23kat||&#8221; el_class=&#8221;menu-item&#8221;][\/vc_column][vc_column width=&#8221;1\/6&#8243; offset=&#8221;vc_hidden-xs&#8221;][\/vc_column][\/vc_row][vc_row full_width=&#8221;stretch_row&#8221; css=&#8221;.vc_custom_1597399486020{padding-top: 30px !important;padding-bottom: 30px !important;background-color: #acc940 !important;background-position: center !important;background-repeat: no-repeat !important;background-size: cover !important;}&#8221;][vc_column width=&#8221;1\/3&#8243; offset=&#8221;vc_hidden-xs&#8221;][vc_icon icon_fontawesome=&#8221;fa fa-pencil&#8221; color=&#8221;white&#8221;<\/p>\n","protected":false},"author":5,"featured_media":0,"parent":7033,"menu_order":0,"comment_status":"closed","ping_status":"closed","template":"","meta":{"inline_featured_image":false},"acf":[],"_links":{"self":[{"href":"https:\/\/www.baks.com.pl\/de\/wp-json\/wp\/v2\/pages\/12873"}],"collection":[{"href":"https:\/\/www.baks.com.pl\/de\/wp-json\/wp\/v2\/pages"}],"about":[{"href":"https:\/\/www.baks.com.pl\/de\/wp-json\/wp\/v2\/types\/page"}],"author":[{"embeddable":true,"href":"https:\/\/www.baks.com.pl\/de\/wp-json\/wp\/v2\/users\/5"}],"replies":[{"embeddable":true,"href":"https:\/\/www.baks.com.pl\/de\/wp-json\/wp\/v2\/comments?post=12873"}],"version-history":[{"count":23,"href":"https:\/\/www.baks.com.pl\/de\/wp-json\/wp\/v2\/pages\/12873\/revisions"}],"predecessor-version":[{"id":44711,"href":"https:\/\/www.baks.com.pl\/de\/wp-json\/wp\/v2\/pages\/12873\/revisions\/44711"}],"up":[{"embeddable":true,"href":"https:\/\/www.baks.com.pl\/de\/wp-json\/wp\/v2\/pages\/7033"}],"wp:attachment":[{"href":"https:\/\/www.baks.com.pl\/de\/wp-json\/wp\/v2\/media?parent=12873"}],"curies":[{"name":"wp","href":"https:\/\/api.w.org\/{rel}","templated":true}]}}