{"id":43187,"date":"2023-06-19T13:01:12","date_gmt":"2023-06-19T11:01:12","guid":{"rendered":"https:\/\/www.baks.com.pl\/?page_id=43187"},"modified":"2026-01-30T10:58:38","modified_gmt":"2026-01-30T09:58:38","slug":"pv-unterkonstruktionen","status":"publish","type":"page","link":"https:\/\/www.baks.com.pl\/de\/pv-unterkonstruktionen\/","title":{"rendered":"PV Unterkonstruktionen"},"content":{"rendered":"<section class=\"wpb-content-wrapper\"><p>[vc_row row_id=&#8221;sticky-menu&#8221; css=&#8221;.vc_custom_1441294082716{margin-top: 0px !important;margin-bottom: 0px !important;padding-top: 0px !important;padding-bottom: 0px !important;}&#8221; el_class=&#8221;submenu-row&#8221;][vc_column css=&#8221;.vc_custom_1438694375111{margin-top: 0px !important;margin-bottom: 0px !important;padding-top: 0px !important;padding-bottom: 0px !important;}&#8221;][vc_widget_sidebar sidebar_id=&#8221;sidebar-8&#8243; el_class=&#8221;subMenuTop negative&#8221;][\/vc_column][\/vc_row][vc_row full_width=&#8221;stretch_row&#8221; css=&#8221;.vc_custom_1538039132715{margin-bottom: 0px !important;background-image: url(\/wp-content\/uploads\/2015\/07\/pv_1.jpg?id=11252) !important;background-position: center !important;background-repeat: no-repeat !important;background-size: cover !important;}&#8221; el_class=&#8221;ri-opacity30 ri-black ri-padding-page-title&#8221;][vc_column el_class=&#8221;ri-first-column&#8221; offset=&#8221;vc_col-lg-offset-2 vc_col-md-offset-2 vc_col-md-8 vc_col-xs-12&#8243;][vc_column_text el_class=&#8221;intro negative&#8221;]<\/p>\n<h1 class=\"p1\" style=\"text-align: center;\"><span class=\"s1\">Konstruktionen f\u00fcr Montage von Photovoltaikmodulen<br \/>\n<\/span><\/h1>\n<hr \/>\n<p style=\"text-align: center;\">Konstruktionen f\u00fcr Montage von Photovoltaikmodulen aus Aluminium und Stahl<\/p>\n<h2 style=\"text-align: center;\">PV-Produktkatalog<\/h2>\n<p style=\"text-align: center;\"><a href=\"https:\/\/www.baks.com.pl\/wp-content\/uploads\/2015\/08\/PV-UNTERKONSTRUKTIONEN-2024_1.pdf\"><strong>Katalog zum Download PV 2023-3<\/strong><\/a><\/p>\n<p>[\/vc_column_text][\/vc_column][vc_column width=&#8221;1\/6&#8243;][\/vc_column][\/vc_row][vc_row full_width=&#8221;stretch_row&#8221; css=&#8221;.vc_custom_1443428363802{margin-bottom: 0px !important;padding-top: 0px !important;padding-bottom: 30px !important;background-color: #acc940 !important;}&#8221;][vc_column width=&#8221;1\/2&#8243; offset=&#8221;vc_col-md-3 vc_col-xs-12&#8243; css=&#8221;.vc_custom_1442578694453{padding-top: 30px !important;}&#8221;][vc_icon icon_fontawesome=&#8221;fa fa-shield&#8221; color=&#8221;white&#8221; background_style=&#8221;rounded-outline&#8221; background_color=&#8221;white&#8221; align=&#8221;center&#8221; el_class=&#8221;ri_icon_element&#8221;][vc_column_text el_class=&#8221;negative&#8221;]<\/p>\n<p style=\"text-align: center;\">Erfahrung und Verantwortung<\/p>\n<p>[\/vc_column_text][\/vc_column][vc_column width=&#8221;1\/2&#8243; css=&#8221;.vc_custom_1442578685713{padding-top: 30px !important;}&#8221; offset=&#8221;vc_col-md-3 vc_col-xs-12&#8243;][vc_icon icon_fontawesome=&#8221;fa fa-book&#8221; color=&#8221;white&#8221; background_style=&#8221;rounded-outline&#8221; background_color=&#8221;white&#8221; align=&#8221;center&#8221; el_class=&#8221;ri_icon_element&#8221;][vc_column_text el_class=&#8221;negative&#8221;]<\/p>\n<p style=\"text-align: center;\">Breite Palette von Produkten und L\u00f6sungen<\/p>\n<p>[\/vc_column_text][\/vc_column][vc_column width=&#8221;1\/2&#8243; css=&#8221;.vc_custom_1442578709625{padding-top: 30px !important;}&#8221; offset=&#8221;vc_col-md-3 vc_col-xs-12&#8243;][vc_icon icon_fontawesome=&#8221;fa fa-truck&#8221; color=&#8221;white&#8221; background_style=&#8221;rounded-outline&#8221; background_color=&#8221;white&#8221; align=&#8221;center&#8221; el_class=&#8221;ri_icon_element&#8221;][vc_column_text el_class=&#8221;negative&#8221;]<\/p>\n<p style=\"text-align: center;\">Sofortige Verf\u00fcgbarkeit von Vertriebszentren<\/p>\n<p>[\/vc_column_text][\/vc_column][vc_column width=&#8221;1\/2&#8243; css=&#8221;.vc_custom_1442578730950{padding-top: 30px !important;}&#8221; offset=&#8221;vc_col-md-3 vc_col-xs-12&#8243;][vc_icon icon_fontawesome=&#8221;fa fa-lightbulb-o&#8221; color=&#8221;white&#8221; background_style=&#8221;rounded-outline&#8221; background_color=&#8221;white&#8221; align=&#8221;center&#8221; el_class=&#8221;ri_icon_element&#8221;][vc_column_text el_class=&#8221;negative&#8221;]<\/p>\n<p style=\"text-align: center;\">Innovation und Garantie der h\u00f6chsten Qualit\u00e4t<\/p>\n<p>[\/vc_column_text][\/vc_column][\/vc_row][vc_row][vc_column][vc_column_text css=&#8221;.vc_custom_1582723647649{padding-top: 50px !important;}&#8221;]BAKS ist ein professionelles und zuverl\u00e4ssiges Unternehmen und bietet L\u00f6sungen an, die es erm\u00f6glichen, Photovoltaik- und Solarpaneele sowohl freistehend als auch auf Flach- und Steild\u00e4chern zu installieren.<\/p>\n<p>Konstruktionen f\u00fcr Photovoltaik- und Solarmodulen aus Aluminium und Stahl k\u00f6nnen in den Boden hineingeschlagen oder geschraubt, sowie in Beton gegossen oder in Fundamenten verankert werden, deren Gr\u00f6\u00dfe und Befestigungsart je nach Anordnung und Anzahl der Paneele gew\u00e4hlt wird.<\/p>\n<p>Diese energiesparende L\u00f6sung kann auch auf den D\u00e4chern von Geb\u00e4uden installiert werden, die mit Dachpfannenblech, Keramikdachziegeln, Bitumen-Dachschindeln oder Trapezblech bedeckt sind. Bei Flachd\u00e4chern k\u00f6nnen Solar- und Photovoltaikanlagen im entsprechenden Winkel geneigt werden, um optimale Ergebnisse zu erzielen. Unsere Erfahrung erm\u00f6glicht es uns auch, die richtige L\u00f6sung f\u00fcr eine Konstruktion mit einem Steildach zu w\u00e4hlen. Abh\u00e4ngig von den Montagem\u00f6glichkeiten und den W\u00fcnschen unserer Kunden k\u00f6nnen PV-Paneele sowohl vertikal als auch horizontal installiert werden.<\/p>\n<p>Wir beantworten gerne alle Ihre Fragen. Wir laden Sie zum Kontakt mit unseren Vertretern![\/vc_column_text][\/vc_column][\/vc_row][vc_row][vc_column][vc_separator][\/vc_column][\/vc_row][vc_row][vc_column][vc_column_text]<\/p>\n<h2 style=\"text-align: center;\">Breite Palette von Produkten<\/h2>\n<p>[\/vc_column_text][vc_row_inner][vc_column_inner width=&#8221;1\/2&#8243;][vc_column_text el_class=&#8221;intro&#8221; css=&#8221;.vc_custom_1596019050675{padding-right: 30px !important;}&#8221;]<strong>FREISTEHENDE<\/strong> Konstruktionen f\u00fcr die Bodenmontage in verschiedenen Versionen der Befestigung:<br \/>\n<strong>G &#8211;<\/strong> in den Boden hineingeschlagene Konstruktionen <a href=\"\/wp-content\/uploads\/2020\/07\/PV_ang-18.pdf\">(view)<\/a><br \/>\n<strong>B &#8211;<\/strong> in den Boden geschraubte Konstruktionen <a href=\"\/wp-content\/uploads\/2020\/07\/PV_ang-18.pdf\">(view)<\/a><br \/>\n<strong>K &#8211;<\/strong> im Fundament verankerte Konstruktionen <a href=\"\/wp-content\/uploads\/2020\/07\/PV_ang-18.pdf\">(view)<\/a><br \/>\n<strong>S &#8211;<\/strong> in L\u00f6cher im Boden in Beton gegossene Konstruktionen <a href=\"\/wp-content\/uploads\/2020\/07\/PV_ang-18.pdf\">(view)<\/a>[\/vc_column_text][vc_btn title=&#8221;Onlinekatalog&#8221; color=&#8221;warning&#8221; link=&#8221;url:http%3A%2F%2Fkatalog.baks.com.pl%2Fde%2Ftechexample%2Findex%3Fphoto%3Dtrue||&#8221;][vc_btn title=&#8221;Katalog zum Download&#8221; color=&#8221;warning&#8221; link=&#8221;url:http%3A%2F%2Fhome%2Fcustomer%2Fwww%2Fwww.baks.com.pl%2Fpublic_html%2Fwp-content%2Fuploads%2F2020%2F07%2F2-Fotowoltaika_kons_wolnostojace_ang.pdf||&#8221;][\/vc_column_inner][vc_column_inner width=&#8221;1\/2&#8243;][vc_images_carousel images=&#8221;54515,56475,56482,56489,56496,56510,56517,56524,56531,56896&#8243; img_size=&#8221;full&#8221; speed=&#8221;3000&#8243; autoplay=&#8221;yes&#8221; wrap=&#8221;yes&#8221;][\/vc_column_inner][\/vc_row_inner][vc_separator][vc_row_inner][vc_column_inner width=&#8221;1\/2&#8243;][vc_images_carousel images=&#8221;56538,56545,56552,56559,56566,56573,56580&#8243; img_size=&#8221;full&#8221; speed=&#8221;3000&#8243; autoplay=&#8221;yes&#8221; wrap=&#8221;yes&#8221;][\/vc_column_inner][vc_column_inner width=&#8221;1\/2&#8243;][vc_column_text el_class=&#8221;intro&#8221; css=&#8221;.vc_custom_1582725094179{padding-right: 30px !important;}&#8221;]Konstruktionen f\u00fcr die Montage an <strong>STEILD\u00c4CHERN<\/strong> mit:<br \/>\n&#8211; Dachpfannenblech<br \/>\n&#8211; Stehfalzdach<br \/>\n&#8211; Bitumen-Dachschindeln<br \/>\n&#8211; Keramikdachziegeln<br \/>\n&#8211; Biberschwanzziegeln<br \/>\n&#8211; Trapezblech[\/vc_column_text][vc_btn title=&#8221;Onlinekatalog&#8221; color=&#8221;warning&#8221; link=&#8221;url:http%3A%2F%2Fkatalog.baks.com.pl%2Fde%2Ftechexample%2Findex%3Fphoto%3Dtrue||&#8221;][vc_btn title=&#8221;Katalog zum Download&#8221; color=&#8221;warning&#8221; link=&#8221;url:http%3A%2F%2Fhome%2Fcustomer%2Fwww%2Fwww.baks.com.pl%2Fpublic_html%2Fwp-content%2Fuploads%2F2020%2F07%2F2-Fotowoltaika_kons_skosne_ang.pdf||&#8221;][\/vc_column_inner][\/vc_row_inner][vc_separator][vc_row_inner][vc_column_inner width=&#8221;1\/2&#8243;][vc_column_text el_class=&#8221;intro&#8221; css=&#8221;.vc_custom_1582725122357{padding-right: 30px !important;}&#8221;]Kontsruktionen f\u00fcr die Montage an <strong>FLACHD\u00c4CHERN<\/strong> in Versionen mit verschiedenen Paneelneigungswinkeln (5, 10, 15, 20, 30 Grad) sowie verankerte Versionen und Ballastversionen. Konstruktionen aus feuerverzinktem Stahl oder Aluminium.[\/vc_column_text][vc_btn title=&#8221;Onlinekatalog&#8221; color=&#8221;warning&#8221; link=&#8221;url:http%3A%2F%2Fkatalog.baks.com.pl%2Fde%2Ftechexample%2Findex%3Fphoto%3Dtrue||&#8221;][vc_btn title=&#8221;Katalog zum Download&#8221; color=&#8221;warning&#8221; link=&#8221;url:http%3A%2F%2Fhome%2Fcustomer%2Fwww%2Fwww.baks.com.pl%2Fpublic_html%2Fwp-content%2Fuploads%2F2020%2F07%2F2-Fotowoltaika_kons_plaskie_ang.pdf||&#8221;][\/vc_column_inner][vc_column_inner width=&#8221;1\/2&#8243;][vc_images_carousel images=&#8221;56838,56845,56852,56859,56866,56873&#8243; img_size=&#8221;full&#8221; speed=&#8221;3000&#8243; autoplay=&#8221;yes&#8221; wrap=&#8221;yes&#8221;][\/vc_column_inner][\/vc_row_inner][\/vc_column][\/vc_row][vc_row][vc_column][vc_column_text]<\/p>\n<h2 style=\"text-align: right;\"><\/h2>\n<p>[\/vc_column_text][vc_column_text]<\/p>\n<h2 style=\"text-align: center;\">Neue Systeme und Produkte<\/h2>\n<p>[\/vc_column_text][vc_masonry_grid post_type=&#8221;post&#8221; max_items=&#8221;20&#8243; item=&#8221;542&#8243; grid_id=&#8221;vc_gid:1769766931140-971e0dd9-d8de-9&#8243; taxonomies=&#8221;518&#8243;][\/vc_column][\/vc_row][vc_row full_width=&#8221;stretch_row&#8221; css=&#8221;.vc_custom_1533807829617{margin-bottom: 0px !important;padding-bottom: 3vw !important;background: #fafaf5 url(\/wp-content\/uploads\/2018\/08\/referencje1.jpg?id=10747) !important;background-position: center !important;background-repeat: no-repeat !important;background-size: cover !important;}&#8221; el_class=&#8221;ri-opacity40 ri-black ri-padding-txt-image&#8221;][vc_column offset=&#8221;vc_col-md-offset-6 vc_col-md-6 vc_col-xs-12&#8243; css=&#8221;.vc_custom_1442907767057{padding-top: 5vw !important;padding-bottom: 10px !important;}&#8221;][vc_column_text el_class=&#8221;intro negative&#8221; css=&#8221;.vc_custom_1582725159142{padding-bottom: 0px !important;padding-left: 30px !important;}&#8221;]<\/p>\n<h2>Referenzen<\/h2>\n<p>Unsere Produkte erm\u00f6glichen den Bau kompletter Photovoltaikanlagen unter allen Bedingungen.[\/vc_column_text][vc_row_inner css=&#8221;.vc_custom_1438763933236{padding-left: 30px !important;}&#8221;][vc_column_inner][vc_btn title=&#8221;Referenzen&#8221; color=&#8221;warning&#8221; link=&#8221;url:https%3A%2F%2Fwww.baks.com.pl%2Fde%2Fpv-unterkonstruktionen%2Fpv-referenzen%2F|title:PV%20%E2%80%93%20Referenzen&#8221;][\/vc_column_inner][\/vc_row_inner][\/vc_column][\/vc_row][vc_row full_width=&#8221;stretch_row&#8221; el_class=&#8221;ri-padding-txt-image&#8221; css=&#8221;.vc_custom_1533897491906{margin-bottom: 0px !important;padding-bottom: 3vw !important;}&#8221;][vc_column css=&#8221;.vc_custom_1442907607769{padding-top: 5vw !important;}&#8221; offset=&#8221;vc_col-md-6 vc_col-xs-12&#8243;][vc_single_image image=&#8221;56881&#8243; img_size=&#8221;large&#8221; css=&#8221;.vc_custom_1769766652539{background-position: center !important;background-repeat: no-repeat !important;background-size: cover !important;}&#8221;][\/vc_column][vc_column css=&#8221;.vc_custom_1442406559765{padding-top: 40px !important;}&#8221; offset=&#8221;vc_col-md-6 vc_col-xs-12&#8243;][vc_column_text el_class=&#8221;intro&#8221; css=&#8221;.vc_custom_1582725188885{padding-right: 30px !important;}&#8221;]<\/p>\n<h2>PV-Produktkatalog<\/h2>\n<p>PV-Produkt- und Konstruktionkatalog ist in zwei Varianten erh\u00e4ltlich: als Onlinekatalog oder als PDF-Version.[\/vc_column_text][vc_btn title=&#8221;Onlinekatalog&#8221; color=&#8221;warning&#8221; link=&#8221;url:http%3A%2F%2Fkatalog.baks.com.pl%2Ftechexample%2Findex%3Fphoto%3Dtrue||&#8221;][vc_btn title=&#8221;Katalog zum Download&#8221; color=&#8221;warning&#8221; link=&#8221;url:https%3A%2F%2Fwww.baks.com.pl%2Fwp-content%2Fuploads%2F2015%2F08%2FPV-UNTERKONSTRUKTIONEN-2024_1.pdf&#8221;][\/vc_column][\/vc_row][vc_row full_width=&#8221;stretch_row&#8221; el_class=&#8221;ri-padding-txt-image&#8221; css=&#8221;.vc_custom_1533897880685{margin-bottom: 0px !important;padding-bottom: 3vw !important;background-color: #fafaf5 !important;}&#8221;][vc_column css=&#8221;.vc_custom_1442907607769{padding-top: 5vw !important;}&#8221; offset=&#8221;vc_col-md-6 vc_col-xs-12&#8243;][vc_column_text el_class=&#8221;intro&#8221; css=&#8221;.vc_custom_1582725226465{padding-right: 30px !important;}&#8221;]<\/p>\n<h2>Konstruktionen und Montageanleitungen<\/h2>\n<p>Anleitugen online verf\u00fcgbar, die Anwendung und detaillierten Regeln f\u00fcr die Montage der verschiedenen Produktengruppen zeigen.[\/vc_column_text][vc_btn title=&#8221;On-line Installation instructions&#8221; color=&#8221;warning&#8221; link=&#8221;url:https%3A%2F%2Fwww.baks.com.pl%2Fde%2Fpv-unterkonstruktionen%2Fpv-montageanleitungen%2F|title:PV%20%E2%80%93%20Montageanleitungen&#8221;][vc_btn title=&#8221;Installation instructions zum Download&#8221; color=&#8221;warning&#8221; link=&#8221;url:http%3A%2F%2Fhome%2Fcustomer%2Fwww%2Fwww.baks.com.pl%2Fpublic_html%2Fwp-content%2Fuploads%2F2020%2F07%2Fpv_ang_2020_instrukcja.pdf||&#8221;][\/vc_column][vc_column css=&#8221;.vc_custom_1442406559765{padding-top: 40px !important;}&#8221; offset=&#8221;vc_col-md-6 vc_col-xs-12&#8243;][vc_single_image image=&#8221;10902&#8243; img_size=&#8221;large&#8221; css=&#8221;.vc_custom_1535097830494{background-position: center !important;background-repeat: no-repeat !important;background-size: cover !important;}&#8221;][\/vc_column][\/vc_row][vc_row full_width=&#8221;stretch_row&#8221; el_class=&#8221;ri-padding-txt-image&#8221; css=&#8221;.vc_custom_1536751779721{margin-bottom: 0px !important;padding-bottom: 3vw !important;}&#8221;][vc_column css=&#8221;.vc_custom_1442907607769{padding-top: 5vw !important;}&#8221; offset=&#8221;vc_col-md-6 vc_col-xs-12&#8243;][vc_single_image image=&#8221;56888&#8243; img_size=&#8221;large&#8221; css=&#8221;.vc_custom_1769766776832{background-position: center !important;background-repeat: no-repeat !important;background-size: cover !important;}&#8221;][\/vc_column][vc_column css=&#8221;.vc_custom_1442406559765{padding-top: 40px !important;}&#8221; offset=&#8221;vc_col-md-6 vc_col-xs-12&#8243;][vc_column_text el_class=&#8221;intro&#8221; css=&#8221;.vc_custom_1582725269556{padding-right: 30px !important;}&#8221;]<\/p>\n<h2 style=\"text-align: left;\">Zertifikate und allgemeine Garantiebedingungen<\/h2>\n<p style=\"text-align: left;\">Zertifikate, Atteste, Zulassungen und andere technische Dokumente, die die Konformit\u00e4t der BAKS-Produkte mit den aktuellen Normen und gesetzlichen Anforderungen best\u00e4tigen.<\/p>\n<p>[\/vc_column_text][vc_btn title=&#8221;PV Zertifikate&#8221; color=&#8221;warning&#8221; link=&#8221;url:https%3A%2F%2Fwww.baks.com.pl%2Fde%2Fpv-unterkonstruktionen%2Fpv-zertifikate%2F|title:PV%20Zertifikate&#8221;][vc_btn title=&#8221;PV \u2013 Garantie&#8221; color=&#8221;warning&#8221; link=&#8221;url:https%3A%2F%2Fwww.baks.com.pl%2Fde%2Fpv-unterkonstruktionen%2Fpv-garantie%2F|title:PV%20%E2%80%93%20Garantie&#8221;][\/vc_column][\/vc_row][vc_row full_width=&#8221;stretch_row&#8221; row_id=&#8221;kon&#8221; css=&#8221;.vc_custom_1536751809641{margin-top: 0px !important;margin-bottom: 0px !important;padding-bottom: 3vw !important;background-color: #fafaf5 !important;}&#8221;][vc_column][vc_column_text][\/vc_column_text][vc_column_text]<\/p>\n<h2 style=\"text-align: center;\">Kontakt<\/h2>\n<p style=\"text-align: center;\">Ein kompetentes Team von technischen Beratern kann Sie bei der Auswahl, Anwendung, Montage und Preisgestaltung von Produkten unterst\u00fctzen.<br \/>\nAllgemeine Kontaktadresse :<br \/>\n<a href=\"mailto:export@baks.com.pl\">export@baks.com.pl<\/a><\/p>\n<p>[\/vc_column_text][vc_separator][\/vc_column][\/vc_row][vc_row full_width=&#8221;stretch_row&#8221; css=&#8221;.vc_custom_1536751816480{margin-top: 0px !important;margin-bottom: 0px !important;padding-bottom: 3vw !important;background-color: #fafaf5 !important;}&#8221;][vc_column][vc_column_text]<\/p>\n<h4 style=\"text-align: center;\">Technische und Angebotsabteilung Beratern:<\/h4>\n<p>[\/vc_column_text][vc_row_inner][vc_column_inner][vc_column_text]<\/p>\n<p style=\"text-align: center;\">Export Zone III<br \/>\n+48 22 710 81 66<br \/>\n<a href=\"mailto:export@baks.com.pl\">export@baks.com.pl<\/a><\/p>\n<hr \/>\n<p>[\/vc_column_text][\/vc_column_inner][\/vc_row_inner][vc_separator][\/vc_column][\/vc_row][vc_row full_width=&#8221;stretch_row&#8221; css=&#8221;.vc_custom_1595507276092{margin-top: 0px !important;margin-bottom: 0px !important;background-image: url(\/wp-content\/uploads\/2018\/08\/pv_pv.jpg?id=12399) !important;background-position: center !important;background-repeat: no-repeat !important;background-size: cover !important;}&#8221; el_class=&#8221;ri-opacity40 ri-black ri-padding-page-title&#8221;][vc_column el_class=&#8221;ri-first-column&#8221; offset=&#8221;vc_col-md-6 vc_col-xs-12&#8243;][vc_column_text el_class=&#8221;intro negative&#8221;]<\/p>\n<h2>BAKS-PV-App<\/h2>\n<p>Software in Form eines Overlays auf popul\u00e4re CAD-Programme (AutoCAD, BricsCAD, ZWCAD)f\u00fcr Erstellung der Projekte von Kabeltrassen und Materialisten mit BAKS-Produkten.[\/vc_column_text][vc_btn title=&#8221;BAKS-PV-App&#8221; color=&#8221;warning&#8221; link=&#8221;url:https%3A%2F%2Fpv.baks.com.pl%2F||&#8221;][\/vc_column][\/vc_row][vc_row][vc_column][vc_column_text]<\/p>\n<h2 style=\"text-align: right;\"><\/h2>\n<p>[\/vc_column_text][vc_column_text]<\/p>\n<h2 style=\"text-align: center;\">News<\/h2>\n<p>[\/vc_column_text][vc_masonry_grid post_type=&#8221;post&#8221; max_items=&#8221;20&#8243; style=&#8221;load-more&#8221; items_per_page=&#8221;3&#8243; item=&#8221;542&#8243; button_color=&#8221;green&#8221; grid_id=&#8221;vc_gid:1769766931144-62147631-380b-10&#8243; taxonomies=&#8221;508&#8243;][\/vc_column][\/vc_row]<\/p>\n<\/section>","protected":false},"excerpt":{"rendered":"<p>[vc_row row_id=&#8221;sticky-menu&#8221; css=&#8221;.vc_custom_1441294082716{margin-top: 0px !important;margin-bottom: 0px !important;padding-top: 0px !important;padding-bottom: 0px !important;}&#8221; el_class=&#8221;submenu-row&#8221;][vc_column css=&#8221;.vc_custom_1438694375111{margin-top: 0px !important;margin-bottom: 0px !important;padding-top: 0px !important;padding-bottom: 0px !important;}&#8221;][vc_widget_sidebar sidebar_id=&#8221;sidebar-8&#8243; el_class=&#8221;subMenuTop negative&#8221;][\/vc_column][\/vc_row][vc_row full_width=&#8221;stretch_row&#8221; css=&#8221;.vc_custom_1538039132715{margin-bottom: 0px !important;background-image: url(\/wp-content\/uploads\/2015\/07\/pv_1.jpg?id=11252) !important;background-position: center !important;background-repeat: no-repeat !important;background-size: cover !important;}&#8221; el_class=&#8221;ri-opacity30 ri-black ri-padding-page-title&#8221;][vc_column el_class=&#8221;ri-first-column&#8221; offset=&#8221;vc_col-lg-offset-2 vc_col-md-offset-2 vc_col-md-8 vc_col-xs-12&#8243;][vc_column_text el_class=&#8221;intro negative&#8221;]<\/p>\n<p>Konstruktionen f\u00fcr Montage von Photovoltaikmodulen<\/p>\n<p style=\"text-align: center;\">Konstruktionen f\u00fcr Montage von Photovoltaikmodulen aus Aluminium und Stahl<\/p>\n<p>PV-Produktkatalog<\/p>\n<p style=\"text-align: center;\"><a href=\"https:\/\/www.baks.com.pl\/wp-content\/uploads\/2015\/08\/PV-UNTERKONSTRUKTIONEN-2024_1.pdf\"><strong>Katalog zum Download PV 2023-3<\/strong><\/a><\/p>\n<p>[\/vc_column_text][\/vc_column][vc_column width=&#8221;1\/6&#8243;][\/vc_column][\/vc_row][vc_row full_width=&#8221;stretch_row&#8221; css=&#8221;.vc_custom_1443428363802{margin-bottom: 0px !important;padding-top: 0px !important;padding-bottom: 30px !important;background-color: #acc940 !important;}&#8221;][vc_column width=&#8221;1\/2&#8243; offset=&#8221;vc_col-md-3<\/p>\n","protected":false},"author":9,"featured_media":0,"parent":0,"menu_order":0,"comment_status":"closed","ping_status":"closed","template":"","meta":{"inline_featured_image":false},"acf":[],"_links":{"self":[{"href":"https:\/\/www.baks.com.pl\/de\/wp-json\/wp\/v2\/pages\/43187"}],"collection":[{"href":"https:\/\/www.baks.com.pl\/de\/wp-json\/wp\/v2\/pages"}],"about":[{"href":"https:\/\/www.baks.com.pl\/de\/wp-json\/wp\/v2\/types\/page"}],"author":[{"embeddable":true,"href":"https:\/\/www.baks.com.pl\/de\/wp-json\/wp\/v2\/users\/9"}],"replies":[{"embeddable":true,"href":"https:\/\/www.baks.com.pl\/de\/wp-json\/wp\/v2\/comments?post=43187"}],"version-history":[{"count":16,"href":"https:\/\/www.baks.com.pl\/de\/wp-json\/wp\/v2\/pages\/43187\/revisions"}],"predecessor-version":[{"id":56903,"href":"https:\/\/www.baks.com.pl\/de\/wp-json\/wp\/v2\/pages\/43187\/revisions\/56903"}],"wp:attachment":[{"href":"https:\/\/www.baks.com.pl\/de\/wp-json\/wp\/v2\/media?parent=43187"}],"curies":[{"name":"wp","href":"https:\/\/api.w.org\/{rel}","templated":true}]}}