{"id":43462,"date":"2023-08-01T13:26:12","date_gmt":"2023-08-01T11:26:12","guid":{"rendered":"https:\/\/www.baks.com.pl\/?page_id=43462"},"modified":"2026-01-30T13:37:02","modified_gmt":"2026-01-30T12:37:02","slug":"pv-referenzen","status":"publish","type":"page","link":"https:\/\/www.baks.com.pl\/de\/pv-unterkonstruktionen\/pv-referenzen\/","title":{"rendered":"PV &#8211; Referenzen"},"content":{"rendered":"<section class=\"wpb-content-wrapper\"><p>[vc_row row_id=&#8221;sticky-menu&#8221; el_class=&#8221;submenu-row&#8221; css=&#8221;.vc_custom_1441294137268{margin-top: 0px !important;margin-bottom: 0px !important;padding-top: 0px !important;padding-bottom: 0px !important;}&#8221;][vc_column el_class=&#8221;negative&#8221;][vc_widget_sidebar sidebar_id=&#8221;sidebar-8&#8243; el_class=&#8221;negative subMenuTop&#8221;][\/vc_column][\/vc_row][vc_row full_width=&#8221;stretch_row&#8221; css=&#8221;.vc_custom_1534148703015{margin-bottom: 0px !important;background-image: url(\/wp-content\/uploads\/2018\/08\/IMG_20180412_132122.jpg?id=10805) !important;background-position: center !important;background-repeat: no-repeat !important;background-size: cover !important;}&#8221; el_class=&#8221;ri-opacity30 ri-black ri-padding-page-title&#8221;][vc_column offset=&#8221;vc_col-md-offset-2 vc_col-md-8 vc_col-xs-12&#8243;][vc_column_text el_class=&#8221;intro negative&#8221;]<\/p>\n<h1 style=\"text-align: center;\">Referenzen<\/h1>\n<hr \/>\n<p style=\"text-align: center;\">Unsere Produkte werden f\u00fcr verschiedene Investitionen in Polen und im Ausland angewandt. Hier finden Sie eine Liste der ausgew\u00e4hlten Investitionen mit Referenzen unserer Kunden.<\/p>\n<p>[\/vc_column_text][\/vc_column][\/vc_row][vc_row full_width=&#8221;stretch_row&#8221; css=&#8221;.vc_custom_1443428416214{padding-top: 0px !important;padding-bottom: 30px !important;background-color: #acc940 !important;}&#8221;][vc_column width=&#8221;1\/3&#8243; offset=&#8221;vc_col-xs-4&#8243; css=&#8221;.vc_custom_1441977120927{margin-bottom: 0px !important;padding-top: 30px !important;}&#8221;][vc_icon icon_fontawesome=&#8221;fa fa-globe&#8221; color=&#8221;white&#8221; background_style=&#8221;rounded-outline&#8221; background_color=&#8221;white&#8221; align=&#8221;center&#8221; el_class=&#8221;ri_icon_element&#8221;][vc_column_text el_class=&#8221;negative&#8221;]<\/p>\n<ul>\n<li class=\"menu-item menu-item-type-custom menu-item-object-custom menu-item-clear\">\n<p style=\"text-align: center;\"><a href=\"\/wp-content\/uploads\/2018\/09\/Realizacje-fotowoltaika-BAKS-.pdf\">Liste der Inversitionen<\/a><\/p>\n<\/li>\n<\/ul>\n<p>[\/vc_column_text][\/vc_column][vc_column width=&#8221;1\/3&#8243; offset=&#8221;vc_col-xs-4&#8243; css=&#8221;.vc_custom_1441977125035{margin-bottom: 0px !important;padding-top: 30px !important;}&#8221;][vc_icon icon_fontawesome=&#8221;fa fa-camera&#8221; color=&#8221;white&#8221; background_style=&#8221;rounded-outline&#8221; background_color=&#8221;white&#8221; align=&#8221;center&#8221; el_class=&#8221;ri_icon_element&#8221;][vc_column_text el_class=&#8221;negative&#8221;]<\/p>\n<ul>\n<li class=\"menu-item menu-item-type-custom menu-item-object-custom menu-item-clear\">\n<p style=\"text-align: center;\"><a href=\"#obiekty-referencyjne\">Referenzinvestitionen<\/a><\/p>\n<\/li>\n<\/ul>\n<p>[\/vc_column_text][\/vc_column][vc_column width=&#8221;1\/3&#8243; offset=&#8221;vc_col-xs-4&#8243; css=&#8221;.vc_custom_1441977129948{margin-bottom: 0px !important;padding-top: 30px !important;}&#8221;][vc_icon icon_fontawesome=&#8221;fa fa-briefcase&#8221; color=&#8221;white&#8221; background_style=&#8221;rounded-outline&#8221; background_color=&#8221;white&#8221; align=&#8221;center&#8221; el_class=&#8221;ri_icon_element&#8221;][vc_column_text el_class=&#8221;negative&#8221;]<\/p>\n<ul>\n<li class=\"menu-item menu-item-type-custom menu-item-object-custom menu-item-clear\">\n<p style=\"text-align: center;\"><a href=\"#referencje-klientow\">Kundenreferenzen\u00a0<\/a><\/p>\n<\/li>\n<\/ul>\n<p>[\/vc_column_text][\/vc_column][\/vc_row][vc_row full_width=&#8221;stretch_row&#8221;][vc_column offset=&#8221;vc_col-md-offset-2 vc_col-md-8 vc_col-xs-12&#8243;][vc_single_image image=&#8221;3241&#8243; alignment=&#8221;center&#8221; style=&#8221;vc_box_border_circle_2&#8243; el_class=&#8221;ri-flag&#8221;][vc_column_text el_class=&#8221;intro&#8221;]<\/p>\n<h2 style=\"text-align: center;\">Polen<\/h2>\n<p>[\/vc_column_text][\/vc_column][\/vc_row][vc_row full_width=&#8221;stretch_row&#8221; css=&#8221;.vc_custom_1439476238102{margin-bottom: 0px !important;padding-top: 40px !important;padding-bottom: 60px !important;background-color: #fafaf5 !important;}&#8221;][vc_column][vc_column_text]<\/p>\n<h2 style=\"text-align: center;\">Kundenreferenzen<\/h2>\n<p>[\/vc_column_text][\/vc_column][\/vc_row][vc_row full_width=&#8221;stretch_row&#8221; css=&#8221;.vc_custom_1439476461415{margin-bottom: 0px !important;padding-bottom: 60px !important;background-color: #fafaf5 !important;}&#8221;][vc_column width=&#8221;1\/3&#8243;][vc_single_image image=&#8221;11759&#8243; alignment=&#8221;center&#8221;][vc_column_text]<\/p>\n<ul>\n<li style=\"text-align: center;\"><a href=\"\/wp-content\/uploads\/2019\/05\/KS-BAKS-opinia-o-wsp\u00f3\u0142pracy_sign.pdf\">Kompania Solarna<\/a><\/li>\n<\/ul>\n<p>[\/vc_column_text][\/vc_column][vc_column width=&#8221;1\/3&#8243;][vc_single_image image=&#8221;57230&#8243; alignment=&#8221;center&#8221;][vc_column_text]<\/p>\n<ul>\n<li style=\"text-align: center;\"><a href=\"\/wp-content\/uploads\/2018\/08\/IMG_20171105_0002.jpg\">Fotovolt PL<\/a><\/li>\n<li style=\"text-align: center;\"><a href=\"\/wp-content\/uploads\/2018\/08\/IMG_20171105_0003.jpg\">Fotovolt EN<\/a><\/li>\n<\/ul>\n<p>[\/vc_column_text][\/vc_column][vc_column width=&#8221;1\/3&#8243;][vc_single_image image=&#8221;57238&#8243; alignment=&#8221;center&#8221;][vc_column_text]<\/p>\n<ul>\n<li style=\"text-align: center;\"><a href=\"\/wp-content\/uploads\/2018\/09\/20171102114939375.pdf\">Geo Solar Sp. z o.o.<\/a><\/li>\n<\/ul>\n<p>[\/vc_column_text][\/vc_column][\/vc_row][vc_row][vc_column width=&#8221;1\/4&#8243; css=&#8221;.vc_custom_1441114952239{padding-top: 20px !important;}&#8221;][vc_column_text]<strong>HANPLAST Sp. z o.o.<\/strong><br \/>\nul. W\u0142. Paciorkiewicza3, 85-862 Bydgoszcz<br \/>\n\u2022 Instalacja fotowoltaiczna o mocy 120kWp. Konstrukcje typu DP1 &#8211; 10\u00b0 oraz DP1 &#8211; 15\u00b0 zlokalizowane na dachach magazynowych i produkcyjnych firmy HANPLAST[\/vc_column_text][\/vc_column][vc_column width=&#8221;1\/4&#8243; css=&#8221;.vc_custom_1441114956043{padding-top: 20px !important;}&#8221;][vc_column_text]<strong>PHU \u201ePro-Mont\u201d<\/strong><br \/>\nOstrowiec 16, 8-600 Wa\u0142cz<br \/>\n\u2022 Instalacja PV o mocy 40kW \u2013 konstrukcja wolnostoj\u0105ca typu B3A,[\/vc_column_text][\/vc_column][vc_column width=&#8221;1\/4&#8243; css=&#8221;.vc_custom_1441114960638{padding-top: 20px !important;}&#8221;][vc_column_text]<strong>ELEKTROSKANDIA POLSKA Sp. z o.o.<\/strong><br \/>\nul.DZIADOSZA\u0143SKA 10, 61-248 POZNA\u0143<br \/>\nSta\u0142a wsp\u00f3\u0142praca na dostawy konstrukcji pod panele fotowoltaiczne \u2013 g\u0142\u00f3wnie konstrukcje wolnostoj\u0105ce \u2013 typu B2\u2026, G2\u2026, B3\u2026, G3\u2026 m. in.<br \/>\n\u2022 Konstrukcja PD1 \u2013 instalacja o mocy 3kW przy ulicy \u0141\u0119czyckiej 12 w Bydgoszczy.<br \/>\n\u2022 Instalacje PV o mocy 34kWp \u2013 typu B3A kotwione do pod\u0142o\u017ca betowego.[\/vc_column_text][\/vc_column][vc_column width=&#8221;1\/4&#8243; css=&#8221;.vc_custom_1536573127712{margin-top: 50px !important;}&#8221;][vc_column_text]<\/p>\n<p>\u2022 Instalacja o mocy 4,16kWp \u2013 konstrukcja typu B3A \u2013 os. zam. Daniel Lojtek, Elektroskandia, Cz\u0119stochowa, Dekabryst\u00f3w 68\/76,<br \/>\n42-200 Cz\u0119stochowa<br \/>\n\u2022 Instalacja o mocy 4,16kWp \u2013 konstrukcja typu B3A \u2013 os. zam. Daniel Lojtek, Elektroskandia, Cz\u0119stochowa, Dekabryst\u00f3w 68\/76,<br \/>\n42-200 Cz\u0119stochowa<br \/>\n\u2022 Instalacja o mocy 4,16kWp \u2013 konstrukcja typu B3A \u2013 os. zam. Daniel Lojtek, Elektroskandia, Cz\u0119stochowa, Dekabryst\u00f3w 68\/76,<br \/>\n42-200 Cz\u0119stochowa[\/vc_column_text][\/vc_column][\/vc_row][vc_row css=&#8221;.vc_custom_1439900513207{padding-bottom: 60px !important;}&#8221;][vc_column width=&#8221;1\/4&#8243; css=&#8221;.vc_custom_1441114965108{padding-top: 20px !important;}&#8221;][vc_column_text]<strong>Wykonawca: Vaillant Saunier Duval Sp. z o.o.<\/strong><br \/>\nal. Krakowska 106, 02-256 Warszawa<br \/>\n\u2022 Instalacja paneli solarnych na dachu p\u0142askim biurowca. Konstrukcja typu B3A[\/vc_column_text][\/vc_column][vc_column width=&#8221;1\/4&#8243; css=&#8221;.vc_custom_1441114969275{padding-top: 20px !important;}&#8221;][vc_column_text]<strong>KRZYSZTOF KOZAK &#8211; KOZAK KOLOR<\/strong><br \/>\nApisa 2, 81-601 Gdynia<br \/>\n\u2022 Instalacja fotowoltaiczna o mocy 10kWp mocowana do fundament\u00f3w prefabrykowanych. Konstrukcja typu B2A (panele umieszczone w najni\u017cszym punkcie na wysoko\u015bci 2,3m nad ziemi\u0105, pochylenie paneli 25 stopni).[\/vc_column_text][\/vc_column][vc_column width=&#8221;1\/4&#8243; css=&#8221;.vc_custom_1441114973780{padding-top: 20px !important;}&#8221;][vc_column_text]<strong>SOLDAR S.C.<\/strong><br \/>\nWR\u00d3BLEW 33 lok.10, 95-035 OZORK\u00d3W<br \/>\n\u2022 Instalacje PV na dachach budynk\u00f3w jednorodzinnych i dachach budynk\u00f3w gospodarczych o \u0142\u0105cznej mocy 167kWp. Konstrukcje typu DD\u2026[\/vc_column_text][\/vc_column][vc_column width=&#8221;1\/4&#8243; css=&#8221;.vc_custom_1536573257388{margin-top: 25px !important;}&#8221;][vc_column_text]<strong>Eco Voltaika Marek Popowicz<\/strong><br \/>\nKurzel\u00f3w ul. Sienkiewicza 6 29-100 W\u0142oszczowa<br \/>\n\u2022 Instalacja PV fotowoltaiczna o mocy 17kWp na dachu bloku wielorodzinnego w Sosnowcu przy ulicy Naftowej. Konstrukcje typu B3 \u2013 kotwiona do p\u0142yt korytkowych przy u\u017cyciu kotew chemicznych[\/vc_column_text][\/vc_column][\/vc_row][vc_row css=&#8221;.vc_custom_1439900513207{padding-bottom: 60px !important;}&#8221;][vc_column width=&#8221;1\/4&#8243; css=&#8221;.vc_custom_1441114965108{padding-top: 20px !important;}&#8221;][vc_column_text]<strong>RAPIDSOL Marcin Matwiejczuk<\/strong><br \/>\nul. Troczewskiego 36, 15-614 Bia\u0142ystok<br \/>\n\u2022 Instalacja PV fotowoltaiczna o mocy 15kW. Konstrukcja typu G2A.<br \/>\n\u2022 Instalacja PV na dachu p\u0142askim o mocy 24kWp &#8211; typu PD1[\/vc_column_text][\/vc_column][vc_column width=&#8221;1\/4&#8243; css=&#8221;.vc_custom_1441114969275{padding-top: 20px !important;}&#8221;][vc_column_text]<strong>Solar Polska Sp. z o.o.<\/strong><br \/>\nul. Rokici\u0144ska 162, 92-412 \u0141\u00f3d\u017a<br \/>\n\u2022 Instalacja PV o mocy 12kW \u2013 konstrukcja typu G2A<br \/>\n\u2022 Instalacja o mocy 3kW \u2013 konstrukcja typu G2A<br \/>\n\u2022 Instalacja o mocy 3,12kW \u2013 konstrukcja typu G2A[\/vc_column_text][\/vc_column][vc_column width=&#8221;1\/4&#8243; css=&#8221;.vc_custom_1441114973780{padding-top: 20px !important;}&#8221;][vc_column_text]<strong>Fega Poland Sp. z o.o.<\/strong><br \/>\nul. Wagonowa 5-7, 53-609 Wroc\u0142aw<br \/>\n\u2022 Instalacja PV typu DD4 na dachu Przedszkola w \u015arodzie \u015al\u0105skiej o mocy 10 kWp.<br \/>\n\u2022 Instalacja PV o mocy 3kWp \u2013 konstrukcja typu G2A[\/vc_column_text][\/vc_column][vc_column width=&#8221;1\/4&#8243; css=&#8221;.vc_custom_1536573289290{margin-top: 25px !important;}&#8221;][vc_column_text]<strong>GRODNO S.A.<\/strong> <strong>MICHA\u0141\u00d3W-GRABINA <\/strong><br \/>\nUL.KWIATOWA 14, 05-126 NIEPOR\u0118T<br \/>\n\u2022 Instalacje PV na dachach dom\u00f3w jednorodzinnych i budynkach gospodarczych, typu D1, D4, DD1 oraz DD4.<br \/>\n\u2022 Instalacja PV na dachu p\u0142askim o mocy 2kW \u2013 konstrukcja na s\u0142upach zakotwionych w stropodachu,<br \/>\n\u2022 Instalacja PV o mocy 6kW \u2013 konstrukcja wolnostoj\u0105ca typu B2, itd.[\/vc_column_text][\/vc_column][\/vc_row][vc_row css=&#8221;.vc_custom_1439900513207{padding-bottom: 60px !important;}&#8221;][vc_column width=&#8221;1\/4&#8243; css=&#8221;.vc_custom_1441114965108{padding-top: 20px !important;}&#8221;][vc_column_text]<strong>IN-MECH FARY\u015a EDMUND<\/strong><br \/>\nul. KWIATOWA 50, 97-300 PIOTRK\u00d3W TRYBUNALSKI<br \/>\n\u2022 Instalacja PV o mocy 4kW \u2013 konstrukcja G3<br \/>\n3<br \/>\n\u2022 Instalacja PV o mocy 3kW \u2013 konstrukcja D1[\/vc_column_text][\/vc_column][vc_column width=&#8221;1\/4&#8243; css=&#8221;.vc_custom_1441114969275{padding-top: 20px !important;}&#8221;][vc_column_text]<strong>PRZEDSI\u0118BIORSTWO HANDLOWE ALFA-ELEKTRO Sp. z o.o.<\/strong><br \/>\nul.OBR. WESTERPLATTE 81, 40-335 KATOWICE<br \/>\n\u2022 Konstrukcja PD1 \u2013 instalacja PV o mocy 12kW. Konstrukcja doci\u0105\u017cana bloczkami betonowymi.[\/vc_column_text][\/vc_column][vc_column width=&#8221;1\/4&#8243; css=&#8221;.vc_custom_1441114973780{padding-top: 20px !important;}&#8221;][vc_column_text]<strong>UNIA HURTOWNI ELEKTRYCZNYCH &#8220;ELPLUS&#8221; Sp. z o.o.<\/strong><br \/>\nul. INWALIDZKA 11, 41-506 CHORZ\u00d3W,<br \/>\n\u2022 Instalacja PV o mocy 5kW \u2013 konstrukcja wolnostoj\u0105ca typu G1,<br \/>\n\u2022 Instalacja PV o mocy 4kW \u2013 konstrukcja wolnostoj\u0105ca typu B2,<br \/>\n\u2022 Instalacja PV o mocy 5kW \u2013 konstrukcja wolnostoj\u0105ca typu B2,<br \/>\n\u2022 Instalacja PV o mocy 21kW \u2013 konstrukcja PD1 na dachu p\u0142askim,[\/vc_column_text][\/vc_column][vc_column width=&#8221;1\/4&#8243; css=&#8221;.vc_custom_1536573296308{margin-top: 25px !important;}&#8221;][vc_column_text]<strong>POLSKA GRUPA ELEKTRYCZNA FORUM RONDO Sp. z o.o.<\/strong><br \/>\nMORSZK\u00d3W B\/N, 08-304 JAB\u0141ONNA LACKA<br \/>\n\u2022 Instalacja PV o mocy 6,5kW \u2013 konstrukcja typu B2[\/vc_column_text][\/vc_column][\/vc_row][vc_row css=&#8221;.vc_custom_1439900513207{padding-bottom: 60px !important;}&#8221;][vc_column width=&#8221;1\/4&#8243; css=&#8221;.vc_custom_1441114965108{padding-top: 20px !important;}&#8221;][vc_column_text]<strong>Budynek Centrum Kszta\u0142cenia Zawodowego i Ustawicznego w Poznaniu<\/strong><br \/>\n61-161 Pozna\u0144, ul. Jawornicka 61<br \/>\n\u2022 Wykonawca: LENSYSTEM Jacek Lenkowski \u2013 panele Solarne Galmet \u2013 10szt. \u2013 konstrukcja typu PD1 &#8211; 30\u00b0 &#8211; dach p\u0142aski[\/vc_column_text][\/vc_column][vc_column width=&#8221;1\/4&#8243; css=&#8221;.vc_custom_1441114969275{padding-top: 20px !important;}&#8221;][vc_column_text]<strong>ORTEN Sp. z o.o.<\/strong><br \/>\nul. WYSOKA 9, 90-023 \u0141\u00f3d\u017a<br \/>\n\u2022 Instalacji PV o mocy 2,25kW na dachu budynku \u2013 konstrukcja typu B2[\/vc_column_text][\/vc_column][vc_column width=&#8221;1\/4&#8243; css=&#8221;.vc_custom_1441114973780{padding-top: 20px !important;}&#8221;][vc_column_text]<strong>NOWA ELEKTRO Sp. z o.o. (Nowa France)<\/strong><br \/>\nul. ROLNA 1, 62-080 SADY<br \/>\n\u2022 Instalacja PV o mocy 4kWp na dachu p\u0142askim typu PD1.<br \/>\n\u2022 Instalacja PV o mocy 3kWp na dachu p\u0142askim typu PD1 \u2013 Zi\u00f3\u0142kiewicz<br \/>\n\u2022 Instalacja o mocy 3,12kWp[\/vc_column_text][\/vc_column][vc_column width=&#8221;1\/4&#8243; css=&#8221;.vc_custom_1536573302095{margin-top: 25px !important;}&#8221;][vc_column_text]<strong>TIM S.A.<\/strong><br \/>\nul POWSTA\u0143C\u00d3W \u015aL\u0104SKICH 2-4, 53-333 WROC\u0141AW<br \/>\n\u2022 Instalacja paneli solarnych na fundamencie betonowym. Konstrukcja typu B2[\/vc_column_text][\/vc_column][\/vc_row][vc_row css=&#8221;.vc_custom_1439900513207{padding-bottom: 60px !important;}&#8221;][vc_column width=&#8221;1\/4&#8243; css=&#8221;.vc_custom_1441114965108{padding-top: 20px !important;}&#8221;][vc_column_text]<strong>ONNINEN Sp. z o.o.<\/strong><br \/>\nul. EMALIOWA 28, 02-295 WARSZAWA<br \/>\n\u2022 Instalacja PV o mocy 2kW na dachu sko\u015bnym \u2013 konstrukcja D4<br \/>\nPrzemys\u0142owa 3, 35-105 Rzesz\u00f3w<br \/>\n\u2022 Instalacja o mocy 5,2kWp \u2013 konstrukcja typu B3S<br \/>\n\u2022 Instalacja o mocy 2,08kWp \u2013 konstrukcja DD4[\/vc_column_text][\/vc_column][vc_column width=&#8221;1\/4&#8243; css=&#8221;.vc_custom_1441114969275{padding-top: 20px !important;}&#8221;][vc_column_text]<strong>EcoSolar Dorota P\u00f3\u0142torak<\/strong><br \/>\nMahatmy Gandhiegon19\/33, 02-645 Warszawa<br \/>\n\u2022 Instalacja PV o mocy 4kW \u2013 konstrukcja B2[\/vc_column_text][\/vc_column][vc_column width=&#8221;1\/4&#8243; css=&#8221;.vc_custom_1441114973780{padding-top: 20px !important;}&#8221;][vc_column_text]<strong>Vcop Sp z o.o. (groupa EUROALERT)<\/strong><br \/>\nul. G\u0142ogowska 248\/272 hala A<br \/>\n60-104 Pozna\u0144 &#8211; wykonawca<br \/>\n\u2022 Instalacja PV o mocy 19,76kWp \u2013 konstrukcja typu DPB-EW20\u00b0 dach p\u0142aski[\/vc_column_text][\/vc_column][vc_column width=&#8221;1\/4&#8243; css=&#8221;.vc_custom_1536573316721{margin-top: 25px !important;}&#8221;][vc_column_text]<strong>Budynek Centrum Kszta\u0142cenia Zawodowego i Ustawicznego w Poznaniu<\/strong><br \/>\n61-161 Pozna\u0144, ul. Jawornicka 61<br \/>\n\u2022 Wykonawca: LENSYSTEM Jacek Lenkowski \u2013 Instalacja PV o mocy 4,94kWp \u2013 konstrukcja typu PD1 &#8211; 35\u00b0 &#8211; dach p\u0142aski[\/vc_column_text][\/vc_column][\/vc_row][vc_row css=&#8221;.vc_custom_1439900513207{padding-bottom: 60px !important;}&#8221;][vc_column width=&#8221;1\/4&#8243; css=&#8221;.vc_custom_1441114965108{padding-top: 20px !important;}&#8221;][vc_column_text]<strong>EL-BA TECHNOLOGY Barbara Kowalska<\/strong><br \/>\n21-008 TOMASZOWICE<br \/>\nP\u0141OUSZOWICE &#8211; KOLONIA 55C<br \/>\n\u2022 Dach sko\u015bny pokryty dach\u00f3wk\u0105 bitumiczn\u0105 &#8211; 72 panele[\/vc_column_text][\/vc_column][vc_column width=&#8221;1\/4&#8243; css=&#8221;.vc_custom_1441114969275{padding-top: 20px !important;}&#8221;][vc_column_text]<strong>Kaczmarek Electric<\/strong><br \/>\nLubelska 9\/11, 26-600 Radom,<br \/>\n\u2022 Konstrukcja B2A \u2013 5,2kWp &#8211; p. DOBCZY\u0143SKI[\/vc_column_text][\/vc_column][vc_column width=&#8221;1\/4&#8243; css=&#8221;.vc_custom_1441114973780{padding-top: 20px !important;}&#8221;][vc_column_text]<strong>Elektron \u2013 Rafa\u0142 Lupa<\/strong><br \/>\nInstalacja o mocy 5,2kWp typu G3S \u2013 zakup przez Onninen sp. z o.o.[\/vc_column_text][\/vc_column][vc_column width=&#8221;1\/4&#8243; css=&#8221;.vc_custom_1536573322873{margin-top: 25px !important;}&#8221;][vc_column_text]<strong>Narwia\u0144ski Park Narodowy<\/strong><br \/>\ndzia\u0142ka o nr ewid.4\/2, 18-204 Kurowo gm.Kobylin Borzymy<br \/>\nAdam Ozorowski<br \/>\n\u2022 Instalacja o mocy 12,48kWp \u2013 konstrukcja typu G2A[\/vc_column_text][\/vc_column][\/vc_row][vc_row css=&#8221;.vc_custom_1439900513207{padding-bottom: 60px !important;}&#8221;][vc_column width=&#8221;1\/4&#8243; css=&#8221;.vc_custom_1441114965108{padding-top: 20px !important;}&#8221;][vc_column_text]<strong>Technika zamocowa\u0144<\/strong><br \/>\n\u2022 Instalacja o mocy 3,12kWp typu DD4.[\/vc_column_text][\/vc_column][vc_column width=&#8221;1\/4&#8243; css=&#8221;.vc_custom_1441114969275{padding-top: 20px !important;}&#8221;][vc_column_text]<strong>&#8220;ELEKTRO &#8211; HURT&#8221; Aleksander Winter Sp. z o.o.<\/strong><br \/>\n62-200 Gniezno, ul. S\u0142oneczna nr 40A<br \/>\n\u2022 Instalacja o mocy[\/vc_column_text][\/vc_column][vc_column width=&#8221;1\/4&#8243; css=&#8221;.vc_custom_1441114973780{padding-top: 20px !important;}&#8221;][vc_column_text]<strong>EkoEnergia Sp. z o.o.<\/strong><br \/>\nKielce, ul. Olszewskiego 6<br \/>\nKielecki Park Technologiczny<br \/>\n\u2022 Instalacja o mocy 6,24kWp \u2013 konstrukcja typu G3A1[\/vc_column_text][\/vc_column][vc_column width=&#8221;1\/4&#8243; css=&#8221;.vc_custom_1536573326889{margin-top: 25px !important;}&#8221;][vc_column_text]<strong>EL-SIGMA Sp. z o.o.<\/strong><br \/>\nKatowice, ul. D\u0105br\u00f3wki 16<br \/>\n(zakup dla Inter-Zapas, ul. Langiewicza 33, 35-085 Rzesz\u00f3w)<br \/>\n\u2022 Instalacje na dachach sko\u015bnych[\/vc_column_text][\/vc_column][\/vc_row][vc_row css=&#8221;.vc_custom_1439900513207{padding-bottom: 60px !important;}&#8221;][vc_column width=&#8221;1\/4&#8243; css=&#8221;.vc_custom_1441114965108{padding-top: 20px !important;}&#8221;][vc_column_text]<strong>PZE Elektromont-Wojtowicz sp. jawna<\/strong><br \/>\n85-401 Bydgoszcz, ul. GRUNWALDZKA 111-115<br \/>\n\u2022 Instalacje na dachu p\u0142askim o mocy 10,14kWp &#8211; typu DPB-5\u00b0[\/vc_column_text][\/vc_column][vc_column width=&#8221;1\/4&#8243; css=&#8221;.vc_custom_1441114969275{padding-top: 20px !important;}&#8221;][vc_column_text]<strong>Budynek LO &#8211; THE BRITISH SCHOOL<\/strong><br \/>\nul. Boles\u0142awa Limanowskiego 15, 02-943 WARSZAWA<br \/>\n\u2022 Instalacja na dachu p\u0142askim o mocy 5,2kWp[\/vc_column_text][\/vc_column][vc_column width=&#8221;1\/4&#8243; css=&#8221;.vc_custom_1441114973780{padding-top: 20px !important;}&#8221;][vc_column_text]<strong>ML System S.A.<\/strong><br \/>\nSolne Miasto, ul. Tadeusza Ko\u015bciuszki 15, 32-020 Wieliczka<br \/>\n\u2022 Instalacja PV o mocy 38kW w Centrum Edukacyjno-Rekreacyjnym \u201eSolne Miasto\u201d w Wieliczce &#8211; Konstrukcja DP1-15\u00b0[\/vc_column_text][\/vc_column][vc_column width=&#8221;1\/4&#8243; css=&#8221;.vc_custom_1536573331108{margin-top: 25px !important;}&#8221;][vc_column_text]<strong>Elektryk Sp. z o.o.<\/strong><br \/>\nul. Lubelska 43A, ,10-410 Olsztyn<br \/>\n\u2022 Instalacja na dachu p\u0142askim o mocy 5,2kWp[\/vc_column_text][\/vc_column][\/vc_row][vc_row][vc_column][vc_column_text]<\/p>\n<p>[\/vc_column_text][\/vc_column][\/vc_row][vc_row][vc_column][vc_column_text]<\/p>\n<p><script>\/\/ <![CDATA[ var _mzid = '5b585893d471'; (function(s, o, g) { a=s.createElement(o), m=s.getElementsByTagName(o)[0]; a.async = 1; a.src = g; m.parentNode.insertBefore(a, m); })(document, 'script', '\/\/mzer.pl\/mz.js'); \/\/ ]]><\/script><\/p>\n<p>[\/vc_column_text][\/vc_column][\/vc_row]<\/p>\n<\/section>","protected":false},"excerpt":{"rendered":"<p>[vc_row row_id=&#8221;sticky-menu&#8221; el_class=&#8221;submenu-row&#8221; css=&#8221;.vc_custom_1441294137268{margin-top: 0px !important;margin-bottom: 0px !important;padding-top: 0px !important;padding-bottom: 0px !important;}&#8221;][vc_column el_class=&#8221;negative&#8221;][vc_widget_sidebar sidebar_id=&#8221;sidebar-8&#8243; el_class=&#8221;negative subMenuTop&#8221;][\/vc_column][\/vc_row][vc_row full_width=&#8221;stretch_row&#8221; css=&#8221;.vc_custom_1534148703015{margin-bottom: 0px !important;background-image: url(\/wp-content\/uploads\/2018\/08\/IMG_20180412_132122.jpg?id=10805) !important;background-position: center !important;background-repeat: no-repeat !important;background-size: cover !important;}&#8221; el_class=&#8221;ri-opacity30 ri-black ri-padding-page-title&#8221;][vc_column offset=&#8221;vc_col-md-offset-2 vc_col-md-8 vc_col-xs-12&#8243;][vc_column_text el_class=&#8221;intro negative&#8221;]<\/p>\n<p>Referenzen<\/p>\n<p style=\"text-align: center;\">Unsere Produkte werden f\u00fcr verschiedene Investitionen in Polen und im Ausland angewandt. Hier finden Sie eine Liste der ausgew\u00e4hlten Investitionen mit Referenzen unserer Kunden.<\/p>\n<p>[\/vc_column_text][\/vc_column][\/vc_row][vc_row full_width=&#8221;stretch_row&#8221; css=&#8221;.vc_custom_1443428416214{padding-top: 0px !important;padding-bottom: 30px !important;background-color: #acc940 !important;}&#8221;][vc_column width=&#8221;1\/3&#8243; offset=&#8221;vc_col-xs-4&#8243; css=&#8221;.vc_custom_1441977120927{margin-bottom: 0px !important;padding-top: 30px !important;}&#8221;][vc_icon icon_fontawesome=&#8221;fa fa-globe&#8221; color=&#8221;white&#8221; background_style=&#8221;rounded-outline&#8221;<\/p>\n","protected":false},"author":20,"featured_media":0,"parent":43187,"menu_order":0,"comment_status":"closed","ping_status":"closed","template":"","meta":{"inline_featured_image":false},"acf":[],"_links":{"self":[{"href":"https:\/\/www.baks.com.pl\/de\/wp-json\/wp\/v2\/pages\/43462"}],"collection":[{"href":"https:\/\/www.baks.com.pl\/de\/wp-json\/wp\/v2\/pages"}],"about":[{"href":"https:\/\/www.baks.com.pl\/de\/wp-json\/wp\/v2\/types\/page"}],"author":[{"embeddable":true,"href":"https:\/\/www.baks.com.pl\/de\/wp-json\/wp\/v2\/users\/20"}],"replies":[{"embeddable":true,"href":"https:\/\/www.baks.com.pl\/de\/wp-json\/wp\/v2\/comments?post=43462"}],"version-history":[{"count":5,"href":"https:\/\/www.baks.com.pl\/de\/wp-json\/wp\/v2\/pages\/43462\/revisions"}],"predecessor-version":[{"id":57245,"href":"https:\/\/www.baks.com.pl\/de\/wp-json\/wp\/v2\/pages\/43462\/revisions\/57245"}],"up":[{"embeddable":true,"href":"https:\/\/www.baks.com.pl\/de\/wp-json\/wp\/v2\/pages\/43187"}],"wp:attachment":[{"href":"https:\/\/www.baks.com.pl\/de\/wp-json\/wp\/v2\/media?parent=43462"}],"curies":[{"name":"wp","href":"https:\/\/api.w.org\/{rel}","templated":true}]}}