{"id":7021,"date":"2015-12-04T13:35:51","date_gmt":"2015-12-04T12:35:51","guid":{"rendered":"https:\/\/baloikasdasa.sg-host.com\/de\/?page_id=7021"},"modified":"2023-08-02T11:55:10","modified_gmt":"2023-08-02T09:55:10","slug":"produkte","status":"publish","type":"page","link":"https:\/\/www.baks.com.pl\/de\/produkte\/","title":{"rendered":"Produkte"},"content":{"rendered":"<section class=\"wpb-content-wrapper\"><p>[vc_row row_id=&#8221;sticky-menu&#8221; el_class=&#8221;submenu-row&#8221; css=&#8221;.vc_custom_1441290022853{margin-top: 0px !important;margin-bottom: 0px !important;padding-top: 0px !important;padding-bottom: 0px !important;}&#8221;][vc_column css=&#8221;.vc_custom_1438871076726{margin-top: 0px !important;margin-bottom: 0px !important;padding-top: 0px !important;padding-bottom: 0px !important;}&#8221;][vc_widget_sidebar sidebar_id=&#8221;sidebar-1&#8243; el_class=&#8221;negative subMenuTop&#8221;][\/vc_column][\/vc_row][vc_row full_width=&#8221;stretch_row&#8221; css=&#8221;.vc_custom_1690970109106{margin-bottom: 0px !important;padding-bottom: 180px !important;background-image: url(https:\/\/www.baks.com.pl\/wp-content\/uploads\/2023\/05\/kwasowka_produkty-scaled.jpg?id=42992) !important;background-position: center !important;background-repeat: no-repeat !important;background-size: cover !important;}&#8221; el_class=&#8221;ri-opacity50 ri-black ri-padding-page-title&#8221;][vc_column offset=&#8221;vc_col-lg-offset-2 vc_col-lg-8 vc_col-md-offset-2 vc_col-md-8 vc_col-xs-12&#8243;][vc_column_text el_class=&#8221;intro negative&#8221;]<\/p>\n<h1 style=\"text-align: center;\">Professionelle Systeme der Kabeltrassen<\/h1>\n<hr \/>\n<p style=\"text-align: center;\">Im jetzigen Katalogangebot haben wir \u00fcber 27 000 Standardprodukte. Wir arbeiten oft mit unseren Kunden zusammen, um unsere L\u00f6sungen den Anforderungen spezifischer Installationen anzupassen.<\/p>\n<p>[\/vc_column_text][\/vc_column][\/vc_row][vc_row full_width=&#8221;stretch_row&#8221; css=&#8221;.vc_custom_1447103945502{margin-top: -90px !important;margin-bottom: 0px !important;}&#8221; el_class=&#8221;ri-linked-product-row ri-flex&#8221;][vc_column css=&#8221;.vc_custom_1444809919787{padding-top: 40px !important;padding-right: 30px !important;padding-bottom: 32px !important;padding-left: 30px !important;background-color: #acc940 !important;}&#8221; offset=&#8221;vc_col-lg-4 vc_col-md-4 vc_col-xs-12&#8243;][vc_column_text el_class=&#8221;intro negative&#8221;]<\/p>\n<h4 style=\"text-align: center;\">Produktkatalog<\/h4>\n<p style=\"text-align: center;\">Unser fortgeschrittener Online-Katalog erm\u00f6glicht erfolgreiche Arbeit mit einer breiten Palette von Baks-Produkten und Bildung von zweckdienlichen Materialzusammenstellungen.<\/p>\n<p>[\/vc_column_text][vc_btn title=&#8221;Online-Katalog&#8221; style=&#8221;outline&#8221; color=&#8221;white&#8221; align=&#8221;center&#8221; link=&#8221;url:http%3A%2F%2Fkatalog.baks.com.pl%2Fde||target:%20_blank&#8221;][\/vc_column][vc_column css=&#8221;.vc_custom_1444302606081{padding-top: 40px !important;padding-right: 30px !important;padding-bottom: 32px !important;padding-left: 30px !important;background-color: #96b038 !important;}&#8221; offset=&#8221;vc_col-lg-4 vc_col-md-4 vc_col-xs-12&#8243;][vc_column_text el_class=&#8221;intro negative&#8221;]<\/p>\n<h4 style=\"text-align: center;\">Produktwahl<\/h4>\n<p style=\"text-align: center;\">Online- Berechnungsmodule erm\u00f6glichen Simulation der Belastung, der Ausf\u00fcllung und sonstiger Gr\u00f6\u00dfen der Kabeltrasse und Aussuchen der Produkte auf deren Grundlage.<\/p>\n<p>[\/vc_column_text][vc_btn title=&#8221;Produktwahl&#8221; style=&#8221;outline&#8221; color=&#8221;white&#8221; align=&#8221;center&#8221; link=&#8221;url:http%3A%2F%2Fkatalog.baks.com.pl%2Fde%2Fselection||target:%20_blank&#8221;][\/vc_column][vc_column css=&#8221;.vc_custom_1444302620273{padding-top: 40px !important;padding-right: 30px !important;padding-bottom: 32px !important;padding-left: 30px !important;background-color: #809630 !important;}&#8221; offset=&#8221;vc_col-lg-4 vc_col-md-4 vc_col-xs-12&#8243;][vc_column_text el_class=&#8221;intro negative&#8221;]<\/p>\n<h4 style=\"text-align: center;\">L\u00f6sungen<\/h4>\n<p style=\"text-align: center;\">\u00dcbersicht der Hauptl\u00f6sungen stellt komplette Produktgruppen und \u2013familien dar, die Ausf\u00fchrung von beliebigen Konfigurationen der Kabeltrassen erm\u00f6glichen.<\/p>\n<p>[\/vc_column_text][vc_btn title=&#8221;L\u00f6sungen&#8221; style=&#8221;outline&#8221; color=&#8221;white&#8221; align=&#8221;center&#8221; link=&#8221;url:http%3A%2F%2F%2Fde%2Fprodukte%2Floesungen%2F||&#8221;][\/vc_column][\/vc_row][vc_row full_width=&#8221;stretch_row&#8221; css=&#8221;.vc_custom_1438779056610{margin-bottom: 0px !important;padding-top: 60px !important;padding-bottom: 60px !important;}&#8221; el_class=&#8221;ri-opacity90 ri-white&#8221;][vc_column][vc_separator color=&#8221;custom&#8221; el_width=&#8221;50&#8243; accent_color=&#8221;#a1bd3c&#8221;][vc_column_text]<\/p>\n<h2 style=\"text-align: center;\">Produktneuheiten<\/h2>\n<p>[\/vc_column_text][vc_basic_grid post_type=&#8221;post&#8221; max_items=&#8221;6&#8243; item=&#8221;542&#8243; grid_id=&#8221;vc_gid:1690970043814-5ab999f0-407c-7&#8243; taxonomies=&#8221;5&#8243;][\/vc_column][\/vc_row][vc_row][vc_column][vc_column_text]<\/p>\n<p><script>\/\/ <![CDATA[ var _mzid = '5b585893d471'; (function(s, o, g) { a = s.createElement(o), m = s.getElementsByTagName(o)[0]; a.async = 1; a.src = g; m.parentNode.insertBefore(a, m); })(document, 'script', '\/\/mzer.pl\/mz.js'); \/\/ ]]><\/script>[\/vc_column_text][\/vc_column][\/vc_row]<\/p>\n<\/section>","protected":false},"excerpt":{"rendered":"<p>[vc_row row_id=&#8221;sticky-menu&#8221; el_class=&#8221;submenu-row&#8221; css=&#8221;.vc_custom_1441290022853{margin-top: 0px !important;margin-bottom: 0px !important;padding-top: 0px !important;padding-bottom: 0px !important;}&#8221;][vc_column css=&#8221;.vc_custom_1438871076726{margin-top: 0px !important;margin-bottom: 0px !important;padding-top: 0px !important;padding-bottom: 0px !important;}&#8221;][vc_widget_sidebar sidebar_id=&#8221;sidebar-1&#8243; el_class=&#8221;negative subMenuTop&#8221;][\/vc_column][\/vc_row][vc_row full_width=&#8221;stretch_row&#8221; css=&#8221;.vc_custom_1690970109106{margin-bottom: 0px !important;padding-bottom: 180px !important;background-image: url(https:\/\/www.baks.com.pl\/wp-content\/uploads\/2023\/05\/kwasowka_produkty-scaled.jpg?id=42992) !important;background-position: center !important;background-repeat: no-repeat !important;background-size: cover !important;}&#8221; el_class=&#8221;ri-opacity50 ri-black ri-padding-page-title&#8221;][vc_column offset=&#8221;vc_col-lg-offset-2 vc_col-lg-8 vc_col-md-offset-2 vc_col-md-8 vc_col-xs-12&#8243;][vc_column_text el_class=&#8221;intro negative&#8221;]<\/p>\n<p>Professionelle Systeme der Kabeltrassen<\/p>\n<p style=\"text-align: center;\">Im jetzigen Katalogangebot haben wir \u00fcber 27 000 Standardprodukte. Wir arbeiten oft mit unseren Kunden zusammen, um unsere L\u00f6sungen den Anforderungen spezifischer Installationen anzupassen.<\/p>\n<p>[\/vc_column_text][\/vc_column][\/vc_row][vc_row full_width=&#8221;stretch_row&#8221; css=&#8221;.vc_custom_1447103945502{margin-top: -90px !important;margin-bottom:<\/p>\n","protected":false},"author":2,"featured_media":0,"parent":0,"menu_order":0,"comment_status":"closed","ping_status":"closed","template":"","meta":{"inline_featured_image":false},"acf":[],"_links":{"self":[{"href":"https:\/\/www.baks.com.pl\/de\/wp-json\/wp\/v2\/pages\/7021"}],"collection":[{"href":"https:\/\/www.baks.com.pl\/de\/wp-json\/wp\/v2\/pages"}],"about":[{"href":"https:\/\/www.baks.com.pl\/de\/wp-json\/wp\/v2\/types\/page"}],"author":[{"embeddable":true,"href":"https:\/\/www.baks.com.pl\/de\/wp-json\/wp\/v2\/users\/2"}],"replies":[{"embeddable":true,"href":"https:\/\/www.baks.com.pl\/de\/wp-json\/wp\/v2\/comments?post=7021"}],"version-history":[{"count":14,"href":"https:\/\/www.baks.com.pl\/de\/wp-json\/wp\/v2\/pages\/7021\/revisions"}],"predecessor-version":[{"id":43612,"href":"https:\/\/www.baks.com.pl\/de\/wp-json\/wp\/v2\/pages\/7021\/revisions\/43612"}],"wp:attachment":[{"href":"https:\/\/www.baks.com.pl\/de\/wp-json\/wp\/v2\/media?parent=7021"}],"curies":[{"name":"wp","href":"https:\/\/api.w.org\/{rel}","templated":true}]}}