{"id":7023,"date":"2015-12-04T13:36:25","date_gmt":"2015-12-04T12:36:25","guid":{"rendered":"https:\/\/baloikasdasa.sg-host.com\/de\/?page_id=7023"},"modified":"2015-12-14T12:26:16","modified_gmt":"2015-12-14T11:26:16","slug":"garantie","status":"publish","type":"page","link":"https:\/\/www.baks.com.pl\/de\/produkte\/garantie\/","title":{"rendered":"Garantie"},"content":{"rendered":"<section class=\"wpb-content-wrapper\"><p>[vc_row row_id=&#8221;sticky-menu&#8221; el_class=&#8221;submenu-row&#8221; css=&#8221;.vc_custom_1441293853770{margin-top: 0px !important;margin-bottom: 0px !important;padding-top: 0px !important;padding-bottom: 0px !important;}&#8221;][vc_column][vc_widget_sidebar sidebar_id=&#8221;sidebar-1&#8243; el_class=&#8221;negative subMenuTop&#8221;][\/vc_column][\/vc_row][vc_row full_width=&#8221;stretch_row&#8221; el_class=&#8221;ri-opacity50 ri-black&#8221; css=&#8221;.vc_custom_1450092363775{padding-top: 180px !important;padding-bottom: 180px !important;background-image: url(\/wp-content\/uploads\/2015\/09\/gwarancja.jpg?id=7578) !important;background-position: center !important;background-repeat: no-repeat !important;background-size: cover !important;}&#8221;][vc_column width=&#8221;1\/6&#8243;][\/vc_column][vc_column width=&#8221;2\/3&#8243;][vc_column_text el_class=&#8221;intro negative&#8221;]<\/p>\n<h1 style=\"text-align: center;\">Garantie<\/h1>\n<hr \/>\n<p style=\"text-align: center;\">Przeczytaj informacje na temat u\u017cytkowania produkt\u00f3w BAKS oraz warunk\u00f3w ich przechowywania.<\/p>\n<p>[\/vc_column_text][\/vc_column][vc_column width=&#8221;1\/6&#8243;][\/vc_column][\/vc_row][vc_row][vc_column width=&#8221;1\/6&#8243;][\/vc_column][vc_column width=&#8221;5\/6&#8243;][vc_column_text]<\/p>\n<h4>Allgemeine Garantiebedingungen<\/h4>\n<ol>\n<li>1.BAKS, im Nachfolgenden Hersteller genannt, gew\u00e4hrt dem Erwerber Garantie, dass Produkt von Material- und Fabrikationsm\u00e4geln frei ist.<\/li>\n<li>Als Material- und Fabrikationsmagel gil tein Mangel, der ein den Angaben des Herstellers nicht entsprechendes Funktionieren des Produktes verursacht. Die Garantie umfasst insbesondere mechanische Festigkeit der Produkte sowie Korrosionsbest\u00e4ndigkeit des Zink\u00fcberzugs, des \u00dcberzugs der im Pulververfahren mit Farbe berschichteten Elemente und der aus nichtrostendem Blech hergestellten Elemente. Die Garantie erstreckt sich auf Sch\u00e4den und M\u00e4ngel, die ausschlie\u00dflich aus auf der Seite des Herstellers liegenden Ursachen, wie z.B. Rissbildung, Verbiegung, Abplatzen des Schutz\u00fcberzugs, entstanden sind.,<\/li>\n<li>Als Erwerber gilt Subjekt, das das Produkt direkt von dem Hersteller gekauft hat<\/li>\n<li>Der Hersteller verpflichtet sich zur unentgeltlichen Beseitigung von w\u00e4hrend der Garantiezeit entdeckten Material- und Fabrikationsm\u00e4geln durch Reparatur oder durch Austausch des Produktes gegen ein mangelfreies Produkt nach den in dem vorliegenden Dokument bestimmten Grunds\u00e4tzen. \u00dcber Art und Weise der Mangelbeseitigung entscheidet der Hersteller.<\/li>\n<li>Die Garantiezeit betr\u00e4gt 12 Monate ab Kaufdatum. In begr\u00fcndeten F\u00e4llen kann die Garantiezeit auf Wunsch des Erwerbers nach einer ausf\u00fchrlichen Vereinbarung mit dem Hersteller der Aufbewahrungs- und Nutzungsbedingungen des Produktes verl\u00e4ngert werden. Eine Verl\u00e4ngerung der Garantiezeit ist in Schriftform zur Vermeidung der Nichtigkeit festzustellen.<\/li>\n<\/ol>\n<h4>Ausf\u00fchrliche Garantiebedingungen<\/h4>\n<ol>\n<li>Die Garantie ist g\u00fcltig unter Voraussetzung, dass das Produkt gem\u00e4\u00df seiner Bestimmung, den Angaben des Herstellers, den technischen Bedingungen und den Umgebungsbedingungen benutzt wird.<\/li>\n<li>Aufgrund der Garantie steht dem Erwerber oder Dritten gegen\u00fcber dem Hersteller kein Anspruch auf Schadenersatz f\u00fcr irgendwelche aus Defekt des Produktes entstandenen Sch\u00e4den zu. Die einzige Verpflichtung des Herstellers aufgrund dieser Garantie ist Reparatur oder Austausch des Produktes gegen ein mangelfreies Produkt, gem\u00e4\u00df Bestimmungen dieser Garantie.<\/li>\n<li>Der Hersteller haftet dem Erwerber ausschlie\u00dflich f\u00fcr aus in dem verkauften Produkt liegenden Ursachen entstandene Sachm\u00e4ngel.<\/li>\n<li>Insbesondere beh\u00e4lt sich der Hersteller f\u00fcr G\u00fcltigkeit der Garantie die Notwendigkeit der Erf\u00fcllung von folgenden Bedingungen vor:\n<ol>\n<li><span class=\"ri-list-second\">Transport.<br \/>\nTransport der Produkte soll mit trockenen, gedeckten Transportmitteln auf solche Weise erfolgen, dass die Ladung gegen Verlagerung, mechanische Sch\u00e4den und Witterung abgesichert ist. Ladeeinheiten sind auf Transportmittel eng nebeneinander zu bringen und gegen gegenseitige Verlagerung abzusichern. Die Ladung ist mit Spanngurten auf solche Weise zu schnallen, die eine etwaige Besch\u00e4digung der Ladeeinheiten verhindert.<br \/>\n<\/span><\/li>\n<li><span class=\"ri-list-second\">Aufbewahrung von verzinkten, verzinkten und lakierten Produkten und von aus nichtrostendem\/s\u00e4urebest\u00e4ndigem Blech hergestellten Produkten.<br \/>\nBauteile sind in trockenen, sauberen, bel\u00fcfteten und von chemisch aktiven D\u00e4mpfen und Gasen freien R\u00e4umen aufzubewahren. Es muss verhindert werden, dass Produkte nass oder feucht werden. Nach Nasswerden der Produkte sind diese aus nassen Packungen sofort auszupacken, Details sind einzeln auszulegen, bis sie wieder trocken werden, und erneut in einen trockenen und gut bel\u00fcfteten Raum legen, der Schutz gegen Niederschlag sichert. Produkte m\u00fcssen auf Paletten, in Beh\u00e4ltern oder auf speziell zu diesem Zweck bestimmten Unters\u00e4tzen gelagert werden (sie sollen nicht direkt auf Beton oder Boden liegen). Aufbewahrung unter falschen (nassen) Bedingungen kann zur Feuchtigkeitskondensation zwischen Oberfl\u00e4chen der verzinkten, lakierten und von aus nichtrostendem\/s\u00e4urebest\u00e4ndigem Blech hergestellten Produkte f\u00fchren. Beim Nasswerden der verzinkten Produkte kann so genannte wei\u00dfe Korrosion (wei\u00df-graue Flecken) entstehen, die keinen Einfluss auf die Qualit\u00e4t des Zink\u00fcberzugs aus\u00fcbt und keinen Grund zur Reklamation darstellt. Aus nichtrostendem\/s\u00e4urebest\u00e4ndigem Blech hergestellte Produkte sowie lakierte Produkte k\u00f6nnen mit Folie abgesichert sein, die sofort nach Erhalt der Lieferung zu entfernen ist. Zur\u00fccklassung von Schutzfolien an aus nichtrostendem\/s\u00e4urebest\u00e4ndigem Blech hergestellten oder lakierten Produkten f\u00fcr die Lagerungszeit kann bei hoher Umgebungstemperatur und starker Besonnung zu chemischen Reaktionen f\u00fchren, die einen Verbund der Folie mit den verpackten Produkten bewirken. Infolge dieser Reaktionen l\u00e4sst sich Folie ohne Besch\u00e4digung der Oberfl\u00e4che von Produkten nicht entfernen. F\u00fcr die Zeit der Lagerung und der Montage von Produkten muss Schutz vor Kontakt der \u00dcberz\u00fcge mit Kalk, Zement und sonstigen alkalischen Baustoffen gew\u00e4hrleistet werden. Transport, Lagerung und Montage der Produkte muss in einer Umgebung erfolgen, die eine f\u00fcr die bestellten Produkte angemessene Kategorie der Korrosionsaggressivit\u00e4t, gem\u00e4\u00df der Norm PN EN ISO 12944 :2001, aufweist (weitere Informationen auf der Seite 4 Info).<br \/>\n<\/span><\/li>\n<\/ol>\n<\/li>\n<\/ol>\n<p>[\/vc_column_text][\/vc_column][\/vc_row][vc_row][vc_column width=&#8221;1\/6&#8243;][\/vc_column][vc_column width=&#8221;5\/6&#8243;][vc_column_text]<\/p>\n<h4>Absicherung und Pflege der verzinkten Produkte<\/h4>\n<p>Die h\u00e4ufigste Ursache der Entstehung von Sch\u00e4den an Zink\u00fcberzugen ist falscher Umgang mit Produkt w\u00e4hrend der Lagerung und Montage.<\/p>\n<ol>\n<ol>\n<li>Produkte in Lieferzustand (d.h., in originalen Packungen der Fa. BAKS sind in trockenen und gut bel\u00fcfteten und R\u00e4umen aufzubewahren.<\/li>\n<li>W\u00e4hrend der Lagerung sind Produkte vor schnellen Luftfeuchtigkeits- und Temperatur\u00e4nderungen zu sch\u00fctzen, die Wasserdampfkondensation bewirken k\u00f6nnen.<\/li>\n<li>Bei Notwendigkeit, Produkte f\u00fcr kurze Zeit im Freien zu halten, ist Feuchtigkeitsabzug zu sichern. Es soll eine Abdeckung eingesetzt werden, die Bel\u00fcftung sichert.<\/li>\n<li>Beim Nasswerden der verzinkten Produkte kann auf diesen Erscheinung der so genannten wei\u00dfen Korrosion, die keine Reduktion der Schutzschicht bewirkt und keine Verschlechterung der antikorrosiven Eigenschaften des Zink\u00fcberzuges hervorruft, die aber das Aussehen der Produkte erheblich. Verschlechtert. Wenn aber Produkte nicht ausgetrocknet sind, erfolgt mit der Zeit eine vollst\u00e4ndige Reduktion des Zink\u00fcberzuges, bis zur Entstehung der Korrosion. Wenn es zum Nasswerden der verzinkten Produkte und zum Auftreten der wei\u00dfen Korrosion gekommen ist, ist es so vorzugehen, dass je nach M\u00f6glichkeit eine der zwei L\u00f6sungen gew\u00e4hlt wird:\n<ol>\n<li><span class=\"ri-list-second\">L\u00f6sung 1<\/span>\n<ul class=\"ri-list-bullet ri-list-third\">\n<li>sofort aus der Schutzfolie auspacken,<\/li>\n<li>einzelne Teile so hinlegen, dass sie keinen oder m\u00f6glichst geringen direkten Kontakt miteinander haben (zwischen einzelne Schichten schmale verzinkte Stahlprofile oder Profile aus Kunststoff oder Aluminium einlegen),<\/li>\n<li>wenn es feste Verschmutzungen (Erde, nasse Packungen aus Pappe usw.) gibt, mit Druckwasser reinigen,<\/li>\n<li>austrocknen lassen, damit keine Feuchtigkeit auf den Produkten liegen kann,<\/li>\n<li>in einem trockenen Raum lagern.<\/li>\n<\/ul>\n<\/li>\n<li><span class=\"ri-list-second\">L\u00f6sung 2<\/span>\n<ul class=\"ri-list-bullet ri-list-third\">\n<li>sofort aus der Schutzfolie auspacken,<\/li>\n<li>einzelne Teile so hinlegen, dass sie keinen oder m\u00f6glichst geringen direkten Kontakt miteinander haben (zwischen einzelne Schichten schmale verzinkte Stahlprofile oder Profile aus Kunststoff oder Aluminium einlegen),<\/li>\n<li>wenn es feste Verschmutzungen (Erde, nasse Packungen aus Pappe usw.) gibt, mit Druckwasser reinigen,<\/li>\n<li>im Freien liegen lassen, ohne zuzudecken.<\/li>\n<\/ul>\n<\/li>\n<\/ol>\n<\/li>\n<\/ol>\n<\/ol>\n<p>Schnittkanten und Bohrungen, die bei Montage entstanden sind, von Splittern sorgf\u00e4ltig reinigen und entfetten, Verschmutzungen (Staub, \u00d6l, Schmierstoffe, Korrosionsspuren) entfernen. Die Reparatur ist durch Anstrich mit zinkreicher Grundfarbe, Zinkpaste oder einem technisch gleichwertigen Material durchzuf\u00fchren. Die Anstrichdicke soll um mindestens 30 \u03bcm gr\u00f6\u00dfer sein als die erfoderliche lokale Dicke des Zink\u00fcberzuges betr\u00e4gt.<br \/>\n[\/vc_column_text][\/vc_column][\/vc_row][vc_row][vc_column width=&#8221;1\/6&#8243;][\/vc_column][vc_column width=&#8221;5\/6&#8243;][vc_column_text]<\/p>\n<h4>Absicherung und Pflege der lackierten Produkte<\/h4>\n<p>Die h\u00e4ufigste Ursache der Entstehung von Sch\u00e4den an Lackanstrich sind mechanische Sch\u00e4den (Risse, Abbl\u00e4ttern) und Reinigung mit chemischen Mitteln. Aus diesem Grunde sind unten angef\u00fchrte Grunds\u00e4tze zu beachten:<\/p>\n<ol>\n<ol>\n<ol>\n<li>W\u00e4hrend der Montage m\u00fcssen Krtazer und mechanische Besch\u00e4digungen des Lackanstriches verhindert werden.<\/li>\n<li>Beim Zuschneiden der Produkte auf geforderte Gr\u00f6\u00dfe sind Schutzb\u00e4nder (z.B. Malerb\u00e4nder) zu verwenden.<\/li>\n<li>Reinigung muss mindestens zweimal im Jahr durchgef\u00fchrt werden.<\/li>\n<li>Zur Reinigung sind feine Stoffe, die Oberfl\u00e4che nicht verkratzen, und reines Wasser mit einem bew\u00e4hrten Detergens anzuwenden.<\/li>\n<li>Der Lackanstrich darf mit keinem Wasserdampfstrahl gereinigt werden.<\/li>\n<li>Wenn zur Reinigung andere Mittel als Wasser eingesetzt werden, ist vor Antritt zur Reinigung der Oberfl\u00e4che Wirkung der dazu eingesetzten Mittel zu pr\u00fcfen. Beim Auftreten von unerw\u00fcnschten Ergebnissen muss auf die Anwendung des gepr\u00fcften Mittels verzichtet werden.<\/li>\n<li>Stark saure oder stark alkalische (darunter Detergenzien enthaltende) Reinigungsmittel d\u00fcrfen nicht eingesetzt werden.<\/li>\n<li>Salz und chemische Mittel zur Eisbeseitigung d\u00fcrfen in der N\u00e4he der lackierten Produkte nicht zur Anwendung kommen.<\/li>\n<\/ol>\n<\/ol>\n<\/ol>\n<p>[\/vc_column_text][\/vc_column][\/vc_row][vc_row][vc_column width=&#8221;1\/6&#8243;][\/vc_column][vc_column width=&#8221;5\/6&#8243;][vc_column_text]<\/p>\n<h4>Absicherung und Pflege der aus nichtrostendem und s\u00e4urebest\u00e4ndigem Blech hergestellten Produkte<\/h4>\n<p>Bearbeitungsmethode und richtige Wahl des passenden Materials zu herrschenden Wetterbedingungen sind ein sehr bedeutender Faktor, der die Qualit\u00e4t der Oberfl\u00e4che im Betriebsprozess beeinflusst. Korossionsbest\u00e4ndigkeit des nichtrostenden Stahls kann durch regelm\u00e4\u00dfige Reinigung der Oberfl\u00e4che erhalten und zus\u00e4tzlich durch chemische Prozesse der Oberfl\u00e4chenbearbeitung \u2013 \u00c4tzen, Passivierung \u2013 verbessert werden. Die h\u00e4ufigste Ursache des Auftretens von Korrosionsspuren sind:<\/p>\n<ol>\n<ol>\n<ol>\n<li>Verunreinigungen der Oberfl\u00e4che Partikel des Eisens, des Scharzstahls (Splitter beim Schneiden mit Schleifmaschine, Beim Schwei\u00dfen) \u2013 Kratzer, die an der Stelle der Reibung mit einem aus weichem Stahl hergestellten Element entstehen.<\/li>\n<li>Unrichtige Lagerung und Transport.<\/li>\n<li>Falsche Wahl der Stahlsorte zur atmosph\u00e4rischen Umgebung, in der sie verwendet wird.\n<ol>\n<li><span class=\"ri-list-second\">Stadien des Vorgehens und der Pflege beim Auftreten von Korrosionsspuren:<\/span>\n<ul class=\"ri-list-bullet ri-list-third\">\n<li>mechanische Reinigung. Stellen mit Oberfl\u00e4chenkorrosion mit Schleifvlies reinigen und mit trockenem Lappen abwischen;<\/li>\n<li>chemische Reinigung. Auf gereinigte Oberfl\u00e4che eine d\u00fcnne und gleichm\u00e4\u00dfige Schicht eines entsprechenden chemischen Mittels z.B. mit Pinsel auftragen. Nach ca. 5 Minuten (es kommt auf das eingesetzte chemische Mittel an) das chemische Mittel mit einem feuchten Lappen abwischen. Der Lappen ist regelm\u00e4\u00dfig im sauberen Wasser zu sp\u00fclen oder gegen einen neuen auszuwechseln. Es ist besonders darauf zu achten, dass keine anderen, in der N\u00e4he der Kabeltrasse liegenden Elemente verspritzt werden. Anschlie\u00dfend die feuchte Oberfl\u00e4che z.B. mit einem Papierhandtuch trocken abwischen;<\/li>\n<li>Passivierung. Gereinigte, trockene Oberfl\u00e4che mit Passivierungsmittel mit Hilfe von Schwamm oder Spraydose konservieren, so dass eine d\u00fcnne und gleichm\u00e4\u00dfige Schutzschicht entsteht.<\/li>\n<\/ul>\n<\/li>\n<\/ol>\n<\/li>\n<\/ol>\n<\/ol>\n<\/ol>\n<p>Die oben angef\u00fchrten Handlungen sind mit der Hand, ohne Anwendung von Elektrowerkzeug auszuf\u00fchren. Wenn unter den zu reinigenden andere Teile liegen und das Risiko besteht, dass sie beim Abwischen mit feuchtem Lappen bespritzt werden, sind diese mit einer dicken Malerfolie zuzudecken. Zur Reinigung von nichtrostendem Stahl Produkte zur Beseitigung von Mauerm\u00f6rtel und Substanzen, die Salzs\u00e4ure enthalten, sowie Bleichmittel und Mittel zur Silberreinigung NICHT verwenden.<\/p>\n<p>Keine Drahtb\u00fcrsten aus Kohlenstahl, keine Reinigungswolle aus Stahl und keine Scheuerkissen aus Stahlgewebe anwenden. Bei Anwendung von \u00e4tzenden chemischen Mitteln unbedingt Schutzhandschuhe und Schutzbrille benutzen.<\/p>\n<p>[\/vc_column_text][\/vc_column][\/vc_row][vc_row][vc_column width=&#8221;1\/6&#8243;][\/vc_column][vc_column width=&#8221;5\/6&#8243;][vc_column_text]<\/p>\n<h4>Verlust der Garantie<\/h4>\n<p>Erf\u00fcllung der Garantie<\/p>\n<ol>\n<ol>\n<ol>\n<li>Mechanische Besch\u00e4digungen und daraus entstandene M\u00e4ngel, insbesondere Besch\u00e4digungen der Schutz\u00fcberz\u00fcge.<\/li>\n<li>Besch\u00e4digungen, die sich aus Montage und Betrieb unter Bedingungen oder in der Weise, die der Spezifikation der Herstellers nicht entsprechen (\u00dcberschreitung der zul\u00e4ssigen Belastung, durch Wetterbedingungen verursachte Zerst\u00f6rungen usw.).<\/li>\n<li>Besch\u00e4digungen, die auf Produkten (Verf\u00e4rbungen, Flecken, wei\u00dfe Korrosion) durch falsche Lagerung entstanden sind.<\/li>\n<li>Besch\u00e4digungen, die durch Anwendung von Salz und chemischen Mitteln zur Eisbeseitigung in der N\u00e4he der verzinkten und lakierten Produkte und der aus nichtrostendem\/s\u00e4urebest\u00e4ndigem Blech hergestellten Produkte entstanden sind.<\/li>\n<li>Besch\u00e4digungen, die durch Konstruktions\u00e4nderungen oder durch nichtbestimmungsm\u00e4\u00dfige Verwendung von Produkten entstanden sind<\/li>\n<li>Besch\u00e4digungen, die aus Verschulden oder aus Unwissen des Benutzers entstanden sind.<\/li>\n<li>Besch\u00e4digungen, die beim Transport unter Anwendung von im Verh\u00e4ltnis zum Herstellert externen Transportmitteln entstanden sind.<\/li>\n<li>Nichterf\u00fcllung der Pflicht zur Durchf\u00fchrung von periodischen Wartungen, wenn diese erforderlich sind.<\/li>\n<li>Besch\u00e4digungen, die durch Schicksalsereignisse (Brand, \u00dcberschwemmung, Terrorakte, Kriegshandlungen usw.) entstanden sind.<\/li>\n<li>R\u00fcckst\u00e4nde mit Zahlung f\u00fcr Produkte, die 90 Tage nach F\u00e4lligkeit der Rechnung \u00fcberschreiten.<\/li>\n<\/ol>\n<\/ol>\n<\/ol>\n<p>Die Garantie umfasst normale Servicet\u00e4tigkeiten, z.B. Reinigung und Wartung, nicht.<\/p>\n<h4>Erf\u00fcllung der Garantie<\/h4>\n<ol>\n<ol>\n<ol>\n<li>In der Garantiezeit entdeckte M\u00e4ngel werden von der Firma BAKS innerhalb von m\u00f6glichst kurzer Zeit nach Anmeldung der Reklamation unentgeltlich beseitigt<\/li>\n<li>In der Garantiezeit entdeckte M\u00e4ngel oder Besch\u00e4digungen sind dem Hersteller unverz\u00fcglich anzumelden, jedoch nicht sp\u00e4ter als 7 Tage nach deren Entdeckung.<\/li>\n<li>Dem Garantieverfahren unterliegen ausschlie\u00dflich komplette, zur Verifikation geeignete Produkte, die von M\u00e4ngeln und mechanischen Besch\u00e4digungen frei sind, die durch externe Faktoren entstanden sind.<\/li>\n<li>Grundlage zur Annahme einer Reklamation zur Pr\u00fcfung ist Erf\u00fcllung von folgenden Bedingungen insgesamt: schriftliche Anmeldung der Reklamation \u00fcber Fax oder E-Mail, die enth\u00e4lt:\n<ul class=\"ri-list-bullet\">\n<li>Angabe von Bezeichnung der Ware, Katalognummer, Kaufdatum, Warenausgabe- oder Kaufrechnungs-Nr.;<\/li>\n<li>ausf\u00fchrliche Beschreibung der Besch\u00e4digung des Produktes und der Umgebung des Ereignisses einschlie\u00dflich zus\u00e4tzlicher Informationen \u00fcber Entstehung von M\u00e4ngeln des Produktes und der Aufnahme des mangelhaften Produktes und der Umgebung, in der es gelagert und installiert.<\/li>\n<\/ul>\n<\/li>\n<li>Nach Anerkennung der Garantieanspr\u00fcche trifft der Hersteller Entscheidung \u00fcber die Art, in der die Garantieanspr\u00fcche befriedigt werden.<\/li>\n<li>Der Hersteller beh\u00e4lt sich das Recht vor, eine Besichtigung des Ortes durchzuf\u00fchren, an dem das reklamierte Produkt installiert ist.<\/li>\n<li>Der Hersteller beh\u00e4lt sich das Recht vor, das Garantieverfahren einzustellen, wenn der Erwerber mit Zahlungen f\u00fcr \u00fcberf\u00e4llige Rechnungen l\u00e4nger als 14 Tage im R\u00fcckstand liegt.<\/li>\n<li>Ausf\u00fchrliche, aus der Garantie hervorgehende Berechtigungen des Erwerbers und Pflichten des Herstellers sind im Zivilgesetzbuch bestimmt.<\/li>\n<\/ol>\n<\/ol>\n<\/ol>\n<p>[\/vc_column_text][\/vc_column][\/vc_row][vc_row][vc_column width=&#8221;1\/6&#8243;][\/vc_column][vc_column width=&#8221;5\/6&#8243;][vc_column_text]<a href=\"\/wp-content\/uploads\/2015\/12\/Garantie.pdf\" target=\"_blank\">Laden Sie bitte PDF herunter<\/a>[\/vc_column_text][\/vc_column][\/vc_row]<\/p>\n<\/section>","protected":false},"excerpt":{"rendered":"<p>[vc_row row_id=&#8221;sticky-menu&#8221; el_class=&#8221;submenu-row&#8221; css=&#8221;.vc_custom_1441293853770{margin-top: 0px !important;margin-bottom: 0px !important;padding-top: 0px !important;padding-bottom: 0px !important;}&#8221;][vc_column][vc_widget_sidebar sidebar_id=&#8221;sidebar-1&#8243; el_class=&#8221;negative subMenuTop&#8221;][\/vc_column][\/vc_row][vc_row full_width=&#8221;stretch_row&#8221; el_class=&#8221;ri-opacity50 ri-black&#8221; css=&#8221;.vc_custom_1450092363775{padding-top: 180px !important;padding-bottom: 180px !important;background-image: url(\/wp-content\/uploads\/2015\/09\/gwarancja.jpg?id=7578) !important;background-position: center !important;background-repeat: no-repeat !important;background-size: cover !important;}&#8221;][vc_column width=&#8221;1\/6&#8243;][\/vc_column][vc_column width=&#8221;2\/3&#8243;][vc_column_text el_class=&#8221;intro negative&#8221;]<\/p>\n<p>Garantie<\/p>\n<p style=\"text-align: center;\">Przeczytaj informacje na temat u\u017cytkowania produkt\u00f3w BAKS oraz warunk\u00f3w ich przechowywania.<\/p>\n<p>[\/vc_column_text][\/vc_column][vc_column width=&#8221;1\/6&#8243;][\/vc_column][\/vc_row][vc_row][vc_column width=&#8221;1\/6&#8243;][\/vc_column][vc_column width=&#8221;5\/6&#8243;][vc_column_text]<\/p>\n<p>Allgemeine Garantiebedingungen<\/p>\n<p>1.BAKS, im Nachfolgenden Hersteller genannt, gew\u00e4hrt dem Erwerber Garantie, dass Produkt von Material- und Fabrikationsm\u00e4geln frei ist.<br \/>\nAls Material- und Fabrikationsmagel gil tein Mangel, der ein den Angaben des Herstellers nicht<\/p>\n","protected":false},"author":2,"featured_media":0,"parent":7021,"menu_order":0,"comment_status":"closed","ping_status":"closed","template":"","meta":{"inline_featured_image":false},"acf":[],"_links":{"self":[{"href":"https:\/\/www.baks.com.pl\/de\/wp-json\/wp\/v2\/pages\/7023"}],"collection":[{"href":"https:\/\/www.baks.com.pl\/de\/wp-json\/wp\/v2\/pages"}],"about":[{"href":"https:\/\/www.baks.com.pl\/de\/wp-json\/wp\/v2\/types\/page"}],"author":[{"embeddable":true,"href":"https:\/\/www.baks.com.pl\/de\/wp-json\/wp\/v2\/users\/2"}],"replies":[{"embeddable":true,"href":"https:\/\/www.baks.com.pl\/de\/wp-json\/wp\/v2\/comments?post=7023"}],"version-history":[{"count":7,"href":"https:\/\/www.baks.com.pl\/de\/wp-json\/wp\/v2\/pages\/7023\/revisions"}],"predecessor-version":[{"id":7581,"href":"https:\/\/www.baks.com.pl\/de\/wp-json\/wp\/v2\/pages\/7023\/revisions\/7581"}],"up":[{"embeddable":true,"href":"https:\/\/www.baks.com.pl\/de\/wp-json\/wp\/v2\/pages\/7021"}],"wp:attachment":[{"href":"https:\/\/www.baks.com.pl\/de\/wp-json\/wp\/v2\/media?parent=7023"}],"curies":[{"name":"wp","href":"https:\/\/api.w.org\/{rel}","templated":true}]}}