{"id":7025,"date":"2015-12-04T13:37:13","date_gmt":"2015-12-04T12:37:13","guid":{"rendered":"https:\/\/baloikasdasa.sg-host.com\/de\/?page_id=7025"},"modified":"2026-01-30T10:32:07","modified_gmt":"2026-01-30T09:32:07","slug":"technische-angaben","status":"publish","type":"page","link":"https:\/\/www.baks.com.pl\/de\/produkte\/technische-angaben\/","title":{"rendered":"Technische Angaben"},"content":{"rendered":"<section class=\"wpb-content-wrapper\"><p>[vc_row row_id=&#8221;sticky-menu&#8221; el_class=&#8221;submenu-row&#8221; css=&#8221;.vc_custom_1441293606562{margin-top: 0px !important;margin-bottom: 0px !important;padding-top: 0px !important;padding-bottom: 0px !important;}&#8221;][vc_column css=&#8221;.vc_custom_1440763973929{margin-top: 0px !important;margin-bottom: 0px !important;padding-top: 0px !important;padding-bottom: 0px !important;}&#8221;][vc_widget_sidebar sidebar_id=&#8221;sidebar-1&#8243; el_class=&#8221;subMenuTop&#8221;][\/vc_column][\/vc_row][vc_row row_id=&#8221;cynkowanie&#8221; css=&#8221;.vc_custom_1442924898109{margin-bottom: 0px !important;padding-top: 5vw !important;padding-bottom: 5vw !important;}&#8221;][vc_column offset=&#8221;vc_col-lg-12 vc_col-md-12 vc_col-xs-12&#8243;][vc_column_text text_id=&#8221;cynkowanie&#8221;]<\/p>\n<h3 style=\"text-align: left;\">Verzinkung<\/h3>\n<p>Unter den als normale bezeichneten Umst\u00e4nden haben sich mit einer Zinkschicht \u00fcberzogene Konstruktionsst\u00e4hle am besten bew\u00e4hrt. Es ist dabei jedoch zu beachten, dass infolge der Einwirkung der Umgebung auf Zink eine Reduktion der Schutzschicht mit der Zeit erfolgt. \u00dcber die L\u00e4nge der Garantiezeit entscheiden Dicke des Zink\u00fcberzuges und Wert der j\u00e4hrlichen Reduktion der Schutzschicht je nach der Umgebungsart (nach der Kategorie der Korrosivit\u00e4t. Nach der Norm PN-EN ISO 12944-2\/2001.[\/vc_column_text][vc_column_text el_class=&#8221;ri-overflow&#8221;]<\/p>\n<table class=\"sf-table striped_bordered\" border=\"0\" cellspacing=\"5\" cellpadding=\"5\" align=\"center\">\n<tbody>\n<tr bgcolor=\"#cfcfcf\">\n<td class=\"tekst\" valign=\"top\">\n<div><strong>Kategorie der Korrosivit\u00e4t<\/strong><\/div>\n<\/td>\n<td class=\"tekst\" valign=\"top\">\n<div><strong>Reduktion der Schutzschicht<\/strong><br \/>\n(\u00b5m)<\/div>\n<\/td>\n<td class=\"tekst\" valign=\"top\">\n<div><strong>Beispiele der f\u00fcr gem\u00e4\u00dfigtes Klima typischen Umgebungen<\/strong>(nut informativ)<\/div>\n<\/td>\n<\/tr>\n<tr bgcolor=\"#f0f0f0\">\n<td class=\"tekst\">\n<div>C1<br \/>\nUnbedeutend<\/div>\n<\/td>\n<td class=\"tekst\">\n<div>&lt; 0,1<\/div>\n<\/td>\n<td class=\"tekst\">Innen: geheizte Geb\u00e4ude mit reiner Atmosph\u00e4re, z.B. L\u00e4den, B\u00fcror\u00e4ume<br \/>\nAu\u00dfen: &#8211;<\/td>\n<\/tr>\n<tr bgcolor=\"#f0f0f0\">\n<td class=\"tekst\">\n<div>C2<br \/>\nGering<\/div>\n<\/td>\n<td class=\"tekst\">\n<div>&gt; 0,1 bis 0,7<\/div>\n<\/td>\n<td class=\"tekst\">Innen: nichtgeheizte Geb\u00e4ude, in denen Kondensation auftritt, z.B. Sporthallen, Lagerhallen<br \/>\nAu\u00dfen: in geringem Grade verschmutzte Atmosph\u00e4ren<\/td>\n<\/tr>\n<tr bgcolor=\"#f0f0f0\">\n<td class=\"tekst\">\n<div>C3<br \/>\nM\u00e4\u00dfig<\/div>\n<\/td>\n<td class=\"tekst\">\n<div>&gt; 0,7 bis 2,1<\/div>\n<\/td>\n<td class=\"tekst\">Innen: Produktionsr\u00e4ume mit hoher Feuchtigkeit und etwas Luftverunreinigung, z.B. W\u00e4schereien, Brauereien, Molkereien<br \/>\nAu\u00dfen: Stadt- und Industrieatmosph\u00e4ren<\/td>\n<\/tr>\n<tr bgcolor=\"#f0f0f0\">\n<td class=\"tekst\">\n<div>C4Stark<\/div>\n<\/td>\n<td class=\"tekst\">\n<div>&gt; 2,1 bis 4,2<\/div>\n<\/td>\n<td class=\"tekst\">Innen: Chemieanlagen, Schwimmb\u00e4der, Reparaturwerften<br \/>\nAu\u00dfen: Industriebereiche und K\u00fcstenbereiche mit m\u00e4\u00dfiger Salzbelastung<\/td>\n<\/tr>\n<tr bgcolor=\"#f0f0f0\">\n<td class=\"tekst\">\n<div>C5<br \/>\nSehr stark<br \/>\n(Industrie)<\/div>\n<\/td>\n<td class=\"tekst\">\n<div>&gt; 4,2 bis 8,4<\/div>\n<\/td>\n<td class=\"tekst\">Innen: Geb\u00e4ude oder Bereiche mit nahezu st\u00e4ndiger Kondensation und starker Luftverunreinigung<br \/>\nAu\u00dfen: Industriegebiete mit hoher Feuchtigkeit und aggressiver Atmosph\u00e4re<\/td>\n<\/tr>\n<tr bgcolor=\"#f0f0f0\">\n<td class=\"tekst\">\n<div>C5-M<br \/>\nSehr stark<br \/>\n(Meer)<\/div>\n<\/td>\n<td class=\"tekst\">\n<div>&gt; 4,2 bis 8,4<\/div>\n<\/td>\n<td class=\"tekst\">Innen: Geb\u00e4ude oder Bereiche mit nahezu st\u00e4ndiger Kondensation und starker Luftverunreinigung<br \/>\nAu\u00dfen: K\u00fcsten- und Offshore-Bereiche mit hoher Salzbelastung<\/td>\n<\/tr>\n<\/tbody>\n<\/table>\n<p>[\/vc_column_text][vc_column_text]Aus der Multiplikation der j\u00e4hrlichen Reduktion der Zinkschutzschicht mit der vorgesehenen Nutzungszeit der Installation erhalten wir die erforderliche Dicke der Schutzschicht.<\/p>\n<p>Herk\u00f6mmlich kommen drei Verzinkungsmethoden zur Anwendung, die sich durch Dicke der erhaltenen Schutzschicht voneinander unterscheiden: <strong>elektrolytische Verzinkung nach der Norm PN-EN 12329<\/strong>, <strong>kontinuierliche Bandverzinkung (Sendzimirverfahren)<\/strong>, <strong>Feuerverzinkung<\/strong>.<\/p>\n<h5>Elektrolytische Verzinkung nach der Norm PN-EN 12329<\/h5>\n<p>Kleine Elemente (Schrauben, Muttern, Unterlegscheiben) werden im elektrolytischen Bad mit einer d\u00fcnnen und gleichm\u00e4\u00dfigen Zinkschicht \u00fcberzogen. Die Dicke der Schicht betr\u00e4gt ca. 5\u201320 \u03bcm, die Schicht ist hell und gl\u00e4nzend.<\/p>\n<h5>Kontinuierliche Bandverzinkung (Sendzimirverfahren)<\/h5>\n<p>Produkte, die zur Anwendung in trockenen R\u00e4umen der Kategorie C1 und C2 bestimmt sind. Die Dicke der Zinkschicht betr\u00e4gt ca. 19 \u03bcm<\/p>\n<h5>Feuerverzinkung<\/h5>\n<p>Produkte, die zur Anwendung in der Umgebung mit der Kategorie der Korrosivit\u00e4t C1, C2, C3, C4, C5-I, C5-M bestimmt sind. Die durchschnittliche Dicke des Zink\u00fcberzuges betr\u00e4gt von 45 \u03bcm bis 55 \u03bcm.[\/vc_column_text][vc_column_text el_class=&#8221;ri-overflow&#8221;]<\/p>\n<table class=\"sf-table striped_bordered\" border=\"0\" cellspacing=\"1\" cellpadding=\"1\" align=\"center\">\n<tbody>\n<tr bgcolor=\"#cfcfcf\">\n<td>Typ der Atmosph\u00e4re<\/td>\n<td>Unbedeutende Belastung<\/td>\n<td>Geringe Belastung<\/td>\n<td>Gem\u00e4\u00dfigte Belastung<\/td>\n<td>Starke Belastung<\/td>\n<td>Sehr starke Belastung<\/td>\n<\/tr>\n<tr bgcolor=\"#f1f1f1\">\n<td>Kategorie der Korrosivit\u00e4t<\/td>\n<td>C1<\/td>\n<td>C2<\/td>\n<td>C3<\/td>\n<td>C4<\/td>\n<td>C5-I, C5-M<\/td>\n<\/tr>\n<tr bgcolor=\"#f1f1f1\">\n<td>M\u00f6glichkeit der Garantieverl\u00e4ngerung<\/td>\n<td>Bis zu 5 Jahren<\/td>\n<td>Bis zu 5 Jahren<\/td>\n<td>Bis zu 5 Jahren<\/td>\n<td>Bis zu 5 Jahren<\/td>\n<td>Bis zu 2 Jahren<\/td>\n<\/tr>\n<\/tbody>\n<\/table>\n<p>[\/vc_column_text][vc_column_text el_class=&#8221;ri-overflow&#8221;]<\/p>\n<table class=\"sf-table striped_bordered\" style=\"height: 286px;\" border=\"0\" width=\"510\" cellspacing=\"1\" cellpadding=\"1\" align=\"center\">\n<tbody>\n<tr bgcolor=\"#cfcfcf\">\n<td class=\"tekst\" width=\"144\">\n<div style=\"text-align: center;\"><strong>Bauteile und deren Dicken<\/strong><\/div>\n<\/td>\n<td class=\"tekst\" width=\"122\">\n<div><strong>Lokale Schichtdicke<\/strong><br \/>\nMindestwert (\u00b5m)<\/div>\n<\/td>\n<td class=\"tekst\" width=\"144\">\n<div><strong>Durchschnittliche Schichtdicke<\/strong><br \/>\n(Mindestwert)<br \/>\n(\u00b5m)<\/div>\n<\/td>\n<\/tr>\n<tr bgcolor=\"#f1f1f1\">\n<td class=\"tekst\" width=\"144\">\n<div>Stahl &gt;6 mm<\/div>\n<\/td>\n<td class=\"tekst\" width=\"122\">\n<div>70<\/div>\n<\/td>\n<td class=\"tekst\" width=\"144\">\n<div>85<\/div>\n<\/td>\n<\/tr>\n<tr bgcolor=\"#f1f1f1\">\n<td class=\"tekst\" width=\"144\">\n<div>Stahl &gt;3 mm bis &lt;6 mm<\/div>\n<\/td>\n<td class=\"tekst\" width=\"122\">\n<div>55<\/div>\n<\/td>\n<td class=\"tekst\" width=\"144\">\n<div>70<\/div>\n<\/td>\n<\/tr>\n<tr bgcolor=\"#f1f1f1\">\n<td class=\"tekst\" width=\"144\">\n<div>Stahl &gt;1,5 mm bis &lt;3 mm<\/div>\n<\/td>\n<td class=\"tekst\" width=\"122\">\n<div>45<\/div>\n<\/td>\n<td class=\"tekst\" width=\"144\">\n<div>55<\/div>\n<\/td>\n<\/tr>\n<tr bgcolor=\"#f1f1f1\">\n<td class=\"tekst\" width=\"144\">\n<div>Stahl &lt;1,5 mm<\/div>\n<\/td>\n<td class=\"tekst\" width=\"122\">\n<div>35<\/div>\n<\/td>\n<td class=\"tekst\" width=\"144\">\n<div>45<\/div>\n<\/td>\n<\/tr>\n<\/tbody>\n<\/table>\n<p>[\/vc_column_text][vc_column_text]<\/p>\n<h5><span class=\"shorttext\"><span lang=\"DE\">Elektrolytische Verzinkung<\/span><\/span><span lang=\"DE\"> PN-EN ISO 2081:2011<\/span><\/h5>\n<p><span lang=\"DE\">Die Gitterrinnen, Zubeh\u00f6r, Schrauben, Muttern und Unterlegscheiben sind w\u00e4hrend der \u00a0<span class=\"shorttext\">elektrolytischen Verzinkung<\/span><\/span> <span lang=\"DE\">mit einer d\u00fcnnen und gleichm\u00e4\u00dfigen Zinkbeschichtung bedeckt.<\/span><br \/>\n<span lang=\"DE\">Die Dicke der Schicht betr\u00e4gt etwa 5 &#8211; 20 \u03bcm, sie ist hell und gl\u00e4nzend. Wir empfehlen die Verwendung der korrosiven Kategorien C1 und C2.<\/span><\/p>\n<h5>Zinklamellen\u00fcberzug nach der Norm PN-EN ISO 10683:2014-09<\/h5>\n<p>Der Basis\u00fcberzug im Zinklamellenverfahren bedeutet eine Art von Lack, der &#8220;Lamellen&#8221; aus Zink und Aluminium enth\u00e4lt. Das Ganze reagiert mit Stahloberfl\u00e4che und nach Einbrennen bildet einen gut anhaftenden, stromf\u00fchrenden und nichttoxischen Zink-Aluminium\u00fcberzug. Dieses Verfahren kennzeichnet sich durch eine sehr hohe Korrosionsschutzwirkung \u2013 bis zu 1000 Stunden im Salzspr\u00fchtest nach ISO 9227, bis zum Zeitpukt der Rotkorrosionsentstehung. Es wird von f\u00fchrenden Herstellern in der Automobil-, Energetik- und Flugzeugbranche weltweit akzeptiert und herk\u00f6mmlich bei Elementen mit Gewinde wegen des problemlosen Zusammenschraubens verwendet.[\/vc_column_text][vc_cta h2=&#8221;&#8221;]Bei Montage kommt es zur Zerst\u00f6rung des antikorrosiven \u00dcberzuges an den Blechschinttstellen. Diese Stellen sind durch Bespr\u00fchen der Kanten mit Zinkspr\u00fchfarbe abzusichern.[\/vc_cta][vc_column_text]<a href=\"\/wp-content\/uploads\/2015\/12\/Verzinkung.pdf\" target=\"_blank\" rel=\"noopener\">Verzinkung (PDF)<\/a>[\/vc_column_text][\/vc_column][\/vc_row][vc_row full_width=&#8221;stretch_row&#8221; css=&#8221;.vc_custom_1442924914492{margin-bottom: 0px !important;padding-top: 5vw !important;padding-bottom: 5vw !important;background-color: #fafaf5 !important;}&#8221;][vc_column][vc_column_text text_id=&#8221;malowanie-proszkowe&#8221;]<\/p>\n<h3>Pulverbeschichtung<\/h3>\n<p>Beschichtung mit Polyester- und Epoxidpulverlacken (auf innere \u00dcberz\u00fcge). Die Schichtdicke liegt zwischen 60 \u03bcm und 120 \u03bcm. Der Lack wird direkt auf Metall ohne Einsatz von Grundfarben und L\u00f6sungsmitteln aufgebracht. Die durch Pulverbeschichtung hergestellten \u00dcberz\u00fcge haben glatte Oberfl\u00e4chen ohne Rissen, L\u00e4ufer und Falten und kennzeichnen sich durch hohe Korrosionsbest\u00e4ndigkeit, chemische Best\u00e4ndigkeit, sehr gute mechanische Eigenschaften und Wasserbest\u00e4ndigkeit. Wir verwenden sie dort, wo wir die Korrosionsbest\u00e4ndigkeit (durch Anwendung der Pulverbeschichtung auf verzinktes Blech) oder die \u00c4sthetik der Innenr\u00e4ume durch Anwendung von mit deren Ausstattung harmonisierenden Farben erh\u00f6hen oder Installation entsprechend ihrer Funktion kennzeichnen m\u00f6chten. Die Lebensdauer des \u00dcberzuges ist von der Befolgung der Transport- und Lagerungsgrunds\u00e4tze, der Montagemethode, der chemischen Umgebung, in der die Konstruktion installiert wird, und der Pflege abh\u00e4ngig. Standardm\u00e4\u00dfig werden 14 Farben (Farbpalette unten) angeboten. Es besteht die M\u00f6glichkeit, Lackierung in einer nichtstandardm\u00e4\u00dfigen Farbe zu bestellen, dies ist aber mit einem erh\u00f6hten Preis der Leistung und einer l\u00e4ngeren Zeit der Ausf\u00fchrung von Bestellung verbunden.[\/vc_column_text][vc_single_image image=&#8221;7260&#8243; img_size=&#8221;full&#8221; alignment=&#8221;center&#8221;][vc_cta h2=&#8221;&#8221;]F\u00fcr NICHTstandardm\u00e4\u00dfigen Farben aus der RAL-Farbpalette wird jeweils ein Angebot mit Ber\u00fccksichtigung der Kaufkosten und der Erh\u00e4ltlichkeit der jeweiligen Farbe erstellt.[\/vc_cta][vc_column_text]<a href=\"\/wp-content\/uploads\/2015\/12\/Verzinkung.pdf\" target=\"_blank\" rel=\"noopener\">Pulverbeschichtung (PDF)<\/a>[\/vc_column_text][\/vc_column][\/vc_row][vc_row css=&#8221;.vc_custom_1442924924078{margin-bottom: 0px !important;padding-top: 5vw !important;padding-bottom: 5vw !important;}&#8221;][vc_column][vc_column_text text_id=&#8221;stal-nierdzewna&#8221;]<\/p>\n<h3>Rostfreier und s\u00e4urebest\u00e4ndiger Stahl<\/h3>\n<p>Blech f\u00fcr allgemeine Zwecke, mit guter Best\u00e4ndigkeit gegen atmosph\u00e4rische Korrosion, gegen zahlreiche organische und anorganische chemische Substanzen nach der Norm PN-EN 10088 mit folgenden Werkstoffnummern:<\/p>\n<p><strong>1.4301 (304) <\/strong>wird f\u00fcr Milchtanks, Einrichtungen in der Milchindustrie, Bierf\u00e4sser, bei Bierg\u00e4rung, f\u00fcr Lagertanks in der Brauerei, Einrichtungen zur Raffination von Maisprodukten; Ausstattung f\u00fcr Kernkraftwerke, Rinnen, Abfallrohre, Beh\u00e4lter f\u00fcr fl\u00fcssigen Sauerstoff, Stickstoff und Wasserstoff, Bauteile f\u00fcr Dosierger\u00e4te f\u00fcr CO2-haltige Getr\u00e4nke, kryotechnische Beh\u00e4lter und Bauteile, M\u00f6bel, Verkleidung in Innenr\u00e4umen und au\u00dfen verwendet,<\/p>\n<p><strong>1.4404 (316L)<\/strong> wird f\u00fcr Wei\u00dfweintanks, in der Brauerei, Papierindustrie, Medizinindustrie, Fetts\u00e4ureindustrie, bei Produktion von Essigs\u00e4ureverbindungen, bei Herstellung von Teilen, die mit Kunstd\u00fcngern in Kontakt kommen, f\u00fcr Kessel zum Ketchupkochen, in der Phosphatindustrie, f\u00fcr Zubeh\u00f6r zur Filmbearbeitung, Schornsteine, Tanks in Wasserenth\u00e4rtungsstationen, Heferohrleitungen, in der Meerumgebung verwendet.<\/p>\n<p><strong>1.4571 (316Ti)<\/strong> wird in der Chemieindustrie f\u00fcr Einrichtungen, die eine hohe Korrosionsbest\u00e4ndigkeit erfordern \u2013 K\u00fchlanlagen, Kondensatoren, Rohrleitungen, Tanks; in der Lebensmittelindustrie, Zellstoffindustrie, Pharmaindustrie<\/p>\n<p><a href=\"\/wp-content\/uploads\/2015\/12\/Verzinkung.pdf\" target=\"_blank\" rel=\"noopener\">Rostfreier und s\u00e4urebest\u00e4ndiger Stahl (PDF)<\/a>[\/vc_column_text][\/vc_column][\/vc_row][vc_row css=&#8221;.vc_custom_1442924924078{margin-bottom: 0px !important;padding-top: 5vw !important;padding-bottom: 5vw !important;}&#8221;][vc_column][vc_column_text text_id=&#8221;stal-nierdzewna&#8221;]<\/p>\n<h3>Aluminium PN-EN 485-2<\/h3>\n<p>Best\u00e4ndigkeit gegen atmosph\u00e4rische Korrosion und gegen zahlreiche organische und anorganische chemische Substanzen.<\/p>\n<p>[\/vc_column_text][\/vc_column][\/vc_row][vc_row full_width=&#8221;stretch_row&#8221; css=&#8221;.vc_custom_1442924995387{margin-bottom: 0px !important;padding-top: 5vw !important;padding-bottom: 5vw !important;background-color: #fafaf5 !important;}&#8221;][vc_column offset=&#8221;vc_col-lg-12 vc_col-md-12 vc_col-xs-12&#8243;][vc_column_text text_id=&#8221;system-e-30-e-90&#8243;]<\/p>\n<h3 style=\"text-align: left;\">System E30, E90 nach der Norm DIN 4102-12<\/h3>\n<p>[\/vc_column_text][vc_column_text]Verordnung des Ministers f\u00fcr Infrastruktur vom 12. April 2002 zu technischen Bedingungen, die Geb\u00e4ude und deren Lokalisation zu erf\u00fcllen haben, (GBl. 2002 Nr. 75, Pos. 690) mit der Novellierung vom 12.03.2009 bestimmt in \u00a7187 Pkt 3: \u201eElektrische Leitungen und Kabel sowie Lichtleiter einschlie\u00dflich derer Befestigungen, im Nachstehenden \u201eKabelanlagen\u201d genannt, die in Versorgungs- und Steuerungssystemen f\u00fcr Brandsicherheitseinrichtungen angewandt werden, sollen Kontinuit\u00e4t der Stromlieferung oder der Signal\u00fcbermittlung \u00fcber f\u00fcr Einschaltung und Funktionieren der Sicherheitseinrichtung notwendige Zeitdauer sichern\u201d.<\/p>\n<p>In Polen gibt es keine ausf\u00fchrlichen Regelungen\/Normen, die Anforderungen regeln, denen die \u201eKabelanlagen\u201d entsprechen sollen. Weder Methode f\u00fcr Durchf\u00fchrung von Pr\u00fcfungen, noch die dazu berechtigten Stellen wurden geregelt. Allgemein in Europa (und auch in Polen) geltende, einzige diese Frage ausf\u00fchrlich regelnde Norm ist die deutsche Norm DIN 2102:12. Die Verordnung des Infrastrukturministers erfordert, dass den im Brandfall lebensrettenden Stromabnehmern (Notbeleuchtung, Schallwarnanlagen, Ventilatoren, Aufz\u00fcge, Pumpen f\u00fcr Sprinkleranlagen, L\u00fcftungsklappen usw.) ununterbrochene Stromlieferung oder Signal\u00fcbermittlung \u00fcber erforderliche, nicht k\u00fcrzer als 30 oder 90 Minuten dauernde Zeit gesichert ist, was eine sichere Evakuation von Personen aus einem in Brand stehendem Bauobjekt erm\u00f6glichen soll. In der Baubranche ist die aus der deutschen Norm entnommene Abk\u00fcrzung f\u00fcr derartige Systeme \u201eE90\u201c verbreitet. Diese System werden gem\u00e4\u00df der Norm DIN 2102:12 gepr\u00fcft, die in deutschen Instituten aufgrund vielj\u00e4hriger Erfahrungen und durchgef\u00fchrter Pr\u00fcfungen im Bereich des Funktionserhaltes der Elektroinstallationen im Brandfall entstanden ist.<\/p>\n<p>Grundvoraussetzung der vorgenannten Norm ist \u00dcberpr\u00fcfung von Leitungen und Kabeln einschlie\u00dflich derer Befestigungen zur Feststellung, ob das jeweils aufgebaute System Stromversorgung von lebensrettenden Stromabnehmern im Brandfall sichert.<\/p>\n<p>Firma BAKS hat \u00fcber sechzig Pr\u00fcfungen mit folgenden Kabelherstellern durchgef\u00fchrt: Bittner, D\u00e4twyler, Elkond, Elpar, Eupen, Facab Lynen, Kabtek, Madex, Nexans, NKT, Prakab, Studer, Technokabel und TELE-FONIKA Kable. Alle Pr\u00fcfungen wurden in drei akkreditierten Zertifizierungsstellen durchgef\u00fchrt: DMT Dortmund, Fires Batizovce.[\/vc_column_text][vc_row_inner][vc_column_inner width=&#8221;1\/6&#8243;][vc_single_image image=&#8221;56823&#8243; onclick=&#8221;img_link_large&#8221; el_class=&#8221;prettyphoto&#8221;][vc_column_text el_class=&#8221;ri-small-txt-info&#8221;][\/vc_column_text][\/vc_column_inner][vc_column_inner width=&#8221;1\/6&#8243;][vc_single_image image=&#8221;56808&#8243; onclick=&#8221;img_link_large&#8221; el_class=&#8221;prettyphoto vc-prettyphoto-link&#8221;][vc_column_text el_class=&#8221;ri-small-txt-info&#8221;][\/vc_column_text][\/vc_column_inner][\/vc_row_inner][vc_column_text]<\/p>\n<h5 style=\"text-align: left;\">Wichtig!<\/h5>\n<p style=\"text-align: left;\">Zurzeit haben wir abgeschlossene Pr\u00fcfungen mit folgenden Kabelherstellern: Bittner, D\u00e4twyler, Elkond, Eupen, Facab Lynen, Madex, Kabtek, Nexans, NKT, Prakab, Studer, Technokabel und TELE-FONIKA Kable.<\/p>\n<p>[\/vc_column_text][vc_column_text]<\/p>\n<h5>E-30- und E-90-Funktionserhaltsklasse-System<\/h5>\n<p>Heutzutage wird Nachdruck auf Sicherheit der Personen in \u00f6ffentlichen Geb\u00e4uden gelegt. Aus diesem Grund ist auch die Zuverl\u00e4ssigkeit der Sicherheitseinrichtungen von gro\u00dfer Bedeutung. Um den neuen Sicherheitsanforderungen in diesem Bereich gerecht zu werden, hat Firma BAKS beschlossen, Untersuchung eines neuen Systems der Kabelrinnen und Kabelleitern durchzuf\u00fchren, die der Norm DIN 4102 Teil 12 entsprechen.<\/p>\n<p>Grundvoraussetzung Norm DIN 4102:12 ist praktische Pr\u00fcfung der Kabel zusammen mit dem Befestigungssystem, \u201eKabelanlagen\u201d genannt (Kabelrinnen, Kabelleitern usw.), ob sie innerhalb erforderlicher Zeitdauer und in erforderlicher Temperatur Stromabnehmer versorgen. Es muss also Pr\u00fcfung der Kabeltr\u00e4gersysteme zusammen mit Kabeln so durchgef\u00fchrt werden, dass man sicher sein kann, dass Stromabnehmer im Brandfall innerhalb einer erforderlichen Zeitdauer ununterbrochen versorgt werden.<\/p>\n<p>Funktionsf\u00e4higkeit (Funktionserhalt) der Elektroinstallation wird als st\u00e4ndige Stromversorgung eines Geb\u00e4udes im Brandfall aufgefasst. Dies gilt allerdings nicht f\u00fcr das ganze Stromnetz im jeweiligen Geb\u00e4ude, sondern f\u00fcr bestimmte, aus bedeutende Stromkreise in Geb\u00e4uden, in denen eine gro\u00dfe Anzahl von Personen zugleich anwesend ist. Typische Beispiele daf\u00fcr sind Stromkreise der Notbeleuchtung, der Schallwarnanlagen, der Bel\u00fcftungsanlagen in Hotels, Krankenh\u00e4usern und \u00f6ffentlichen Geb\u00e4uden. Diese Norm gilt f\u00fcr Spannungen bis zu 1kV. Der Funktionserhalt wird grunds\u00e4tzlich in 2 Klassen eingeordnet, und zwar E-30 und E-90, obwohl in der DIN-Norm auch die Klasse E60 genannt ist, doch diese kommt nur selten zur Anwendung.<\/p>\n<p>[\/vc_column_text][vc_cta h2=&#8221;&#8221; style=&#8221;flat&#8221; color=&#8221;orange&#8221; el_class=&#8221;negative baks-green-bgr-2&#8243;]<\/p>\n<h4>E-30<\/h4>\n<p>Funktionserhaltsklasse E-30 bedeutet, dass die Funktionsf\u00e4higkeit der Installation im Geb\u00e4ude wenigstens 30 Minuten aufrechterhalten bleibt. Sie ist f\u00fcr Brandsignalanlagen, Brandalarmanlagen und Notbeleuchtung in Geb\u00e4uden, wo Sprinkleranlagen installiert sind, bestimmt.[\/vc_cta][vc_cta h2=&#8221;&#8221; style=&#8221;flat&#8221; color=&#8221;orange&#8221; el_class=&#8221;negative baks-green-bgr-2&#8243;]<\/p>\n<h4>E-90<\/h4>\n<p>Funktionserhaltsklasse E-90 bedeutet, dass die Funktionsf\u00e4higkeit der Installation im Geb\u00e4ude wenigstens 90 Minuten aufrechterhalten bleibt. Sie ist f\u00fcr Bel\u00fcftungsanlagen in Treppenh\u00e4usern, Nottreppen und in Aufzugssch\u00e4chten, f\u00fcr Wasserdruckerh\u00f6hungsanlagen zur L\u00f6schwasserversorgung und f\u00fcr Rauch- und Abgasabzugsanlagen bestimmt.[\/vc_cta][vc_column_text]Firma BAKS hat mehrmals Pr\u00fcfungen bei akkreditierten Zertifizierungsstellen in Deutschland und in der Slowakei durchf\u00fchren lassen. Diese Pr\u00fcfungen wurde an Decken aus Porenbeton und aus B20-Beton durchgef\u00fchrt. Grundlage einer nach der Norm DIN 4102 durchzuf\u00fchrenden Pr\u00fcfung ist praxisnahe Anbringung der zu pr\u00fcfenden Produkte im Ofen. Die Pr\u00fcfung verl\u00e4uft nach der international festgelegten Temperatur-Zeit-Kurve.[\/vc_column_text][vc_single_image image=&#8221;56830&#8243; img_size=&#8221;full&#8221;][vc_column_text]Die im Angebot der Firma BAKS stehenden Kabeltr\u00e4gersysteme entsprechen der Norm DIN 4102 Teil 12. Und so beispielweise k\u00f6nnen Kabelleitern an der Decke aufgeh\u00e4ngt, Kabelrinnen an der Wand, feuerfeste Kabel horizontal an der Decke oder vertikal an der Wand mittels einzelner Kabelschellen oder Kabelleitern angebracht werden. Bei allen Systemen stehen unterschiedliche Ausf\u00fchrungsvarianten zur Verf\u00fcgung. Dadurch hat der Monteur die M\u00f6glichkeit, f\u00fcr die meisten bei Bauarbeiten auftretenden Situationen ein entsprechendes System zu w\u00e4hlen.[\/vc_column_text][vc_cta h2=&#8221;&#8221; style=&#8221;flat&#8221; color=&#8221;green&#8221; el_class=&#8221;baks-green-bgr-2&#8243;]Firma BAKS stellt Konformit\u00e4tserkl\u00e4rung nach Pr\u00fcfung der hergestellten Elektroinstallation aus[\/vc_cta][vc_column_text]<\/p>\n<h4>Brandpr\u00fcfungen der E-90\u2013Systeme<\/h4>\n<p>Beispielfotos aus gew\u00e4hlten Brandpr\u00fcfungen der Kabelanlagen der Firma BAKS mit Funktionserhaltsklasse E-30, E-90 mit unterschiedlichen Kabelherstellern, die akkreditierten Zertifizierungsstellen: DMT Dortmund, Fires Batizovce, MPA Braunschweig.[\/vc_column_text][vc_row_inner][vc_column_inner width=&#8221;1\/6&#8243;][vc_single_image image=&#8221;1379&#8243; img_size=&#8221;full&#8221; img_link_large=&#8221;yes&#8221; el_class=&#8221;prettyphoto vc-prettyphoto-link&#8221;][\/vc_column_inner][vc_column_inner width=&#8221;1\/6&#8243;][vc_single_image image=&#8221;1376&#8243; img_size=&#8221;full&#8221; img_link_large=&#8221;yes&#8221; el_class=&#8221;prettyphoto vc-prettyphoto-link&#8221;][\/vc_column_inner][vc_column_inner width=&#8221;1\/6&#8243;][vc_single_image image=&#8221;1377&#8243; img_size=&#8221;full&#8221; img_link_large=&#8221;yes&#8221; el_class=&#8221;prettyphoto vc-prettyphoto-link&#8221;][\/vc_column_inner][vc_column_inner width=&#8221;1\/6&#8243;][vc_single_image image=&#8221;1378&#8243; img_size=&#8221;full&#8221; img_link_large=&#8221;yes&#8221; el_class=&#8221;prettyphoto vc-prettyphoto-link&#8221;][\/vc_column_inner][vc_column_inner width=&#8221;1\/6&#8243;][vc_single_image image=&#8221;1382&#8243; img_size=&#8221;full&#8221; img_link_large=&#8221;yes&#8221; el_class=&#8221;prettyphoto vc-prettyphoto-link&#8221;][\/vc_column_inner][vc_column_inner width=&#8221;1\/6&#8243;][vc_single_image image=&#8221;1381&#8243; img_size=&#8221;full&#8221; img_link_large=&#8221;yes&#8221; el_class=&#8221;prettyphoto vc-prettyphoto-link&#8221;][\/vc_column_inner][\/vc_row_inner][vc_column_text]<a href=\"\/wp-content\/uploads\/2015\/12\/e90.pdf\" target=\"_blank\" rel=\"noopener\">E-30- und E-90-Funktionserhaltsklasse-System (PDF)<\/a>[\/vc_column_text][\/vc_column][\/vc_row][vc_row][vc_column][vc_column_text]<br \/>\n<script>\/\/ <![CDATA[ var _mzid = '5b585893d471'; (function(s, o, g) { a = s.createElement(o), m = s.getElementsByTagName(o)[0]; a.async = 1; a.src = g; m.parentNode.insertBefore(a, m); })(document, 'script', '\/\/mzer.pl\/mz.js'); \/\/ ]]><\/script>[\/vc_column_text][\/vc_column][\/vc_row]<\/p>\n<\/section>","protected":false},"excerpt":{"rendered":"<p>[vc_row row_id=&#8221;sticky-menu&#8221; el_class=&#8221;submenu-row&#8221; css=&#8221;.vc_custom_1441293606562{margin-top: 0px !important;margin-bottom: 0px !important;padding-top: 0px !important;padding-bottom: 0px !important;}&#8221;][vc_column css=&#8221;.vc_custom_1440763973929{margin-top: 0px !important;margin-bottom: 0px !important;padding-top: 0px !important;padding-bottom: 0px !important;}&#8221;][vc_widget_sidebar sidebar_id=&#8221;sidebar-1&#8243; el_class=&#8221;subMenuTop&#8221;][\/vc_column][\/vc_row][vc_row row_id=&#8221;cynkowanie&#8221; css=&#8221;.vc_custom_1442924898109{margin-bottom: 0px !important;padding-top: 5vw !important;padding-bottom: 5vw !important;}&#8221;][vc_column offset=&#8221;vc_col-lg-12 vc_col-md-12 vc_col-xs-12&#8243;][vc_column_text text_id=&#8221;cynkowanie&#8221;]<\/p>\n<p>Verzinkung<\/p>\n<p>Unter den als normale bezeichneten Umst\u00e4nden haben sich mit einer Zinkschicht \u00fcberzogene Konstruktionsst\u00e4hle am besten bew\u00e4hrt. Es ist dabei jedoch zu beachten, dass infolge der Einwirkung der Umgebung auf Zink eine Reduktion der Schutzschicht mit der Zeit erfolgt. \u00dcber die L\u00e4nge der Garantiezeit entscheiden Dicke des<\/p>\n","protected":false},"author":2,"featured_media":0,"parent":7021,"menu_order":0,"comment_status":"closed","ping_status":"closed","template":"","meta":{"inline_featured_image":false},"acf":[],"_links":{"self":[{"href":"https:\/\/www.baks.com.pl\/de\/wp-json\/wp\/v2\/pages\/7025"}],"collection":[{"href":"https:\/\/www.baks.com.pl\/de\/wp-json\/wp\/v2\/pages"}],"about":[{"href":"https:\/\/www.baks.com.pl\/de\/wp-json\/wp\/v2\/types\/page"}],"author":[{"embeddable":true,"href":"https:\/\/www.baks.com.pl\/de\/wp-json\/wp\/v2\/users\/2"}],"replies":[{"embeddable":true,"href":"https:\/\/www.baks.com.pl\/de\/wp-json\/wp\/v2\/comments?post=7025"}],"version-history":[{"count":24,"href":"https:\/\/www.baks.com.pl\/de\/wp-json\/wp\/v2\/pages\/7025\/revisions"}],"predecessor-version":[{"id":56837,"href":"https:\/\/www.baks.com.pl\/de\/wp-json\/wp\/v2\/pages\/7025\/revisions\/56837"}],"up":[{"embeddable":true,"href":"https:\/\/www.baks.com.pl\/de\/wp-json\/wp\/v2\/pages\/7021"}],"wp:attachment":[{"href":"https:\/\/www.baks.com.pl\/de\/wp-json\/wp\/v2\/media?parent=7025"}],"curies":[{"name":"wp","href":"https:\/\/api.w.org\/{rel}","templated":true}]}}