{"id":7033,"date":"2015-12-04T13:41:12","date_gmt":"2015-12-04T12:41:12","guid":{"rendered":"https:\/\/baloikasdasa.sg-host.com\/de\/?page_id=7033"},"modified":"2026-01-30T13:53:17","modified_gmt":"2026-01-30T12:53:17","slug":"technische-unterstuetzung","status":"publish","type":"page","link":"https:\/\/www.baks.com.pl\/de\/technische-unterstuetzung\/","title":{"rendered":"Technische Unterst\u00fctzung"},"content":{"rendered":"<section class=\"wpb-content-wrapper\"><p>[vc_row row_id=&#8221;sticky-menu&#8221; el_class=&#8221;submenu-row&#8221; css=&#8221;.vc_custom_1441293753867{margin-top: 0px !important;margin-bottom: 0px !important;padding-top: 0px !important;padding-bottom: 0px !important;}&#8221;][vc_column css=&#8221;.vc_custom_1440752251833{margin-top: 0px !important;margin-bottom: 0px !important;padding-top: 0px !important;padding-bottom: 0px !important;}&#8221;][vc_widget_sidebar sidebar_id=&#8221;sidebar-2&#8243; el_class=&#8221;negative subMenuTop&#8221;][\/vc_column][\/vc_row][vc_row full_width=&#8221;stretch_row&#8221; el_class=&#8221;ri-opacity50 ri-black ri-padding-page-title&#8221; css=&#8221;.vc_custom_1741168649825{margin-bottom: 0px !important;background-image: url(https:\/\/www.baks.com.pl\/wp-content\/uploads\/2015\/08\/wsparcie_1v2.jpg?id=47772) !important;background-position: center !important;background-repeat: no-repeat !important;background-size: cover !important;}&#8221;][vc_column offset=&#8221;vc_col-lg-offset-2 vc_col-lg-8 vc_col-md-offset-2 vc_col-md-8 vc_col-xs-12&#8243;][vc_column_text el_class=&#8221;negative intro&#8221;]<\/p>\n<h1 style=\"text-align: center;\">Ausf\u00fchrliche Informationen \u00fcber unsere Produkte<\/h1>\n<hr \/>\n<p style=\"text-align: center;\">Die angebotene technische Unterst\u00fctzung erlaubt es, mit unseren Produkten in jeder Phase der Investitione \u2013 <span style=\"line-height: 1.5;\">beginnend von der Wahl, \u00fcber das Projekt und die Spezifikation bis zur Montage der Kabeltrasse \u2013 <\/span><span style=\"line-height: 1.5;\">schneller zu arbeiten.<\/span><\/p>\n<p>[\/vc_column_text][\/vc_column][vc_column width=&#8221;1\/6&#8243;][\/vc_column][\/vc_row][vc_row full_width=&#8221;stretch_row&#8221; css=&#8221;.vc_custom_1442327788318{margin-bottom: 0px !important;padding-top: 0px !important;padding-bottom: 30px !important;background-color: #acc940 !important;}&#8221;][vc_column width=&#8221;1\/4&#8243; css=&#8221;.vc_custom_1441971750572{padding-top: 30px !important;}&#8221;][vc_icon icon_fontawesome=&#8221;fa fa-folder-open&#8221; color=&#8221;white&#8221; background_style=&#8221;rounded-outline&#8221; background_color=&#8221;white&#8221; align=&#8221;center&#8221; el_class=&#8221;ri_icon_element&#8221;][vc_column_text el_class=&#8221;negative&#8221;]<\/p>\n<p style=\"text-align: center;\">Komplette technische Dokumentation<\/p>\n<p>[\/vc_column_text][\/vc_column][vc_column width=&#8221;1\/4&#8243; css=&#8221;.vc_custom_1442327176457{padding-top: 30px !important;}&#8221;][vc_icon icon_fontawesome=&#8221;fa fa-video-camera&#8221; color=&#8221;white&#8221; background_style=&#8221;rounded-outline&#8221; background_color=&#8221;white&#8221; align=&#8221;center&#8221; el_class=&#8221;ri_icon_element&#8221;][vc_column_text el_class=&#8221;negative&#8221;]<\/p>\n<p style=\"text-align: center;\">Ausf\u00fchrliche Anleitungsmaterialien<\/p>\n<p>[\/vc_column_text][\/vc_column][vc_column width=&#8221;1\/4&#8243; css=&#8221;.vc_custom_1441971758363{padding-top: 30px !important;}&#8221;][vc_icon icon_fontawesome=&#8221;fa fa-cogs&#8221; color=&#8221;white&#8221; background_style=&#8221;rounded-outline&#8221; background_color=&#8221;white&#8221; align=&#8221;center&#8221; el_class=&#8221;ri_icon_element&#8221;][vc_column_text el_class=&#8221;negative&#8221;]<\/p>\n<p style=\"text-align: center;\">Fortgeschrittene Projektierungs- und Berechnungsinstrumente<\/p>\n<p>[\/vc_column_text][\/vc_column][vc_column width=&#8221;1\/4&#8243; css=&#8221;.vc_custom_1441971755235{padding-top: 30px !important;}&#8221;][vc_icon icon_fontawesome=&#8221;fa fa-users&#8221; color=&#8221;white&#8221; background_style=&#8221;rounded-outline&#8221; background_color=&#8221;white&#8221; align=&#8221;center&#8221; el_class=&#8221;ri_icon_element&#8221;][vc_column_text el_class=&#8221;negative&#8221;]<\/p>\n<p style=\"text-align: center;\">Unterst\u00fctzung von technischen Beratern<\/p>\n<p>[\/vc_column_text][\/vc_column][\/vc_row][vc_row full_width=&#8221;stretch_row&#8221; css=&#8221;.vc_custom_1442913933725{margin-bottom: 0px !important;background-color: #ffffff !important;}&#8221; el_class=&#8221;ri-padding-txt-img&#8221;][vc_column offset=&#8221;vc_col-lg-6 vc_col-md-6 vc_col-xs-12&#8243; css=&#8221;.vc_custom_1442922749461{padding-top: 5vw !important;}&#8221;][vc_column_text el_class=&#8221;intro&#8221;]<\/p>\n<h2>Produktkataloge<\/h2>\n<p>Alle Produktkatalogen der Firma BAKS in Form von PDF-Dateien, an einer Stelle gesammelt, sind Erg\u00e4nzungen zum Online-Katalog.<\/p>\n<p><a href=\"\/de\/technische-unterstuetzung\/kataloge-herunterladen\/\">Kataloge zum Herunterladen<\/a>\u00a0 \u00a0\u00a0\u00a0<a href=\"https:\/\/katalog.baks.com.pl\/de\/\" target=\"_blank\" rel=\"noopener\">Online-Katalog<\/a>[\/vc_column_text][\/vc_column][vc_column offset=&#8221;vc_col-lg-6 vc_col-md-6 vc_col-xs-12&#8243; css=&#8221;.vc_custom_1442913944922{padding-top: 40px !important;padding-bottom: 3vw !important;}&#8221;][vc_single_image image=&#8221;7584&#8243; img_size=&#8221;full&#8221;][\/vc_column][\/vc_row][vc_row full_width=&#8221;stretch_row&#8221; css=&#8221;.vc_custom_1442914189818{margin-bottom: 0px !important;padding-bottom: 3vw !important;background-color: #fafaf5 !important;}&#8221; el_class=&#8221;ri-padding-txt-img&#8221;][vc_column css=&#8221;.vc_custom_1442406738654{padding-top: 40px !important;}&#8221; offset=&#8221;vc_col-lg-6 vc_col-md-6 vc_col-xs-12&#8243;][vc_single_image image=&#8221;1378&#8243; img_size=&#8221;full&#8221;][\/vc_column][vc_column offset=&#8221;vc_col-lg-6 vc_col-md-6 vc_col-xs-12&#8243; css=&#8221;.vc_custom_1442914140661{margin-bottom: 3vw !important;padding-top: 5vw !important;}&#8221;][vc_column_text el_class=&#8221;intro&#8221;]<\/p>\n<h2>Zertifikate<\/h2>\n<p>Zertifikate, Atteste, Zulassungen und sonstige technische Dokumente, die Konformit\u00e4t der Produkte der Firma BAKS mit geltenden Normen und rechtlichen Anforderungen best\u00e4tigen.<br \/>\n<a href=\"\/de\/technische-unterstuetzung\/zertifikate\/\">Zertifikate zum Herunterladen<\/a>[\/vc_column_text][\/vc_column][\/vc_row][vc_row full_width=&#8221;stretch_row&#8221; css=&#8221;.vc_custom_1442914268554{margin-bottom: 0px !important;padding-bottom: 3vw !important;background-color: #ffffff !important;}&#8221; el_class=&#8221;ri-padding-txt-img&#8221;][vc_column offset=&#8221;vc_col-lg-6 vc_col-md-6 vc_col-xs-12&#8243; css=&#8221;.vc_custom_1442913830433{padding-top: 5vw !important;}&#8221;][vc_column_text el_class=&#8221;intro&#8221;]<\/p>\n<h2>Anleitungsfilme<\/h2>\n<p>Online zug\u00e4ngliche Anleitungsfilme, die Anwendungsbereich und ausf\u00fchrliche Grunds\u00e4tze f\u00fcr Montage von zu verschiedenen Produktgruppen geh\u00f6renden Produkten pr\u00e4sentieren.<br \/>\n<a href=\"\/de\/technische-unterstuetzung\/anleitungsfilme\/\">Online-Anleitungsfilme<\/a>[\/vc_column_text][\/vc_column][vc_column offset=&#8221;vc_col-lg-6 vc_col-md-6 vc_col-xs-12&#8243; css=&#8221;.vc_custom_1442406752661{padding-top: 40px !important;}&#8221;][vc_single_image image=&#8221;7585&#8243; img_size=&#8221;full&#8221;][\/vc_column][\/vc_row][vc_row full_width=&#8221;stretch_row&#8221; css=&#8221;.vc_custom_1469524537857{margin-bottom: 0px !important;padding-bottom: 3vw !important;background-color: #fafaf5 !important;}&#8221; el_class=&#8221;ri-padding-txt-img&#8221;][vc_column css=&#8221;.vc_custom_1442406768041{padding-top: 40px !important;}&#8221; offset=&#8221;vc_col-lg-6 vc_col-md-6 vc_col-xs-12&#8243;][vc_single_image image=&#8221;1251&#8243; img_size=&#8221;full&#8221;][\/vc_column][vc_column offset=&#8221;vc_col-lg-offset-0 vc_col-lg-6 vc_col-md-offset-0 vc_col-md-6 vc_col-xs-12&#8243; css=&#8221;.vc_custom_1441101591501{padding-top: 40px !important;}&#8221;][vc_column_text el_class=&#8221;intro&#8221; css=&#8221;.vc_custom_1449575834441{padding-top: 10px !important;}&#8221;]<\/p>\n<h2>BAKSCAD-Software<\/h2>\n<p>Software in Form von Benutzeroberfl\u00e4che f\u00fcr allgemein verwendete CAD-Umgebungen (AutoCAD, BricsCAD, ZWCAD), die Projektierung von Kabeltrassen und Generierung von Materialzusammenstellungen auf der Basis der BAKS-Produkte erm\u00f6glicht.<br \/>\n<a href=\"\/de\/technische-unterstuetzung\/programm-bakscad\/\">N\u00e4here Infomationen \u00fcber BAKSCAD-Software<\/a>[\/vc_column_text][\/vc_column][\/vc_row][vc_row full_width=&#8221;stretch_row&#8221; css=&#8221;.vc_custom_1469524545044{margin-bottom: 0px !important;padding-bottom: 3vw !important;background-color: #ffffff !important;}&#8221; el_class=&#8221;ri-padding-txt-img&#8221;][vc_column offset=&#8221;vc_col-lg-offset-0 vc_col-lg-6 vc_col-md-offset-0 vc_col-md-6 vc_col-xs-12&#8243; css=&#8221;.vc_custom_1441101591501{padding-top: 40px !important;}&#8221;][vc_column_text el_class=&#8221;intro&#8221; css=&#8221;.vc_custom_1469524604118{padding-top: 10px !important;}&#8221;]<\/p>\n<h2>Bibliotheken mit 3D-Modellen<\/h2>\n<p>Wir bieten einsatzbereite Bibliotheken mit unseren Produkten an, die mit zwei beliebtesten Produkten zur Planung von 3D-Installationen kompatibel sind: SmartPlant 3D und REVIT.<br \/>\n<a href=\"\/de\/technische-unterstuetzung\/dla-projektanta\/\">Bibliotheken<\/a>[\/vc_column_text][\/vc_column][vc_column css=&#8221;.vc_custom_1442406768041{padding-top: 40px !important;}&#8221; offset=&#8221;vc_col-lg-6 vc_col-md-6 vc_col-xs-12&#8243;][vc_single_image image=&#8221;57283&#8243; img_size=&#8221;full&#8221;][\/vc_column][\/vc_row][vc_row full_width=&#8221;stretch_row&#8221; el_class=&#8221;ri-padding-txt-img&#8221; css=&#8221;.vc_custom_1469524552221{background-color: #fafaf5 !important;}&#8221;][vc_column css=&#8221;.vc_custom_1442406783699{padding-top: 40px !important;}&#8221; offset=&#8221;vc_col-lg-6 vc_col-md-6 vc_col-xs-12&#8243;][vc_single_image image=&#8221;57291&#8243; img_size=&#8221;full&#8221;][\/vc_column][vc_column offset=&#8221;vc_col-lg-6 vc_col-md-6 vc_col-xs-12&#8243; css=&#8221;.vc_custom_1442913997680{padding-top: 5vw !important;}&#8221;][vc_column_text el_class=&#8221;intro&#8221; css=&#8221;.vc_custom_1449576087035{padding-top: 10px !important;}&#8221;]<\/p>\n<h2>Technische Berater<\/h2>\n<p>Ein Team von kompetenten technischen Beratern steht zur Verf\u00fcgung in Fragen der Wahl, Anwendung und Montage von unseren Produkten und Systemen.[\/vc_column_text][\/vc_column][\/vc_row][vc_row][vc_column][vc_column_text]<\/p>\n<p><script>\nvar _mzid = '5b585893d471';\n(function(s, o, g) {\n\ta = s.createElement(o),\n\tm = s.getElementsByTagName(o)[0];\n\ta.async = 1;\n\ta.src = g;\n\tm.parentNode.insertBefore(a, m);\n})(document, 'script', '\/\/mzer.pl\/mz.js');\n<\/script>[\/vc_column_text][\/vc_column][\/vc_row]<\/p>\n<\/section>","protected":false},"excerpt":{"rendered":"<p>[vc_row row_id=&#8221;sticky-menu&#8221; el_class=&#8221;submenu-row&#8221; css=&#8221;.vc_custom_1441293753867{margin-top: 0px !important;margin-bottom: 0px !important;padding-top: 0px !important;padding-bottom: 0px !important;}&#8221;][vc_column css=&#8221;.vc_custom_1440752251833{margin-top: 0px !important;margin-bottom: 0px !important;padding-top: 0px !important;padding-bottom: 0px !important;}&#8221;][vc_widget_sidebar sidebar_id=&#8221;sidebar-2&#8243; el_class=&#8221;negative subMenuTop&#8221;][\/vc_column][\/vc_row][vc_row full_width=&#8221;stretch_row&#8221; el_class=&#8221;ri-opacity50 ri-black ri-padding-page-title&#8221; css=&#8221;.vc_custom_1741168649825{margin-bottom: 0px !important;background-image: url(https:\/\/www.baks.com.pl\/wp-content\/uploads\/2015\/08\/wsparcie_1v2.jpg?id=47772) !important;background-position: center !important;background-repeat: no-repeat !important;background-size: cover !important;}&#8221;][vc_column offset=&#8221;vc_col-lg-offset-2 vc_col-lg-8 vc_col-md-offset-2 vc_col-md-8 vc_col-xs-12&#8243;][vc_column_text el_class=&#8221;negative intro&#8221;]<\/p>\n<p>Ausf\u00fchrliche Informationen \u00fcber unsere Produkte<\/p>\n<p style=\"text-align: center;\">Die angebotene technische Unterst\u00fctzung erlaubt es, mit unseren Produkten in jeder Phase der Investitione \u2013 beginnend von der Wahl, \u00fcber das Projekt und die Spezifikation bis zur Montage der<\/p>\n","protected":false},"author":2,"featured_media":0,"parent":0,"menu_order":0,"comment_status":"closed","ping_status":"closed","template":"","meta":{"inline_featured_image":false},"acf":[],"_links":{"self":[{"href":"https:\/\/www.baks.com.pl\/de\/wp-json\/wp\/v2\/pages\/7033"}],"collection":[{"href":"https:\/\/www.baks.com.pl\/de\/wp-json\/wp\/v2\/pages"}],"about":[{"href":"https:\/\/www.baks.com.pl\/de\/wp-json\/wp\/v2\/types\/page"}],"author":[{"embeddable":true,"href":"https:\/\/www.baks.com.pl\/de\/wp-json\/wp\/v2\/users\/2"}],"replies":[{"embeddable":true,"href":"https:\/\/www.baks.com.pl\/de\/wp-json\/wp\/v2\/comments?post=7033"}],"version-history":[{"count":27,"href":"https:\/\/www.baks.com.pl\/de\/wp-json\/wp\/v2\/pages\/7033\/revisions"}],"predecessor-version":[{"id":57298,"href":"https:\/\/www.baks.com.pl\/de\/wp-json\/wp\/v2\/pages\/7033\/revisions\/57298"}],"wp:attachment":[{"href":"https:\/\/www.baks.com.pl\/de\/wp-json\/wp\/v2\/media?parent=7033"}],"curies":[{"name":"wp","href":"https:\/\/api.w.org\/{rel}","templated":true}]}}