{"id":7039,"date":"2015-12-04T14:00:44","date_gmt":"2015-12-04T13:00:44","guid":{"rendered":"https:\/\/baloikasdasa.sg-host.com\/de\/?page_id=7039"},"modified":"2026-04-29T11:11:06","modified_gmt":"2026-04-29T09:11:06","slug":"zertifikate","status":"publish","type":"page","link":"https:\/\/www.baks.com.pl\/de\/technische-unterstuetzung\/zertifikate\/","title":{"rendered":"Zertifikate"},"content":{"rendered":"<section class=\"wpb-content-wrapper\"><p>[vc_row row_id=&#8221;sticky-menu&#8221; el_class=&#8221;submenu-row&#8221; css=&#8221;.vc_custom_1441293974811{margin-top: 0px !important;margin-bottom: 0px !important;padding-top: 0px !important;padding-bottom: 0px !important;}&#8221;][vc_column css=&#8221;.vc_custom_1440764191142{margin-top: 0px !important;margin-bottom: 0px !important;padding-top: 0px !important;padding-bottom: 0px !important;}&#8221;][vc_widget_sidebar sidebar_id=&#8221;sidebar-2&#8243; el_class=&#8221;negative subMenuTop&#8221;][\/vc_column][\/vc_row][vc_row full_width=&#8221;stretch_row&#8221; css=&#8221;.vc_custom_1450097991868{background-image: url(\/wp-content\/uploads\/2015\/07\/certyfikaty.jpg?id=7616) !important;background-position: center !important;background-repeat: no-repeat !important;background-size: cover !important;}&#8221; el_class=&#8221;intro ri-padding-page-title ri-opacity60 ri-black&#8221;][vc_column offset=&#8221;vc_col-lg-offset-2 vc_col-lg-8 vc_col-md-offset-2 vc_col-md-8 vc_col-xs-12&#8243;][vc_column_text el_class=&#8221;intro negative&#8221;]<\/p>\n<h1 style=\"text-align: center;\">Zertifikate<\/h1>\n<p>[\/vc_column_text][\/vc_column][vc_column width=&#8221;1\/6&#8243;][\/vc_column][\/vc_row][vc_row][vc_column][vc_column_text]<\/p>\n<h3>Allgemeine Zertifikate<\/h3>\n<p>[\/vc_column_text][vc_row_inner][vc_column_inner width=&#8221;1\/4&#8243;][vc_single_image image=&#8221;60304&#8243; img_size=&#8221;full&#8221; alignment=&#8221;center&#8221; onclick=&#8221;custom_link&#8221; link=&#8221;https:\/\/www.baks.com.pl\/wp-content\/uploads\/2015\/08\/BAKS-TM-814-DE.pdf&#8221;][vc_column_text]<\/p>\n<p style=\"text-align: center;\"><a href=\"https:\/\/www.baks.com.pl\/wp-content\/uploads\/2015\/08\/BAKS-TM-814-DE.pdf\">VDE &#8211; Pr\u00fcfzeugnis f\u00fcr Produktsicherheit<\/a><\/p>\n<p>[\/vc_column_text][\/vc_column_inner][vc_column_inner width=&#8221;1\/4&#8243;][vc_single_image image=&#8221;15348&#8243; img_size=&#8221;full&#8221; alignment=&#8221;center&#8221; onclick=&#8221;custom_link&#8221; link=&#8221;https:\/\/www.baks.com.pl\/wp-content\/uploads\/2015\/08\/BAKS-TM-DE-001.pdf&#8221;][vc_column_text]<\/p>\n<p style=\"text-align: center;\"><a href=\"https:\/\/www.baks.com.pl\/wp-content\/uploads\/2015\/08\/BAKS-TM-DE-001.pdf\">Zertifikat PC-TUV-I21 Photovoltaik-Module<\/a><\/p>\n<p>[\/vc_column_text][\/vc_column_inner][vc_column_inner width=&#8221;1\/4&#8243;][vc_single_image image=&#8221;46528&#8243; img_size=&#8221;full&#8221; alignment=&#8221;center&#8221; onclick=&#8221;custom_link&#8221; img_link_target=&#8221;_blank&#8221; link=&#8221;https:\/\/www.baks.com.pl\/wp-content\/uploads\/2015\/08\/cert_mors_2024.pdf&#8221;][vc_column_text]<\/p>\n<p style=\"text-align: center;\"><a href=\"https:\/\/www.baks.com.pl\/wp-content\/uploads\/2015\/08\/cert_mors_2024.pdf\">Zertifikat f\u00fcr Schiffskabelrinnen und Schiffsleiter.<\/a><\/p>\n<p>[\/vc_column_text][\/vc_column_inner][vc_column_inner width=&#8221;1\/4&#8243;][vc_single_image image=&#8221;11195&#8243; img_size=&#8221;full&#8221; alignment=&#8221;center&#8221; onclick=&#8221;custom_link&#8221; img_link_target=&#8221;_blank&#8221; link=&#8221;https:\/\/www.baks.com.pl\/wp-content\/uploads\/2017\/05\/Zertifikat-zu-235963-m-1.pdf&#8221;][vc_column_text]<\/p>\n<p style=\"text-align: center;\"><a href=\"\/wp-content\/uploads\/2017\/05\/Zertifikat-zu-235963-m-1.pdf\">Die Zertifikate f\u00fcr elektrische Kontinuit\u00e4t Long Span Ladder and Cable<\/a><\/p>\n<p>[\/vc_column_text][\/vc_column_inner][\/vc_row_inner][vc_row_inner][vc_column_inner width=&#8221;1\/4&#8243;][vc_single_image image=&#8221;11195&#8243; img_size=&#8221;full&#8221; alignment=&#8221;center&#8221; onclick=&#8221;custom_link&#8221; img_link_target=&#8221;_blank&#8221; link=&#8221;https:\/\/www.baks.com.pl\/wp-content\/uploads\/2016\/10\/Zertifikat-zu-228892.doc-Kopie.doc1_.pdf&#8221;][vc_column_text]<\/p>\n<p style=\"text-align: center;\"><a href=\"\/wp-content\/uploads\/2016\/10\/Zertifikat-zu-228892.doc-Kopie.doc1_.pdf\">Die Zertifikate f\u00fcr elektrische Kontinuit\u00e4t Gitterrinne<\/a><\/p>\n<p>[\/vc_column_text][\/vc_column_inner][vc_column_inner width=&#8221;1\/4&#8243;][vc_single_image image=&#8221;11195&#8243; img_size=&#8221;full&#8221; alignment=&#8221;center&#8221; onclick=&#8221;custom_link&#8221; img_link_target=&#8221;_blank&#8221; link=&#8221;https:\/\/www.baks.com.pl\/wp-content\/uploads\/2017\/09\/Certyfikat-i-raport-VDE-ci%C4%85g%C5%82o%C5%9B%C4%87-elektryczna-koryt-drabin-i-ceownik%C3%B3w-EN_DE.pdf&#8221;][vc_column_text]<\/p>\n<p style=\"text-align: center;\"><a href=\"\/wp-content\/uploads\/2017\/09\/Certyfikat-i-raport-VDE-ci\u0105g\u0142o\u015b\u0107-elektryczna-koryt-drabin-i-ceownik\u00f3w-EN_DE.pdf\">Die Zertifikate f\u00fcr elektrische Kontinuit\u00e4t Kabelrinne Kabelleiter C-Profil<\/a><\/p>\n<p>[\/vc_column_text][\/vc_column_inner][vc_column_inner width=&#8221;1\/4&#8243;][vc_single_image image=&#8221;58865&#8243; img_size=&#8221;full&#8221; alignment=&#8221;center&#8221; onclick=&#8221;custom_link&#8221; link=&#8221;https:\/\/www.baks.com.pl\/wp-content\/uploads\/2015\/08\/BAKS_9001_Certyfikat_DE-1.pdf&#8221;][vc_column_text]<\/p>\n<p style=\"text-align: center;\"><a href=\"https:\/\/www.baks.com.pl\/wp-content\/uploads\/2015\/08\/BAKS_9001_Certyfikat_DE-1.pdf\">Zertifikat EN ISO 9001:2015<\/a><\/p>\n<p>[\/vc_column_text][\/vc_column_inner][vc_column_inner width=&#8221;1\/4&#8243;][vc_single_image image=&#8221;58886&#8243; img_size=&#8221;full&#8221; alignment=&#8221;center&#8221; onclick=&#8221;custom_link&#8221; link=&#8221;https:\/\/www.baks.com.pl\/wp-content\/uploads\/2015\/08\/BAKS_14001_Certyfikat_DE-1.pdf&#8221;][vc_column_text]<\/p>\n<p style=\"text-align: center;\"><a href=\"https:\/\/www.baks.com.pl\/wp-content\/uploads\/2015\/08\/BAKS_14001_Certyfikat_DE-1.pdf\">Zertifikat EN ISO 14001:2015<\/a><\/p>\n<p>[\/vc_column_text][\/vc_column_inner][\/vc_row_inner][vc_row_inner][vc_column_inner width=&#8221;1\/4&#8243;][vc_single_image image=&#8221;11190&#8243; img_size=&#8221;full&#8221; alignment=&#8221;center&#8221; onclick=&#8221;custom_link&#8221; img_link_target=&#8221;_blank&#8221; link=&#8221;https:\/\/www.baks.com.pl\/wp-content\/uploads\/2017\/06\/Empa-Bericht-52140151671.png&#8221;][vc_column_text]<\/p>\n<p style=\"text-align: center;\"><a href=\"\/wp-content\/uploads\/2017\/06\/Empa-Bericht-52140151671.png\" target=\"_blank\" rel=\"noopener\">Pr\u00fcfbericht von EMPA\/Schweiz\u200b<\/a><\/p>\n<p>[\/vc_column_text][\/vc_column_inner][vc_column_inner width=&#8221;1\/4&#8243;][vc_single_image image=&#8221;46679&#8243; img_size=&#8221;full&#8221; alignment=&#8221;center&#8221; onclick=&#8221;custom_link&#8221; link=&#8221;https:\/\/www.baks.com.pl\/wp-content\/uploads\/2015\/08\/spawanie_de.pdf&#8221;][vc_column_text]<\/p>\n<p style=\"text-align: center;\"><a href=\"https:\/\/www.baks.com.pl\/wp-content\/uploads\/2015\/08\/spawanie_de.pdf\">Welding certificate<\/a><\/p>\n<p>[\/vc_column_text][\/vc_column_inner][vc_column_inner width=&#8221;1\/4&#8243;][vc_single_image image=&#8221;11403&#8243; img_size=&#8221;full&#8221; alignment=&#8221;center&#8221; onclick=&#8221;custom_link&#8221; img_link_target=&#8221;_blank&#8221; link=&#8221;https:\/\/www.baks.com.pl\/wp-content\/uploads\/2015\/12\/czech.jpg&#8221;][vc_column_text]<\/p>\n<p style=\"text-align: center;\"><a href=\"\/wp-content\/uploads\/2015\/12\/czech.jpg\">Zertifikat f\u00fcr den Verkauf der Produkte auf tschechischem Markt<\/a><\/p>\n<p>[\/vc_column_text][\/vc_column_inner][vc_column_inner width=&#8221;1\/4&#8243;][vc_single_image image=&#8221;48262&#8243; img_size=&#8221;full&#8221; alignment=&#8221;center&#8221; onclick=&#8221;custom_link&#8221; img_link_target=&#8221;_blank&#8221; link=&#8221;https:\/\/www.baks.com.pl\/wp-content\/uploads\/2015\/08\/Declaration-of-conformity-UE-nr-1_25-CE-standard-BS-EN.-AN-17.02.2025.pdf&#8221;][vc_column_text]<\/p>\n<p style=\"text-align: center;\" align=\"center\"><a href=\"https:\/\/www.baks.com.pl\/wp-content\/uploads\/2015\/08\/Declaration-of-conformity-UE-nr-1_25-CE-standard-BS-EN.-AN-17.02.2025.pdf\">Konformit\u00e4tserkl\u00e4rung CE<\/a><\/p>\n<p>[\/vc_column_text][\/vc_column_inner][\/vc_row_inner][vc_row_inner][vc_column_inner width=&#8221;1\/4&#8243;][vc_single_image image=&#8221;47609&#8243; img_size=&#8221;full&#8221; alignment=&#8221;center&#8221; onclick=&#8221;custom_link&#8221; img_link_target=&#8221;_blank&#8221; link=&#8221;http:\/\/www.baks.com.pl\/wp-content\/uploads\/2015\/08\/Certyfikat-EN-1090-BAKS-Kazimierz-Sielski-DE-1-1-scaled.jpg&#8221;][vc_column_text]<\/p>\n<p style=\"text-align: center;\"><a href=\"https:\/\/www.baks.com.pl\/wp-content\/uploads\/2015\/08\/Certyfikat-EN-1090-BAKS-Kazimierz-Sielski-DE-1-2.pdf\">Zertifikat EN 1090-1:2009+A1:2011<\/a><\/p>\n<p>[\/vc_column_text][\/vc_column_inner][vc_column_inner width=&#8221;1\/4&#8243;][vc_single_image image=&#8221;58646&#8243; img_size=&#8221;full&#8221; alignment=&#8221;center&#8221; onclick=&#8221;custom_link&#8221; img_link_target=&#8221;_blank&#8221; link=&#8221;https:\/\/www.baks.com.pl\/wp-content\/uploads\/2015\/08\/Deklaracja-Wlasnosci-uzytkowych-konstrukcji-PV-BAKS-02.01.2026-DE.pdf&#8221;][vc_column_text]<\/p>\n<p style=\"text-align: center;\" align=\"center\"><a href=\"https:\/\/www.baks.com.pl\/wp-content\/uploads\/2015\/08\/Deklaracja-Wlasnosci-uzytkowych-konstrukcji-PV-BAKS-02.01.2026-DE.pdf\">PV Konformit\u00e4tserkl\u00e4rung CE<\/a><\/p>\n<p>[\/vc_column_text][\/vc_column_inner][vc_column_inner width=&#8221;1\/4&#8243;][\/vc_column_inner][vc_column_inner width=&#8221;1\/4&#8243;][\/vc_column_inner][\/vc_row_inner][\/vc_column][\/vc_row][vc_row row_id=&#8221;e90-certificats&#8221; css=&#8221;.vc_custom_1447077796930{padding-bottom: 0px !important;}&#8221;][vc_column css=&#8221;.vc_custom_1439563424255{margin-bottom: 0px !important;padding-bottom: 0px !important;}&#8221;][vc_column_text]<\/p>\n<h3>Zertifikate und Zulassungen f\u00fcr E-30, E-90<\/h3>\n<p>[\/vc_column_text][vc_row_inner][vc_column_inner width=&#8221;1\/4&#8243;][vc_single_image image=&#8221;45138&#8243; img_size=&#8221;full&#8221; alignment=&#8221;center&#8221; onclick=&#8221;custom_link&#8221; link=&#8221;https:\/\/www.baks.com.pl\/wp-content\/uploads\/2015\/08\/CNBOP-PIB-KOT_2023_0371-3703-w2_EN.pdf&#8221;][vc_column_text]<\/p>\n<p style=\"text-align: center;\"><a href=\"https:\/\/www.baks.com.pl\/wp-content\/uploads\/2015\/08\/CNBOP-PIB-KOT_2023_0371-3703-w2_EN.pdf\">Nationale Technische Bewertung CNBOP-PIB CNBOP-PIB-KOT-2023\/0371-3703 Ausgabe 2<\/a><\/p>\n<p>[\/vc_column_text][\/vc_column_inner][vc_column_inner width=&#8221;1\/4&#8243;][vc_single_image image=&#8221;43364&#8243; img_size=&#8221;full&#8221; alignment=&#8221;center&#8221; onclick=&#8221;custom_link&#8221; link=&#8221;https:\/\/www.baks.com.pl\/wp-content\/uploads\/2015\/08\/c2_caly.pdf&#8221;][vc_column_text]<\/p>\n<p style=\"text-align: center;\"><a href=\"https:\/\/www.baks.com.pl\/wp-content\/uploads\/2015\/08\/c2_caly.pdf\">Zulassungszeugnis 2023<\/a><\/p>\n<p>[\/vc_column_text][\/vc_column_inner][vc_column_inner width=&#8221;1\/4&#8243;][vc_single_image image=&#8221;43336&#8243; img_size=&#8221;full&#8221; alignment=&#8221;center&#8221; onclick=&#8221;custom_link&#8221; link=&#8221;https:\/\/www.baks.com.pl\/wp-content\/uploads\/2015\/08\/c1_1.pdf&#8221;][vc_column_text]<\/p>\n<p style=\"text-align: center;\"><a href=\"https:\/\/www.baks.com.pl\/wp-content\/uploads\/2015\/08\/c1_1.pdf\">Nationale Bescheinigung der Leistungsbest\u00e4ndigkeit Nr. 063-UWB-0547<\/a><\/p>\n<p>[\/vc_column_text][\/vc_column_inner][vc_column_inner width=&#8221;1\/4&#8243;][vc_single_image image=&#8221;14019&#8243; img_size=&#8221;full&#8221; alignment=&#8221;center&#8221; onclick=&#8221;custom_link&#8221; link=&#8221;https:\/\/www.baks.com.pl\/wp-content\/uploads\/2021\/11\/Krajowa-Deklaracja-w\u0142a\u015bciwo\u015bci-u\u017cytkowych-2021-E90-.pdf&#8221;][vc_column_text]<\/p>\n<p style=\"text-align: center;\"><a href=\"https:\/\/www.baks.com.pl\/wp-content\/uploads\/2021\/11\/Krajowa-Deklaracja-w\u0142a\u015bciwo\u015bci-u\u017cytkowych-2021-E90-.pdf\">Nationale Leistungserkl\u00e4rung 2021 E90<\/a><\/p>\n<p>[\/vc_column_text][\/vc_column_inner][\/vc_row_inner][vc_row_inner][vc_column_inner width=&#8221;1\/4&#8243;][vc_single_image image=&#8221;43378&#8243; img_size=&#8221;full&#8221; alignment=&#8221;center&#8221; onclick=&#8221;custom_link&#8221; link=&#8221;https:\/\/www.baks.com.pl\/wp-content\/uploads\/2015\/08\/puszki-CNBOP-PIB-KOT-2023_0381-3704-w1.pdf&#8221;][vc_column_text]<\/p>\n<p style=\"text-align: center;\"><a href=\"https:\/\/www.baks.com.pl\/wp-content\/uploads\/2015\/08\/puszki-CNBOP-PIB-KOT-2023_0381-3704-w1.pdf\">Abzweig- und Verbindungsdosen<br \/>\n<\/a><\/p>\n<p>[\/vc_column_text][\/vc_column_inner][vc_column_inner width=&#8221;1\/4&#8243;][vc_single_image image=&#8221;11186&#8243; img_size=&#8221;full&#8221; alignment=&#8221;center&#8221;][vc_column_text]<\/p>\n<p style=\"text-align: center;\"><a href=\"https:\/\/www.baks.com.pl\/wp-content\/uploads\/2015\/08\/P-1022-przedluzony.pdf\">E-90 P1022_DMT<\/a><br \/>\n<a href=\"https:\/\/www.baks.com.pl\/wp-content\/uploads\/2015\/08\/P-1035-przedluzony.pdf\">E-90 P1035_DMT<\/a><br \/>\n<a href=\"https:\/\/www.baks.com.pl\/wp-content\/uploads\/2015\/08\/P-MPA-BS-240054.pdf\">E-90 P-MPA-BS-240054<\/a><\/p>\n<p>[\/vc_column_text][\/vc_column_inner][vc_column_inner width=&#8221;1\/4&#8243;][vc_single_image image=&#8221;11187&#8243; img_size=&#8221;full&#8221; alignment=&#8221;center&#8221;][vc_column_text]<\/p>\n<p style=\"text-align: center;\"><a href=\"\/wp-content\/uploads\/2018\/02\/FIRES-CR-018-16-AUPE3.pdf\" target=\"_blank\" rel=\"noopener\">FIRES-CR-018-16-AUPE3<\/a><br \/>\n<a href=\"\/wp-content\/uploads\/2018\/02\/FIRES-CR-019-17-AUPE3.pdf\" target=\"_blank\" rel=\"noopener\">FIRES-CR-019-17-AUPE3<\/a><br \/>\n<a href=\"\/wp-content\/uploads\/2018\/02\/FIRES-CR-042-16-AUPE3.pdf\" target=\"_blank\" rel=\"noopener\">FIRES-CR-042-16-AUPE3<\/a><br \/>\n<a href=\"\/wp-content\/uploads\/2018\/02\/FIRES-CR-050-17-AUPE3.pdf\" target=\"_blank\" rel=\"noopener\">FIRES-CR-050-17-AUPE3<\/a><br \/>\n<a href=\"\/wp-content\/uploads\/2018\/02\/FIRES-CR-061-16-AUPE2.pdf\" target=\"_blank\" rel=\"noopener\">FIRES-CR-061-16-AUPE2<\/a><br \/>\n<a href=\"\/wp-content\/uploads\/2018\/02\/FIRES-CR-062-16-AUPE2.pdf\" target=\"_blank\" rel=\"noopener\">FIRES-CR-062-16-AUPE2<\/a><br \/>\n<a href=\"\/wp-content\/uploads\/2018\/02\/FIRES-CR-063-16-AUPE2.pdf\" target=\"_blank\" rel=\"noopener\">FIRES-CR-063-16-AUPE2<\/a><\/p>\n<p>[\/vc_column_text][\/vc_column_inner][vc_column_inner width=&#8221;1\/4&#8243;][vc_single_image image=&#8221;11187&#8243; img_size=&#8221;full&#8221; alignment=&#8221;center&#8221;][vc_column_text]<\/p>\n<p style=\"text-align: center;\"><a href=\"\/wp-content\/uploads\/2018\/02\/FIRES-CR-064-16-AUPE2.pdf\" target=\"_blank\" rel=\"noopener\">FIRES-CR-064-16-AUPE2<\/a><br \/>\n<a href=\"\/wp-content\/uploads\/2018\/02\/FIRES-CR-065-16-AUPE2.pdf\" target=\"_blank\" rel=\"noopener\">FIRES-CR-065-16-AUPE2<\/a><br \/>\n<a href=\"\/wp-content\/uploads\/2018\/02\/FIRES-CR-066-16-AUPE2.pdf\" target=\"_blank\" rel=\"noopener\">FIRES-CR-066-16-AUPE2<\/a><br \/>\n<a href=\"\/wp-content\/uploads\/2018\/02\/FIRES-CR-067-16-AUPE2.pdf\" target=\"_blank\" rel=\"noopener\">FIRES-CR-067-16-AUPE2<\/a><br \/>\n<a href=\"\/wp-content\/uploads\/2018\/02\/FIRES-CR-068-16-AUPE2.pdf\" target=\"_blank\" rel=\"noopener\">FIRES-CR-068-16-AUPE2<\/a><br \/>\n<a href=\"\/wp-content\/uploads\/2018\/02\/FIRES-CR-069-16-AUPE2.pdf\" target=\"_blank\" rel=\"noopener\">FIRES-CR-069-16-AUPE2<\/a><br \/>\n<a href=\"\/wp-content\/uploads\/2018\/02\/FIRES-CR-070-16-AUPE2.pdf\" target=\"_blank\" rel=\"noopener\">FIRES-CR-070-16-AUPE2<\/a><\/p>\n<p>[\/vc_column_text][\/vc_column_inner][\/vc_row_inner][vc_row_inner][vc_column_inner width=&#8221;1\/4&#8243;][vc_single_image image=&#8221;11187&#8243; img_size=&#8221;full&#8221; alignment=&#8221;center&#8221;][vc_column_text]<\/p>\n<p style=\"text-align: center;\"><a href=\"\/wp-content\/uploads\/2018\/02\/FIRES-CR-071-16-AUPE2.pdf\" target=\"_blank\" rel=\"noopener\">FIRES-CR-071-16-AUPE2<\/a><br \/>\n<a href=\"\/wp-content\/uploads\/2018\/02\/FIRES-CR-072-16-AUPE2.pdf\" target=\"_blank\" rel=\"noopener\">FIRES-CR-072-16-AUPE2<\/a><br \/>\n<a href=\"\/wp-content\/uploads\/2018\/02\/FIRES-CR-073-16-AUPE2.pdf\" target=\"_blank\" rel=\"noopener\">FIRES-CR-073-16-AUPE2<\/a><br \/>\n<a href=\"\/wp-content\/uploads\/2018\/02\/FIRES-CR-104-14-AUPE3.pdf\" target=\"_blank\" rel=\"noopener\">FIRES-CR-104-14-AUPE3<\/a><br \/>\n<a href=\"\/wp-content\/uploads\/2018\/02\/FIRES-CR-145-15-AUPE3.pdf\" target=\"_blank\" rel=\"noopener\">FIRES-CR-145-15-AUPE3<\/a><br \/>\n<a href=\"\/wp-content\/uploads\/2018\/02\/FIRES-CR-157-13-AUPE3.pdf\" target=\"_blank\" rel=\"noopener\">FIRES-CR-157-13-AUPE3<\/a><\/p>\n<p>[\/vc_column_text][\/vc_column_inner][vc_column_inner width=&#8221;1\/4&#8243;][vc_single_image image=&#8221;15138&#8243; img_size=&#8221;full&#8221; alignment=&#8221;center&#8221; onclick=&#8221;custom_link&#8221; link=&#8221;https:\/\/www.baks.com.pl\/wp-content\/uploads\/2015\/08\/240073818-4.pdf&#8221;][vc_column_text]<\/p>\n<p style=\"text-align: center;\"><a href=\"https:\/\/www.baks.com.pl\/wp-content\/uploads\/2015\/08\/240201723-1.pdf\">2400\/738\/18-1<\/a><br \/>\n<a href=\"https:\/\/www.baks.com.pl\/wp-content\/uploads\/2015\/08\/240201823-1.pdf\">2400\/738\/18-2<\/a><br \/>\n<a href=\"https:\/\/www.baks.com.pl\/wp-content\/uploads\/2015\/08\/240201923-1.pdf\">2400\/738\/18-3<\/a><br \/>\n<a href=\"https:\/\/www.baks.com.pl\/wp-content\/uploads\/2015\/08\/240073818-4-1.pdf\">2400\/738\/18-4<\/a><\/p>\n<p>[\/vc_column_text][\/vc_column_inner][vc_column_inner width=&#8221;1\/4&#8243;][vc_single_image image=&#8221;58804&#8243; img_size=&#8221;full&#8221; alignment=&#8221;center&#8221; onclick=&#8221;custom_link&#8221; link=&#8221;https:\/\/www.baks.com.pl\/wp-content\/uploads\/2015\/08\/GU-MPABS-2401372-Mischbelegung_B_vis.pdf&#8221;][vc_column_text]<\/p>\n<p style=\"text-align: center;\"><a href=\"https:\/\/www.baks.com.pl\/wp-content\/uploads\/2015\/08\/GU-MPABS-2401372-Mischbelegung_B_vis.pdf\">GU MPABS-2401372<\/a><\/p>\n<p>[\/vc_column_text][\/vc_column_inner][vc_column_inner width=&#8221;1\/4&#8243;][\/vc_column_inner][\/vc_row_inner][\/vc_column][\/vc_row]<\/p>\n<\/section>","protected":false},"excerpt":{"rendered":"<p>[vc_row row_id=&#8221;sticky-menu&#8221; el_class=&#8221;submenu-row&#8221; css=&#8221;.vc_custom_1441293974811{margin-top: 0px !important;margin-bottom: 0px !important;padding-top: 0px !important;padding-bottom: 0px !important;}&#8221;][vc_column css=&#8221;.vc_custom_1440764191142{margin-top: 0px !important;margin-bottom: 0px !important;padding-top: 0px !important;padding-bottom: 0px !important;}&#8221;][vc_widget_sidebar sidebar_id=&#8221;sidebar-2&#8243; el_class=&#8221;negative subMenuTop&#8221;][\/vc_column][\/vc_row][vc_row full_width=&#8221;stretch_row&#8221; css=&#8221;.vc_custom_1450097991868{background-image: url(\/wp-content\/uploads\/2015\/07\/certyfikaty.jpg?id=7616) !important;background-position: center !important;background-repeat: no-repeat !important;background-size: cover !important;}&#8221; el_class=&#8221;intro ri-padding-page-title ri-opacity60 ri-black&#8221;][vc_column offset=&#8221;vc_col-lg-offset-2 vc_col-lg-8 vc_col-md-offset-2 vc_col-md-8 vc_col-xs-12&#8243;][vc_column_text el_class=&#8221;intro negative&#8221;]<\/p>\n<p>Zertifikate<\/p>\n<p>[\/vc_column_text][\/vc_column][vc_column width=&#8221;1\/6&#8243;][\/vc_column][\/vc_row][vc_row][vc_column][vc_column_text]<\/p>\n<p>Allgemeine Zertifikate<\/p>\n<p>[\/vc_column_text][vc_row_inner][vc_column_inner width=&#8221;1\/4&#8243;][vc_single_image image=&#8221;60304&#8243; img_size=&#8221;full&#8221; alignment=&#8221;center&#8221; onclick=&#8221;custom_link&#8221; link=&#8221;https:\/\/www.baks.com.pl\/wp-content\/uploads\/2015\/08\/BAKS-TM-814-DE.pdf&#8221;][vc_column_text]<\/p>\n<p style=\"text-align: center;\"><a href=\"https:\/\/www.baks.com.pl\/wp-content\/uploads\/2015\/08\/BAKS-TM-814-DE.pdf\">VDE &#8211; Pr\u00fcfzeugnis f\u00fcr Produktsicherheit<\/a><\/p>\n<p>[\/vc_column_text][\/vc_column_inner][vc_column_inner width=&#8221;1\/4&#8243;][vc_single_image image=&#8221;15348&#8243; img_size=&#8221;full&#8221; alignment=&#8221;center&#8221; onclick=&#8221;custom_link&#8221; link=&#8221;https:\/\/www.baks.com.pl\/wp-content\/uploads\/2015\/08\/BAKS-TM-DE-001.pdf&#8221;][vc_column_text]<\/p>\n<p style=\"text-align: center;\"><a href=\"https:\/\/www.baks.com.pl\/wp-content\/uploads\/2015\/08\/BAKS-TM-DE-001.pdf\">Zertifikat PC-TUV-I21 Photovoltaik-Module<\/a><\/p>\n<p>[\/vc_column_text][\/vc_column_inner][vc_column_inner width=&#8221;1\/4&#8243;][vc_single_image image=&#8221;46528&#8243; img_size=&#8221;full&#8221; alignment=&#8221;center&#8221; onclick=&#8221;custom_link&#8221; img_link_target=&#8221;_blank&#8221; link=&#8221;https:\/\/www.baks.com.pl\/wp-content\/uploads\/2015\/08\/cert_mors_2024.pdf&#8221;][vc_column_text]<\/p>\n<p style=\"text-align: center;\"><a\n<\/p>\n","protected":false},"author":2,"featured_media":0,"parent":7033,"menu_order":0,"comment_status":"closed","ping_status":"closed","template":"","meta":{"inline_featured_image":false},"acf":[],"_links":{"self":[{"href":"https:\/\/www.baks.com.pl\/de\/wp-json\/wp\/v2\/pages\/7039"}],"collection":[{"href":"https:\/\/www.baks.com.pl\/de\/wp-json\/wp\/v2\/pages"}],"about":[{"href":"https:\/\/www.baks.com.pl\/de\/wp-json\/wp\/v2\/types\/page"}],"author":[{"embeddable":true,"href":"https:\/\/www.baks.com.pl\/de\/wp-json\/wp\/v2\/users\/2"}],"replies":[{"embeddable":true,"href":"https:\/\/www.baks.com.pl\/de\/wp-json\/wp\/v2\/comments?post=7039"}],"version-history":[{"count":102,"href":"https:\/\/www.baks.com.pl\/de\/wp-json\/wp\/v2\/pages\/7039\/revisions"}],"predecessor-version":[{"id":60363,"href":"https:\/\/www.baks.com.pl\/de\/wp-json\/wp\/v2\/pages\/7039\/revisions\/60363"}],"up":[{"embeddable":true,"href":"https:\/\/www.baks.com.pl\/de\/wp-json\/wp\/v2\/pages\/7033"}],"wp:attachment":[{"href":"https:\/\/www.baks.com.pl\/de\/wp-json\/wp\/v2\/media?parent=7039"}],"curies":[{"name":"wp","href":"https:\/\/api.w.org\/{rel}","templated":true}]}}