{"id":7040,"date":"2015-07-21T15:35:08","date_gmt":"2015-07-21T13:35:08","guid":{"rendered":"https:\/\/baloikasdasa.sg-host.com\/de\/?page_id=7040"},"modified":"2023-08-02T14:59:04","modified_gmt":"2023-08-02T12:59:04","slug":"anleitungsfilme","status":"publish","type":"page","link":"https:\/\/www.baks.com.pl\/de\/technische-unterstuetzung\/anleitungsfilme\/","title":{"rendered":"Anleitungsfilme"},"content":{"rendered":"<section class=\"wpb-content-wrapper\"><p>[vc_row row_id=&#8221;sticky-menu&#8221; el_class=&#8221;submenu-row&#8221; css=&#8221;.vc_custom_1441294021510{margin-top: 0px !important;margin-bottom: 0px !important;padding-top: 0px !important;padding-bottom: 0px !important;}&#8221;][vc_column css=&#8221;.vc_custom_1440764227880{margin-top: 0px !important;margin-bottom: 0px !important;padding-top: 0px !important;padding-bottom: 0px !important;}&#8221;][vc_widget_sidebar sidebar_id=&#8221;sidebar-2&#8243; el_class=&#8221;subMenuTop negative&#8221;][\/vc_column][\/vc_row][vc_row full_width=&#8221;stretch_row&#8221; css=&#8221;.vc_custom_1444653773203{margin-bottom: 0px !important;background-image: url(https:\/\/www.baks.com.pl\/wp-content\/uploads\/2015\/07\/DSC_0095.jpg?id=4247) !important;background-position: center !important;background-repeat: no-repeat !important;background-size: cover !important;}&#8221; el_class=&#8221;negative intro ri-opacity60 ri-black ri-padding-page-title&#8221;][vc_column][vc_column_text css=&#8221;.vc_custom_1444304753158{margin-top: 50px !important;margin-bottom: 50px !important;}&#8221;]<\/p>\n<h1 style=\"text-align: center;\">Anleitungsfilme<\/h1>\n<p>[\/vc_column_text][\/vc_column][\/vc_row][vc_row css=&#8221;.vc_custom_1442925874763{margin-bottom: 0px !important;padding-top: 5vw !important;padding-bottom: 5vw !important;}&#8221;][vc_column css=&#8221;.vc_custom_1442925909244{padding-top: 2vw !important;}&#8221; offset=&#8221;vc_col-md-6 vc_col-xs-12&#8243;][vc_column_text]<\/p>\n<h4>System der Gitterkabelrinnen<\/h4>\n<p><small><br \/>\n<a href=\"https:\/\/katalog.baks.com.pl\/de\/produkty\/plc-paskownik_1202.html\">PLC Lochband<\/a>\u00a0<a class=\"prdlnk\" href=\"https:\/\/katalog.baks.com.pl\/de\/produkty\/zsw-zacisk_1818.html\" target=\"_blank\" rel=\"noopener\">ZSW Schraubklemme<\/a>\u00a0<a class=\"prdlnk\" href=\"https:\/\/katalog.baks.com.pl\/de\/produkty\/wfls-wspornik-fajkowy_1819.html\" target=\"_blank\" rel=\"noopener\">WFLS Wandausleger<\/a>\u00a0<a class=\"prdlnk\" href=\"https:\/\/katalog.baks.com.pl\/de\/produkty\/wfcs-wspornik-fajkowy_1829.html\" target=\"_blank\" rel=\"noopener\">WFCS Wandausleger<\/a>\u00a0<a class=\"prdlnk\" href=\"https:\/\/katalog.baks.com.pl\/de\/produkty\/wwss-wysignik-wzmocniony_1832.html\" target=\"_blank\" rel=\"noopener\">WWSS Ausleger, verst\u00e4rkt<\/a>\u00a0<a class=\"prdlnk\" href=\"https:\/\/katalog.baks.com.pl\/de\/produkty\/nks-noyce-do-korytek-siatkowych_1837.html\" target=\"_blank\" rel=\"noopener\">NKS Schere f\u00fcr Gitterkabelrinnen<\/a>\u00a0\u00a0<a class=\"prdlnk\" href=\"https:\/\/katalog.baks.com.pl\/de\/produkty\/wsks-wieszak-sufitowy_1992.html\" target=\"_blank\" rel=\"noopener\">WSKS Deckenhalter<\/a>\u00a0<a class=\"prdlnk\" href=\"https:\/\/katalog.baks.com.pl\/de\/produkty\/usk-uchwyt-korytka-siatkowego_1993.html\" target=\"_blank\" rel=\"noopener\">USK Wandhalter<\/a>\u00a0<\/small>[\/vc_column_text][\/vc_column][vc_column offset=&#8221;vc_col-md-6 vc_col-xs-12&#8243; css=&#8221;.vc_custom_1441120110504{padding-top: 20px !important;}&#8221;][vc_video link=&#8221;https:\/\/youtu.be\/PWKgElEYItI&#8221;][\/vc_column][\/vc_row][vc_row full_width=&#8221;stretch_row&#8221; css=&#8221;.vc_custom_1442925886819{margin-bottom: 0px !important;padding-top: 5vw !important;padding-bottom: 5vw !important;background-color: #f5f5f0 !important;}&#8221;][vc_column offset=&#8221;vc_col-md-6 vc_col-xs-12&#8243;][vc_video link=&#8221;https:\/\/youtu.be\/g3pfrrxl-60&#8243;][\/vc_column][vc_column css=&#8221;.vc_custom_1442925916260{padding-top: 2vw !important;}&#8221; offset=&#8221;vc_col-md-6 vc_col-xs-12&#8243;][vc_column_text]<\/p>\n<h4>Kabelrinnen \u2013 Au\u00dfensystem f\u00fcr Schwerlast zusammen mit Deckenaufh\u00e4nger-System vom Typ H<\/h4>\n<p><small><br \/>\n<a class=\"prdlnk\" href=\"https:\/\/katalog.baks.com.pl\/de\/product\/index\" target=\"_blank\" rel=\"noopener\">NO Schutzlasche<\/a>\u00a0<a class=\"prdlnk\" href=\"https:\/\/katalog.baks.com.pl\/de\/produkty\/wwch-wysignik_1469.html\" target=\"_blank\" rel=\"noopener\">WWCH Ausleger<\/a>\u00a0<a class=\"prdlnk\" href=\"https:\/\/katalog.baks.com.pl\/de\/produkty\/dph-dwuteownik-hutniczy_1471.html\" target=\"_blank\" rel=\"noopener\">DPH H-Profil <\/a><a class=\"prdlnk\" href=\"https:\/\/katalog.baks.com.pl\/de\/produkty\/nkh-nakadka-ktowa-dwuteownika_1477.html\" target=\"_blank\" rel=\"noopener\">NKH Winkellasche f\u00fcr H-Profil<\/a><a class=\"prdlnk\" href=\"https:\/\/katalog.baks.com.pl\/de\/produkty\/ndh-nakadka-dwuteownika_1478.html\" target=\"_blank\" rel=\"noopener\">NDH H-Profil-Lasche<\/a><\/small>[\/vc_column_text][\/vc_column][\/vc_row][vc_row css=&#8221;.vc_custom_1442925937669{margin-bottom: 0px !important;padding-top: 5vw !important;padding-bottom: 5vw !important;}&#8221;][vc_column css=&#8221;.vc_custom_1442925929497{padding-top: 2vw !important;}&#8221; offset=&#8221;vc_col-md-6&#8243;][vc_column_text]<\/p>\n<h4>Kabelrinnen \u2013selbsttragendes System<\/h4>\n<p>[\/vc_column_text][\/vc_column][vc_column offset=&#8221;vc_col-md-6 vc_col-xs-12&#8243; css=&#8221;.vc_custom_1441120122156{padding-top: 20px !important;}&#8221;][vc_video link=&#8221;https:\/\/www.youtube.com\/watch?v=smjMj_FGqOE&#8221;][\/vc_column][\/vc_row][vc_row full_width=&#8221;stretch_row&#8221; css=&#8221;.vc_custom_1442925950475{margin-bottom: 0px !important;padding-top: 5vw !important;padding-bottom: 5vw !important;background-color: #f5f5f0 !important;}&#8221;][vc_column offset=&#8221;vc_col-md-6 vc_col-xs-12&#8243;][vc_video link=&#8221;https:\/\/youtu.be\/UZiW_5b35lA&#8221;][\/vc_column][vc_column css=&#8221;.vc_custom_1441120138344{padding-top: 20px !important;}&#8221; offset=&#8221;vc_col-md-6 vc_col-xs-12&#8243;][vc_column_text]<\/p>\n<h4>E-90-Kabelleitern<\/h4>\n<p>Konstruktion vom Typ Decke mit \u00dcbergang auf die Wand. Deckenkonstruktion unter Anwendung von H\u00e4ngestiel \u2013 WPCO mit Ausleger WMCO und Deckenhalter USOV, Gewindestab PGM und Kabelleiter DGOP. Wandkonstruktion unter Anwendung von Montagewinkel UTMO + Kabelleiter DGOP.<br \/>\n<small><br \/>\n<a class=\"prdlnk\" href=\"https:\/\/katalog.baks.com.pl\/de\/produkty\/sgn-ruba-z-bem-grzybkowym-komplet_1558.html\" target=\"_blank\" rel=\"noopener\">SGN Flachrundschraube (Satz)<\/a>\u00a0<a class=\"prdlnk\" href=\"https:\/\/katalog.baks.com.pl\/de\/product\/index\" target=\"_blank\" rel=\"noopener\">PSRO Spreizd\u00fcbel<\/a>\u00a0<a class=\"prdlnk\" href=\"https:\/\/katalog.baks.com.pl\/de\/produkty\/sgn-ruba-z-bem-grzybkowym-komplet_3346.html\" target=\"_blank\" rel=\"noopener\">SGN Flachrundschraube (Satz)<\/a><\/small>[\/vc_column_text][\/vc_column][\/vc_row][vc_row css=&#8221;.vc_custom_1442925965016{margin-bottom: 0px !important;padding-top: 5vw !important;padding-bottom: 5vw !important;}&#8221;][vc_column css=&#8221;.vc_custom_1441119531460{padding-top: 20px !important;}&#8221; offset=&#8221;vc_col-md-6&#8243;][vc_column_text]<\/p>\n<h4>Kabelleitern<\/h4>\n<p><small><br \/>\n<a class=\"prdlnk\" href=\"https:\/\/katalog.baks.com.pl\/de\/produkty\/ldpn-uk-drabinki-90_869.html\" target=\"_blank\" rel=\"noopener\">LDPN Bogen 90\u00b0<\/a>\u00a0<a class=\"prdlnk\" href=\"https:\/\/katalog.baks.com.pl\/de\/produkty\/ldpn-uk-drabinki-90_903.html\" target=\"_blank\" rel=\"noopener\">LDPN Bogen 90\u00b0<\/a>\u00a0<a class=\"prdlnk\" href=\"https:\/\/katalog.baks.com.pl\/de\/produkty\/ldpn-uk-drabinki-90_978.html\" target=\"_blank\" rel=\"noopener\">LDPN Bogen 90\u00b0<\/a>\u00a0<a class=\"prdlnk\" href=\"https:\/\/katalog.baks.com.pl\/de\/produkty\/ldpn-uk-drabinki-90_1008.html\" target=\"_blank\" rel=\"noopener\">LDPN Bogen 90\u00b0<\/a>\u00a0<a class=\"prdlnk\" href=\"https:\/\/katalog.baks.com.pl\/de\/produkty\/ldpn-uk-drabinki-90_1905.html\" target=\"_blank\" rel=\"noopener\">LDPN Bogen 90\u00b0<\/a><\/small>[\/vc_column_text][\/vc_column][vc_column offset=&#8221;vc_col-md-6&#8243;][vc_video link=&#8221;https:\/\/www.youtube.com\/watch?v=FJhZDiEfWZ0&#8243;][\/vc_column][\/vc_row][vc_row css=&#8221;.vc_custom_1442926016137{margin-bottom: 0px !important;padding-top: 5vw !important;padding-bottom: 5vw !important;}&#8221;][vc_column offset=&#8221;vc_col-md-6&#8243;][vc_video link=&#8221;https:\/\/youtu.be\/pQZhEBFzUsY&#8221; css=&#8221;.vc_custom_1441119886779{padding-top: 20px !important;}&#8221;][\/vc_column][vc_column css=&#8221;.vc_custom_1441119750216{padding-top: 20px !important;}&#8221; offset=&#8221;vc_col-md-6&#8243;][vc_column_text]<\/p>\n<h4>Gitterkabelrinnen<\/h4>\n<p>Gelenkverbinder LSG[\/vc_column_text][\/vc_column][\/vc_row][vc_row full_width=&#8221;stretch_row&#8221; css=&#8221;.vc_custom_1442926030032{margin-bottom: 0px !important;padding-top: 5vw !important;padding-bottom: 5vw !important;background-color: #f5f5f0 !important;}&#8221;][vc_column css=&#8221;.vc_custom_1441119757136{padding-top: 20px !important;}&#8221; offset=&#8221;vc_col-md-6 vc_col-xs-12&#8243;][vc_column_text]<\/p>\n<h4>Gitterkabelrinnen<\/h4>\n<p>Montage von Gitterkabelrinnen an der Decke am Deckenhalter WSKS60<br \/>\n<small><br \/>\n<a class=\"prdlnk\" href=\"https:\/\/katalog.baks.com.pl\/de\/produkty\/wsks-wieszak-sufitowy_1992.html\" target=\"_blank\" rel=\"noopener\">WSKS Deckenhalter Modernisierte Formteile Neues, modernisiertes<\/a><\/small>[\/vc_column_text][\/vc_column][vc_column offset=&#8221;vc_col-md-6 vc_col-xs-12&#8243;][vc_video link=&#8221;https:\/\/youtu.be\/Xn6vKYFnpyA&#8221;][\/vc_column][\/vc_row][vc_row css=&#8221;.vc_custom_1442926044721{margin-bottom: 0px !important;padding-top: 5vw !important;padding-bottom: 5vw !important;}&#8221;][vc_column offset=&#8221;vc_col-md-6&#8243; css=&#8221;.vc_custom_1441119907339{padding-top: 20px !important;}&#8221;][vc_video link=&#8221;https:\/\/youtu.be\/e7d8SR7NnVI&#8221;][\/vc_column][vc_column css=&#8221;.vc_custom_1441119764879{padding-top: 20px !important;}&#8221; offset=&#8221;vc_col-md-6&#8243;][vc_column_text]<\/p>\n<h4>Gitterkabelrinnen<\/h4>\n<p>Montage und Anwednung von Schnellverbindern ZLS und Hakenklemme UZS<br \/>\n<small><br \/>\n<\/small>[\/vc_column_text][\/vc_column][\/vc_row][vc_row full_width=&#8221;stretch_row&#8221; css=&#8221;.vc_custom_1442926054168{padding-top: 5vw !important;padding-bottom: 5vw !important;background-color: #f5f5f0 !important;}&#8221;][vc_column css=&#8221;.vc_custom_1441119769710{padding-top: 20px !important;}&#8221; offset=&#8221;vc_col-md-6 vc_col-xs-12&#8243;][vc_column_text]<\/p>\n<h4>Kabelrinnen, Gitterkabelrinnen und Walzprofile<\/h4>\n<p>Montage und Anwednung von Aufh\u00e4ngeb\u00fcgel aus Draht WD40<br \/>\n<small><br \/>\n<a class=\"prdlnk\" href=\"https:\/\/katalog.baks.com.pl\/de\/produkty\/wd-wieszak-z-drutu_2891.html\" target=\"_blank\" rel=\"noopener\">WD Aufh\u00e4ngeb\u00fcgel aus Draht<\/a>\u00a0<a class=\"prdlnk\" href=\"https:\/\/katalog.baks.com.pl\/de\/produkty\/wd-wieszak-z-drutu_2920.html\" target=\"_blank\" rel=\"noopener\">WD Aufh\u00e4ngeb\u00fcgel aus Draht<\/a><\/small>[\/vc_column_text][\/vc_column][vc_column offset=&#8221;vc_col-md-6 vc_col-xs-12&#8243;][vc_video link=&#8221;https:\/\/www.youtube.com\/watch?v=L6IWTRjUNJo&#8221;][\/vc_column][\/vc_row][vc_row css=&#8221;.vc_custom_1442926065833{margin-bottom: 0px !important;padding-top: 5vw !important;padding-bottom: 5vw !important;}&#8221;][vc_column offset=&#8221;vc_col-md-6&#8243; css=&#8221;.vc_custom_1441120184740{padding-top: 20px !important;}&#8221;][vc_video link=&#8221;https:\/\/youtu.be\/k79uukN2WN0&#8243;][\/vc_column][vc_column offset=&#8221;vc_col-md-6&#8243; css=&#8221;.vc_custom_1442926327550{padding-top: 2vw !important;}&#8221;][vc_column_text]<\/p>\n<h4>Kabelrinnen, Gitterkabelrinnen und Walzprofile<\/h4>\n<p>Montage und Anwednung von Aufh\u00e4ngeb\u00fcgel aus Draht WD60<br \/>\n<small><br \/>\n<a class=\"prdlnk\" href=\"https:\/\/katalog.baks.com.pl\/de\/produkty\/wd-wieszak-z-drutu_2891.html\" target=\"_blank\" rel=\"noopener\">WD Aufh\u00e4ngeb\u00fcgel aus Draht<\/a>\u00a0<a class=\"prdlnk\" href=\"https:\/\/katalog.baks.com.pl\/de\/produkty\/wd-wieszak-z-drutu_2920.html\" target=\"_blank\" rel=\"noopener\">WD Aufh\u00e4ngeb\u00fcgel aus Draht<br \/>\n<\/a><\/small>[\/vc_column_text][\/vc_column][\/vc_row][vc_row full_width=&#8221;stretch_row&#8221; css=&#8221;.vc_custom_1442926075425{margin-bottom: 0px !important;padding-top: 5vw !important;padding-bottom: 5vw !important;background-color: #f5f5f0 !important;}&#8221;][vc_column offset=&#8221;vc_col-md-6 vc_col-xs-12&#8243; css=&#8221;.vc_custom_1441120193837{padding-top: 20px !important;}&#8221;][vc_column_text]<\/p>\n<h4>Kabelrinnen, Gitterkabelrinnen und Walzprofile<\/h4>\n<p>Montage und Anwednung von Aufh\u00e4ngeb\u00fcgel aus Draht WD100<br \/>\n<small><br \/>\n<a class=\"prdlnk\" href=\"https:\/\/katalog.baks.com.pl\/de\/produkty\/wd-wieszak-z-drutu_2891.html\" target=\"_blank\" rel=\"noopener\">WD Aufh\u00e4ngeb\u00fcgel aus Draht<\/a>\u00a0<a class=\"prdlnk\" href=\"https:\/\/katalog.baks.com.pl\/de\/produkty\/wd-wieszak-z-drutu_2920.html\" target=\"_blank\" rel=\"noopener\">WD Aufh\u00e4ngeb\u00fcgel aus Draht<\/a><\/small>[\/vc_column_text][\/vc_column][vc_column offset=&#8221;vc_col-md-6 vc_col-xs-12&#8243;][vc_video link=&#8221;https:\/\/youtu.be\/PBwhTeUitqA&#8221;][\/vc_column][\/vc_row][vc_row][vc_column][vc_column_text]<br \/>\n[\/vc_column_text][\/vc_column][\/vc_row][vc_row][vc_column][vc_column_text]<\/p>\n<p><script>\/\/ <![CDATA[ var _mzid = '5b585893d471'; (function(s, o, g) { a = s.createElement(o), m = s.getElementsByTagName(o)[0]; a.async = 1; a.src = g; m.parentNode.insertBefore(a, m); })(document, 'script', '\/\/mzer.pl\/mz.js'); \/\/ ]]><\/script>[\/vc_column_text][\/vc_column][\/vc_row]<\/p>\n<\/section>","protected":false},"excerpt":{"rendered":"<p>[vc_row row_id=&#8221;sticky-menu&#8221; el_class=&#8221;submenu-row&#8221; css=&#8221;.vc_custom_1441294021510{margin-top: 0px !important;margin-bottom: 0px !important;padding-top: 0px !important;padding-bottom: 0px !important;}&#8221;][vc_column css=&#8221;.vc_custom_1440764227880{margin-top: 0px !important;margin-bottom: 0px !important;padding-top: 0px !important;padding-bottom: 0px !important;}&#8221;][vc_widget_sidebar sidebar_id=&#8221;sidebar-2&#8243; el_class=&#8221;subMenuTop negative&#8221;][\/vc_column][\/vc_row][vc_row full_width=&#8221;stretch_row&#8221; css=&#8221;.vc_custom_1444653773203{margin-bottom: 0px !important;background-image: url(https:\/\/www.baks.com.pl\/wp-content\/uploads\/2015\/07\/DSC_0095.jpg?id=4247) !important;background-position: center !important;background-repeat: no-repeat !important;background-size: cover !important;}&#8221; el_class=&#8221;negative intro ri-opacity60 ri-black ri-padding-page-title&#8221;][vc_column][vc_column_text css=&#8221;.vc_custom_1444304753158{margin-top: 50px !important;margin-bottom: 50px !important;}&#8221;]<\/p>\n<p>Anleitungsfilme<\/p>\n<p>[\/vc_column_text][\/vc_column][\/vc_row][vc_row css=&#8221;.vc_custom_1442925874763{margin-bottom: 0px !important;padding-top: 5vw !important;padding-bottom: 5vw !important;}&#8221;][vc_column css=&#8221;.vc_custom_1442925909244{padding-top: 2vw !important;}&#8221; offset=&#8221;vc_col-md-6 vc_col-xs-12&#8243;][vc_column_text]<\/p>\n<p>System der Gitterkabelrinnen<\/p>\n<p>\n<a href=\"https:\/\/katalog.baks.com.pl\/de\/produkty\/plc-paskownik_1202.html\">PLC Lochband<\/a>\u00a0<a class=\"prdlnk\" href=\"https:\/\/katalog.baks.com.pl\/de\/produkty\/zsw-zacisk_1818.html\" target=\"_blank\" rel=\"noopener\">ZSW Schraubklemme<\/a>\u00a0<a class=\"prdlnk\" href=\"https:\/\/katalog.baks.com.pl\/de\/produkty\/wfls-wspornik-fajkowy_1819.html\" target=\"_blank\" rel=\"noopener\">WFLS Wandausleger<\/a>\u00a0<a class=\"prdlnk\" href=\"https:\/\/katalog.baks.com.pl\/de\/produkty\/wfcs-wspornik-fajkowy_1829.html\" target=\"_blank\" rel=\"noopener\">WFCS Wandausleger<\/a>\u00a0<a class=\"prdlnk\" href=\"https:\/\/katalog.baks.com.pl\/de\/produkty\/wwss-wysignik-wzmocniony_1832.html\" target=\"_blank\"\n<\/p>\n","protected":false},"author":2,"featured_media":0,"parent":7033,"menu_order":0,"comment_status":"closed","ping_status":"closed","template":"","meta":{"inline_featured_image":false},"acf":[],"_links":{"self":[{"href":"https:\/\/www.baks.com.pl\/de\/wp-json\/wp\/v2\/pages\/7040"}],"collection":[{"href":"https:\/\/www.baks.com.pl\/de\/wp-json\/wp\/v2\/pages"}],"about":[{"href":"https:\/\/www.baks.com.pl\/de\/wp-json\/wp\/v2\/types\/page"}],"author":[{"embeddable":true,"href":"https:\/\/www.baks.com.pl\/de\/wp-json\/wp\/v2\/users\/2"}],"replies":[{"embeddable":true,"href":"https:\/\/www.baks.com.pl\/de\/wp-json\/wp\/v2\/comments?post=7040"}],"version-history":[{"count":38,"href":"https:\/\/www.baks.com.pl\/de\/wp-json\/wp\/v2\/pages\/7040\/revisions"}],"predecessor-version":[{"id":43651,"href":"https:\/\/www.baks.com.pl\/de\/wp-json\/wp\/v2\/pages\/7040\/revisions\/43651"}],"up":[{"embeddable":true,"href":"https:\/\/www.baks.com.pl\/de\/wp-json\/wp\/v2\/pages\/7033"}],"wp:attachment":[{"href":"https:\/\/www.baks.com.pl\/de\/wp-json\/wp\/v2\/media?parent=7040"}],"curies":[{"name":"wp","href":"https:\/\/api.w.org\/{rel}","templated":true}]}}