{"id":7042,"date":"2015-12-04T14:01:43","date_gmt":"2015-12-04T13:01:43","guid":{"rendered":"https:\/\/baloikasdasa.sg-host.com\/de\/?page_id=7042"},"modified":"2025-04-24T07:52:32","modified_gmt":"2025-04-24T05:52:32","slug":"programm-bakscad","status":"publish","type":"page","link":"https:\/\/www.baks.com.pl\/de\/technische-unterstuetzung\/programm-bakscad\/","title":{"rendered":"Programm BAKSCAD"},"content":{"rendered":"<section class=\"wpb-content-wrapper\"><p>[vc_row row_id=&#8221;sticky-menu&#8221; el_class=&#8221;submenu-row&#8221; css=&#8221;.vc_custom_1441293994461{margin-top: 0px !important;margin-bottom: 0px !important;padding-top: 0px !important;padding-bottom: 0px !important;}&#8221;][vc_column css=&#8221;.vc_custom_1440764270954{margin-top: 0px !important;margin-bottom: 0px !important;padding-top: 0px !important;padding-bottom: 0px !important;}&#8221;][vc_widget_sidebar sidebar_id=&#8221;sidebar-2&#8243; el_class=&#8221;subMenuTop negative&#8221;][\/vc_column][\/vc_row][vc_row full_width=&#8221;stretch_row&#8221; el_class=&#8221;ri-opacity50 ri-black negative ri-padding-page-title&#8221; css=&#8221;.vc_custom_1442922889704{margin-bottom: 0px !important;background-image: url(https:\/\/www.baks.com.pl\/wp-content\/uploads\/2015\/07\/iStock_000016002349Medium.jpg?id=2992) !important;background-position: center !important;background-repeat: no-repeat !important;background-size: cover !important;}&#8221;][vc_column width=&#8221;1\/6&#8243; offset=&#8221;vc_hidden-xs&#8221;][\/vc_column][vc_column width=&#8221;2\/3&#8243;][vc_single_image image=&#8221;3095&#8243; img_size=&#8221;medium&#8221; alignment=&#8221;center&#8221; css=&#8221;.vc_custom_1444304805773{margin-top: 0px !important;margin-bottom: 20px !important;border-top-width: 0px !important;border-bottom-width: 0px !important;padding-top: 0px !important;padding-bottom: 0px !important;}&#8221; el_class=&#8221;ri-small-logo-bakscad&#8221;][vc_column_text el_class=&#8221;negative intro&#8221;]<\/p>\n<h1><\/h1>\n<hr \/>\n<p style=\"text-align: center;\">Software in Form von Benutzeroberfl\u00e4che f\u00fcr allgemein verwendete CAD-Umgebungen (AutoCAD, BricsCAD, ZWCAD), die Projektierung von Kabeltrassen und Generierung von Materialzusammenstellungen auf der Basis der BAKS-Produkte erm\u00f6glicht.<\/p>\n<p>[\/vc_column_text][vc_btn title=&#8221;Herunterladen&#8221; color=&#8221;warning&#8221; align=&#8221;center&#8221; css_animation=&#8221;left-to-right&#8221; link=&#8221;url:%23download-bakscad||&#8221; el_class=&#8221;menu-item&#8221;][\/vc_column][vc_column width=&#8221;1\/6&#8243; offset=&#8221;vc_hidden-xs&#8221;][\/vc_column][\/vc_row][vc_row full_width=&#8221;stretch_row&#8221; css=&#8221;.vc_custom_1442327863566{margin-bottom: 0px !important;padding-top: 0px !important;padding-bottom: 30px !important;background-color: #acc940 !important;}&#8221;][vc_column width=&#8221;1\/3&#8243; offset=&#8221;vc_col-lg-2 vc_col-md-4 vc_col-xs-6&#8243; css=&#8221;.vc_custom_1441973058107{padding-top: 30px !important;}&#8221;][vc_icon icon_fontawesome=&#8221;fa fa-pencil&#8221; color=&#8221;white&#8221; background_style=&#8221;rounded-outline&#8221; background_color=&#8221;white&#8221; align=&#8221;center&#8221; el_class=&#8221;ri_icon_element&#8221;][vc_column_text el_class=&#8221;negative menu-item&#8221;]<\/p>\n<p style=\"text-align: center;\"><a href=\"#modul-rysowania\">Zeichnungsmodul<\/a><\/p>\n<p>[\/vc_column_text][\/vc_column][vc_column width=&#8221;1\/3&#8243; offset=&#8221;vc_col-lg-2 vc_col-md-4 vc_col-xs-6&#8243; css=&#8221;.vc_custom_1441973054580{padding-top: 30px !important;}&#8221;][vc_icon icon_fontawesome=&#8221;fa fa-question&#8221; color=&#8221;white&#8221; background_style=&#8221;rounded-outline&#8221; background_color=&#8221;white&#8221; align=&#8221;center&#8221; el_class=&#8221;ri_icon_element&#8221;][vc_column_text el_class=&#8221;negative menu-item&#8221;]<\/p>\n<p style=\"text-align: center;\"><a href=\"#dobor-produktow\">Wahl der Produkte<\/a><\/p>\n<p>[\/vc_column_text][\/vc_column][vc_column width=&#8221;1\/3&#8243; offset=&#8221;vc_col-lg-2 vc_col-md-4 vc_col-xs-6&#8243; css=&#8221;.vc_custom_1441973042319{padding-top: 30px !important;}&#8221;][vc_icon icon_fontawesome=&#8221;fa fa-plus&#8221; color=&#8221;white&#8221; background_style=&#8221;rounded-outline&#8221; background_color=&#8221;white&#8221; align=&#8221;center&#8221; el_class=&#8221;ri_icon_element&#8221;][vc_column_text el_class=&#8221;negative menu-item&#8221;]<\/p>\n<p style=\"text-align: center;\"><a href=\"#definiowanie-podpor\">Bestimmung von St\u00fctzpunkten<\/a><\/p>\n<p>[\/vc_column_text][\/vc_column][vc_column width=&#8221;1\/3&#8243; offset=&#8221;vc_col-lg-2 vc_col-md-4 vc_col-xs-6&#8243; css=&#8221;.vc_custom_1441973036497{padding-top: 30px !important;}&#8221;][vc_icon type=&#8221;linecons&#8221; icon_linecons=&#8221;vc_li vc_li-params&#8221; color=&#8221;white&#8221; background_style=&#8221;rounded-outline&#8221; background_color=&#8221;white&#8221; align=&#8221;center&#8221; el_class=&#8221;ri_icon_element&#8221;][vc_column_text el_class=&#8221;negative menu-item&#8221;]<\/p>\n<p style=\"text-align: center;\"><a href=\"#symulacja-obciazenia\">Simulation der Belastung<\/a><\/p>\n<p>[\/vc_column_text][\/vc_column][vc_column width=&#8221;1\/3&#8243; offset=&#8221;vc_col-lg-2 vc_col-md-4 vc_col-xs-6&#8243; css=&#8221;.vc_custom_1441973046184{padding-top: 30px !important;}&#8221;][vc_icon icon_fontawesome=&#8221;fa fa-bars&#8221; color=&#8221;white&#8221; background_style=&#8221;rounded-outline&#8221; background_color=&#8221;white&#8221; align=&#8221;center&#8221; el_class=&#8221;ri_icon_element&#8221;][vc_column_text el_class=&#8221;negative menu-item&#8221;]<\/p>\n<p style=\"text-align: center;\"><a href=\"#zestawienia\">Materialzusammenstellungen<\/a><\/p>\n<p>[\/vc_column_text][\/vc_column][vc_column width=&#8221;1\/3&#8243; offset=&#8221;vc_col-lg-2 vc_col-md-4 vc_col-xs-6&#8243; css=&#8221;.vc_custom_1441973050600{padding-top: 30px !important;}&#8221;][vc_icon icon_fontawesome=&#8221;fa fa-star&#8221; color=&#8221;white&#8221; background_style=&#8221;rounded-outline&#8221; background_color=&#8221;white&#8221; align=&#8221;center&#8221; el_class=&#8221;ri_icon_element&#8221;][vc_column_text el_class=&#8221;negative menu-item&#8221;]<\/p>\n<p style=\"text-align: center;\"><a href=\"#zalety\">Vorteile der Software BAKSCAD II<\/a><\/p>\n<p>[\/vc_column_text][\/vc_column][\/vc_row][vc_row row_id=&#8221;modul-rysowania&#8221; css=&#8221;.vc_custom_1442922993110{margin-bottom: 0px !important;}&#8221; el_class=&#8221;ri-padding-txt-image&#8221;][vc_column css=&#8221;.vc_custom_1441710356609{padding-top: 40px !important;}&#8221; offset=&#8221;vc_col-md-6 vc_col-xs-12&#8243;][vc_single_image image=&#8221;2155&#8243; img_size=&#8221;full&#8221;][\/vc_column][vc_column css=&#8221;.vc_custom_1442923120286{padding-top: 5vw !important;}&#8221; offset=&#8221;vc_col-md-6 vc_col-xs-12&#8243;][vc_column_text]<\/p>\n<h2>Zeichnungsmodul<\/h2>\n<p>Zwei Zeichnungsmethoden: einzelne Einf\u00fcgung von Bl\u00f6cken und schnelles Zeichnen mit automatischer Einf\u00fcgung von Winkeln und B\u00f6gen. Automatische Wahl des Formteils zur jeweiligen Art der Kabeltrasse, ihrer Breite und H\u00f6he. Schnelle Beschreibung der gezeichneten Kabeltrasse.[\/vc_column_text][\/vc_column][\/vc_row][vc_row full_width=&#8221;stretch_row&#8221; row_id=&#8221;dobor-produktow&#8221; css=&#8221;.vc_custom_1442923020809{margin-bottom: 0px !important;background-color: #fafaf5 !important;}&#8221; el_class=&#8221;ri-padding-txt-image&#8221;][vc_column css=&#8221;.vc_custom_1442923139028{padding-top: 5vw !important;}&#8221; offset=&#8221;vc_col-lg-6 vc_col-xs-12&#8243;][vc_column_text]<\/p>\n<h2>Wahl der Produkte<\/h2>\n<p>Es besteht die M\u00f6glichkeit, einen f\u00fcr gew\u00e4hlte Kabel und Sollst\u00fctzenabstand angemessenen Kabeltrassenabschnitt zu w\u00e4hlen. Datenbank f\u00fcr Kabelhersteller. Zuordnung der Kabelb\u00fcndel den gezeichneten Kabeltrassenabschnitten. Schnelle und einfache Beschreibung der eingef\u00fcgten Kabelb\u00fcndel im Projekt.<br \/>\n[\/vc_column_text][\/vc_column][vc_column css=&#8221;.vc_custom_1441709924133{padding-top: 40px !important;}&#8221; offset=&#8221;vc_col-md-6 vc_col-xs-12&#8243;][vc_single_image image=&#8221;6650&#8243; img_size=&#8221;full&#8221;][\/vc_column][\/vc_row][vc_row full_width=&#8221;stretch_row&#8221; row_id=&#8221;definiowanie-podpor&#8221; css=&#8221;.vc_custom_1442923014396{margin-bottom: 0px !important;background-color: #ffffff !important;}&#8221; el_class=&#8221;ri-padding-txt-image&#8221;][vc_column css=&#8221;.vc_custom_1441710310294{padding-top: 40px !important;}&#8221; offset=&#8221;vc_col-md-6 vc_col-xs-12&#8243;][vc_single_image image=&#8221;6651&#8243; img_size=&#8221;full&#8221; alignment=&#8221;right&#8221;][\/vc_column][vc_column css=&#8221;.vc_custom_1442923151431{padding-top: 5vw !important;}&#8221; offset=&#8221;vc_col-md-6 vc_col-xs-12&#8243;][vc_column_text]<\/p>\n<h2>Bestimmung von St\u00fctzpunkten<\/h2>\n<p>Es besteht die M\u00f6glichkeit, Kabeltrassenst\u00fctzen ins Projekt einzuf\u00fchren und Bestandteile der St\u00fctzen in zweifacher Weise zu definieren: mithilfe von einzelnen, aus allen zug\u00e4nglichen Katalogartikeln w\u00e4hlbaren Details oder unter Anwendung von pr\u00e4definierten, f\u00fcr entsprechende Art der Kabeltrasse zusammengestellten Konstruktionen. Zus\u00e4tzlich besteht die M\u00f6glichkeit, Beschreibungen der Bestandteile der St\u00fctzen und der schematischen Schnitte der St\u00fctzen f\u00fcr pr\u00e4definierte Konstruktionen ins Projekt schnell einzuf\u00fcgen.[\/vc_column_text][\/vc_column][\/vc_row][vc_row full_width=&#8221;stretch_row&#8221; row_id=&#8221;symulacja-obciazenia&#8221; css=&#8221;.vc_custom_1442923035414{margin-bottom: 0px !important;background-color: #fafaf5 !important;}&#8221; el_class=&#8221;ri-padding-txt-image&#8221;][vc_column offset=&#8221;vc_col-md-6 vc_col-xs-12&#8243; css=&#8221;.vc_custom_1442923415115{padding-top: 5vw !important;padding-bottom: 20px !important;}&#8221;][vc_column_text]<\/p>\n<h2>Simulation der Belastung<\/h2>\n<p>Kontrolle der Belastung und der Ausf\u00fcllung jedes gezeichneten Kabeltrassenabschnittes, nach Ausr\u00fcstung der Kabeltrassen mit St\u00fctzen und Kabelf\u00fchrungen zeigt das Programm eventuelle \u00dcberf\u00fcllung oder \u00dcberlastung an.[\/vc_column_text][\/vc_column][vc_column offset=&#8221;vc_col-md-6 vc_col-xs-12&#8243;][vc_single_image image=&#8221;6652&#8243; img_size=&#8221;full&#8221;][\/vc_column][\/vc_row][vc_row full_width=&#8221;stretch_row&#8221; row_id=&#8221;zestawienia&#8221; css=&#8221;.vc_custom_1442923051998{margin-bottom: 0px !important;}&#8221; el_class=&#8221;ri-padding-txt-image&#8221;][vc_column css=&#8221;.vc_custom_1441710343504{padding-top: 40px !important;}&#8221; offset=&#8221;vc_col-md-6 vc_col-xs-12&#8243;][vc_single_image image=&#8221;6653&#8243; img_size=&#8221;full&#8221; alignment=&#8221;right&#8221;][\/vc_column][vc_column css=&#8221;.vc_custom_1442923195620{padding-top: 5vw !important;}&#8221; offset=&#8221;vc_col-md-6 vc_col-xs-12&#8243;][vc_column_text]<\/p>\n<h2>Materialzusammenstellungen<\/h2>\n<p>Die Software bietet die M\u00f6glichkeit, Zusammenstellung von s\u00e4mtlichen, ins Projekt eingef\u00fcgten Elementen, einschlie\u00dflich der erforderlichen Anzahl von Verbindern und Schrauben, und von s\u00e4mtlichen Bestandteilen der St\u00fctzen zu generieren. Sie bietet die M\u00f6glichkeit, eine Tabelle mit Zusammenstellung von Produkten direkt in die Projektzeichnung oder in die XLS-Datei einzuf\u00fcgen.[\/vc_column_text][\/vc_column][\/vc_row][vc_row full_width=&#8221;stretch_row&#8221; row_id=&#8221;zalety&#8221; css=&#8221;.vc_custom_1444302862438{margin-bottom: 0px !important;padding-top: 80px !important;padding-bottom: 0px !important;background-color: #969696 !important;}&#8221;][vc_column][vc_column_text el_class=&#8221;negative&#8221;]<\/p>\n<h4 style=\"text-align: center;\">Vorteile der Software BAKSCAD II<\/h4>\n<p>[\/vc_column_text][\/vc_column][\/vc_row][vc_row full_width=&#8221;stretch_row&#8221; css=&#8221;.vc_custom_1444302869122{margin-bottom: 0px !important;padding-top: 50px !important;padding-bottom: 0px !important;background-color: #969696 !important;}&#8221;][vc_column width=&#8221;1\/3&#8243; css=&#8221;.vc_custom_1442923341786{margin-bottom: 20px !important;padding-top: 20px !important;}&#8221; offset=&#8221;vc_col-xs-12&#8243;][vc_row_inner][vc_column_inner offset=&#8221;vc_col-xs-12&#8243;][vc_cta h2=&#8221;&#8221; h4=&#8221;1&#8243; txt_align=&#8221;center&#8221; style=&#8221;flat&#8221; color=&#8221;violet&#8221; css_animation=&#8221;top-to-bottom&#8221; el_class=&#8221;negative&#8221;]Vorteile der Software BAKSCAD II[\/vc_cta][\/vc_column_inner][\/vc_row_inner][\/vc_column][vc_column width=&#8221;1\/3&#8243; css=&#8221;.vc_custom_1441200235731{padding-top: 20px !important;}&#8221;][vc_row_inner][vc_column_inner offset=&#8221;vc_col-xs-12&#8243;][vc_cta h2=&#8221;&#8221; h4=&#8221;2&#8243; txt_align=&#8221;center&#8221; style=&#8221;flat&#8221; color=&#8221;violet&#8221; css_animation=&#8221;top-to-bottom&#8221; el_class=&#8221;negative&#8221;]<\/p>\n<p style=\"text-align: center;\">Ein einheitliches, an die Bed\u00fcrfnisse des Benutzers optimal angepasstes<\/p>\n<p>[\/vc_cta][\/vc_column_inner][\/vc_row_inner][\/vc_column][vc_column width=&#8221;1\/3&#8243; css=&#8221;.vc_custom_1441200241248{padding-top: 20px !important;}&#8221;][vc_row_inner css=&#8221;.vc_custom_1441974553626{margin-bottom: 0px !important;}&#8221;][vc_column_inner offset=&#8221;vc_col-xs-12&#8243;][vc_cta h2=&#8221;&#8221; h4=&#8221;3&#8243; txt_align=&#8221;center&#8221; style=&#8221;flat&#8221; color=&#8221;violet&#8221; css_animation=&#8221;top-to-bottom&#8221; el_class=&#8221;negative&#8221;]<\/p>\n<p style=\"text-align: center;\">Ein einheitliches, an die Bed\u00fcrfnisse des Benutzers optimal angepasstes<\/p>\n<p>[\/vc_cta][\/vc_column_inner][\/vc_row_inner][\/vc_column][\/vc_row][vc_row full_width=&#8221;stretch_row&#8221; css=&#8221;.vc_custom_1444302897830{margin-bottom: 0px !important;padding-top: 10px !important;padding-bottom: 90px !important;background-color: #969696 !important;}&#8221;][vc_column width=&#8221;1\/3&#8243; css=&#8221;.vc_custom_1441200247711{padding-top: 20px !important;}&#8221;][vc_row_inner][vc_column_inner offset=&#8221;vc_col-xs-12&#8243;][vc_cta h2=&#8221;&#8221; h4=&#8221;4&#8243; txt_align=&#8221;center&#8221; style=&#8221;flat&#8221; color=&#8221;violet&#8221; css_animation=&#8221;top-to-bottom&#8221; el_class=&#8221;negative&#8221;]<\/p>\n<p style=\"text-align: center;\">4 Komplette Projektierung, Bewertung und Visualisierung der Investition<\/p>\n<p>[\/vc_cta][\/vc_column_inner][\/vc_row_inner][\/vc_column][vc_column width=&#8221;1\/3&#8243; css=&#8221;.vc_custom_1441200256927{padding-top: 20px !important;}&#8221;][vc_row_inner][vc_column_inner offset=&#8221;vc_col-xs-12&#8243;][vc_cta h2=&#8221;&#8221; h4=&#8221;5&#8243; txt_align=&#8221;center&#8221; style=&#8221;flat&#8221; color=&#8221;violet&#8221; css_animation=&#8221;top-to-bottom&#8221; el_class=&#8221;negative&#8221;]<\/p>\n<p style=\"text-align: center;\">Ein kurzer Projektierungszyklus \u2013 Automatisierung des Planungsprozesses<\/p>\n<p>[\/vc_cta][\/vc_column_inner][\/vc_row_inner][\/vc_column][vc_column width=&#8221;1\/3&#8243; css=&#8221;.vc_custom_1441974275897{padding-top: 20px !important;}&#8221;][vc_row_inner][vc_column_inner offset=&#8221;vc_col-xs-12&#8243;][vc_cta h2=&#8221;&#8221; h4=&#8221;6&#8243; txt_align=&#8221;center&#8221; style=&#8221;flat&#8221; color=&#8221;violet&#8221; css_animation=&#8221;top-to-bottom&#8221; el_class=&#8221;negative&#8221;]<\/p>\n<p style=\"text-align: center;\">Schnelle Einf\u00fcgung durch Integration mit popul\u00e4ren Programmen<\/p>\n<p>[\/vc_cta][\/vc_column_inner][\/vc_row_inner][\/vc_column][\/vc_row][vc_row full_width=&#8221;stretch_row&#8221; css=&#8221;.vc_custom_1443428041756{margin-bottom: 0px !important;padding-top: 80px !important;padding-bottom: 0px !important;background-color: #a1bd3c !important;}&#8221; el_class=&#8221;negative&#8221;][vc_column width=&#8221;1\/6&#8243;][\/vc_column][vc_column width=&#8221;2\/3&#8243;][vc_column_text text_id=&#8221;download-bakscad&#8221;]<\/p>\n<h4 style=\"text-align: center;\">W\u00e4hlen Sie bitte die Ihnen zur Verf\u00fcgung stehende Software-Version und laden Sie bitte BAKSCAD II kostenlos herunter.<\/h4>\n<p>[\/vc_column_text][\/vc_column][vc_column width=&#8221;1\/6&#8243;][\/vc_column][\/vc_row][vc_row full_width=&#8221;stretch_row&#8221; css=&#8221;.vc_custom_1443428047868{margin-bottom: 0px !important;padding-top: 50px !important;padding-bottom: 40px !important;background-color: #a1bd3c !important;}&#8221; el_class=&#8221;negative linkrow&#8221;][vc_column width=&#8221;1\/3&#8243; css=&#8221;.vc_custom_1441200173978{padding-top: 20px !important;}&#8221;][vc_column_text]<\/p>\n<h5 style=\"text-align: center;\"><strong>AutoCAD<\/strong><\/h5>\n<ul>\n<li style=\"text-align: center;\"><a href=\"https:\/\/mirror.baks.com.pl\/bakscad-ii-autocad-2010-2011-2012.exe\">Versionen 2010, 2011, 2012<\/a><\/li>\n<li style=\"text-align: center;\"><a href=\"https:\/\/mirror.baks.com.pl\/bakscad-ii-autocad-2013-2014-32bit.exe\">Versionen 2013, 2014 (32 bit)<\/a><\/li>\n<li style=\"text-align: center;\"><a href=\"https:\/\/mirror.baks.com.pl\/bakscad-ii-autocad-2013-2014-64bit.exe\">Versionen 2013, 2014 (64 bit)<\/a><\/li>\n<li style=\"text-align: center;\"><a href=\"https:\/\/mirror.baks.com.pl\/BaksCAD_SETUP_AC_32_2015_2016_ML.zip\">Versionen 2015\/16 (32 bit)<\/a><\/li>\n<li style=\"text-align: center;\"><a href=\"https:\/\/mirror.baks.com.pl\/BaksCAD_SETUP_AC_64_2015_2016_ML.zip\">Versionen 2015\/16 (64 bit)<\/a><\/li>\n<li style=\"text-align: center;\"><a href=\"https:\/\/mirror.baks.com.pl\/AutoCAD_2017_32bit.zip\">Versionen 2017 (32 bit)<\/a><\/li>\n<li style=\"text-align: center;\"><a href=\"https:\/\/mirror.baks.com.pl\/AutoCAD_2017_64bit.zip\">Versionen 2017 (64 bit)<\/a><\/li>\n<li style=\"text-align: center;\"><a href=\"https:\/\/mirror.baks.com.pl\/AutoCAD_2018_32bit.exe\">Versionen 2018 (32 bit)<\/a><\/li>\n<li style=\"text-align: center;\"><a href=\"https:\/\/mirror.baks.com.pl\/AutoCAD_2018_64bit.exe\">Versionen 2018 (64 bit)<\/a><\/li>\n<li style=\"text-align: center;\"><a href=\"https:\/\/drive.google.com\/file\/d\/128hARWlKWCoBQk__JASz7zLE5d0u4sfB\/view\">Versionen 2019 (32 bit)<\/a><\/li>\n<li style=\"text-align: center;\"><a href=\"https:\/\/drive.google.com\/file\/d\/1MBVaBRk_CCcZSrf5AJ_7JQSv_pVpiCtU\/view\">Versionen 2019 (64 bit)<\/a><\/li>\n<li style=\"text-align: center;\"><a href=\"https:\/\/drive.google.com\/file\/d\/10w8ZmgpDj580Wl_5oTWUi7lsdEQKOuWs\/view?usp=sharing\">Versionen 2026 (64 bit)<\/a><\/li>\n<\/ul>\n<p>[\/vc_column_text][\/vc_column][vc_column width=&#8221;1\/3&#8243; css=&#8221;.vc_custom_1441200179829{padding-top: 20px !important;}&#8221;][vc_column_text]<\/p>\n<h5 style=\"text-align: center;\"><strong>BricsCAD<\/strong><\/h5>\n<ul>\n<li style=\"text-align: center;\"><a href=\"https:\/\/mirror.baks.com.pl\/bakscad-ii-bricscad-v12.exe\">Versionen V12<\/a><\/li>\n<li style=\"text-align: center;\"><a href=\"https:\/\/mirror.baks.com.pl\/bakscad-ii-bricscad-v13-32bit.exe\">Versionen V13 (32 bit)<\/a><\/li>\n<li style=\"text-align: center;\"><a href=\"https:\/\/mirror.baks.com.pl\/bakscad-ii-bricscad-v13-64bit.exe\">Versionen V13 (64 bit)<\/a><\/li>\n<li style=\"text-align: center;\"><a href=\"https:\/\/mirror.baks.com.pl\/bakscad-ii-bricscad-v14-32bit.exe\">Versionen V14 (32 bit)<\/a><\/li>\n<li style=\"text-align: center;\"><a href=\"https:\/\/mirror.baks.com.pl\/bakscad-ii-bricscad-v14-64bit.exe\">Versionen V14 (64 bit)<\/a><\/li>\n<li style=\"text-align: center;\"><a href=\"https:\/\/mirror.baks.com.pl\/bakscad-ii-bricscad-v15-32bit.exe\">Versionen V15 (32 bit)<\/a><\/li>\n<li style=\"text-align: center;\"><a href=\"https:\/\/mirror.baks.com.pl\/bakscad-ii-bricscad-v15-64bit.exe\">Versionen V15 (64 bit)<\/a><\/li>\n<li style=\"text-align: center;\"><a href=\"https:\/\/mirror.baks.com.pl\/bakscad-ii-bricscad-v16-32bit.exe\">Versionen V16 (32 bit)<\/a><\/li>\n<li style=\"text-align: center;\"><a href=\"https:\/\/mirror.baks.com.pl\/bakscad-ii-bricscad-v16-64bit.exe\">Versionen V16 (64 bit)<\/a><\/li>\n<li style=\"text-align: center;\"><a href=\"https:\/\/mirror.baks.com.pl\/bricscad_V17_32bit.zip\">Versionen V17 (32 bit)<\/a><\/li>\n<li style=\"text-align: center;\"><a href=\"https:\/\/mirror.baks.com.pl\/bricscad_V17_64bit.zip\">Versionen V17 (64 bit)<\/a><\/li>\n<li style=\"text-align: center;\"><a href=\"https:\/\/drive.google.com\/file\/d\/18LG1pq4P0PPQUA9dRQZg-iH-GP8FnXgE\/view\">Versionen V18 (32 bit)<\/a><\/li>\n<li style=\"text-align: center;\"><a href=\"https:\/\/drive.google.com\/file\/d\/1XifoNvBRn93I_6YpjCsNjVonHxudjsC4\/view\">Versionen V18 (64 bit)<\/a><\/li>\n<li style=\"text-align: center;\"><a href=\"https:\/\/drive.google.com\/file\/d\/10w8ZmgpDj580Wl_5oTWUi7lsdEQKOuWs\/view?usp=sharing\">Versionen V25 (64 bit)<\/a><\/li>\n<\/ul>\n<p>[\/vc_column_text][\/vc_column][vc_column width=&#8221;1\/3&#8243; css=&#8221;.vc_custom_1441200184204{padding-top: 20px !important;}&#8221;][vc_column_text]<\/p>\n<h5 style=\"text-align: center;\"><strong>ZWCAD<\/strong><\/h5>\n<ul style=\"text-align: center;\">\n<li style=\"text-align: center;\"><a href=\"https:\/\/mirror.baks.com.pl\/bakscad-ii-zwcad-2010-2011-2012.exe\">Versionen 2010, 2011, 2012<\/a><\/li>\n<li style=\"text-align: center;\"><a href=\"https:\/\/mirror.baks.com.pl\/bakscad-ii-zwcad-2015-ml.exe\">Versionen 2015 ML<\/a><\/li>\n<li style=\"text-align: center;\"><a href=\"https:\/\/mirror.baks.com.pl\/zwcad_2017_32.zip\">Versionen 2017 (32 bit)<\/a><\/li>\n<li style=\"text-align: center;\"><a href=\"https:\/\/mirror.baks.com.pl\/zwcad_2017_64.zip\">Versionen 2017 (64 bit)<\/a><\/li>\n<li style=\"text-align: center;\"><a href=\"https:\/\/drive.google.com\/file\/d\/1BTCOZrY8XGtOq3GfNqLTdOHSSAPyYkyi\/view\">Versionen 2018 (32 bit)<\/a><\/li>\n<li style=\"text-align: center;\"><a href=\"https:\/\/drive.google.com\/file\/d\/1zEn8NB9OmV_ztatXrrY_g4zp7U6J1sYX\/view\">Versionen 2018 (64 bit)<\/a><\/li>\n<li style=\"text-align: center;\"><a href=\"https:\/\/drive.google.com\/file\/d\/1TcwO5Rxc-kXyi6lkc2MRgv8EXlJvLgK0\/view?usp=sharing\">Versionen 2019 (32 bit)<\/a><\/li>\n<li style=\"text-align: center;\"><a href=\"https:\/\/drive.google.com\/file\/d\/1m3DlYCWZBc2qpsqgwjyp-adETg30Pr27\/view?usp=sharing\">Versionen 2019 (64 bit)<\/a><\/li>\n<li><a href=\"https:\/\/drive.google.com\/file\/d\/10w8ZmgpDj580Wl_5oTWUi7lsdEQKOuWs\/view?usp=sharing\">Versionen 2026 (64 bit)<\/a><\/li>\n<\/ul>\n<p>[\/vc_column_text][\/vc_column][\/vc_row][vc_row full_width=&#8221;stretch_row&#8221; css=&#8221;.vc_custom_1443428054449{margin-bottom: 0px !important;padding-top: 20px !important;padding-bottom: 80px !important;background-color: #a1bd3c !important;}&#8221;][vc_column][vc_column_text el_class=&#8221;negative&#8221;]<\/p>\n<p style=\"text-align: center;\"><small>Die Applikation ist auch auf der DVD erh\u00e4ltlich.<br \/>\n<\/small><small>Technische Unterst\u00fctzung <\/small><small>Tel. +48 22 710 81 23,\u00a0<\/small><small>E-mail: <a href=\"mailto:tomasz.lewandowski@baks.com.pl\">tomasz.lewandowski@baks.com.pl<\/a><\/small><\/p>\n<p>[\/vc_column_text][\/vc_column][\/vc_row][vc_row][vc_column][vc_column_text]<\/p>\n<p><script>\/\/ <![CDATA[ var _mzid = '5b585893d471'; (function(s, o, g) { a = s.createElement(o), m = s.getElementsByTagName(o)[0]; a.async = 1; a.src = g; m.parentNode.insertBefore(a, m); })(document, 'script', '\/\/mzer.pl\/mz.js'); \/\/ ]]><\/script>[\/vc_column_text][\/vc_column][\/vc_row]<\/p>\n<\/section>","protected":false},"excerpt":{"rendered":"<p>[vc_row row_id=&#8221;sticky-menu&#8221; el_class=&#8221;submenu-row&#8221; css=&#8221;.vc_custom_1441293994461{margin-top: 0px !important;margin-bottom: 0px !important;padding-top: 0px !important;padding-bottom: 0px !important;}&#8221;][vc_column css=&#8221;.vc_custom_1440764270954{margin-top: 0px !important;margin-bottom: 0px !important;padding-top: 0px !important;padding-bottom: 0px !important;}&#8221;][vc_widget_sidebar sidebar_id=&#8221;sidebar-2&#8243; el_class=&#8221;subMenuTop negative&#8221;][\/vc_column][\/vc_row][vc_row full_width=&#8221;stretch_row&#8221; el_class=&#8221;ri-opacity50 ri-black negative ri-padding-page-title&#8221; css=&#8221;.vc_custom_1442922889704{margin-bottom: 0px !important;background-image: url(https:\/\/www.baks.com.pl\/wp-content\/uploads\/2015\/07\/iStock_000016002349Medium.jpg?id=2992) !important;background-position: center !important;background-repeat: no-repeat !important;background-size: cover !important;}&#8221;][vc_column width=&#8221;1\/6&#8243; offset=&#8221;vc_hidden-xs&#8221;][\/vc_column][vc_column width=&#8221;2\/3&#8243;][vc_single_image image=&#8221;3095&#8243; img_size=&#8221;medium&#8221; alignment=&#8221;center&#8221; css=&#8221;.vc_custom_1444304805773{margin-top: 0px !important;margin-bottom: 20px !important;border-top-width: 0px !important;border-bottom-width: 0px !important;padding-top: 0px !important;padding-bottom: 0px !important;}&#8221; el_class=&#8221;ri-small-logo-bakscad&#8221;][vc_column_text el_class=&#8221;negative intro&#8221;]<\/p>\n<p style=\"text-align: center;\">Software in Form von Benutzeroberfl\u00e4che f\u00fcr allgemein verwendete CAD-Umgebungen (AutoCAD, BricsCAD, ZWCAD), die Projektierung von Kabeltrassen und<\/p>\n","protected":false},"author":2,"featured_media":0,"parent":7033,"menu_order":0,"comment_status":"closed","ping_status":"closed","template":"","meta":{"inline_featured_image":false},"acf":[],"_links":{"self":[{"href":"https:\/\/www.baks.com.pl\/de\/wp-json\/wp\/v2\/pages\/7042"}],"collection":[{"href":"https:\/\/www.baks.com.pl\/de\/wp-json\/wp\/v2\/pages"}],"about":[{"href":"https:\/\/www.baks.com.pl\/de\/wp-json\/wp\/v2\/types\/page"}],"author":[{"embeddable":true,"href":"https:\/\/www.baks.com.pl\/de\/wp-json\/wp\/v2\/users\/2"}],"replies":[{"embeddable":true,"href":"https:\/\/www.baks.com.pl\/de\/wp-json\/wp\/v2\/comments?post=7042"}],"version-history":[{"count":16,"href":"https:\/\/www.baks.com.pl\/de\/wp-json\/wp\/v2\/pages\/7042\/revisions"}],"predecessor-version":[{"id":50053,"href":"https:\/\/www.baks.com.pl\/de\/wp-json\/wp\/v2\/pages\/7042\/revisions\/50053"}],"up":[{"embeddable":true,"href":"https:\/\/www.baks.com.pl\/de\/wp-json\/wp\/v2\/pages\/7033"}],"wp:attachment":[{"href":"https:\/\/www.baks.com.pl\/de\/wp-json\/wp\/v2\/media?parent=7042"}],"curies":[{"name":"wp","href":"https:\/\/api.w.org\/{rel}","templated":true}]}}