{"id":7048,"date":"2015-12-04T14:05:43","date_gmt":"2015-12-04T13:05:43","guid":{"rendered":"https:\/\/baloikasdasa.sg-host.com\/de\/?page_id=7048"},"modified":"2015-12-08T10:19:54","modified_gmt":"2015-12-08T09:19:54","slug":"strecken-und-lieferungen","status":"publish","type":"page","link":"https:\/\/www.baks.com.pl\/de\/kontakt\/strecken-und-lieferungen\/","title":{"rendered":"Strecken und Lieferungen"},"content":{"rendered":"<section class=\"wpb-content-wrapper\"><p>[vc_row row_id=&#8221;sticky-menu&#8221; el_class=&#8221;submenu-row&#8221;][vc_column][vc_widget_sidebar sidebar_id=&#8221;sidebar-4&#8243; el_class=&#8221;subMenuTop negative&#8221;][\/vc_column][\/vc_row][vc_row full_width=&#8221;stretch_row&#8221; css=&#8221;.vc_custom_1447839359487{background-image: url(\/wp-content\/uploads\/2015\/07\/1wyb.jpg?id=6144) !important;background-position: center !important;background-repeat: no-repeat !important;background-size: cover !important;}&#8221; el_class=&#8221;ri-opacity60 ri-black ri-padding-page-title&#8221;][vc_column offset=&#8221;vc_col-md-offset-2 vc_col-md-8 vc_col-xs-12&#8243;][vc_column_text el_class=&#8221;negative&#8221;]<\/p>\n<h1 style=\"text-align: center;\">Lieferrouten und Lieferungen<\/h1>\n<hr \/>\n<p style=\"text-align: center;\">Pr\u00fcfen Sie bitte Lieferrouten und Lieferungstage unserer Produkte und geben Sie Bestellung auf, um Ware kurzfrsitig zu erhalten.<\/p>\n<p>[\/vc_column_text][\/vc_column][\/vc_row][vc_row][vc_column css=&#8221;.vc_custom_1439389843351{margin-top: 70px !important;}&#8221;][vc_column_text el_class=&#8221;ri-overflow&#8221;]<\/p>\n<table class=\"sf-table striped_bordered\" style=\"margin-bottom: 10px;\" border=\"0\" cellspacing=\"1\" align=\"center\">\n<tbody>\n<tr class=\"tableizer-firstrow\">\n<th>Montag\/Dienstag<\/th>\n<th>Dienstag\/Mittwoch<\/th>\n<th>Mittwoch\/Donnerstag<\/th>\n<th>Mittwoch\/Donnerstag<\/th>\n<th>Freitag\/Samstag<\/th>\n<\/tr>\n<tr>\n<td><strong>Gda\u0144sk\/Toru\u0144<\/strong><\/td>\n<td><strong>Bia\u0142ystok<\/strong><\/td>\n<td><strong>Warszawa<\/strong><\/td>\n<td><strong>B. Bia\u0142a<\/strong><\/td>\n<td><strong>Katowice \u2013 BAKS-Lager<\/strong><\/td>\n<\/tr>\n<tr>\n<td><strong>P\u0142ock<\/strong><\/td>\n<td><strong>Katowice<\/strong><\/td>\n<td><strong>Wroc\u0142aw<\/strong><\/td>\n<td><strong>Katowice<\/strong><\/td>\n<td><strong>Lublin<\/strong><\/td>\n<\/tr>\n<tr>\n<td><strong>Pozna\u0144<\/strong><\/td>\n<td><strong>Szczecin<\/strong><\/td>\n<td><\/td>\n<td><strong>Kielce<\/strong><\/td>\n<td><strong>\u0141\u00f3d\u017a<\/strong><\/td>\n<\/tr>\n<tr>\n<td><strong>Siedlce<\/strong><\/td>\n<td><strong>Warszawa<\/strong><\/td>\n<td><\/td>\n<td><strong>Krak\u00f3w<\/strong><\/td>\n<td><strong>Warszawa<\/strong><\/td>\n<\/tr>\n<tr>\n<td><strong>Warszawa<\/strong><\/td>\n<td><\/td>\n<td><\/td>\n<td><strong>Rzesz\u00f3w<\/strong><\/td>\n<td><strong>Wroc\u0142aw<\/strong><\/td>\n<\/tr>\n<tr>\n<td><\/td>\n<td><\/td>\n<td><\/td>\n<td><strong>Warszawa<\/strong><\/td>\n<td><\/td>\n<\/tr>\n<tr>\n<td>Kielce*\/Krak\u00f3w*<\/td>\n<td>Koszalin*<\/td>\n<td>Jelenia G\u00f3ra*\/Legnica*<\/td>\n<td>Gda\u0144sk*\/Toru\u0144*<\/td>\n<td><\/td>\n<\/tr>\n<tr>\n<td>Olsztyn*<\/td>\n<td><\/td>\n<td>Lublin*<\/td>\n<td>P\u0142ock*<\/td>\n<td><\/td>\n<\/tr>\n<tr>\n<td>Rzesz\u00f3w*<\/td>\n<td><\/td>\n<td>\u0141\u00f3d\u017a<\/td>\n<td>Pozna\u0144*<\/td>\n<td><\/td>\n<\/tr>\n<\/tbody>\n<\/table>\n<p>[\/vc_column_text][\/vc_column][\/vc_row][vc_row][vc_column][vc_column_text el_class=&#8221;ri-overflow&#8221; css=&#8221;.vc_custom_1441117637804{margin-bottom: 20px !important;padding-bottom: 0px !important;}&#8221;]<\/p>\n<p style=\"text-align: center;\"><strong>Bestellungen:<\/strong><\/p>\n<p>[\/vc_column_text][vc_column_text el_class=&#8221;ri-overflow&#8221; css=&#8221;.vc_custom_1441117770872{margin-top: 0px !important;margin-bottom: 0px !important;padding-top: 0px !important;padding-bottom: 0px !important;}&#8221;]<\/p>\n<table class=\"sf-table striped_bordered\" style=\"margin-bottom: 20px;\" border=\"0\" cellspacing=\"1\" align=\"center\">\n<tbody>\n<tr class=\"tableizer-firstrow\">\n<th>auf Montag\/Dienstag<\/th>\n<th>auf Dienstag\/Mittwoch<\/th>\n<th>auf Mittwoch\/Donnerstag<\/th>\n<th>auf Donnerstag\/Freitag<\/th>\n<th>auf Freitag\/Samstag<\/th>\n<\/tr>\n<tr>\n<td>bis zum Mittwoch, 12:00 Uhr<\/td>\n<td>bis zum Donnerstag, 12:00 Uhr<\/td>\n<td>bis zum Freitag, 12:00 Uhr<\/td>\n<td>bis zum Montag, 12:00 Uhr<\/td>\n<td>bis zum Dienstag, 12:00 Uhr aufzugeben<\/td>\n<\/tr>\n<\/tbody>\n<\/table>\n<p>[\/vc_column_text][vc_column_text el_class=&#8221;ri-overflow&#8221; css=&#8221;.vc_custom_1441117646912{margin-top: 0px !important;padding-top: 10px !important;}&#8221;]<\/p>\n<p style=\"text-align: center;\"><small>* Lieferungen, die bei einer hohen Anzahl von Bestellungen vorgenommen werden<\/small><\/p>\n<p>[\/vc_column_text][\/vc_column][\/vc_row][vc_row full_width=&#8221;stretch_row&#8221; css=&#8221;.vc_custom_1444306845381{margin-bottom: 0px !important;padding-top: 80px !important;padding-bottom: 0px !important;background-color: #acc940 !important;}&#8221;][vc_column offset=&#8221;vc_col-md-6&#8243; css=&#8221;.vc_custom_1444306835513{padding-top: 0px !important;padding-bottom: 80px !important;}&#8221;][vc_icon icon_fontawesome=&#8221;fa fa-check&#8221; color=&#8221;white&#8221; background_style=&#8221;rounded-outline&#8221; background_color=&#8221;white&#8221; size=&#8221;lg&#8221; align=&#8221;center&#8221;][vc_column_text el_class=&#8221;negative&#8221;]<\/p>\n<h4 style=\"text-align: center;\">Bestellungen sind aufzugeben:Standardbestellungen<\/h4>\n<p style=\"text-align: center;\">Aus sendzimirverzinktem Stahlblech gefertigte Produkte Produktionsprozess dauert 3-5 Werktage lang + Transport (der n\u00e4chste Termin aus dem Lieferungszeitplan nach Produktionsprozessabschluss)<\/p>\n<p>[\/vc_column_text][\/vc_column][vc_column offset=&#8221;vc_col-md-6&#8243; css=&#8221;.vc_custom_1444306839969{padding-top: 0px !important;padding-bottom: 80px !important;}&#8221;][vc_icon icon_fontawesome=&#8221;fa fa-puzzle-piece&#8221; color=&#8221;white&#8221; background_style=&#8221;rounded-outline&#8221; background_color=&#8221;white&#8221; size=&#8221;lg&#8221; align=&#8221;center&#8221;][vc_column_text el_class=&#8221;negative&#8221;]<\/p>\n<h4 style=\"text-align: center;\">Sonderbestellungen<\/h4>\n<p style=\"text-align: center;\">Aus sendzimirverzinktem Stahlblech gefertigte Produkte Produktionsprozess dauert 7-10 Werktage lang + Transport (der n\u00e4chste Termin aus dem Lieferungszeitplan nach Produktionsprozessabschluss)<\/p>\n<p>[\/vc_column_text][\/vc_column][\/vc_row][vc_row full_width=&#8221;stretch_row&#8221; css=&#8221;.vc_custom_1443195455336{margin-bottom: 0px !important;padding-top: 40px !important;padding-bottom: 40px !important;background-color: #a1bd3c !important;}&#8221;][vc_column width=&#8221;1\/6&#8243;][\/vc_column][vc_column width=&#8221;2\/3&#8243;][vc_column_text el_class=&#8221;negative&#8221;]<\/p>\n<p style=\"text-align: center; color: rgba(255,255,255,0.9) !important;\">Zur Festlegung von genauen Lieferterminen setzen Sie sich bitte mit unserer  <a class=\"link_to_hand\" href=\"https:\/\/www.baks.com.pl\/kontakt#dzial-handlowy\">Handelsabteilung<\/a>in Kontakt. Leiferungen wurden auf zwei aufeinder folgende Werktage verteilt, was durch beschr\u00e4nkte Arbeitszeit des Lkw-Fahrers und durch hohe Anzahl von Lieferorten verursacht wurde. Wir bitten h\u00f6flichst, Termine f\u00fcr Aufgabe von Bestellungen zu beachten.<\/p>\n<p>[\/vc_column_text][\/vc_column][vc_column width=&#8221;1\/6&#8243;][\/vc_column][\/vc_row]<\/p>\n<\/section>","protected":false},"excerpt":{"rendered":"<p>[vc_row row_id=&#8221;sticky-menu&#8221; el_class=&#8221;submenu-row&#8221;][vc_column][vc_widget_sidebar sidebar_id=&#8221;sidebar-4&#8243; el_class=&#8221;subMenuTop negative&#8221;][\/vc_column][\/vc_row][vc_row full_width=&#8221;stretch_row&#8221; css=&#8221;.vc_custom_1447839359487{background-image: url(\/wp-content\/uploads\/2015\/07\/1wyb.jpg?id=6144) !important;background-position: center !important;background-repeat: no-repeat !important;background-size: cover !important;}&#8221; el_class=&#8221;ri-opacity60 ri-black ri-padding-page-title&#8221;][vc_column offset=&#8221;vc_col-md-offset-2 vc_col-md-8 vc_col-xs-12&#8243;][vc_column_text el_class=&#8221;negative&#8221;]<\/p>\n<p>Lieferrouten und Lieferungen<\/p>\n<p style=\"text-align: center;\">Pr\u00fcfen Sie bitte Lieferrouten und Lieferungstage unserer Produkte und geben Sie Bestellung auf, um Ware kurzfrsitig zu erhalten.<\/p>\n<p>[\/vc_column_text][\/vc_column][\/vc_row][vc_row][vc_column css=&#8221;.vc_custom_1439389843351{margin-top: 70px !important;}&#8221;][vc_column_text el_class=&#8221;ri-overflow&#8221;]<\/p>\n<p>Montag\/Dienstag<br \/>\nDienstag\/Mittwoch<br \/>\nMittwoch\/Donnerstag<br \/>\nMittwoch\/Donnerstag<br \/>\nFreitag\/Samstag<\/p>\n<p><strong>Gda\u0144sk\/Toru\u0144<\/strong><br \/>\n<strong>Bia\u0142ystok<\/strong><br \/>\n<strong>Warszawa<\/strong><br \/>\n<strong>B. Bia\u0142a<\/strong><br \/>\n<strong>Katowice \u2013 BAKS-Lager<\/strong><\/p>\n<p><strong>P\u0142ock<\/strong><br \/>\n<strong>Katowice<\/strong><br \/>\n<strong>Wroc\u0142aw<\/strong><br \/>\n<strong>Katowice<\/strong><br \/>\n<strong>Lublin<\/strong><\/p>\n<p><strong>Pozna\u0144<\/strong><br \/>\n<strong>Szczecin<\/strong><\/p>\n<p><strong>Kielce<\/strong><br \/>\n<strong>\u0141\u00f3d\u017a<\/strong><\/p>\n<p><strong>Siedlce<\/strong><br \/>\n<strong>Warszawa<\/strong><\/p>\n<p><strong>Krak\u00f3w<\/strong><br \/>\n<strong>Warszawa<\/strong><\/p>\n<p><strong>Warszawa<\/strong><\/p>\n<p><strong>Rzesz\u00f3w<\/strong><br \/>\n<strong>Wroc\u0142aw<\/strong><\/p>\n<p><strong>Warszawa<\/strong><\/p>\n<p>Kielce*\/Krak\u00f3w*<br \/>\nKoszalin*<br \/>\nJelenia G\u00f3ra*\/Legnica*<br \/>\nGda\u0144sk*\/Toru\u0144*<\/p>\n<p>Olsztyn*<\/p>\n<p>Lublin*<br \/>\nP\u0142ock*<\/p>\n<p>Rzesz\u00f3w*<\/p>\n<p>\u0141\u00f3d\u017a<br \/>\nPozna\u0144*<\/p>\n<p>[\/vc_column_text][\/vc_column][\/vc_row][vc_row][vc_column][vc_column_text el_class=&#8221;ri-overflow&#8221; css=&#8221;.vc_custom_1441117637804{margin-bottom: 20px !important;padding-bottom: 0px !important;}&#8221;]<\/p>\n<p style=\"text-align: center;\"><strong>Bestellungen:<\/strong><\/p>\n<p>[\/vc_column_text][vc_column_text el_class=&#8221;ri-overflow&#8221; css=&#8221;.vc_custom_1441117770872{margin-top: 0px !important;margin-bottom: 0px !important;padding-top: 0px !important;padding-bottom: 0px !important;}&#8221;]<\/p>\n<p>auf Montag\/Dienstag<br \/>\nauf Dienstag\/Mittwoch<br \/>\nauf Mittwoch\/Donnerstag<br \/>\nauf Donnerstag\/Freitag<br \/>\nauf Freitag\/Samstag<\/p>\n<p>bis zum Mittwoch, 12:00 Uhr<br \/>\nbis zum<\/p>\n","protected":false},"author":2,"featured_media":0,"parent":7066,"menu_order":0,"comment_status":"closed","ping_status":"closed","template":"","meta":{"inline_featured_image":false},"acf":[],"_links":{"self":[{"href":"https:\/\/www.baks.com.pl\/de\/wp-json\/wp\/v2\/pages\/7048"}],"collection":[{"href":"https:\/\/www.baks.com.pl\/de\/wp-json\/wp\/v2\/pages"}],"about":[{"href":"https:\/\/www.baks.com.pl\/de\/wp-json\/wp\/v2\/types\/page"}],"author":[{"embeddable":true,"href":"https:\/\/www.baks.com.pl\/de\/wp-json\/wp\/v2\/users\/2"}],"replies":[{"embeddable":true,"href":"https:\/\/www.baks.com.pl\/de\/wp-json\/wp\/v2\/comments?post=7048"}],"version-history":[{"count":5,"href":"https:\/\/www.baks.com.pl\/de\/wp-json\/wp\/v2\/pages\/7048\/revisions"}],"predecessor-version":[{"id":7172,"href":"https:\/\/www.baks.com.pl\/de\/wp-json\/wp\/v2\/pages\/7048\/revisions\/7172"}],"up":[{"embeddable":true,"href":"https:\/\/www.baks.com.pl\/de\/wp-json\/wp\/v2\/pages\/7066"}],"wp:attachment":[{"href":"https:\/\/www.baks.com.pl\/de\/wp-json\/wp\/v2\/media?parent=7048"}],"curies":[{"name":"wp","href":"https:\/\/api.w.org\/{rel}","templated":true}]}}