{"id":7049,"date":"2015-12-04T14:06:06","date_gmt":"2015-12-04T13:06:06","guid":{"rendered":"https:\/\/baloikasdasa.sg-host.com\/de\/?page_id=7049"},"modified":"2025-12-10T08:01:19","modified_gmt":"2025-12-10T07:01:19","slug":"start","status":"publish","type":"page","link":"https:\/\/www.baks.com.pl\/de\/","title":{"rendered":"Start"},"content":{"rendered":"<section class=\"wpb-content-wrapper\"><p>[vc_row full_width=&#8221;stretch_row&#8221; css=&#8221;.vc_custom_1447103249698{margin-top: 0px !important;margin-bottom: 0px !important;padding-top: 0px !important;padding-bottom: 60px !important;}&#8221; el_class=&#8221;ri-flex&#8221;][vc_column width=&#8221;1\/3&#8243; css=&#8221;.vc_custom_1505197199720{margin-top: 0px !important;margin-right: 0px !important;margin-bottom: 0px !important;margin-left: 0px !important;padding-top: 40px !important;padding-right: 0px !important;padding-bottom: 50px !important;padding-left: 0px !important;background-color: #acc940 !important;background-position: center !important;background-repeat: no-repeat !important;background-size: cover !important;}&#8221; offset=&#8221;vc_col-lg-4 vc_col-md-4 vc_col-xs-12&#8243;][vc_column_text css=&#8221;.vc_custom_1442578858692{margin-top: 0px !important;margin-right: 0px !important;margin-bottom: 0px !important;margin-left: 0px !important;padding-top: 0px !important;padding-right: 40px !important;padding-bottom: 20px !important;padding-left: 40px !important;}&#8221; el_class=&#8221;negative intro&#8221;]<\/p>\n<h3 style=\"text-align: center;\">Produktkatalog<\/h3>\n<p style=\"text-align: center;\">Unser fortgeschrittener Online-Katalog erm\u00f6glicht erfolgreiche Arbeit mit einer breiten Palette von Baks-Produkten und Bildung von zweckdienlichen Materialzusammenstellungen.<\/p>\n<p>[\/vc_column_text][vc_btn title=&#8221;Gehen Sie bitte zum Katalog&#8221; style=&#8221;outline&#8221; color=&#8221;white&#8221; align=&#8221;center&#8221; link=&#8221;url:http%3A%2F%2Fkatalog.baks.com.pl%2Fde%2F||target:%20_blank&#8221;][\/vc_column][vc_column width=&#8221;1\/3&#8243; css=&#8221;.vc_custom_1690870585568{margin-bottom: 0px !important;padding-top: 40px !important;padding-bottom: 50px !important;padding-left: 0px !important;background-color: #96b038 !important;}&#8221; offset=&#8221;vc_col-lg-4 vc_col-md-4 vc_col-xs-12&#8243;][vc_column_text css=&#8221;.vc_custom_1521187184670{margin-top: 0px !important;margin-right: 0px !important;margin-bottom: 0px !important;margin-left: 0px !important;padding-top: 0px !important;padding-right: 40px !important;padding-bottom: 20px !important;padding-left: 40px !important;}&#8221; el_class=&#8221;negative intro&#8221;]<\/p>\n<h3 style=\"text-align: center;\">Neue Produktion<\/h3>\n<p style=\"text-align: center;\">Bitte machen Sie sich vertraut mit unseren Produkten<\/p>\n<p>[\/vc_column_text][vc_btn title=&#8221;Ansicht&#8221; style=&#8221;outline&#8221; color=&#8221;white&#8221; align=&#8221;center&#8221; link=&#8221;url:%2Fde%2Fnowosci-produktowe%2F||target:%20_blank&#8221;][\/vc_column][vc_column width=&#8221;1\/3&#8243; css=&#8221;.vc_custom_1505197257889{margin-bottom: 0px !important;padding-top: 40px !important;padding-bottom: 50px !important;padding-left: 0px !important;background-color: #acc940 !important;}&#8221; offset=&#8221;vc_col-lg-4 vc_col-md-4 vc_col-xs-12&#8243;][vc_column_text el_class=&#8221;negative intro&#8221; css=&#8221;.vc_custom_1442578961751{margin-top: 0px !important;margin-right: 0px !important;margin-bottom: 0px !important;margin-left: 0px !important;padding-top: 0px !important;padding-right: 40px !important;padding-bottom: 20px !important;padding-left: 40px !important;}&#8221;]<\/p>\n<h3 style=\"text-align: center;\">Produktwahl<\/h3>\n<p style=\"text-align: center;\">Online- Berechnungsmodule erm\u00f6glichen Simulation der Belastung, der Ausf\u00fcllung und sonstiger Gr\u00f6\u00dfen der Kabeltrasse und Aussuchen der Produkte auf deren Grundlage.<\/p>\n<p>[\/vc_column_text][vc_btn title=&#8221;Gehen Sie bitte zur Wahl der Produkte&#8221; style=&#8221;outline&#8221; color=&#8221;white&#8221; align=&#8221;center&#8221; link=&#8221;url:http%3A%2F%2Fkatalog.baks.com.pl%2Fde%2Fselection||target:%20_blank&#8221;][\/vc_column][\/vc_row][vc_row][vc_column width=&#8221;1\/2&#8243;][vc_images_carousel images=&#8221;51544,51551,51558,51530,51537&#8243; img_size=&#8221;full&#8221; onclick=&#8221;custom_link&#8221; custom_links_target=&#8221;_blank&#8221; speed=&#8221;3000&#8243; autoplay=&#8221;yes&#8221; wrap=&#8221;yes&#8221; custom_links=&#8221;#E-8_aHR0cHMlM0ElMkYlMkZ3d3cuYmFrcy5jb20ucGwlMkZ3cC1jb250ZW50JTJGdXBsb2FkcyUyRjIwMTUlMkYwOCUyRmtvcnl0YV9rYWJsb3dlX3JvemtsYWRvd2thX3dlcnNqYV9pbnRlcmFrdHl3bmFfREUucGRmJTJDaHR0cHMlM0ElMkYlMkZ3d3cuYmFrcy5jb20ucGwlMkZ3cC1jb250ZW50JTJGdXBsb2FkcyUyRjIwMTUlMkYwOCUyRmtvcnl0a2Ffc2lhdGtvd2Vfcm96a2xhZG93a2Ffd2Vyc2phX2ludGVlcmFrdHl3bmFfREUucGRmJTJDaHR0cHMlM0ElMkYlMkZ3d3cuYmFrcy5jb20ucGwlMkZ3cC1jb250ZW50JTJGdXBsb2FkcyUyRjIwMTUlMkYwOCUyRmtvcnl0YV9zYW1vbm9zbmVfcm96a2xhZG93a2Ffd2Vyc2phX2ludGVyYWt0eXduYV9ERS5wZGYlMkNodHRwcyUzQSUyRiUyRnd3dy5iYWtzLmNvbS5wbCUyRndwLWNvbnRlbnQlMkZ1cGxvYWRzJTJGMjAxNSUyRjA4JTJGZHJhYmlueV9rYWJsb3dlX3JvemtsYWRvd2thX3dlcnNqYV9pbnRlcmFrdHl3bmFfREUucGRmJTJDaHR0cHMlM0ElMkYlMkZ3d3cuYmFrcy5jb20ucGwlMkZ3cC1jb250ZW50JTJGdXBsb2FkcyUyRjIwMTUlMkYwOCUyRmRyYWJpbnlfc2Ftb25vc25lX3JvemtsYWRvd2thX3dlcnNqYV9pbnRlcmFrdHl3bmFfREUucGRm&#8221;][\/vc_column][vc_column width=&#8221;1\/2&#8243;][vc_column_text]<\/p>\n<h1 id=\"systeme-zur-planung-und-auswahl-von-kabeltrassenkomponenten\">ENTDECKEN SIE SYSTEME ZUR PLANUNG UND AUSWAHL VON KABELTRASSENKOMPONENTEN<\/h1>\n<h3 data-start=\"44\" data-end=\"223\">INTERAKTIVES PDF \u2013 KLICKEN SIE AUF DEN PRODUKTNAMEN UND GELANGEN SIE ZUM ONLINE-KATALOG!<\/h3>\n<h3 data-start=\"44\" data-end=\"223\"><a href=\"https:\/\/www.baks.com.pl\/wp-content\/uploads\/2015\/08\/koryta_kablowe_rozkladowka_wersja_interaktywna_DE.pdf\"><strong>\u2013 Kabelrinnen<\/strong><\/a><br \/>\n<strong><a href=\"https:\/\/www.baks.com.pl\/wp-content\/uploads\/2015\/08\/koryta_samonosne_rozkladowka_wersja_interaktywna_DE.pdf\">\u2013 Weitspannkabelrinnen<\/a><br \/>\n<a href=\"https:\/\/www.baks.com.pl\/wp-content\/uploads\/2015\/08\/korytka_siatkowe_rozkladowka_wersja_inteeraktywna_DE.pdf\">\u2013 Gitterrinnen<\/a><\/strong><br \/>\n<a href=\"https:\/\/www.baks.com.pl\/wp-content\/uploads\/2015\/08\/drabiny_kablowe_rozkladowka_wersja_interaktywna_DE.pdf\"><strong>\u2013 Kabelleiter<\/strong><\/a><br \/>\n<a href=\"https:\/\/www.baks.com.pl\/wp-content\/uploads\/2015\/08\/drabiny_samonosne_rozkladowka_wersja_interaktywna_DE.pdf\"><strong>\u2013 Weitspannkabelleiter<\/strong><\/a><\/h3>\n<h3 data-start=\"225\" data-end=\"339\"><span data-olk-copy-source=\"MessageBody\">Noch mehr Stabilit\u00e4t und Funktionsf\u00e4higkeit in jedem Projekt.<\/span><\/h3>\n<h3><a href=\"https:\/\/www.baks.com.pl\/de\/technische-unterstuetzung\/kataloge-herunterladen\/\"><strong>Entdecken Sie die Neuheiten der BAKS-Systeme!\u00a0<\/strong><\/a><\/h3>\n<p>[\/vc_column_text][\/vc_column][\/vc_row][vc_row][vc_column el_class=&#8221;ri-post-grid&#8221;][vc_column_text]<\/p>\n<h1 style=\"text-align: center;\">Aktualit\u00e4ten<\/h1>\n<p>[\/vc_column_text][\/vc_column][\/vc_row][vc_row][vc_column el_class=&#8221;ri-post-grid&#8221;][vc_masonry_grid post_type=&#8221;post&#8221; max_items=&#8221;6&#8243; item=&#8221;masonryMedia_ScaleWithContentBlock&#8221; grid_id=&#8221;vc_gid:1765350011515-699394ec-52cb-8&#8243; taxonomies=&#8221;232, 452, 451, 615&#8243;][\/vc_column][\/vc_row][vc_row][vc_column][vc_btn title=&#8221;Sehen Sie bitte alle Neuheiten&#8221; color=&#8221;default&#8221; align=&#8221;center&#8221; link=&#8221;url:%2Fde%2Faktualitaeten%2F||&#8221; el_class=&#8221;ri-btn&#8221;][\/vc_column][\/vc_row][vc_row][vc_column][vc_separator color=&#8221;custom&#8221; border_width=&#8221;10&#8243; accent_color=&#8221;#aac63c&#8221;][\/vc_column][\/vc_row][vc_row][vc_column][vc_column_text]<\/p>\n<h1 style=\"text-align: center;\">AUSSCHREIBEN.DE &#8211; Kostenfreie Ausschreibungstexte und Produktdaten<\/h1>\n<p>[\/vc_column_text][\/vc_column][\/vc_row][vc_row][vc_column][vc_raw_html]JTNDaWZyYW1lJTIwc3R5bGUlM0QlMjdoZWlnaHQlM0E4MDBweCUzQiUyMHdpZHRoJTNBJTIwMTAwJTI1JTI3JTIwZnJhbWVCb3JkZXIlM0QlMjcwJTI3JTIwYWxsb3clM0QlMjdmdWxsc2NyZWVuJTNCJTIwY2xpcGJvYXJkLXJlYWQlM0IlMjBjbGlwYm9hcmQtd3JpdGUlM0IlMjclMjBzcmMlMjAlM0QlMjdodHRwcyUzQSUyRiUyRmF1c3NjaHJlaWJlbi5kZSUyRmludGVncmF0aW9uJTJGdjIlMkZjYXRhbG9nJTJGYmFrcyUzRmludGVncmF0aW9uS2V5JTNEMjgzN2JhZjItNzI2Ny00MWE3LTljY2QtY2ExY2QzMzVjNWNiJTI3JTIwbG9hZGluZyUzRCUyN2xhenklMjclMjAlM0UlM0MlMkZpZnJhbWUlM0U=[\/vc_raw_html][\/vc_column][\/vc_row][vc_row][vc_column][vc_separator color=&#8221;custom&#8221; border_width=&#8221;10&#8243; accent_color=&#8221;#aac63c&#8221;][\/vc_column][\/vc_row][vc_row][vc_column][vc_images_carousel images=&#8221;49464,49471,49478&#8243; img_size=&#8221;full&#8221; onclick=&#8221;custom_link&#8221; custom_links_target=&#8221;_blank&#8221; speed=&#8221;3000&#8243; autoplay=&#8221;yes&#8221; wrap=&#8221;yes&#8221; custom_links=&#8221;#E-8_aHR0cHMlM0ElMkYlMkZ3d3cuZmFjZWJvb2suY29tJTJGcGVvcGxlJTJGQkFLUy1EZXV0c2NobGFuZCUyRjEwMDA5NDI1NTQ3NzMxNyUyRiUyQ2h0dHBzJTNBJTJGJTJGcGwubGlua2VkaW4uY29tJTJGY29tcGFueSUyRmJha3MtLS1rYXppbWllcnotc2llbHNraSUyQ2h0dHBzJTNBJTJGJTJGd3d3LnlvdXR1YmUuY29tJTJGJTQwQkFLU0RFLW44dw==&#8221;][\/vc_column][\/vc_row][vc_row][vc_column][vc_column_text]<\/p>\n<p><script>\/\/ <![CDATA[ var _mzid = '5b585893d471'; (function(s, o, g) { a = s.createElement(o), m = s.getElementsByTagName(o)[0]; a.async = 1; a.src = g; m.parentNode.insertBefore(a, m); })(document, 'script', '\/\/mzer.pl\/mz.js'); \/\/ ]]><\/script>[\/vc_column_text][\/vc_column][\/vc_row]<\/p>\n<\/section>","protected":false},"excerpt":{"rendered":"<p>[vc_row full_width=&#8221;stretch_row&#8221; css=&#8221;.vc_custom_1447103249698{margin-top: 0px !important;margin-bottom: 0px !important;padding-top: 0px !important;padding-bottom: 60px !important;}&#8221; el_class=&#8221;ri-flex&#8221;][vc_column width=&#8221;1\/3&#8243; css=&#8221;.vc_custom_1505197199720{margin-top: 0px !important;margin-right: 0px !important;margin-bottom: 0px !important;margin-left: 0px !important;padding-top: 40px !important;padding-right: 0px !important;padding-bottom: 50px !important;padding-left: 0px !important;background-color: #acc940 !important;background-position: center !important;background-repeat: no-repeat !important;background-size: cover !important;}&#8221; offset=&#8221;vc_col-lg-4 vc_col-md-4 vc_col-xs-12&#8243;][vc_column_text css=&#8221;.vc_custom_1442578858692{margin-top: 0px !important;margin-right: 0px !important;margin-bottom: 0px !important;margin-left: 0px !important;padding-top: 0px !important;padding-right: 40px !important;padding-bottom: 20px !important;padding-left: 40px !important;}&#8221; el_class=&#8221;negative intro&#8221;]<\/p>\n<p>Produktkatalog<\/p>\n<p style=\"text-align: center;\">Unser fortgeschrittener Online-Katalog erm\u00f6glicht erfolgreiche Arbeit mit einer breiten Palette von Baks-Produkten und Bildung von zweckdienlichen Materialzusammenstellungen.<\/p>\n<p>[\/vc_column_text][vc_btn title=&#8221;Gehen Sie<\/p>\n","protected":false},"author":2,"featured_media":0,"parent":7056,"menu_order":0,"comment_status":"closed","ping_status":"closed","template":"","meta":{"inline_featured_image":false},"acf":[],"_links":{"self":[{"href":"https:\/\/www.baks.com.pl\/de\/wp-json\/wp\/v2\/pages\/7049"}],"collection":[{"href":"https:\/\/www.baks.com.pl\/de\/wp-json\/wp\/v2\/pages"}],"about":[{"href":"https:\/\/www.baks.com.pl\/de\/wp-json\/wp\/v2\/types\/page"}],"author":[{"embeddable":true,"href":"https:\/\/www.baks.com.pl\/de\/wp-json\/wp\/v2\/users\/2"}],"replies":[{"embeddable":true,"href":"https:\/\/www.baks.com.pl\/de\/wp-json\/wp\/v2\/comments?post=7049"}],"version-history":[{"count":95,"href":"https:\/\/www.baks.com.pl\/de\/wp-json\/wp\/v2\/pages\/7049\/revisions"}],"predecessor-version":[{"id":52003,"href":"https:\/\/www.baks.com.pl\/de\/wp-json\/wp\/v2\/pages\/7049\/revisions\/52003"}],"up":[{"embeddable":true,"href":"https:\/\/www.baks.com.pl\/de\/wp-json\/wp\/v2\/pages\/7056"}],"wp:attachment":[{"href":"https:\/\/www.baks.com.pl\/de\/wp-json\/wp\/v2\/media?parent=7049"}],"curies":[{"name":"wp","href":"https:\/\/api.w.org\/{rel}","templated":true}]}}