{"id":7056,"date":"2015-12-04T14:08:49","date_gmt":"2015-12-04T13:08:49","guid":{"rendered":"https:\/\/baloikasdasa.sg-host.com\/de\/?page_id=7056"},"modified":"2025-04-11T08:04:00","modified_gmt":"2025-04-11T06:04:00","slug":"unternehmen","status":"publish","type":"page","link":"https:\/\/www.baks.com.pl\/de\/unternehmen\/","title":{"rendered":"Unternehmen"},"content":{"rendered":"<section class=\"wpb-content-wrapper\"><p>[vc_row row_id=&#8221;sticky-menu&#8221; css=&#8221;.vc_custom_1441294082716{margin-top: 0px !important;margin-bottom: 0px !important;padding-top: 0px !important;padding-bottom: 0px !important;}&#8221; el_class=&#8221;submenu-row&#8221;][vc_column css=&#8221;.vc_custom_1438694375111{margin-top: 0px !important;margin-bottom: 0px !important;padding-top: 0px !important;padding-bottom: 0px !important;}&#8221;][vc_widget_sidebar sidebar_id=&#8221;sidebar-3&#8243; el_class=&#8221;subMenuTop negative&#8221;][\/vc_column][\/vc_row][vc_row full_width=&#8221;stretch_row&#8221; css=&#8221;.vc_custom_1690979297052{margin-bottom: 0px !important;background-image: url(https:\/\/www.baks.com.pl\/wp-content\/uploads\/2017\/07\/IMG_4660.jpg?id=27668) !important;background-position: center !important;background-repeat: no-repeat !important;background-size: cover !important;}&#8221; el_class=&#8221;ri-opacity30 ri-black ri-padding-page-title&#8221;][vc_column el_class=&#8221;ri-first-column&#8221; offset=&#8221;vc_col-lg-offset-2 vc_col-md-offset-2 vc_col-md-8 vc_col-xs-12&#8243;][vc_column_text el_class=&#8221;intro negative&#8221;]<\/p>\n<h1 class=\"p1\" style=\"text-align: center;\"><span class=\"s1\">39-j\u00e4hrige Erfahrung in Herstellung von Kabeltrassen<\/span><\/h1>\n<hr \/>\n<p style=\"text-align: center;\">Seit 1986 besch\u00e4ftigen wir uns mit Entwicklung und Herstellung von professionellen Kabelweg- und Installationssystemen. Unsere Produkte sind weltweit erh\u00e4ltlich.<\/p>\n<p>[\/vc_column_text][\/vc_column][\/vc_row][vc_row full_width=&#8221;stretch_row&#8221; css=&#8221;.vc_custom_1443428363802{margin-bottom: 0px !important;padding-top: 0px !important;padding-bottom: 30px !important;background-color: #acc940 !important;}&#8221;][vc_column width=&#8221;1\/2&#8243; offset=&#8221;vc_col-md-3 vc_col-xs-12&#8243; css=&#8221;.vc_custom_1442578694453{padding-top: 30px !important;}&#8221;][vc_icon icon_fontawesome=&#8221;fa fa-shield&#8221; color=&#8221;white&#8221; background_style=&#8221;rounded-outline&#8221; background_color=&#8221;white&#8221; align=&#8221;center&#8221; el_class=&#8221;ri_icon_element&#8221;][vc_column_text el_class=&#8221;negative&#8221;]<\/p>\n<p style=\"text-align: center;\">Erfahrung und Verantwortlichkeit<\/p>\n<p>[\/vc_column_text][\/vc_column][vc_column width=&#8221;1\/2&#8243; css=&#8221;.vc_custom_1442578685713{padding-top: 30px !important;}&#8221; offset=&#8221;vc_col-md-3 vc_col-xs-12&#8243;][vc_icon icon_fontawesome=&#8221;fa fa-book&#8221; color=&#8221;white&#8221; background_style=&#8221;rounded-outline&#8221; background_color=&#8221;white&#8221; align=&#8221;center&#8221; el_class=&#8221;ri_icon_element&#8221;][vc_column_text el_class=&#8221;negative&#8221;]<\/p>\n<p style=\"text-align: center;\">Eine breite Palette von Produkten und L\u00f6sungen<\/p>\n<p>[\/vc_column_text][\/vc_column][vc_column width=&#8221;1\/2&#8243; css=&#8221;.vc_custom_1442578709625{padding-top: 30px !important;}&#8221; offset=&#8221;vc_col-md-3 vc_col-xs-12&#8243;][vc_icon icon_fontawesome=&#8221;fa fa-truck&#8221; color=&#8221;white&#8221; background_style=&#8221;rounded-outline&#8221; background_color=&#8221;white&#8221; align=&#8221;center&#8221; el_class=&#8221;ri_icon_element&#8221;][vc_column_text el_class=&#8221;negative&#8221;]<\/p>\n<p style=\"text-align: center;\">Sofortige Lieferbarkeit aus Distributionszentren<\/p>\n<p>[\/vc_column_text][\/vc_column][vc_column width=&#8221;1\/2&#8243; css=&#8221;.vc_custom_1442578730950{padding-top: 30px !important;}&#8221; offset=&#8221;vc_col-md-3 vc_col-xs-12&#8243;][vc_icon icon_fontawesome=&#8221;fa fa-lightbulb-o&#8221; color=&#8221;white&#8221; background_style=&#8221;rounded-outline&#8221; background_color=&#8221;white&#8221; align=&#8221;center&#8221; el_class=&#8221;ri_icon_element&#8221;][vc_column_text el_class=&#8221;negative&#8221;]<\/p>\n<p style=\"text-align: center;\">Innovation und Garantie der h\u00f6chsten Qualit\u00e4t<\/p>\n<p>[\/vc_column_text][\/vc_column][\/vc_row][vc_row full_width=&#8221;stretch_row&#8221; css=&#8221;.vc_custom_1442847787761{margin-bottom: 0px !important;}&#8221; el_class=&#8221;ri-padding-txt-image&#8221;][vc_column offset=&#8221;vc_col-md-6 vc_col-xs-12&#8243; css=&#8221;.vc_custom_1442907083536{padding-top: 5vw !important;}&#8221;][vc_column_text el_class=&#8221;intro&#8221; css=&#8221;.vc_custom_1452861650371{padding-right: 30px !important;}&#8221;]<\/p>\n<h2>Umfangreiches Angebot an Produkten<\/h2>\n<p>Im aktuellen Katalogangebot verf\u00fcgen wir \u00fcber 27 000 Standardprodukte. Wir arbeiten mit unseren Kunden zusammen, um unsere L\u00f6sungen den Anforderungen spezifischer Installationen anzupassen.<\/p>\n<p><a href=\"https:\/\/katalog.baks.com.pl\/de\/\" target=\"_blank\" rel=\"noopener\">Online-Katalog<\/a>[\/vc_column_text][\/vc_column][vc_column offset=&#8221;vc_col-md-6 vc_col-xs-12&#8243; css=&#8221;.vc_custom_1442406532563{padding-top: 40px !important;}&#8221;][vc_single_image image=&#8221;7584&#8243; img_size=&#8221;large&#8221;][\/vc_column][\/vc_row][vc_row full_width=&#8221;stretch_row&#8221; css=&#8221;.vc_custom_1450098996698{margin-bottom: 0px !important;padding-bottom: 3vw !important;background: #fafaf5 url(\/wp-content\/uploads\/2015\/12\/metro_2.jpg?id=7559) !important;background-position: center !important;background-repeat: no-repeat !important;background-size: cover !important;}&#8221; el_class=&#8221;ri-opacity40 ri-black ri-padding-txt-image&#8221;][vc_column offset=&#8221;vc_col-md-offset-6 vc_col-md-6 vc_col-xs-12&#8243; css=&#8221;.vc_custom_1442907767057{padding-top: 5vw !important;padding-bottom: 10px !important;}&#8221;][vc_column_text el_class=&#8221;intro negative&#8221; css=&#8221;.vc_custom_1442907101913{padding-bottom: 0px !important;padding-left: 30px !important;}&#8221;]<\/p>\n<h2>Ausf\u00fchrungen von Prestigeauftr\u00e4gen<\/h2>\n<p>Unsere Produkte erm\u00f6glichen Aufbau von kompletten Installationen, die Anforderungen der schwierigsten Industrie-, Infrastruktur- und Wohnungsbauinvestitionen entsprechen.[\/vc_column_text][vc_row_inner css=&#8221;.vc_custom_1438763933236{padding-left: 30px !important;}&#8221;][vc_column_inner][vc_btn title=&#8221;Referenzen&#8221; color=&#8221;warning&#8221; link=&#8221;url:http%3A%2F%2F%2Fde%2Ffirma%2Freferenzen%2F||&#8221;][\/vc_column_inner][\/vc_row_inner][\/vc_column][\/vc_row][vc_row full_width=&#8221;stretch_row&#8221; el_class=&#8221;ri-padding-txt-image&#8221; css=&#8221;.vc_custom_1442921785310{margin-bottom: 0px !important;padding-bottom: 3vw !important;}&#8221;][vc_column css=&#8221;.vc_custom_1442907607769{padding-top: 5vw !important;}&#8221; offset=&#8221;vc_col-md-6 vc_col-xs-12&#8243;][vc_column_text el_class=&#8221;intro&#8221; css=&#8221;.vc_custom_1449561107861{padding-right: 30px !important;}&#8221;]<\/p>\n<h2>Die h\u00f6chste Qualit\u00e4t<\/h2>\n<p>Ein integrierter Projektierungs- und Produktionsprozess, gest\u00fctzt auf CNC-Maschinen, gew\u00e4hrleistet die h\u00f6chste Genauigkeit der Ausf\u00fchrung. Die Qualit\u00e4t unserer Produkte ist durch zahlreiche Zertifikate und externe Pr\u00fcfungen best\u00e4tigt.<\/p>\n<p><a href=\"\/de\/firma\/forschung-und-entwicklung\/\">Forschung und Entwicklung<\/a>[\/vc_column_text][\/vc_column][vc_column css=&#8221;.vc_custom_1442406559765{padding-top: 40px !important;}&#8221; offset=&#8221;vc_col-md-6 vc_col-xs-12&#8243;][vc_single_image image=&#8221;3480&#8243; img_size=&#8221;large&#8221; css=&#8221;.vc_custom_1442583205291{background-position: center !important;background-repeat: no-repeat !important;background-size: cover !important;}&#8221;][\/vc_column][\/vc_row][vc_row full_width=&#8221;stretch_row&#8221; css=&#8221;.vc_custom_1442903567993{margin-bottom: 0px !important;background-color: #fafaf5 !important;}&#8221; el_class=&#8221;ri-padding-txt-image&#8221;][vc_column css=&#8221;.vc_custom_1442406574930{padding-top: 40px !important;}&#8221; offset=&#8221;vc_col-md-6 vc_col-xs-12&#8243;][vc_single_image image=&#8221;6144&#8243; img_size=&#8221;large&#8221;][\/vc_column][vc_column offset=&#8221;vc_col-md-6 vc_col-xs-12&#8243; css=&#8221;.vc_custom_1442907636335{padding-top: 5vw !important;}&#8221;][vc_column_text el_class=&#8221;intro&#8221; css=&#8221;.vc_custom_1449561179045{padding-left: 30px !important;}&#8221;]<\/p>\n<h2>Sofortige Lieferbarkeit<\/h2>\n<p>Eigene Logistikzentren und ein weit ausgebautes Handelspartnernetz erlauben es, Standardbestellungen innerhalb von wenigen Tagen sofort zu realisieren.<\/p>\n<p><a href=\"\/de\/strecken-und-lieferungen\/\">Lieferrouten und Lieferungen<\/a>\u00a0 \u00a0 <a href=\"\/de\/kontakt\/handelspartner\/\">Handelspartner<\/a>[\/vc_column_text][\/vc_column][\/vc_row][vc_row full_width=&#8221;stretch_row&#8221; css=&#8221;.vc_custom_1442903594396{margin-top: 0px !important;margin-bottom: 0px !important;background-image: url(https:\/\/www.baks.com.pl\/wp-content\/uploads\/2015\/07\/MVI_6480_0.jpg?id=2161) !important;background-position: center !important;background-repeat: no-repeat !important;background-size: cover !important;}&#8221; el_class=&#8221;ri-opacity40 ri-black ri-padding-page-title&#8221;][vc_column el_class=&#8221;ri-first-column&#8221; offset=&#8221;vc_col-md-6 vc_col-xs-12&#8243;][vc_column_text el_class=&#8221;intro negative&#8221;]<\/p>\n<h2>Stellenangebot bei BAKS<\/h2>\n<p>Wir sind eine stabile und verantwortungsvolle Firma, die seit 30 Jahren am Markt t\u00e4tig ist. Wir gew\u00e4hrleisten transparanete Besch\u00e4ftigungsbedingungen. Wenn Sie an beruflicher Entwicklung interessiert sind, dann pr\u00fcfen Sie bitte unser aktuelles Stellenangebot.[\/vc_column_text][vc_btn title=&#8221;Stellenangebot&#8221; color=&#8221;warning&#8221; link=&#8221;url:http%3A%2F%2F%2Fde%2Ffirma%2Fjob%2F||&#8221;][\/vc_column][\/vc_row]<\/p>\n<\/section>","protected":false},"excerpt":{"rendered":"<p>[vc_row row_id=&#8221;sticky-menu&#8221; css=&#8221;.vc_custom_1441294082716{margin-top: 0px !important;margin-bottom: 0px !important;padding-top: 0px !important;padding-bottom: 0px !important;}&#8221; el_class=&#8221;submenu-row&#8221;][vc_column css=&#8221;.vc_custom_1438694375111{margin-top: 0px !important;margin-bottom: 0px !important;padding-top: 0px !important;padding-bottom: 0px !important;}&#8221;][vc_widget_sidebar sidebar_id=&#8221;sidebar-3&#8243; el_class=&#8221;subMenuTop negative&#8221;][\/vc_column][\/vc_row][vc_row full_width=&#8221;stretch_row&#8221; css=&#8221;.vc_custom_1690979297052{margin-bottom: 0px !important;background-image: url(https:\/\/www.baks.com.pl\/wp-content\/uploads\/2017\/07\/IMG_4660.jpg?id=27668) !important;background-position: center !important;background-repeat: no-repeat !important;background-size: cover !important;}&#8221; el_class=&#8221;ri-opacity30 ri-black ri-padding-page-title&#8221;][vc_column el_class=&#8221;ri-first-column&#8221; offset=&#8221;vc_col-lg-offset-2 vc_col-md-offset-2 vc_col-md-8 vc_col-xs-12&#8243;][vc_column_text el_class=&#8221;intro negative&#8221;]<\/p>\n<p>39-j\u00e4hrige Erfahrung in Herstellung von Kabeltrassen<\/p>\n<p style=\"text-align: center;\">Seit 1986 besch\u00e4ftigen wir uns mit Entwicklung und Herstellung von professionellen Kabelweg- und Installationssystemen. Unsere Produkte sind weltweit erh\u00e4ltlich.<\/p>\n<p>[\/vc_column_text][\/vc_column][\/vc_row][vc_row full_width=&#8221;stretch_row&#8221; css=&#8221;.vc_custom_1443428363802{margin-bottom: 0px !important;padding-top: 0px !important;padding-bottom: 30px !important;background-color: #acc940<\/p>\n","protected":false},"author":2,"featured_media":0,"parent":0,"menu_order":0,"comment_status":"closed","ping_status":"closed","template":"","meta":{"inline_featured_image":false},"acf":[],"_links":{"self":[{"href":"https:\/\/www.baks.com.pl\/de\/wp-json\/wp\/v2\/pages\/7056"}],"collection":[{"href":"https:\/\/www.baks.com.pl\/de\/wp-json\/wp\/v2\/pages"}],"about":[{"href":"https:\/\/www.baks.com.pl\/de\/wp-json\/wp\/v2\/types\/page"}],"author":[{"embeddable":true,"href":"https:\/\/www.baks.com.pl\/de\/wp-json\/wp\/v2\/users\/2"}],"replies":[{"embeddable":true,"href":"https:\/\/www.baks.com.pl\/de\/wp-json\/wp\/v2\/comments?post=7056"}],"version-history":[{"count":15,"href":"https:\/\/www.baks.com.pl\/de\/wp-json\/wp\/v2\/pages\/7056\/revisions"}],"predecessor-version":[{"id":49824,"href":"https:\/\/www.baks.com.pl\/de\/wp-json\/wp\/v2\/pages\/7056\/revisions\/49824"}],"wp:attachment":[{"href":"https:\/\/www.baks.com.pl\/de\/wp-json\/wp\/v2\/media?parent=7056"}],"curies":[{"name":"wp","href":"https:\/\/api.w.org\/{rel}","templated":true}]}}