{"id":7057,"date":"2015-12-04T14:09:07","date_gmt":"2015-12-04T13:09:07","guid":{"rendered":"https:\/\/baloikasdasa.sg-host.com\/de\/?page_id=7057"},"modified":"2018-07-26T07:33:28","modified_gmt":"2018-07-26T05:33:28","slug":"forschung-und-entwicklung","status":"publish","type":"page","link":"https:\/\/www.baks.com.pl\/de\/unternehmen\/forschung-und-entwicklung\/","title":{"rendered":"Forschung und Entwicklung"},"content":{"rendered":"<section class=\"wpb-content-wrapper\"><p>[vc_row row_id=&#8221;sticky-menu&#8221; el_class=&#8221;submenu-row&#8221; css=&#8221;.vc_custom_1441294123606{margin-top: 0px !important;margin-bottom: 0px !important;padding-top: 0px !important;padding-bottom: 0px !important;}&#8221;][vc_column css=&#8221;.vc_custom_1440764334439{margin-top: 0px !important;margin-bottom: 0px !important;padding-top: 0px !important;padding-bottom: 0px !important;}&#8221;][vc_widget_sidebar sidebar_id=&#8221;sidebar-3&#8243; el_class=&#8221;subMenuTop negative&#8221;][\/vc_column][\/vc_row][vc_row full_width=&#8221;stretch_row&#8221; css=&#8221;.vc_custom_1450099924796{margin-bottom: 0px !important;background-image: url(\/wp-content\/uploads\/2015\/08\/badania.jpg?id=7652) !important;background-position: center !important;background-repeat: no-repeat !important;background-size: cover !important;}&#8221; el_class=&#8221;ri-opacity50 ri-black ri-padding-page-title&#8221;][vc_column offset=&#8221;vc_col-md-offset-2 vc_col-md-8 vc_col-xs-12&#8243;][vc_column_text el_class=&#8221;negative intro&#8221;]<\/p>\n<h1 style=\"text-align: center;\">Forschung und Entwicklung<\/h1>\n<hr \/>\n<p style=\"text-align: center;\">Wir stellen hohe Anforderungen an uns und versuchen andauernd, L\u00f6sungen zu bilden, die Erwartungen unserer Kunden voraus sind.<\/p>\n<p>[\/vc_column_text][\/vc_column][\/vc_row][vc_row full_width=&#8221;stretch_row&#8221; css=&#8221;.vc_custom_1442411282163{margin-bottom: 0px !important;padding-top: 80px !important;padding-bottom: 40px !important;background-color: #fafaf5 !important;}&#8221;][vc_column width=&#8221;2\/3&#8243; offset=&#8221;vc_col-sm-offset-2&#8243;][vc_column_text]<\/p>\n<h2 style=\"text-align: center;\">Entwicklung von Produkten<\/h2>\n<p style=\"text-align: center;\">Analyse der Bed\u00fcrfnisse und der Bemerkungen unserer Kunden veranlassst st\u00e4ndige Arbeit an neuen Produkten und an der Verbesserung von bestehenden Produkten. Auf der Basis der integrierten CAD-Umgebung bilden und testen unsere Ingenieure neue L\u00f6sungen unabl\u00e4ssig. Das Verhalten der Modelle (Belastbarkeit, Verformungen, Spannungen) wird mithilfe von nummerischen Simulationen verifiziert. Die besten Modelle werden, vor Einf\u00fchrung in Serienfertigung, in Form von physischen Prototypen ausgef\u00fchrt und unter wirklichen Bedingungen getestet.<\/p>\n<p>[\/vc_column_text][vc_row_inner][vc_column_inner width=&#8221;1\/4&#8243;][vc_single_image image=&#8221;3271&#8243; img_size=&#8221;full&#8221;][\/vc_column_inner][vc_column_inner width=&#8221;1\/4&#8243;][vc_single_image image=&#8221;3279&#8243; img_size=&#8221;full&#8221;][\/vc_column_inner][vc_column_inner width=&#8221;1\/4&#8243;][vc_single_image image=&#8221;3280&#8243; img_size=&#8221;full&#8221;][\/vc_column_inner][vc_column_inner width=&#8221;1\/4&#8243;][vc_single_image image=&#8221;3278&#8243; img_size=&#8221;full&#8221;][\/vc_column_inner][\/vc_row_inner][\/vc_column][vc_column width=&#8221;1\/6&#8243;][\/vc_column][\/vc_row][vc_row full_width=&#8221;stretch_row&#8221; css=&#8221;.vc_custom_1443428457451{margin-bottom: 0px !important;padding-top: 80px !important;padding-bottom: 60px !important;background-color: #acc940 !important;}&#8221;][vc_column width=&#8221;1\/6&#8243;][\/vc_column][vc_column width=&#8221;2\/3&#8243;][vc_column_text el_class=&#8221;negative&#8221;]<\/p>\n<h2 style=\"text-align: center;\">E-90-Forschung<\/h2>\n<p style=\"text-align: center;\">Unsere f\u00fcr Versorgungs- und Steuerungsinstallationen der Brandsicherheitseinrichtungen bestimmten L\u00f6sungen unterliegen rigorosen Pr\u00fcfungen in akkreditierten Zertifizierungsstellen. Zertifizierte Produkte und Systeme der Firma BAKS gew\u00e4hrleisten kontinuierliches Funktionieren der Elektroinstallation im Brandfall und gew\u00e4hrleisten Sicherheit von Personen und Geb\u00e4uden.<\/p>\n<p style=\"text-align: center;\"><a href=\"\/de\/technische-unterstuetzung\/zertifikate#e90-certificats\">E-90-Zertifikate<\/a><\/p>\n<p>[\/vc_column_text][vc_row_inner][vc_column_inner][vc_gallery type=&#8221;image_grid&#8221; images=&#8221;1379,1377,1378,1382&#8243; img_size=&#8221;full&#8221; el_class=&#8221;ri-pretty-gallery&#8221;][\/vc_column_inner][\/vc_row_inner][\/vc_column][vc_column width=&#8221;1\/6&#8243;][\/vc_column][\/vc_row][vc_row full_width=&#8221;stretch_row&#8221; css=&#8221;.vc_custom_1444809719654{margin-bottom: 0px !important;padding-top: 80px !important;padding-bottom: 20px !important;background-color: #ffffff !important;}&#8221;][vc_column width=&#8221;1\/6&#8243;][\/vc_column][vc_column width=&#8221;2\/3&#8243;][vc_column_text]<\/p>\n<h2 style=\"text-align: center;\">Zertifizierung von Produkten<\/h2>\n<p style=\"text-align: center;\">Wir lassen Konformit\u00e4t der Produkte der Firma BAKS mit geltenden Qualit\u00e4tsnormen und rechtlichen Anforderungen regelem\u00e4\u00dfig best\u00e4tigen. Ergebnis der hohen internen Standards, denen unsere L\u00f6sungen unterliegen, ist Erlangung von allen rechtlich erforderlichen nationalen und internationalen Zertifikaten.<\/p>\n<p style=\"text-align: center;\"><a href=\"\/de\/technische-unterstuetzung\/zertifikate\/\">Zertifikate<\/a><\/p>\n<p>[\/vc_column_text][\/vc_column][vc_column width=&#8221;1\/6&#8243;][\/vc_column][\/vc_row][vc_row full_width=&#8221;stretch_row&#8221; css=&#8221;.vc_custom_1441814108293{margin-top: 0px !important;margin-bottom: 0px !important;background-color: #ffffff !important;}&#8221;][vc_column width=&#8221;1\/6&#8243; offset=&#8221;vc_col-sm-offset-2 vc_col-xs-6&#8243; css=&#8221;.vc_custom_1444809928087{padding-top: 0px !important;padding-left: 50px !important;}&#8221;][vc_single_image image=&#8221;2653&#8243; img_size=&#8221;medium&#8221; alignment=&#8221;center&#8221; el_class=&#8221;logo-tuv&#8221;][\/vc_column][vc_column width=&#8221;1\/6&#8243; offset=&#8221;vc_col-xs-6&#8243; css=&#8221;.vc_custom_1444809936599{padding-left: 50px !important;}&#8221;][vc_single_image image=&#8221;2647&#8243; img_size=&#8221;full&#8221; alignment=&#8221;center&#8221; el_class=&#8221;logo-ce&#8221; css=&#8221;.vc_custom_1441813999102{padding-top: 30px !important;}&#8221;][\/vc_column][vc_column width=&#8221;1\/6&#8243; offset=&#8221;vc_col-xs-6&#8243; css=&#8221;.vc_custom_1444809941986{padding-left: 50px !important;}&#8221;][vc_single_image image=&#8221;2654&#8243; img_size=&#8221;full&#8221; alignment=&#8221;center&#8221; el_class=&#8221;logo-dve&#8221; css=&#8221;.vc_custom_1441814005136{padding-top: 25px !important;}&#8221;][\/vc_column][vc_column width=&#8221;1\/6&#8243; offset=&#8221;vc_col-xs-6&#8243; css=&#8221;.vc_custom_1444809948517{padding-left: 50px !important;}&#8221;][vc_single_image image=&#8221;2651&#8243; img_size=&#8221;full&#8221; alignment=&#8221;right&#8221; el_class=&#8221;logo-pzh&#8221; css=&#8221;.vc_custom_1441814257074{padding-top: 10px !important;}&#8221;][\/vc_column][\/vc_row][vc_row full_width=&#8221;stretch_row&#8221; css=&#8221;.vc_custom_1444809641010{margin-bottom: 0px !important;padding-bottom: 40px !important;background-color: #ffffff !important;}&#8221;][vc_column width=&#8221;1\/6&#8243; offset=&#8221;vc_col-sm-offset-2 vc_col-xs-6&#8243; css=&#8221;.vc_custom_1444809954806{padding-top: 40px !important;padding-bottom: 4px !important;}&#8221;][vc_single_image image=&#8221;2650&#8243; img_size=&#8221;full&#8221; alignment=&#8221;center&#8221; css=&#8221;.vc_custom_1441355252431{padding-top: 20px !important;}&#8221;][\/vc_column][vc_column width=&#8221;1\/6&#8243; offset=&#8221;vc_col-xs-6&#8243; css=&#8221;.vc_custom_1444810043718{padding-top: 20px !important;padding-bottom: 20px !important;padding-left: 50px !important;}&#8221;][vc_single_image image=&#8221;2652&#8243; img_size=&#8221;full&#8221; alignment=&#8221;center&#8221; el_class=&#8221;logo-cnbop&#8221;][\/vc_column][vc_column width=&#8221;1\/6&#8243; offset=&#8221;vc_col-xs-6&#8243; css=&#8221;.vc_custom_1444809966126{padding-top: 20px !important;}&#8221;][vc_single_image image=&#8221;2649&#8243; img_size=&#8221;full&#8221;][\/vc_column][vc_column width=&#8221;1\/6&#8243; offset=&#8221;vc_col-xs-6&#8243; css=&#8221;.vc_custom_1444809970893{padding-top: 20px !important;}&#8221;][vc_single_image image=&#8221;2648&#8243; img_size=&#8221;full&#8221; alignment=&#8221;center&#8221; css=&#8221;.vc_custom_1441355256943{padding-top: 20px !important;}&#8221;][\/vc_column][\/vc_row]<\/p>\n<p><script>\nvar _mzid = '5b585893d471';\n(function(s, o, g) {\n\ta = s.createElement(o),\n\tm = s.getElementsByTagName(o)[0];\n\ta.async = 1;\n\ta.src = g;\n\tm.parentNode.insertBefore(a, m);\n})(document, 'script', '\/\/mzer.pl\/mz.js');\n<\/script><\/p>\n<\/section>","protected":false},"excerpt":{"rendered":"<p>[vc_row row_id=&#8221;sticky-menu&#8221; el_class=&#8221;submenu-row&#8221; css=&#8221;.vc_custom_1441294123606{margin-top: 0px !important;margin-bottom: 0px !important;padding-top: 0px !important;padding-bottom: 0px !important;}&#8221;][vc_column css=&#8221;.vc_custom_1440764334439{margin-top: 0px !important;margin-bottom: 0px !important;padding-top: 0px !important;padding-bottom: 0px !important;}&#8221;][vc_widget_sidebar sidebar_id=&#8221;sidebar-3&#8243; el_class=&#8221;subMenuTop negative&#8221;][\/vc_column][\/vc_row][vc_row full_width=&#8221;stretch_row&#8221; css=&#8221;.vc_custom_1450099924796{margin-bottom: 0px !important;background-image: url(\/wp-content\/uploads\/2015\/08\/badania.jpg?id=7652) !important;background-position: center !important;background-repeat: no-repeat !important;background-size: cover !important;}&#8221; el_class=&#8221;ri-opacity50 ri-black ri-padding-page-title&#8221;][vc_column offset=&#8221;vc_col-md-offset-2 vc_col-md-8 vc_col-xs-12&#8243;][vc_column_text el_class=&#8221;negative intro&#8221;]<\/p>\n<p>Forschung und Entwicklung<\/p>\n<p style=\"text-align: center;\">Wir stellen hohe Anforderungen an uns und versuchen andauernd, L\u00f6sungen zu bilden, die Erwartungen unserer Kunden voraus sind.<\/p>\n<p>[\/vc_column_text][\/vc_column][\/vc_row][vc_row full_width=&#8221;stretch_row&#8221; css=&#8221;.vc_custom_1442411282163{margin-bottom: 0px !important;padding-top: 80px !important;padding-bottom: 40px !important;background-color: #fafaf5 !important;}&#8221;][vc_column width=&#8221;2\/3&#8243; offset=&#8221;vc_col-sm-offset-2&#8243;][vc_column_text]<\/p>\n<p>Entwicklung von Produkten<\/p>\n<p style=\"text-align: \n\n","protected":false},"author":2,"featured_media":0,"parent":7056,"menu_order":0,"comment_status":"closed","ping_status":"closed","template":"","meta":{"inline_featured_image":false},"acf":[],"_links":{"self":[{"href":"https:\/\/www.baks.com.pl\/de\/wp-json\/wp\/v2\/pages\/7057"}],"collection":[{"href":"https:\/\/www.baks.com.pl\/de\/wp-json\/wp\/v2\/pages"}],"about":[{"href":"https:\/\/www.baks.com.pl\/de\/wp-json\/wp\/v2\/types\/page"}],"author":[{"embeddable":true,"href":"https:\/\/www.baks.com.pl\/de\/wp-json\/wp\/v2\/users\/2"}],"replies":[{"embeddable":true,"href":"https:\/\/www.baks.com.pl\/de\/wp-json\/wp\/v2\/comments?post=7057"}],"version-history":[{"count":9,"href":"https:\/\/www.baks.com.pl\/de\/wp-json\/wp\/v2\/pages\/7057\/revisions"}],"predecessor-version":[{"id":10628,"href":"https:\/\/www.baks.com.pl\/de\/wp-json\/wp\/v2\/pages\/7057\/revisions\/10628"}],"up":[{"embeddable":true,"href":"https:\/\/www.baks.com.pl\/de\/wp-json\/wp\/v2\/pages\/7056"}],"wp:attachment":[{"href":"https:\/\/www.baks.com.pl\/de\/wp-json\/wp\/v2\/media?parent=7057"}],"curies":[{"name":"wp","href":"https:\/\/api.w.org\/{rel}","templated":true}]}}