{"id":7064,"date":"2015-12-04T14:22:47","date_gmt":"2015-12-04T13:22:47","guid":{"rendered":"https:\/\/baloikasdasa.sg-host.com\/de\/?page_id=7064"},"modified":"2024-04-02T15:16:32","modified_gmt":"2024-04-02T13:16:32","slug":"finanzmittel-aus-der-eu","status":"publish","type":"page","link":"https:\/\/www.baks.com.pl\/de\/unternehmen\/finanzmittel-aus-der-eu\/","title":{"rendered":"Finanzmittel aus der EU"},"content":{"rendered":"<section class=\"wpb-content-wrapper\"><p>[vc_row row_id=&#8221;sticky-menu&#8221; el_class=&#8221;submenu-row&#8221; css=&#8221;.vc_custom_1441294158146{margin-top: 0px !important;margin-bottom: 0px !important;padding-top: 0px !important;padding-bottom: 0px !important;}&#8221;][vc_column css=&#8221;.vc_custom_1440764428595{margin-top: 0px !important;margin-bottom: 0px !important;padding-top: 0px !important;padding-bottom: 0px !important;}&#8221;][vc_widget_sidebar sidebar_id=&#8221;sidebar-3&#8243; el_class=&#8221;subMenuTop negative&#8221;][\/vc_column][\/vc_row][vc_row full_width=&#8221;stretch_row&#8221; el_class=&#8221;ri-opacity50 ri-black ri-padding-page-title&#8221; css=&#8221;.vc_custom_1442928198401{background-image: url(https:\/\/www.baks.com.pl\/wp-content\/uploads\/2015\/07\/IMG_80931.jpg?id=3748) !important;background-position: center !important;background-repeat: no-repeat !important;background-size: cover !important;}&#8221;][vc_column offset=&#8221;vc_col-md-12 vc_col-xs-12&#8243;][vc_column_text el_class=&#8221;negative intro&#8221;]<\/p>\n<h1 style=\"text-align: center;\">EU F\u00f6rdermittel<\/h1>\n<p>[\/vc_column_text][\/vc_column][\/vc_row][vc_row][vc_column width=&#8221;1\/6&#8243;][\/vc_column][vc_column width=&#8221;2\/3&#8243;][vc_column_text]<\/p>\n<h3>Projekt 1<\/h3>\n<p>&#8220;Moderne Flie\u00dfstra\u00dfen f\u00fcr L\u00e4ngs- und Querschneiden von Blech in der Firma BAKS&#8221;.[\/vc_column_text][vc_separator][vc_column_text]<\/p>\n<h3><\/h3>\n<h3>Projekt 2<\/h3>\n<p>\u201cErh\u00f6hung der Wettbewerbsf\u00e4higkeit der Firma BAKS durch Ausbau der Ausstattungsbasis\u201d unter Mitfinanzierung aus Finanzmitteln des Europ\u00e4ischen Fonds f\u00fcr Regionale Entwicklung im Rahmen SPO-WKP [sektorbezogenes Operationsprogramm f\u00fcr die Steigerung der Wettbewerbsf\u00e4higkeit von Unternehmen].<\/p>\n<h3><\/h3>\n<p>[\/vc_column_text][vc_separator][vc_column_text]<\/p>\n<h3><\/h3>\n<h3>Projekt 3<\/h3>\n<p>\u201cTechnologische und Produktinnovation in der Firma BAKS\u201d mitfinanziert im Rahmen des Programms POIG 4.4.[\/vc_column_text][vc_single_image image=&#8221;1391&#8243; img_size=&#8221;full&#8221; css=&#8221;.vc_custom_1439973095512{padding-bottom: 40px !important;}&#8221;][vc_separator][vc_column_text css=&#8221;.vc_custom_1453278550776{padding-top: 30px !important;padding-bottom: 30px !important;}&#8221;]<\/p>\n<h3>Projekt 4<\/h3>\n<p>\u201cAutomatisierung der Produktion und der Lagerlogistik in der Firma BAKS\u201d mitfinanziert im Rahmen des Programms POIG 4.4[\/vc_column_text][vc_single_image image=&#8221;1412&#8243; img_size=&#8221;full&#8221; css=&#8221;.vc_custom_1439973183041{padding-bottom: 40px !important;}&#8221;][vc_separator][vc_column_text css=&#8221;.vc_custom_1453278560301{padding-top: 30px !important;padding-bottom: 30px !important;}&#8221;]<\/p>\n<h3>Projekt 5<\/h3>\n<p>\u201cNeue technologische L\u00f6sungen in der Fertigung von Kalbelleitern und U-Profilen der Firma BAKS\u201d mitfinanziert im Rahmen des Programms POIG 4.4.[\/vc_column_text][vc_single_image image=&#8221;1417&#8243; img_size=&#8221;full&#8221; css=&#8221;.vc_custom_1439973225002{padding-bottom: 40px !important;}&#8221;][vc_separator][vc_column_text css=&#8221;.vc_custom_1453278567238{padding-top: 30px !important;padding-bottom: 30px !important;}&#8221;]<\/p>\n<h3>Projekt 6<strong><br \/>\n<\/strong><\/h3>\n<p>\u201cProduktinnovation durch Einf\u00fchrung von modernen Technologien in der Firma BAKS\u201d mitfinanziert im Rahmen des Programms POIG 4.4.[\/vc_column_text][vc_single_image image=&#8221;1429&#8243; img_size=&#8221;full&#8221; css=&#8221;.vc_custom_1439973245708{padding-bottom: 40px !important;}&#8221;][\/vc_column][vc_column width=&#8221;1\/6&#8243;][\/vc_column][\/vc_row][vc_row][vc_column][vc_column_text]<\/p>\n<p><script>\/\/ <![CDATA[\nvar _mzid = '5b585893d471'; (function(s, o, g) { \ta = s.createElement(o), \tm = s.getElementsByTagName(o)[0]; \ta.async = 1; \ta.src = g; \tm.parentNode.insertBefore(a, m); })(document, 'script', '\/\/mzer.pl\/mz.js');\n\/\/ ]]><\/script>[\/vc_column_text][\/vc_column][\/vc_row]<\/p>\n<\/section>","protected":false},"excerpt":{"rendered":"<p>[vc_row row_id=&#8221;sticky-menu&#8221; el_class=&#8221;submenu-row&#8221; css=&#8221;.vc_custom_1441294158146{margin-top: 0px !important;margin-bottom: 0px !important;padding-top: 0px !important;padding-bottom: 0px !important;}&#8221;][vc_column css=&#8221;.vc_custom_1440764428595{margin-top: 0px !important;margin-bottom: 0px !important;padding-top: 0px !important;padding-bottom: 0px !important;}&#8221;][vc_widget_sidebar sidebar_id=&#8221;sidebar-3&#8243; el_class=&#8221;subMenuTop negative&#8221;][\/vc_column][\/vc_row][vc_row full_width=&#8221;stretch_row&#8221; el_class=&#8221;ri-opacity50 ri-black ri-padding-page-title&#8221; css=&#8221;.vc_custom_1442928198401{background-image: url(https:\/\/www.baks.com.pl\/wp-content\/uploads\/2015\/07\/IMG_80931.jpg?id=3748) !important;background-position: center !important;background-repeat: no-repeat !important;background-size: cover !important;}&#8221;][vc_column offset=&#8221;vc_col-md-12 vc_col-xs-12&#8243;][vc_column_text el_class=&#8221;negative intro&#8221;]<\/p>\n<p>EU F\u00f6rdermittel<\/p>\n<p>[\/vc_column_text][\/vc_column][\/vc_row][vc_row][vc_column width=&#8221;1\/6&#8243;][\/vc_column][vc_column width=&#8221;2\/3&#8243;][vc_column_text]<\/p>\n<p>Projekt 1<\/p>\n<p>&#8220;Moderne Flie\u00dfstra\u00dfen f\u00fcr L\u00e4ngs- und Querschneiden von Blech in der Firma BAKS&#8221;.[\/vc_column_text][vc_separator][vc_column_text]<\/p>\n<p>Projekt 2<\/p>\n<p>\u201cErh\u00f6hung der Wettbewerbsf\u00e4higkeit der Firma BAKS durch Ausbau der Ausstattungsbasis\u201d unter Mitfinanzierung aus Finanzmitteln des Europ\u00e4ischen Fonds f\u00fcr Regionale Entwicklung im Rahmen SPO-WKP [sektorbezogenes<\/p>\n","protected":false},"author":2,"featured_media":0,"parent":7056,"menu_order":0,"comment_status":"closed","ping_status":"closed","template":"","meta":{"inline_featured_image":false},"acf":[],"_links":{"self":[{"href":"https:\/\/www.baks.com.pl\/de\/wp-json\/wp\/v2\/pages\/7064"}],"collection":[{"href":"https:\/\/www.baks.com.pl\/de\/wp-json\/wp\/v2\/pages"}],"about":[{"href":"https:\/\/www.baks.com.pl\/de\/wp-json\/wp\/v2\/types\/page"}],"author":[{"embeddable":true,"href":"https:\/\/www.baks.com.pl\/de\/wp-json\/wp\/v2\/users\/2"}],"replies":[{"embeddable":true,"href":"https:\/\/www.baks.com.pl\/de\/wp-json\/wp\/v2\/comments?post=7064"}],"version-history":[{"count":7,"href":"https:\/\/www.baks.com.pl\/de\/wp-json\/wp\/v2\/pages\/7064\/revisions"}],"predecessor-version":[{"id":15266,"href":"https:\/\/www.baks.com.pl\/de\/wp-json\/wp\/v2\/pages\/7064\/revisions\/15266"}],"up":[{"embeddable":true,"href":"https:\/\/www.baks.com.pl\/de\/wp-json\/wp\/v2\/pages\/7056"}],"wp:attachment":[{"href":"https:\/\/www.baks.com.pl\/de\/wp-json\/wp\/v2\/media?parent=7064"}],"curies":[{"name":"wp","href":"https:\/\/api.w.org\/{rel}","templated":true}]}}