{"id":5311,"date":"2015-07-21T15:35:08","date_gmt":"2015-07-21T13:35:08","guid":{"rendered":"https:\/\/baloikasdasa.sg-host.com\/en\/technical-support\/filmy-instruktazowe\/"},"modified":"2025-06-10T13:12:05","modified_gmt":"2025-06-10T11:12:05","slug":"filmy-instruktazowe","status":"publish","type":"page","link":"https:\/\/www.baks.com.pl\/en\/technical-support\/filmy-instruktazowe\/","title":{"rendered":"Filmy instrukta\u017cowe"},"content":{"rendered":"<section class=\"wpb-content-wrapper\"><p>[vc_row row_id=&#8221;sticky-menu&#8221; el_class=&#8221;submenu-row&#8221; css=&#8221;.vc_custom_1441294021510{margin-top: 0px !important;margin-bottom: 0px !important;padding-top: 0px !important;padding-bottom: 0px !important;}&#8221;][vc_column css=&#8221;.vc_custom_1440764227880{margin-top: 0px !important;margin-bottom: 0px !important;padding-top: 0px !important;padding-bottom: 0px !important;}&#8221;][vc_widget_sidebar sidebar_id=&#8221;sidebar-2&#8243; el_class=&#8221;subMenuTop negative&#8221;][\/vc_column][\/vc_row][vc_row full_width=&#8221;stretch_row&#8221; css=&#8221;.vc_custom_1444653773203{margin-bottom: 0px !important;background-image: url(https:\/\/www.baks.com.pl\/wp-content\/uploads\/2015\/07\/DSC_0095.jpg?id=4247) !important;background-position: center !important;background-repeat: no-repeat !important;background-size: cover !important;}&#8221; el_class=&#8221;negative intro ri-opacity60 ri-black ri-padding-page-title&#8221;][vc_column][vc_column_text css=&#8221;.vc_custom_1444304753158{margin-top: 50px !important;margin-bottom: 50px !important;}&#8221;]<\/p>\n<h1 style=\"text-align: center;\">Filmy instrukta\u017cowe<\/h1>\n<p>[\/vc_column_text][\/vc_column][\/vc_row][vc_row full_width=&#8221;stretch_row&#8221; css=&#8221;.vc_custom_1474883771344{margin-bottom: 0px !important;padding-top: 5vw !important;padding-bottom: 5vw !important;background-color: #f5f5f0 !important;}&#8221;][vc_column css=&#8221;.vc_custom_1442925646238{padding-top: 2vw !important;padding-bottom: 20px !important;}&#8221; offset=&#8221;vc_col-md-6 vc_col-xs-12&#8243;][vc_column_text]<strong>WSS&#8230; Wspornik \u015bcienno-sufitowy<\/strong><\/p>\n<p>Wspornik \u015bcienno-sufitowy WSS&#8230; gwarantuje:<br \/>\n\u2705 mo\u017cliwo\u015b\u0107 monta\u017cu wspornika bezpo\u015brednio do sufitu, w dw\u00f3ch r\u00f3\u017cnych punktach<br \/>\n\u2705 mo\u017cliwo\u015b\u0107 monta\u017cu wspornika bezpo\u015brednio do \u015bciany<br \/>\n\u2705 uchwyty dolne UDWS oraz boczne UBWS umo\u017cliwiaj\u0105 tworzenie r\u00f3\u017cnych konfiguracji tras kablowych[\/vc_column_text][\/vc_column][vc_column offset=&#8221;vc_col-md-6 vc_col-xs-12&#8243;][vc_video link=&#8221;https:\/\/youtu.be\/_aCICC5vvyw&#8221;][\/vc_column][\/vc_row][vc_row full_width=&#8221;stretch_row&#8221; css=&#8221;.vc_custom_1474883771344{margin-bottom: 0px !important;padding-top: 5vw !important;padding-bottom: 5vw !important;background-color: #f5f5f0 !important;}&#8221;][vc_column offset=&#8221;vc_col-md-6 vc_col-xs-12&#8243;][vc_video link=&#8221;https:\/\/youtu.be\/rnRQvSFEogg&#8221;][\/vc_column][vc_column css=&#8221;.vc_custom_1442925646238{padding-top: 2vw !important;padding-bottom: 20px !important;}&#8221; offset=&#8221;vc_col-md-6 vc_col-xs-12&#8243;][vc_column_text]<strong>Tr\u00f3jnik redukcyjny nak\u0142adany TRUNJ&#8230;<\/strong><\/p>\n<p>Tr\u00f3jnik redukcyjny nak\u0142adany TRUNJ&#8230; gwarantuje:<br \/>\n&#8211; rozga\u0142\u0119zienie trasy kablowej<br \/>\n&#8211; monta\u017c poprzez na\u0142o\u017cenie na korytko od g\u00f3ry lub od do\u0142u (po wcze\u015bniejszym wyci\u0119ciu dna)<br \/>\n&#8211; pasuje do korytek o wysoko\u015bci H42 &#8211; H100<br \/>\n&#8211; mo\u017cliwo\u015b\u0107 odej\u015bcia korytkiem w czterech po\u0142o\u017ceniach<br \/>\n&#8211; na zam\u00f3wienie mo\u017cliwo\u015b\u0107 wykonania w pozosta\u0142ych szeroko\u015bciach (150, 400, 500 i 600mm)[\/vc_column_text][\/vc_column][\/vc_row][vc_row full_width=&#8221;stretch_row&#8221; css=&#8221;.vc_custom_1474883771344{margin-bottom: 0px !important;padding-top: 5vw !important;padding-bottom: 5vw !important;background-color: #f5f5f0 !important;}&#8221;][vc_column offset=&#8221;vc_col-md-6 vc_col-xs-12&#8243;][vc_video link=&#8221;https:\/\/youtu.be\/plMG6tRT488&#8243;][\/vc_column][vc_column css=&#8221;.vc_custom_1442925646238{padding-top: 2vw !important;padding-bottom: 20px !important;}&#8221; offset=&#8221;vc_col-md-6 vc_col-xs-12&#8243;][vc_column_text]<strong>Stacje do \u0142adowania samochod\u00f3w elektrycznych SLW&#8230;1500 | BAKS<\/strong><\/p>\n<p>Stacje do \u0142adowania samochod\u00f3w elektrycznych SLW&#8230;1500 gwarantuj\u0105:<br \/>\n&#8211; wytrzyma\u0142o\u015b\u0107 i odporno\u015b\u0107 na uszkodzenia mechaniczne<br \/>\n&#8211; wykonanie ze stali nierdzewnej o wysokiej odporno\u015bci antykorozyjnej<br \/>\n&#8211; drzwiczki rewizyjne umo\u017cliwiaj\u0105 swobodny dost\u0119p dla instalatora wykonuj\u0105cego monta\u017c<br \/>\n&#8211; stacja \u0142adowania zawiera wszystkie niezb\u0119dne zabezpieczenia elektryczne<\/p>\n<p>Aplikacja EVSE Master &#8211; dzi\u0119ki tej aplikacji mo\u017cesz sterowa\u0107 stacj\u0105 \u0142adowania za pomoc\u0105 smartfona, dzi\u0119ki czemu \u0142adowanie samochodu stanie si\u0119 \u0142atwiejsze ni\u017c kiedykolwiek.<\/p>\n<p><span class=\"yt-core-attributed-string yt-core-attributed-string--white-space-pre-wrap\" role=\"text\"><span class=\"yt-core-attributed-string--link-inherit-color\">\u00a0<\/span><\/span>[\/vc_column_text][\/vc_column][\/vc_row][vc_row full_width=&#8221;stretch_row&#8221; css=&#8221;.vc_custom_1474883771344{margin-bottom: 0px !important;padding-top: 5vw !important;padding-bottom: 5vw !important;background-color: #f5f5f0 !important;}&#8221;][vc_column offset=&#8221;vc_col-md-6 vc_col-xs-12&#8243;][vc_video link=&#8221;https:\/\/youtu.be\/MAwWu8gJo2o&#8221;][\/vc_column][vc_column css=&#8221;.vc_custom_1442925646238{padding-top: 2vw !important;padding-bottom: 20px !important;}&#8221; offset=&#8221;vc_col-md-6 vc_col-xs-12&#8243;][vc_column_text]<strong>Korytko KFL&#8230;H60<br \/>\n<\/strong><\/p>\n<p>Informacje<br \/>\nProwadzenie trasy kablowej<\/p>\n<p>Materia\u0142<br \/>\nS &#8211; stal cynkowana met. Sendzimira PN-EN 10346:2015-09<br \/>\nNa zam\u00f3wienie:<br \/>\nL &#8211; lakierowanie w standardowej palecie RAL<\/p>\n<p>Dodatkowe informacje<br \/>\n&#8211; opcja E90 dla szeroko\u015bci 50 &#8211; 300 mm<br \/>\n&#8211; system bez\u0142\u0105cznikowy<br \/>\n&#8211; szybki i \u0142atwy monta\u017c<br \/>\n&#8211; stabilne po\u0142\u0105czenie zatrzaskowe<br \/>\n&#8211; g\u0142\u0119bokie przet\u0142oczenia otwor\u00f3w w dnie podwy\u017cszaj\u0105 wytrzyma\u0142o\u015b\u0107 korytka<br \/>\n&#8211; g\u0119sta perforacja z przet\u0142oczeniami zapewnia znakomit\u0105 wymian\u0119 ciep\u0142a i jest tak zaprojektowana, by umo\u017cliwi\u0107 monta\u017c korytka na wsporniku firmy BAKS w dowolnym miejscu<br \/>\n&#8211; otwory \u00d88.5 do szeroko\u015b\u0107i 50 mm i \u00d811 do szeroko\u015b\u0107i 100 mm w dnie koryta umo\u017cliwiaj\u0105 podwieszanie na pr\u0119cie gwintowanym.<br \/>\n&#8211; proponowane zamienniki posiadaj\u0105 zbli\u017cone parametry wytrzyma\u0142o\u015bciowe<\/p>\n<p><span class=\"yt-core-attributed-string yt-core-attributed-string--white-space-pre-wrap\" role=\"text\"><span class=\"yt-core-attributed-string--link-inherit-color\">\u00a0<\/span><\/span>[\/vc_column_text][\/vc_column][\/vc_row][vc_row css=&#8221;.vc_custom_1442925287962{margin-bottom: 0px !important;padding-top: 5vw !important;padding-bottom: 5vw !important;}&#8221;][vc_column css=&#8221;.vc_custom_1442925646238{padding-top: 2vw !important;padding-bottom: 20px !important;}&#8221; offset=&#8221;vc_col-md-6 vc_col-xs-12&#8243;][vc_column_text]<\/p>\n<h4>Drabinka Klik DF&#8230;H60<\/h4>\n<p>Informacje:<br \/>\nProwadzenie trasy kablowej<\/p>\n<p>Materia\u0142:<br \/>\nS &#8211; stal cynkowana metod\u0105 Sendzimira PN-EN 10346:2015-09<\/p>\n<p>Dodatkowe informacje:<br \/>\n\u2013 szybki i \u0142atwy monta\u017c<br \/>\n\u2013 po\u0142\u0105czenie bez\u0142\u0105cznikowe<br \/>\n\u2013 stabilne po\u0142\u0105czenie zatrzaskowe<br \/>\n\u2013 drabina ze szczeblami przystosowanymi do montowania uchwyt\u00f3w kablowych UK\/UKO&#8230; i UKP&#8230;<\/p>\n<p>[\/vc_column_text][\/vc_column][vc_column offset=&#8221;vc_col-md-6 vc_col-xs-12&#8243;][vc_video link=&#8221;https:\/\/youtu.be\/u0T4Ru0vmhI&#8221;][\/vc_column][\/vc_row][vc_row full_width=&#8221;stretch_row&#8221; css=&#8221;.vc_custom_1474883771344{margin-bottom: 0px !important;padding-top: 5vw !important;padding-bottom: 5vw !important;background-color: #f5f5f0 !important;}&#8221;][vc_column offset=&#8221;vc_col-md-6 vc_col-xs-12&#8243;][vc_video link=&#8221;https:\/\/www.youtube.com\/watch?v=ArSyDFWp1m0&#8243;][\/vc_column][vc_column css=&#8221;.vc_custom_1442925646238{padding-top: 2vw !important;padding-bottom: 20px !important;}&#8221; offset=&#8221;vc_col-md-6 vc_col-xs-12&#8243;][vc_column_text]<strong>Kolanko regulowane 90\u00b0 KKRPJ&#8230;H60<\/strong><\/p>\n<p><span class=\"yt-core-attributed-string yt-core-attributed-string--white-space-pre-wrap\" role=\"text\"><span class=\"yt-core-attributed-string--link-inherit-color\">Dodatkowe informacje:<br \/>\n\u2013 monta\u017c \u015brubami SGKM6x12 lub SGM6x12<br \/>\n\u2013 monta\u017c korytek wewn\u0105trz kszta\u0142tki<br \/>\n\u2013 regulacja k\u0105ta w zakresie 0-90\u00b0<\/span><\/span>[\/vc_column_text][\/vc_column][\/vc_row][vc_row css=&#8221;.vc_custom_1442925287962{margin-bottom: 0px !important;padding-top: 5vw !important;padding-bottom: 5vw !important;}&#8221;][vc_column css=&#8221;.vc_custom_1442925646238{padding-top: 2vw !important;padding-bottom: 20px !important;}&#8221; offset=&#8221;vc_col-md-6 vc_col-xs-12&#8243;][vc_column_text]<\/p>\n<h4>Profil aluminiowy PAL40H40&#8230; i Boczny uchwyt panelu Klik BUFK&#8230;.<\/h4>\n<p>Profil aluminiowy PAL40H40&#8230;<\/p>\n<p>Zastosowanie:<br \/>\nPodparcie paneli w konstrukcjach na dachy sko\u015bne oraz dachy p\u0142askie, monta\u017c paneli do konstrukcji wsporczej.<br \/>\nZalety:<br \/>\n&#8211; stabilne podparcie paneli w konstrukcjach na dachy sko\u015bne oraz dachy p\u0142askie<br \/>\n&#8211; szeroko\u015b\u0107 gniazd w profilu zapobiega obracaniu si\u0119 \u015brub i nakr\u0119tek sze\u015bciok\u0105tnych (M8 dla g\u00f3rnego gniazda oraz M10 dla dolnego gniazda)<br \/>\n&#8211; specjalny przekr\u00f3j profilu zwi\u0119kszaj\u0105cy jego wytrzyma\u0142o\u015b\u0107<br \/>\n&#8211; zmodyfikowane g\u00f3rne gniazdo, w celu lepszego monta\u017cu klem KLIK<\/p>\n<p>Boczny uchwyt panelu Klik BUFK&#8230;<\/p>\n<p>Zastosowanie:<br \/>\nMocowanie paneli PV do profili aluminiowych, szyn monta\u017cowych aluminiowych oraz uchwyt\u00f3w UPDMC i UPG&#8230;MC.<br \/>\nW sk\u0142ad zestawu wchodzi klema, \u015bruba imbusowa SAM8&#8230;, nakr\u0119tka kwadratowa NKWM8E i klips Klik.<br \/>\nZalety:<br \/>\n&#8211; zmodyfikowany kszta\u0142t zaczepu KLIK zapewnia szybki i stabilny monta\u017c uchwyt\u00f3w<br \/>\n&#8211; mo\u017cliwo\u015b\u0107 monta\u017cu w szynach SM&#8230;, profilach PAL&#8230; oraz uchwytach UPDMC i UPG&#8230;MC<\/p>\n<p>[\/vc_column_text][\/vc_column][vc_column offset=&#8221;vc_col-md-6 vc_col-xs-12&#8243;][vc_video link=&#8221;https:\/\/youtu.be\/A_tQjyOw1ow&#8221;][\/vc_column][\/vc_row][vc_row full_width=&#8221;stretch_row&#8221; css=&#8221;.vc_custom_1474883764796{margin-bottom: 0px !important;padding-top: 5vw !important;padding-bottom: 5vw !important;background-color: #f5f5f0 !important;}&#8221;][vc_column offset=&#8221;vc_col-md-6 vc_col-xs-12&#8243;][vc_video link=&#8221;https:\/\/youtu.be\/axbeO0h3i54&#8243;][\/vc_column][vc_column css=&#8221;.vc_custom_1442925646238{padding-top: 2vw !important;padding-bottom: 20px !important;}&#8221; offset=&#8221;vc_col-md-6 vc_col-xs-12&#8243;][vc_column_text]<\/p>\n<h4>Wysi\u0119gnik wzmocniony WWSR&#8230;<\/h4>\n<p>Opis produktu:<br \/>\nMocowanie korytek, korytek siatkowych, drabinek kablowych, rur i innych element\u00f3w.<\/p>\n<p>Zalety:<br \/>\n&#8211; du\u017ca wytrzyma\u0142o\u015b\u0107,<br \/>\n&#8211; boczny rygiel zapewniaj\u0105cy znacznie wi\u0119ksz\u0105 wytrzyma\u0142o\u015b\u0107,<br \/>\n&#8211; g\u0142\u0119bokie przet\u0142oczenie boczne usztywniaj\u0105ce wysi\u0119gnik,<br \/>\n&#8211; szybki monta\u017c na jednej \u015brubie lub kotwie,<br \/>\n&#8211; perforacja pasuj\u0105ca do wszystkich korytek i drabin,<br \/>\n&#8211; spe\u0142nia normy E30, E90,<\/p>\n<p>[\/vc_column_text][\/vc_column][\/vc_row][vc_row css=&#8221;.vc_custom_1442925287962{margin-bottom: 0px !important;padding-top: 5vw !important;padding-bottom: 5vw !important;}&#8221;][vc_column css=&#8221;.vc_custom_1442925646238{padding-top: 2vw !important;padding-bottom: 20px !important;}&#8221; offset=&#8221;vc_col-md-6 vc_col-xs-12&#8243;][vc_column_text]<strong>System: DP-DNHBE (10\u00b0, 15\u00b0, 20\u00b0)<\/strong><br \/>\n<strong>Konstrukcja do monta\u017cu paneli fotowoltaicznych na dachach p\u0142askich<\/strong><\/p>\n<p>Opis konstrukcji:<br \/>\nKompletny system wsporczy umo\u017cliwiaj\u0105cy zamocowanie paneli w uk\u0142adzie horyzontalnym pod k\u0105tem 10\u00b0, 15\u00b0 lub 20\u00b0na dachu p\u0142askim. System DP-DNHBE umo\u017cliwia monta\u017c paneli bez naruszania poszycia dachu dzi\u0119ki obci\u0105\u017ceniu konstrukcji bloczkami betonowymi (bloczki nale\u017cy zabezpieczy\u0107 przed nasi\u0105kaniem wod\u0105 opadow\u0105)<\/p>\n<p>Zalety:<br \/>\n\u2022 szybki monta\u017c i niska cena,<br \/>\n\u2022 konstrukcja przebadana pod wzgl\u0119dem wytrzyma\u0142o\u015bciowym<br \/>\n\u2022 wykonanie z blachy w pow\u0142oce: Magnelis\u00ae, MagiZinc\u00ae, PosMAC gwarantuje bardzo wysok\u0105 odporno\u015b\u0107 na korozj\u0119<br \/>\n\u2022 uchwyty g\u00f3rne wyposa\u017cone w otwory gwintowane u\u0142atwiaj\u0105ce monta\u017c os\u0142on wiatrowych<br \/>\n\u2022 p\u0142ynna regulacja rozstawu uchwyt\u00f3w w profilu prowadz\u0105cym<br \/>\n\u2022 pod\u0142u\u017cne otwory do monta\u017cu paneli w uchwytach UPDMC oraz UPG&#8230;MC poszerzaj\u0105 tolerancje monta\u017cu paneli do zamontowanej na dachu konstrukcji<br \/>\n\u2022 uchwyt dolny uniwersalny do ustawienia trzech k\u0105t\u00f3w: 10\u00b0, 15\u00b0 i 20[\/vc_column_text][\/vc_column][vc_column offset=&#8221;vc_col-md-6 vc_col-xs-12&#8243;][vc_video link=&#8221;https:\/\/youtu.be\/vO8K4E62lOc&#8221;][\/vc_column][\/vc_row][vc_row full_width=&#8221;stretch_row&#8221; css=&#8221;.vc_custom_1474883756965{margin-bottom: 0px !important;padding-top: 5vw !important;padding-bottom: 5vw !important;background-color: #f5f5f0 !important;}&#8221;][vc_column offset=&#8221;vc_col-md-6 vc_col-xs-12&#8243;][vc_video link=&#8221;https:\/\/youtu.be\/jjcflYd2YrU&#8221;][\/vc_column][vc_column css=&#8221;.vc_custom_1442925646238{padding-top: 2vw !important;padding-bottom: 20px !important;}&#8221; offset=&#8221;vc_col-md-6 vc_col-xs-12&#8243;][vc_column_text]<strong>System: DS-V4N<\/strong><br \/>\n<strong>Konstrukcja do monta\u017cu paneli fotowoltaicznych na dachu sko\u015bnym pokrytym dach\u00f3wk\u0105 ceramiczn\u0105<\/strong><\/p>\n<p>Opis konstrukcji:<br \/>\nKompletny system wsporczy umo\u017cliwiaj\u0105cy zamocowanie dowolnej liczby paneli PV w uk\u0142adzie wertykalnym na dachu sko\u015bnym pokrytym dach\u00f3wk\u0105 ceramiczn\u0105 lub betonow\u0105.<\/p>\n<p>Zalety:<br \/>\n\u00b7 szeroki zakres regulacji uchwyt\u00f3w dzi\u0119ki pod\u0142u\u017cnym otworom w ka\u017cdym z 3 element\u00f3w uchwytu<br \/>\n\u00b7 g\u0119ste otworowanie w cz\u0119\u015bci bezpo\u015brednio przylegaj\u0105cej do wi\u0119\u017aby dachowej zapewnia mo\u017cliwo\u015b\u0107 regulacji uchwytu i prawid\u0142owe ustawienie wzgl\u0119dem dach\u00f3wek tak aby hak znajdowa\u0142 si\u0119 na \u015brodku dach\u00f3wki montowanej poni\u017cej<br \/>\n\u00b7 wyd\u0142u\u017cone \u015brodkowe rami\u0119 uchwyt\u00f3w pozwala na monta\u017c hak\u00f3w do wi\u0119kszo\u015bci dach\u00f3wek ceramicznych i betonowych dost\u0119pnych na rynku<br \/>\n\u00b7 wykonanie element\u00f3w ze gwarantuje bardzo wysok\u0105 odporno\u015b\u0107 antykorozyjn\u0105<br \/>\n\u00b7 du\u017ca stabilno\u015b\u0107 konstrukcji dzi\u0119ki zastosowaniu profilu aluminiowego ze specjalnie wyprofilowanym przekrojem[\/vc_column_text][\/vc_column][\/vc_row][vc_row full_width=&#8221;stretch_row&#8221; css=&#8221;.vc_custom_1442926030032{margin-bottom: 0px !important;padding-top: 5vw !important;padding-bottom: 5vw !important;background-color: #f5f5f0 !important;}&#8221;][vc_column css=&#8221;.vc_custom_1441119757136{padding-top: 20px !important;}&#8221; offset=&#8221;vc_col-md-6 vc_col-xs-12&#8243;][vc_column_text]<strong>System: W-V2G2- BI-25\u00b0<\/strong><br \/>\n<strong>Konstrukcja wolnostoj\u0105ca do monta\u017cu dwustronnych paneli fotowoltaicznych (bifacial)<\/strong><\/p>\n<p>Opis konstrukcji:<br \/>\nKompletny system wsporczy umo\u017cliwiaj\u0105cy zamocowanie paneli dwustronnych (Bifacial), kt\u00f3re wykorzystuj\u0105 odbite od gruntu promienie s\u0142oneczne.<\/p>\n<p>Zalety:<br \/>\n\u00b7 zastosowanie niesymetrycznych profili z rozgi\u0119tym jednym z bok\u00f3w pozwala uzyska\u0107 odpowiedni k\u0105t konstrukcji i p\u0142aszczyzn\u0119 przygotowan\u0105 do bezpo\u015bredniego monta\u017cu profili na kt\u00f3ry uk\u0142adane b\u0119d\u0105 modu\u0142y<br \/>\n\u00b7 profile z rozgi\u0119tym bokiem montowane bezpo\u015brednio do s\u0142up\u00f3w podporowych bez dodatkowych element\u00f3w monta\u017cowych<br \/>\n\u00b7 wykonanie z Magnelisu\u00ae[\/vc_column_text][\/vc_column][vc_column offset=&#8221;vc_col-md-6 vc_col-xs-12&#8243;][vc_video link=&#8221;https:\/\/youtu.be\/Lb1aeokxsOA&#8221;][\/vc_column][\/vc_row][vc_row][vc_column][vc_column_text]<\/p>\n<p><script>\/\/ <![CDATA[ var _mzid = '5b585893d471'; (function(s, o, g) { a = s.createElement(o), m = s.getElementsByTagName(o)[0]; a.async = 1; a.src = g; m.parentNode.insertBefore(a, m); })(document, 'script', '\/\/mzer.pl\/mz.js'); \/\/ ]]><\/script>[\/vc_column_text][\/vc_column][\/vc_row]<\/p>\n<\/section>","protected":false},"excerpt":{"rendered":"<p>[vc_row row_id=&#8221;sticky-menu&#8221; el_class=&#8221;submenu-row&#8221; css=&#8221;.vc_custom_1441294021510{margin-top: 0px !important;margin-bottom: 0px !important;padding-top: 0px !important;padding-bottom: 0px !important;}&#8221;][vc_column css=&#8221;.vc_custom_1440764227880{margin-top: 0px !important;margin-bottom: 0px !important;padding-top: 0px !important;padding-bottom: 0px !important;}&#8221;][vc_widget_sidebar sidebar_id=&#8221;sidebar-2&#8243; el_class=&#8221;subMenuTop negative&#8221;][\/vc_column][\/vc_row][vc_row full_width=&#8221;stretch_row&#8221; css=&#8221;.vc_custom_1444653773203{margin-bottom: 0px !important;background-image: url(https:\/\/www.baks.com.pl\/wp-content\/uploads\/2015\/07\/DSC_0095.jpg?id=4247) !important;background-position: center !important;background-repeat: no-repeat !important;background-size: cover !important;}&#8221; el_class=&#8221;negative intro ri-opacity60 ri-black ri-padding-page-title&#8221;][vc_column][vc_column_text css=&#8221;.vc_custom_1444304753158{margin-top: 50px !important;margin-bottom: 50px !important;}&#8221;]<\/p>\n<p>Filmy instrukta\u017cowe<\/p>\n<p>[\/vc_column_text][\/vc_column][\/vc_row][vc_row full_width=&#8221;stretch_row&#8221; css=&#8221;.vc_custom_1474883771344{margin-bottom: 0px !important;padding-top: 5vw !important;padding-bottom: 5vw !important;background-color: #f5f5f0 !important;}&#8221;][vc_column css=&#8221;.vc_custom_1442925646238{padding-top: 2vw !important;padding-bottom: 20px !important;}&#8221; offset=&#8221;vc_col-md-6 vc_col-xs-12&#8243;][vc_column_text]<strong>WSS&#8230; Wspornik \u015bcienno-sufitowy<\/strong><\/p>\n<p>Wspornik \u015bcienno-sufitowy WSS&#8230; gwarantuje:<br \/>\n\u2705 mo\u017cliwo\u015b\u0107 monta\u017cu wspornika bezpo\u015brednio do sufitu, w dw\u00f3ch r\u00f3\u017cnych punktach<br \/>\n\u2705 mo\u017cliwo\u015b\u0107<\/p>\n","protected":false},"author":2,"featured_media":0,"parent":5260,"menu_order":0,"comment_status":"closed","ping_status":"closed","template":"","meta":{"inline_featured_image":false},"acf":[],"_links":{"self":[{"href":"https:\/\/www.baks.com.pl\/en\/wp-json\/wp\/v2\/pages\/5311"}],"collection":[{"href":"https:\/\/www.baks.com.pl\/en\/wp-json\/wp\/v2\/pages"}],"about":[{"href":"https:\/\/www.baks.com.pl\/en\/wp-json\/wp\/v2\/types\/page"}],"author":[{"embeddable":true,"href":"https:\/\/www.baks.com.pl\/en\/wp-json\/wp\/v2\/users\/2"}],"replies":[{"embeddable":true,"href":"https:\/\/www.baks.com.pl\/en\/wp-json\/wp\/v2\/comments?post=5311"}],"version-history":[{"count":40,"href":"https:\/\/www.baks.com.pl\/en\/wp-json\/wp\/v2\/pages\/5311\/revisions"}],"predecessor-version":[{"id":50486,"href":"https:\/\/www.baks.com.pl\/en\/wp-json\/wp\/v2\/pages\/5311\/revisions\/50486"}],"up":[{"embeddable":true,"href":"https:\/\/www.baks.com.pl\/en\/wp-json\/wp\/v2\/pages\/5260"}],"wp:attachment":[{"href":"https:\/\/www.baks.com.pl\/en\/wp-json\/wp\/v2\/media?parent=5311"}],"curies":[{"name":"wp","href":"https:\/\/api.w.org\/{rel}","templated":true}]}}