{"id":7537,"date":"2015-12-14T10:36:08","date_gmt":"2015-12-14T09:36:08","guid":{"rendered":"https:\/\/baloikasdasa.sg-host.com\/fr\/?page_id=7537"},"modified":"2025-04-11T07:56:00","modified_gmt":"2025-04-11T05:56:00","slug":"entreprise","status":"publish","type":"page","link":"https:\/\/www.baks.com.pl\/fr\/entreprise\/","title":{"rendered":"Entreprise"},"content":{"rendered":"<section class=\"wpb-content-wrapper\"><p>[vc_row row_id=&#8221;sticky-menu&#8221; css=&#8221;.vc_custom_1441294082716{margin-top: 0px !important;margin-bottom: 0px !important;padding-top: 0px !important;padding-bottom: 0px !important;}&#8221; el_class=&#8221;submenu-row&#8221;][vc_column css=&#8221;.vc_custom_1438694375111{margin-top: 0px !important;margin-bottom: 0px !important;padding-top: 0px !important;padding-bottom: 0px !important;}&#8221;][vc_widget_sidebar sidebar_id=&#8221;sidebar-3&#8243; el_class=&#8221;subMenuTop negative&#8221;][\/vc_column][\/vc_row][vc_row full_width=&#8221;stretch_row&#8221; css=&#8221;.vc_custom_1443077727653{margin-bottom: 0px !important;background-image: url(https:\/\/www.baks.com.pl\/wp-content\/uploads\/2015\/09\/IMG_3566-mod-reduced-001.jpg?id=3942) !important;background-position: center !important;background-repeat: no-repeat !important;background-size: cover !important;}&#8221; el_class=&#8221;ri-opacity30 ri-black ri-padding-page-title&#8221;][vc_column el_class=&#8221;ri-first-column&#8221; offset=&#8221;vc_col-lg-offset-2 vc_col-md-offset-2 vc_col-md-8 vc_col-xs-12&#8243;][vc_column_text el_class=&#8221;intro negative&#8221;]<\/p>\n<h1 class=\"p1\" style=\"text-align: center;\"><span class=\"s1\">39 ans d&#8217;exp\u00e9rience dans la fabrication de chemins de c\u00e2ble<\/span><\/h1>\n<hr \/>\n<p style=\"text-align: center;\">Nous travaillons dans la conception et la fabrication de chemins de c\u00e2ble et de chemins d&#8217;installation professionnels depuis 1986. Nos produits sont connus dans le monde entier.<\/p>\n<p>[\/vc_column_text][\/vc_column][\/vc_row][vc_row full_width=&#8221;stretch_row&#8221; css=&#8221;.vc_custom_1443428363802{margin-bottom: 0px !important;padding-top: 0px !important;padding-bottom: 30px !important;background-color: #acc940 !important;}&#8221;][vc_column width=&#8221;1\/2&#8243; offset=&#8221;vc_col-md-3 vc_col-xs-12&#8243; css=&#8221;.vc_custom_1442578694453{padding-top: 30px !important;}&#8221;][vc_icon icon_fontawesome=&#8221;fa fa-shield&#8221; color=&#8221;white&#8221; background_style=&#8221;rounded-outline&#8221; background_color=&#8221;white&#8221; align=&#8221;center&#8221; el_class=&#8221;ri_icon_element&#8221;][vc_column_text el_class=&#8221;negative&#8221;]<\/p>\n<p style=\"text-align: center;\">Exp\u00e9rience et responsabilit\u00e9<\/p>\n<p>[\/vc_column_text][\/vc_column][vc_column width=&#8221;1\/2&#8243; css=&#8221;.vc_custom_1442578685713{padding-top: 30px !important;}&#8221; offset=&#8221;vc_col-md-3 vc_col-xs-12&#8243;][vc_icon icon_fontawesome=&#8221;fa fa-book&#8221; color=&#8221;white&#8221; background_style=&#8221;rounded-outline&#8221; background_color=&#8221;white&#8221; align=&#8221;center&#8221; el_class=&#8221;ri_icon_element&#8221;][vc_column_text el_class=&#8221;negative&#8221;]<\/p>\n<p style=\"text-align: center;\">Une large gamme de produits et solutions<\/p>\n<p>[\/vc_column_text][\/vc_column][vc_column width=&#8221;1\/2&#8243; css=&#8221;.vc_custom_1442578709625{padding-top: 30px !important;}&#8221; offset=&#8221;vc_col-md-3 vc_col-xs-12&#8243;][vc_icon icon_fontawesome=&#8221;fa fa-truck&#8221; color=&#8221;white&#8221; background_style=&#8221;rounded-outline&#8221; background_color=&#8221;white&#8221; align=&#8221;center&#8221; el_class=&#8221;ri_icon_element&#8221;][vc_column_text el_class=&#8221;negative&#8221;]<\/p>\n<p style=\"text-align: center;\">Disponibilit\u00e9 imm\u00e9diate depuis des centres de distribution<\/p>\n<p>[\/vc_column_text][\/vc_column][vc_column width=&#8221;1\/2&#8243; css=&#8221;.vc_custom_1442578730950{padding-top: 30px !important;}&#8221; offset=&#8221;vc_col-md-3 vc_col-xs-12&#8243;][vc_icon icon_fontawesome=&#8221;fa fa-lightbulb-o&#8221; color=&#8221;white&#8221; background_style=&#8221;rounded-outline&#8221; background_color=&#8221;white&#8221; align=&#8221;center&#8221; el_class=&#8221;ri_icon_element&#8221;][vc_column_text el_class=&#8221;negative&#8221;]<\/p>\n<p style=\"text-align: center;\">Innovation et garantie de qualit\u00e9 sup\u00e9rieure<\/p>\n<p>[\/vc_column_text][\/vc_column][\/vc_row][vc_row full_width=&#8221;stretch_row&#8221; css=&#8221;.vc_custom_1442847787761{margin-bottom: 0px !important;}&#8221; el_class=&#8221;ri-padding-txt-image&#8221;][vc_column offset=&#8221;vc_col-md-6 vc_col-xs-12&#8243; css=&#8221;.vc_custom_1442907083536{padding-top: 5vw !important;}&#8221;][vc_column_text el_class=&#8221;intro&#8221; css=&#8221;.vc_custom_1465548724638{padding-right: 30px !important;}&#8221;]<\/p>\n<h2>Une large gamme de produits<\/h2>\n<p>Dans l&#8217;offre du catalogue actuel nous pr\u00e9sentons plus de 27 000 produits standard. Nous travaillons avec nos clients afin de personnaliser nos solutions \u00e0 vos besoins sp\u00e9cifiques de l&#8217;application.<\/p>\n<p><a href=\"https:\/\/katalog.baks.com.pl\/fr\/product\" target=\"_blank\" rel=\"noopener\">Catalogue on-line<\/a>[\/vc_column_text][\/vc_column][vc_column offset=&#8221;vc_col-md-6 vc_col-xs-12&#8243; css=&#8221;.vc_custom_1442406532563{padding-top: 40px !important;}&#8221;][vc_single_image image=&#8221;7364&#8243; img_size=&#8221;large&#8221;][\/vc_column][\/vc_row][vc_row full_width=&#8221;stretch_row&#8221; css=&#8221;.vc_custom_1449752091439{margin-bottom: 0px !important;padding-bottom: 3vw !important;background: #fafaf5 url(\/wp-content\/uploads\/2015\/12\/metro.png?id=7355) !important;background-position: center !important;background-repeat: no-repeat !important;background-size: cover !important;}&#8221; el_class=&#8221;ri-opacity40 ri-black ri-padding-txt-image&#8221;][vc_column offset=&#8221;vc_col-md-offset-6 vc_col-md-6 vc_col-xs-12&#8243; css=&#8221;.vc_custom_1442907767057{padding-top: 5vw !important;padding-bottom: 10px !important;}&#8221;][vc_column_text el_class=&#8221;intro negative&#8221; css=&#8221;.vc_custom_1442907101913{padding-bottom: 0px !important;padding-left: 30px !important;}&#8221;]<\/p>\n<h2>Des projets prestigieux<\/h2>\n<p>Nos produits permettent de construire des syst\u00e8mes complets qui r\u00e9pondent aux besoins des investissements industriels, des infrastructures et du logement les plus difficiles.<br \/>\n[\/vc_column_text][vc_row_inner css=&#8221;.vc_custom_1438763933236{padding-left: 30px !important;}&#8221;][vc_column_inner][vc_btn title=&#8221;R\u00e9f\u00e9rences&#8221; color=&#8221;warning&#8221; link=&#8221;url:http%3A%2F%2F%2Ffr%2Fentreprise%2Freferences%2F||&#8221;][\/vc_column_inner][\/vc_row_inner][\/vc_column][\/vc_row][vc_row full_width=&#8221;stretch_row&#8221; el_class=&#8221;ri-padding-txt-image&#8221; css=&#8221;.vc_custom_1442921785310{margin-bottom: 0px !important;padding-bottom: 3vw !important;}&#8221;][vc_column css=&#8221;.vc_custom_1442907607769{padding-top: 5vw !important;}&#8221; offset=&#8221;vc_col-md-6 vc_col-xs-12&#8243;][vc_column_text el_class=&#8221;intro&#8221; css=&#8221;.vc_custom_1450193318568{padding-right: 30px !important;}&#8221;]<\/p>\n<h2>Une qualit\u00e9 sup\u00e9rieure<\/h2>\n<p>Le processus int\u00e9gr\u00e9 de conception et de fabrication, bas\u00e9 sur les lignes de production automatis\u00e9es command\u00e9es num\u00e9riquement, garantit la plus haute pr\u00e9cision. La qualit\u00e9 de nos produits est confirm\u00e9e par de nombreux certificats et la recherche externe.<\/p>\n<p><a href=\"\/fr\/entreprise\/recherches-et-developpement\/\">Recherche et d\u00e9veloppement<\/a>[\/vc_column_text][\/vc_column][vc_column css=&#8221;.vc_custom_1442406559765{padding-top: 40px !important;}&#8221; offset=&#8221;vc_col-md-6 vc_col-xs-12&#8243;][vc_single_image image=&#8221;3480&#8243; img_size=&#8221;large&#8221; css=&#8221;.vc_custom_1442583205291{background-position: center !important;background-repeat: no-repeat !important;background-size: cover !important;}&#8221;][\/vc_column][\/vc_row][vc_row full_width=&#8221;stretch_row&#8221; css=&#8221;.vc_custom_1442903567993{margin-bottom: 0px !important;background-color: #fafaf5 !important;}&#8221; el_class=&#8221;ri-padding-txt-image&#8221;][vc_column css=&#8221;.vc_custom_1442406574930{padding-top: 40px !important;}&#8221; offset=&#8221;vc_col-md-6 vc_col-xs-12&#8243;][vc_single_image image=&#8221;6144&#8243; img_size=&#8221;large&#8221;][\/vc_column][vc_column offset=&#8221;vc_col-md-6 vc_col-xs-12&#8243; css=&#8221;.vc_custom_1442907636335{padding-top: 5vw !important;}&#8221;][vc_column_text el_class=&#8221;intro&#8221; css=&#8221;.vc_custom_1450193344913{padding-left: 30px !important;}&#8221;]<\/p>\n<h2>Une disponibilit\u00e9 imm\u00e9diate<\/h2>\n<p>Nos centres logistiques et un vaste r\u00e9seau de partenaires commerciaux permettent une mise en \u0153uvre imm\u00e9diate des commandes standards dans l&#8217;espace de quelques jours.<\/p>\n<p><a href=\"\/fr\/nous-joindre\/partenaires-commerciaux\/\">Partenaires commerciaux<\/a>[\/vc_column_text][\/vc_column][\/vc_row][vc_row full_width=&#8221;stretch_row&#8221; css=&#8221;.vc_custom_1449838513076{margin-top: 0px !important;margin-bottom: 0px !important;background-image: url(\/wp-content\/uploads\/2015\/07\/MVI_6491_177.jpg?id=7401) !important;background-position: center !important;background-repeat: no-repeat !important;background-size: cover !important;}&#8221; el_class=&#8221;ri-opacity40 ri-black ri-padding-page-title&#8221;][vc_column el_class=&#8221;ri-first-column&#8221; offset=&#8221;vc_col-md-6 vc_col-xs-12&#8243;][vc_column_text el_class=&#8221;intro negative&#8221;]<\/p>\n<h2>Le travail \u00e0 BAKS<\/h2>\n<p>Nous sommes une entreprise stable et responsable, pr\u00e9sente sur le march\u00e9 depuis 30 ans. Nous garantissons des conditions de travail transparentes. Si vous \u00eates int\u00e9ress\u00e9 par le d\u00e9veloppement professionnel, consultez nos offres de travail actuelles.<br \/>\n[\/vc_column_text][\/vc_column][\/vc_row]<\/p>\n<\/section>","protected":false},"excerpt":{"rendered":"<p>[vc_row row_id=&#8221;sticky-menu&#8221; css=&#8221;.vc_custom_1441294082716{margin-top: 0px !important;margin-bottom: 0px !important;padding-top: 0px !important;padding-bottom: 0px !important;}&#8221; el_class=&#8221;submenu-row&#8221;][vc_column css=&#8221;.vc_custom_1438694375111{margin-top: 0px !important;margin-bottom: 0px !important;padding-top: 0px !important;padding-bottom: 0px !important;}&#8221;][vc_widget_sidebar sidebar_id=&#8221;sidebar-3&#8243; el_class=&#8221;subMenuTop negative&#8221;][\/vc_column][\/vc_row][vc_row full_width=&#8221;stretch_row&#8221; css=&#8221;.vc_custom_1443077727653{margin-bottom: 0px !important;background-image: url(https:\/\/www.baks.com.pl\/wp-content\/uploads\/2015\/09\/IMG_3566-mod-reduced-001.jpg?id=3942) !important;background-position: center !important;background-repeat: no-repeat !important;background-size: cover !important;}&#8221; el_class=&#8221;ri-opacity30 ri-black ri-padding-page-title&#8221;][vc_column el_class=&#8221;ri-first-column&#8221; offset=&#8221;vc_col-lg-offset-2 vc_col-md-offset-2 vc_col-md-8 vc_col-xs-12&#8243;][vc_column_text el_class=&#8221;intro negative&#8221;]<\/p>\n<p>39 ans d&#8217;exp\u00e9rience dans la fabrication de chemins de c\u00e2ble<\/p>\n<p style=\"text-align: center;\">Nous travaillons dans la conception et la fabrication de chemins de c\u00e2ble et de chemins d&#8217;installation professionnels depuis 1986. Nos produits sont connus dans<\/p>\n","protected":false},"author":2,"featured_media":0,"parent":0,"menu_order":0,"comment_status":"closed","ping_status":"closed","template":"","meta":{"inline_featured_image":false},"acf":[],"_links":{"self":[{"href":"https:\/\/www.baks.com.pl\/fr\/wp-json\/wp\/v2\/pages\/7537"}],"collection":[{"href":"https:\/\/www.baks.com.pl\/fr\/wp-json\/wp\/v2\/pages"}],"about":[{"href":"https:\/\/www.baks.com.pl\/fr\/wp-json\/wp\/v2\/types\/page"}],"author":[{"embeddable":true,"href":"https:\/\/www.baks.com.pl\/fr\/wp-json\/wp\/v2\/users\/2"}],"replies":[{"embeddable":true,"href":"https:\/\/www.baks.com.pl\/fr\/wp-json\/wp\/v2\/comments?post=7537"}],"version-history":[{"count":12,"href":"https:\/\/www.baks.com.pl\/fr\/wp-json\/wp\/v2\/pages\/7537\/revisions"}],"predecessor-version":[{"id":49821,"href":"https:\/\/www.baks.com.pl\/fr\/wp-json\/wp\/v2\/pages\/7537\/revisions\/49821"}],"wp:attachment":[{"href":"https:\/\/www.baks.com.pl\/fr\/wp-json\/wp\/v2\/media?parent=7537"}],"curies":[{"name":"wp","href":"https:\/\/api.w.org\/{rel}","templated":true}]}}