{"id":7541,"date":"2015-12-14T10:39:21","date_gmt":"2015-12-14T09:39:21","guid":{"rendered":"https:\/\/baloikasdasa.sg-host.com\/fr\/?page_id=7541"},"modified":"2018-07-26T07:48:07","modified_gmt":"2018-07-26T05:48:07","slug":"recherches-et-developpement","status":"publish","type":"page","link":"https:\/\/www.baks.com.pl\/fr\/entreprise\/recherches-et-developpement\/","title":{"rendered":"Recherches et d\u00e9veloppement"},"content":{"rendered":"<section class=\"wpb-content-wrapper\"><p>[vc_row row_id=&#8221;sticky-menu&#8221; el_class=&#8221;submenu-row&#8221; css=&#8221;.vc_custom_1441294123606{margin-top: 0px !important;margin-bottom: 0px !important;padding-top: 0px !important;padding-bottom: 0px !important;}&#8221;][vc_column css=&#8221;.vc_custom_1440764334439{margin-top: 0px !important;margin-bottom: 0px !important;padding-top: 0px !important;padding-bottom: 0px !important;}&#8221;][vc_widget_sidebar sidebar_id=&#8221;sidebar-3&#8243; el_class=&#8221;subMenuTop negative&#8221;][\/vc_column][\/vc_row][vc_row full_width=&#8221;stretch_row&#8221; css=&#8221;.vc_custom_1443690233530{margin-bottom: 0px !important;background-image: url(https:\/\/www.baks.com.pl\/wp-content\/uploads\/2015\/08\/14badania-i-rozw\u00f3j.jpg?id=4186) !important;background-position: center !important;background-repeat: no-repeat !important;background-size: cover !important;}&#8221; el_class=&#8221;ri-opacity50 ri-black ri-padding-page-title&#8221;][vc_column offset=&#8221;vc_col-md-offset-2 vc_col-md-8 vc_col-xs-12&#8243;][vc_column_text el_class=&#8221;negative intro&#8221;]<\/p>\n<h1 style=\"text-align: center;\">Recherches et d\u00e9veloppement<\/h1>\n<hr \/>\n<p style=\"text-align: center;\">Dans le cadre de nos normes \u00e9lev\u00e9es, nous nous effor\u00e7ons continuellement de cr\u00e9er des solutions qui anticipent les besoins de nos clients.<\/p>\n<p>[\/vc_column_text][\/vc_column][\/vc_row][vc_row full_width=&#8221;stretch_row&#8221; css=&#8221;.vc_custom_1442411282163{margin-bottom: 0px !important;padding-top: 80px !important;padding-bottom: 40px !important;background-color: #fafaf5 !important;}&#8221;][vc_column width=&#8221;2\/3&#8243; offset=&#8221;vc_col-sm-offset-2&#8243;][vc_column_text]<\/p>\n<h2 style=\"text-align: center;\">D\u00e9veloppement des produits<\/h2>\n<p style=\"text-align: center;\">Analyse des besoins et des remarques des clients exige en permanence un travail sur de nouveaux produits et l&#8217;am\u00e9lioration de ceux qui existent. Sur la base de l&#8217;environnement de CAO int\u00e9gr\u00e9, nos ing\u00e9nieurs cr\u00e9ent continuellement et testent de nouvelles solutions. Le comportement des mod\u00e8les (charge, d\u00e9formation, tension) est v\u00e9rifi\u00e9e \u00e0 l&#8217;aide de simulations num\u00e9riques. Les meilleurs projets &#8211; avant de partir en production de masse &#8211; sont r\u00e9alis\u00e9s sous la forme de prototypes physiques et test\u00e9s dans des conditions r\u00e9elles.<\/p>\n<p>[\/vc_column_text][vc_row_inner][vc_column_inner width=&#8221;1\/4&#8243;][vc_single_image image=&#8221;3271&#8243; img_size=&#8221;full&#8221;][\/vc_column_inner][vc_column_inner width=&#8221;1\/4&#8243;][vc_single_image image=&#8221;3279&#8243; img_size=&#8221;full&#8221;][\/vc_column_inner][vc_column_inner width=&#8221;1\/4&#8243;][vc_single_image image=&#8221;3280&#8243; img_size=&#8221;full&#8221;][\/vc_column_inner][vc_column_inner width=&#8221;1\/4&#8243;][vc_single_image image=&#8221;3278&#8243; img_size=&#8221;full&#8221;][\/vc_column_inner][\/vc_row_inner][\/vc_column][vc_column width=&#8221;1\/6&#8243;][\/vc_column][\/vc_row][vc_row full_width=&#8221;stretch_row&#8221; css=&#8221;.vc_custom_1443428457451{margin-bottom: 0px !important;padding-top: 80px !important;padding-bottom: 60px !important;background-color: #acc940 !important;}&#8221;][vc_column width=&#8221;1\/6&#8243;][\/vc_column][vc_column width=&#8221;2\/3&#8243;][vc_column_text el_class=&#8221;negative&#8221;]<\/p>\n<h2 style=\"text-align: center;\">Examen E-90<\/h2>\n<p style=\"text-align: center;\">Nos solutions pour les \u00e9quipements \u00e9l\u00e9ctriques d&#8217;alimentation et de commande des \u00e9quipements de protection contre les incendies sont soumis \u00e0 des tests rigoureux dans des instituts accr\u00e9dit\u00e9s.<br \/>\nLes produits et syst\u00e8mes certifi\u00e9s BAKS garantissent la continuit\u00e9 du travail lors de l&#8217;incendie tout en assurant la s\u00e9curit\u00e9 des personnes et des b\u00e2timents.<\/p>\n<p style=\"text-align: center;\"><a href=\"\/fr\/appui-technique\/certificats#e90-certificats\">Certificats E-90<\/a><\/p>\n<p>[\/vc_column_text][vc_row_inner][vc_column_inner][vc_gallery type=&#8221;image_grid&#8221; images=&#8221;1379,1377,1378,1382&#8243; img_size=&#8221;full&#8221; el_class=&#8221;ri-pretty-gallery&#8221;][\/vc_column_inner][\/vc_row_inner][\/vc_column][vc_column width=&#8221;1\/6&#8243;][\/vc_column][\/vc_row][vc_row full_width=&#8221;stretch_row&#8221; css=&#8221;.vc_custom_1444809719654{margin-bottom: 0px !important;padding-top: 80px !important;padding-bottom: 20px !important;background-color: #ffffff !important;}&#8221;][vc_column width=&#8221;1\/6&#8243;][\/vc_column][vc_column width=&#8221;2\/3&#8243;][vc_column_text]<\/p>\n<h2 style=\"text-align: center;\">Certificats E-90<\/h2>\n<p style=\"text-align: center;\">Nous attestons r\u00e9guli\u00e8rement la conformit\u00e9 des produits Baks avec les normes de qualit\u00e9 et les dispositions de la loi en vigueur. Le r\u00e9sultat des normes internes \u00e9lev\u00e9es qui r\u00e9gissent nos solutions sont tous les certificats nationaux et internationaux obtenus requis par la loi.<\/p>\n<p style=\"text-align: center;\"><a href=\"\/fr\/appui-technique\/certificats\/\">Certificats<\/a><\/p>\n<p>[\/vc_column_text][\/vc_column][vc_column width=&#8221;1\/6&#8243;][\/vc_column][\/vc_row][vc_row full_width=&#8221;stretch_row&#8221; css=&#8221;.vc_custom_1441814108293{margin-top: 0px !important;margin-bottom: 0px !important;background-color: #ffffff !important;}&#8221;][vc_column width=&#8221;1\/6&#8243; offset=&#8221;vc_col-sm-offset-2 vc_col-xs-6&#8243; css=&#8221;.vc_custom_1444809928087{padding-top: 0px !important;padding-left: 50px !important;}&#8221;][vc_single_image image=&#8221;2653&#8243; img_size=&#8221;medium&#8221; alignment=&#8221;center&#8221; el_class=&#8221;logo-tuv&#8221;][\/vc_column][vc_column width=&#8221;1\/6&#8243; offset=&#8221;vc_col-xs-6&#8243; css=&#8221;.vc_custom_1444809936599{padding-left: 50px !important;}&#8221;][vc_single_image image=&#8221;2647&#8243; img_size=&#8221;full&#8221; alignment=&#8221;center&#8221; el_class=&#8221;logo-ce&#8221; css=&#8221;.vc_custom_1441813999102{padding-top: 30px !important;}&#8221;][\/vc_column][vc_column width=&#8221;1\/6&#8243; offset=&#8221;vc_col-xs-6&#8243; css=&#8221;.vc_custom_1444809941986{padding-left: 50px !important;}&#8221;][vc_single_image image=&#8221;2654&#8243; img_size=&#8221;full&#8221; alignment=&#8221;center&#8221; el_class=&#8221;logo-dve&#8221; css=&#8221;.vc_custom_1441814005136{padding-top: 25px !important;}&#8221;][\/vc_column][vc_column width=&#8221;1\/6&#8243; offset=&#8221;vc_col-xs-6&#8243; css=&#8221;.vc_custom_1444809948517{padding-left: 50px !important;}&#8221;][vc_single_image image=&#8221;2651&#8243; img_size=&#8221;full&#8221; alignment=&#8221;right&#8221; el_class=&#8221;logo-pzh&#8221; css=&#8221;.vc_custom_1441814257074{padding-top: 10px !important;}&#8221;][\/vc_column][\/vc_row][vc_row full_width=&#8221;stretch_row&#8221; css=&#8221;.vc_custom_1444809641010{margin-bottom: 0px !important;padding-bottom: 40px !important;background-color: #ffffff !important;}&#8221;][vc_column width=&#8221;1\/6&#8243; offset=&#8221;vc_col-sm-offset-2 vc_col-xs-6&#8243; css=&#8221;.vc_custom_1444809954806{padding-top: 40px !important;padding-bottom: 4px !important;}&#8221;][vc_single_image image=&#8221;2650&#8243; img_size=&#8221;full&#8221; alignment=&#8221;center&#8221; css=&#8221;.vc_custom_1441355252431{padding-top: 20px !important;}&#8221;][\/vc_column][vc_column width=&#8221;1\/6&#8243; offset=&#8221;vc_col-xs-6&#8243; css=&#8221;.vc_custom_1444810043718{padding-top: 20px !important;padding-bottom: 20px !important;padding-left: 50px !important;}&#8221;][vc_single_image image=&#8221;2652&#8243; img_size=&#8221;full&#8221; alignment=&#8221;center&#8221; el_class=&#8221;logo-cnbop&#8221;][\/vc_column][vc_column width=&#8221;1\/6&#8243; offset=&#8221;vc_col-xs-6&#8243; css=&#8221;.vc_custom_1444809966126{padding-top: 20px !important;}&#8221;][vc_single_image image=&#8221;2649&#8243; img_size=&#8221;full&#8221;][\/vc_column][vc_column width=&#8221;1\/6&#8243; offset=&#8221;vc_col-xs-6&#8243; css=&#8221;.vc_custom_1444809970893{padding-top: 20px !important;}&#8221;][vc_single_image image=&#8221;2648&#8243; img_size=&#8221;full&#8221; alignment=&#8221;center&#8221; css=&#8221;.vc_custom_1441355256943{padding-top: 20px !important;}&#8221;][\/vc_column][\/vc_row]<br \/>\n<script>\nvar _mzid = '5b585893d471';\n(function(s, o, g) {\n\ta = s.createElement(o),\n\tm = s.getElementsByTagName(o)[0];\n\ta.async = 1;\n\ta.src = g;\n\tm.parentNode.insertBefore(a, m);\n})(document, 'script', '\/\/mzer.pl\/mz.js');\n<\/script> <\/p>\n<\/section>","protected":false},"excerpt":{"rendered":"<p>[vc_row row_id=&#8221;sticky-menu&#8221; el_class=&#8221;submenu-row&#8221; css=&#8221;.vc_custom_1441294123606{margin-top: 0px !important;margin-bottom: 0px !important;padding-top: 0px !important;padding-bottom: 0px !important;}&#8221;][vc_column css=&#8221;.vc_custom_1440764334439{margin-top: 0px !important;margin-bottom: 0px !important;padding-top: 0px !important;padding-bottom: 0px !important;}&#8221;][vc_widget_sidebar sidebar_id=&#8221;sidebar-3&#8243; el_class=&#8221;subMenuTop negative&#8221;][\/vc_column][\/vc_row][vc_row full_width=&#8221;stretch_row&#8221; css=&#8221;.vc_custom_1443690233530{margin-bottom: 0px !important;background-image: url(https:\/\/www.baks.com.pl\/wp-content\/uploads\/2015\/08\/14badania-i-rozw\u00f3j.jpg?id=4186) !important;background-position: center !important;background-repeat: no-repeat !important;background-size: cover !important;}&#8221; el_class=&#8221;ri-opacity50 ri-black ri-padding-page-title&#8221;][vc_column offset=&#8221;vc_col-md-offset-2 vc_col-md-8 vc_col-xs-12&#8243;][vc_column_text el_class=&#8221;negative intro&#8221;]<\/p>\n<p>Recherches et d\u00e9veloppement<\/p>\n<p style=\"text-align: center;\">Dans le cadre de nos normes \u00e9lev\u00e9es, nous nous effor\u00e7ons continuellement de cr\u00e9er des solutions qui anticipent les besoins de nos clients.<\/p>\n<p>[\/vc_column_text][\/vc_column][\/vc_row][vc_row full_width=&#8221;stretch_row&#8221; css=&#8221;.vc_custom_1442411282163{margin-bottom: 0px !important;padding-top: 80px !important;padding-bottom: 40px !important;background-color: #fafaf5 !important;}&#8221;][vc_column width=&#8221;2\/3&#8243;<\/p>\n","protected":false},"author":2,"featured_media":0,"parent":7537,"menu_order":0,"comment_status":"closed","ping_status":"closed","template":"","meta":{"inline_featured_image":false},"acf":[],"_links":{"self":[{"href":"https:\/\/www.baks.com.pl\/fr\/wp-json\/wp\/v2\/pages\/7541"}],"collection":[{"href":"https:\/\/www.baks.com.pl\/fr\/wp-json\/wp\/v2\/pages"}],"about":[{"href":"https:\/\/www.baks.com.pl\/fr\/wp-json\/wp\/v2\/types\/page"}],"author":[{"embeddable":true,"href":"https:\/\/www.baks.com.pl\/fr\/wp-json\/wp\/v2\/users\/2"}],"replies":[{"embeddable":true,"href":"https:\/\/www.baks.com.pl\/fr\/wp-json\/wp\/v2\/comments?post=7541"}],"version-history":[{"count":9,"href":"https:\/\/www.baks.com.pl\/fr\/wp-json\/wp\/v2\/pages\/7541\/revisions"}],"predecessor-version":[{"id":10678,"href":"https:\/\/www.baks.com.pl\/fr\/wp-json\/wp\/v2\/pages\/7541\/revisions\/10678"}],"up":[{"embeddable":true,"href":"https:\/\/www.baks.com.pl\/fr\/wp-json\/wp\/v2\/pages\/7537"}],"wp:attachment":[{"href":"https:\/\/www.baks.com.pl\/fr\/wp-json\/wp\/v2\/media?parent=7541"}],"curies":[{"name":"wp","href":"https:\/\/api.w.org\/{rel}","templated":true}]}}