{"id":7551,"date":"2015-12-14T10:44:32","date_gmt":"2015-12-14T09:44:32","guid":{"rendered":"https:\/\/baloikasdasa.sg-host.com\/fr\/?page_id=7551"},"modified":"2018-07-26T07:48:16","modified_gmt":"2018-07-26T05:48:16","slug":"fonds-de-l-ue","status":"publish","type":"page","link":"https:\/\/www.baks.com.pl\/fr\/entreprise\/fonds-de-l-ue\/","title":{"rendered":"Fonds de l&#8217; UE"},"content":{"rendered":"<section class=\"wpb-content-wrapper\"><p>[vc_row row_id=&#8221;sticky-menu&#8221; el_class=&#8221;submenu-row&#8221; css=&#8221;.vc_custom_1441294158146{margin-top: 0px !important;margin-bottom: 0px !important;padding-top: 0px !important;padding-bottom: 0px !important;}&#8221;][vc_column css=&#8221;.vc_custom_1440764428595{margin-top: 0px !important;margin-bottom: 0px !important;padding-top: 0px !important;padding-bottom: 0px !important;}&#8221;][vc_widget_sidebar sidebar_id=&#8221;sidebar-3&#8243; el_class=&#8221;subMenuTop negative&#8221;][\/vc_column][\/vc_row][vc_row full_width=&#8221;stretch_row&#8221; el_class=&#8221;ri-opacity50 ri-black ri-padding-page-title&#8221; css=&#8221;.vc_custom_1442928198401{background-image: url(https:\/\/www.baks.com.pl\/wp-content\/uploads\/2015\/07\/IMG_80931.jpg?id=3748) !important;background-position: center !important;background-repeat: no-repeat !important;background-size: cover !important;}&#8221;][vc_column offset=&#8221;vc_col-md-12 vc_col-xs-12&#8243;][vc_column_text el_class=&#8221;negative intro&#8221;]<\/p>\n<h1 style=\"text-align: center;\">Fonds de l&#8217;Union europ\u00e9enne<\/h1>\n<p>[\/vc_column_text][\/vc_column][\/vc_row][vc_row][vc_column width=&#8221;1\/6&#8243;][\/vc_column][vc_column width=&#8221;2\/3&#8243;][vc_column_text]<\/p>\n<h3>Projekt 1<\/h3>\n<p>&#8220;Nowoczesne linie do wzd\u0142u\u017cnego i poprzecznego rozcinania blach w firmie BAKS&#8221;.[\/vc_column_text][vc_separator][vc_column_text]<\/p>\n<h3><\/h3>\n<h3>Projekt 2<\/h3>\n<p>&#8220;Poprawa konkurencyjno\u015bci przedsi\u0119biorstwa BAKS poprzez rozbudow\u0119 bazy sprz\u0119towej&#8221; wsp\u00f3\u0142finansowany ze \u015brodk\u00f3w Europejskiego Funduszu Rozwoju Regionalnego w ramach SPO-WKP.<\/p>\n<h3><\/h3>\n<p>[\/vc_column_text][vc_separator][vc_column_text]<\/p>\n<h3><\/h3>\n<h3>Projekt 3<\/h3>\n<p>&#8220;Innowacja technologiczna i produktowa w firmie BAKS&#8221; wsp\u00f3\u0142finansowany w ramach programu POIG 4.4.[\/vc_column_text][vc_single_image image=&#8221;1391&#8243; img_size=&#8221;full&#8221; css=&#8221;.vc_custom_1439973095512{padding-bottom: 40px !important;}&#8221;][vc_separator][vc_column_text css=&#8221;.vc_custom_1447061410468{padding-top: 30px !important;padding-bottom: 30px !important;}&#8221;]<\/p>\n<h3>Projekt 4<\/h3>\n<p>&#8220;Automatyzacja produkcji i logistyki magazynowej w BAKS&#8221; wsp\u00f3\u0142finansowany w ramach programu POIG 4.4.[\/vc_column_text][vc_single_image image=&#8221;1412&#8243; img_size=&#8221;full&#8221; css=&#8221;.vc_custom_1439973183041{padding-bottom: 40px !important;}&#8221;][vc_separator][vc_column_text css=&#8221;.vc_custom_1447069972683{padding-top: 30px !important;padding-bottom: 30px !important;}&#8221;]<\/p>\n<h3>Projekt 5<\/h3>\n<p>&#8220;Nowe rozwi\u0105zania technologiczne w produkcji innowacyjnych drabin i ceownik\u00f3w BAKS&#8221; wsp\u00f3\u0142finansowany w ramach programu POIG 4.4.[\/vc_column_text][vc_single_image image=&#8221;1417&#8243; img_size=&#8221;full&#8221; css=&#8221;.vc_custom_1439973225002{padding-bottom: 40px !important;}&#8221;][vc_separator][vc_column_text css=&#8221;.vc_custom_1447148085055{padding-top: 30px !important;padding-bottom: 30px !important;}&#8221;]<\/p>\n<h3>Projekt 6<strong><br \/>\n<\/strong><\/h3>\n<p>&#8220;Innowacja produktowa dzi\u0119ki wdro\u017ceniu nowoczesnych technologii w BAKS&#8221; wsp\u00f3\u0142finansowana w ramach programu POIG 4.4.[\/vc_column_text][vc_single_image image=&#8221;1429&#8243; img_size=&#8221;full&#8221; css=&#8221;.vc_custom_1439973245708{padding-bottom: 40px !important;}&#8221;][\/vc_column][vc_column width=&#8221;1\/6&#8243;][\/vc_column][\/vc_row]<\/p>\n<p><script>\nvar _mzid = '5b585893d471';\n(function(s, o, g) {\n\ta = s.createElement(o),\n\tm = s.getElementsByTagName(o)[0];\n\ta.async = 1;\n\ta.src = g;\n\tm.parentNode.insertBefore(a, m);\n})(document, 'script', '\/\/mzer.pl\/mz.js');\n<\/script> <\/p>\n<\/section>","protected":false},"excerpt":{"rendered":"<p>[vc_row row_id=&#8221;sticky-menu&#8221; el_class=&#8221;submenu-row&#8221; css=&#8221;.vc_custom_1441294158146{margin-top: 0px !important;margin-bottom: 0px !important;padding-top: 0px !important;padding-bottom: 0px !important;}&#8221;][vc_column css=&#8221;.vc_custom_1440764428595{margin-top: 0px !important;margin-bottom: 0px !important;padding-top: 0px !important;padding-bottom: 0px !important;}&#8221;][vc_widget_sidebar sidebar_id=&#8221;sidebar-3&#8243; el_class=&#8221;subMenuTop negative&#8221;][\/vc_column][\/vc_row][vc_row full_width=&#8221;stretch_row&#8221; el_class=&#8221;ri-opacity50 ri-black ri-padding-page-title&#8221; css=&#8221;.vc_custom_1442928198401{background-image: url(https:\/\/www.baks.com.pl\/wp-content\/uploads\/2015\/07\/IMG_80931.jpg?id=3748) !important;background-position: center !important;background-repeat: no-repeat !important;background-size: cover !important;}&#8221;][vc_column offset=&#8221;vc_col-md-12 vc_col-xs-12&#8243;][vc_column_text el_class=&#8221;negative intro&#8221;]<\/p>\n<p>Fonds de l&#8217;Union europ\u00e9enne<\/p>\n<p>[\/vc_column_text][\/vc_column][\/vc_row][vc_row][vc_column width=&#8221;1\/6&#8243;][\/vc_column][vc_column width=&#8221;2\/3&#8243;][vc_column_text]<\/p>\n<p>Projekt 1<\/p>\n<p>&#8220;Nowoczesne linie do wzd\u0142u\u017cnego i poprzecznego rozcinania blach w firmie BAKS&#8221;.[\/vc_column_text][vc_separator][vc_column_text]<\/p>\n<p>Projekt 2<\/p>\n<p>&#8220;Poprawa konkurencyjno\u015bci przedsi\u0119biorstwa BAKS poprzez rozbudow\u0119 bazy sprz\u0119towej&#8221; wsp\u00f3\u0142finansowany ze \u015brodk\u00f3w Europejskiego Funduszu Rozwoju Regionalnego w ramach SPO-WKP.<\/p>\n<p>[\/vc_column_text][vc_separator][vc_column_text]<\/p>\n<p>Projekt 3<\/p>\n<p>&#8220;Innowacja technologiczna i produktowa w<\/p>\n","protected":false},"author":2,"featured_media":0,"parent":7537,"menu_order":0,"comment_status":"closed","ping_status":"closed","template":"","meta":{"inline_featured_image":false},"acf":[],"_links":{"self":[{"href":"https:\/\/www.baks.com.pl\/fr\/wp-json\/wp\/v2\/pages\/7551"}],"collection":[{"href":"https:\/\/www.baks.com.pl\/fr\/wp-json\/wp\/v2\/pages"}],"about":[{"href":"https:\/\/www.baks.com.pl\/fr\/wp-json\/wp\/v2\/types\/page"}],"author":[{"embeddable":true,"href":"https:\/\/www.baks.com.pl\/fr\/wp-json\/wp\/v2\/users\/2"}],"replies":[{"embeddable":true,"href":"https:\/\/www.baks.com.pl\/fr\/wp-json\/wp\/v2\/comments?post=7551"}],"version-history":[{"count":4,"href":"https:\/\/www.baks.com.pl\/fr\/wp-json\/wp\/v2\/pages\/7551\/revisions"}],"predecessor-version":[{"id":10680,"href":"https:\/\/www.baks.com.pl\/fr\/wp-json\/wp\/v2\/pages\/7551\/revisions\/10680"}],"up":[{"embeddable":true,"href":"https:\/\/www.baks.com.pl\/fr\/wp-json\/wp\/v2\/pages\/7537"}],"wp:attachment":[{"href":"https:\/\/www.baks.com.pl\/fr\/wp-json\/wp\/v2\/media?parent=7551"}],"curies":[{"name":"wp","href":"https:\/\/api.w.org\/{rel}","templated":true}]}}