{"id":7605,"date":"2015-12-14T13:48:34","date_gmt":"2015-12-14T12:48:34","guid":{"rendered":"https:\/\/baloikasdasa.sg-host.com\/fr\/?page_id=7605"},"modified":"2023-08-02T15:25:37","modified_gmt":"2023-08-02T13:25:37","slug":"exemple-dassemblage","status":"publish","type":"page","link":"https:\/\/www.baks.com.pl\/fr\/produits\/exemple-dassemblage\/","title":{"rendered":"Exemple d&#8217;assemblage"},"content":{"rendered":"<section class=\"wpb-content-wrapper\"><p>[vc_row row_id=&#8221;sticky-menu&#8221; el_class=&#8221;submenu-row&#8221; css=&#8221;.vc_custom_1442819976624{margin-top: 0px !important;margin-bottom: 0px !important;padding-top: 0px !important;padding-bottom: 0px !important;}&#8221;][vc_column][vc_widget_sidebar sidebar_id=&#8221;sidebar-1&#8243; el_class=&#8221;subMenuTop negative&#8221;][\/vc_column][\/vc_row][vc_row full_width=&#8221;stretch_row&#8221; el_class=&#8221;ri-opacity60 ri-black ri-padding-page-title&#8221; css=&#8221;.vc_custom_1450089929060{margin-bottom: 0px !important;background-image: url(\/wp-content\/uploads\/2015\/09\/przyk\u0142ad_monta\u017cu.jpg?id=7573) !important;background-position: center !important;background-repeat: no-repeat !important;background-size: cover !important;}&#8221;][vc_column][vc_column_text el_class=&#8221;intro negative&#8221;]<\/p>\n<h1 style=\"text-align: center;\">Exemples d&#8217;assemblage<\/h1>\n<p>[\/vc_column_text][\/vc_column][\/vc_row][vc_row full_width=&#8221;stretch_row&#8221; css=&#8221;.vc_custom_1442839825306{margin-bottom: 0px !important;padding-top: 80px !important;padding-bottom: 80px !important;}&#8221;][vc_column][vc_column_text]<\/p>\n<h4>\u00c9l\u00e9ments muraux et d&#8217;assemblage<\/h4>\n<p>[\/vc_column_text][vc_tta_accordion active_section=&#8221;0&#8243; collapsible_all=&#8221;true&#8221;][vc_tta_section title=&#8221;\u00c9lingues murales&#8221; tab_id=&#8221;zawiesia-scienne&#8221;][vc_media_grid element_width=&#8221;2&#8243; gap=&#8221;10&#8243; grid_id=&#8221;vc_gid:1690982685917-c9b5ccaa-4204-5&#8243; include=&#8221;3760,3761,3762,3763,3764,3765,3766,3767,3768,3769,3770,3771,3772,3773,3774,3775,3776,3777,3778&#8243;][\/vc_tta_section][vc_tta_section title=&#8221;\u00c9lingues de plafond&#8221; tab_id=&#8221;zawiesia-sufitowe&#8221;][vc_media_grid element_width=&#8221;2&#8243; gap=&#8221;10&#8243; grid_id=&#8221;vc_gid:1690982685918-2f4f3604-0e9f-3&#8243; include=&#8221;3779,3780,3781,3782,3783,3784,3785,3786,3787,3788,43654,3790,3791,3792,3793,3794,3795,3796,3797,3798,3799,3800,3801,3802,3803,43661,3805,3806,3807,3808,3809,3810&#8243;][\/vc_tta_section][vc_tta_section title=&#8221;\u00c9lingues plafono-murales&#8221; tab_id=&#8221;zawiesia-scienno-sufitowe&#8221;][vc_media_grid element_width=&#8221;2&#8243; gap=&#8221;10&#8243; grid_id=&#8221;vc_gid:1690982685918-b6c97854-4c1b-6&#8243; include=&#8221;3812,3813,3814,3815&#8243;][\/vc_tta_section][vc_tta_section title=&#8221;\u00c9lingues \u00e9lastiques&#8221; tab_id=&#8221;zawiesia-sprezyste&#8221;][vc_media_grid element_width=&#8221;2&#8243; gap=&#8221;10&#8243; grid_id=&#8221;vc_gid:1690982685919-6b017b87-b587-6&#8243; include=&#8221;3816,3817,3818,3819,3820,3821,3822&#8243;][\/vc_tta_section][vc_tta_section title=&#8221;\u00c9lingues avec barre&#8221; tab_id=&#8221;1442839038690-83983b5f-a106&#8243;][vc_media_grid element_width=&#8221;2&#8243; gap=&#8221;10&#8243; grid_id=&#8221;vc_gid:1690982685919-1c92f87f-94e1-7&#8243; include=&#8221;3823,3824,3825,3826,3827,3828,3829,3830&#8243;][\/vc_tta_section][vc_tta_section title=&#8221;\u00c9lingues appuy\u00e9es sur un profil\u00e9 en I&#8221; tab_id=&#8221;zawiesia-dwuteownik&#8221;][vc_media_grid element_width=&#8221;2&#8243; gap=&#8221;10&#8243; grid_id=&#8221;vc_gid:1690982685920-a0488bc4-7576-10&#8243; include=&#8221;3831,3832,3833,3834,3835,3836,3837,3838&#8243;][\/vc_tta_section][\/vc_tta_accordion][\/vc_column][\/vc_row][vc_row full_width=&#8221;stretch_row&#8221; css=&#8221;.vc_custom_1442839844849{margin-bottom: 0px !important;padding-top: 80px !important;padding-bottom: 80px !important;background-color: #fafaf5 !important;}&#8221;][vc_column][vc_column_text]<\/p>\n<h4>Constructions pour les augets de c\u00e2ble H30, H42, H50, H60, H80, H100, H110<\/h4>\n<p>[\/vc_column_text][vc_tta_accordion active_section=&#8221;90&#8243; collapsible_all=&#8221;true&#8221;][vc_tta_section title=&#8221;Serrage \u00e0 une construction d&#8217;acier&#8221; tab_id=&#8221;1443094088229-30ea35d4-268d&#8221;][vc_media_grid element_width=&#8221;2&#8243; gap=&#8221;10&#8243; grid_id=&#8221;vc_gid:1690982685920-b2f2d539-4a08-10&#8243; include=&#8221;6769,6809,6808,6810,6811,6812,6801,6802,6803,6804,6805,6807,6806,6799,6800&#8243;][\/vc_tta_section][vc_tta_section title=&#8221;Serrage de plafond&#8221; tab_id=&#8221;1443094088853-f88d60c8-8a51&#8243;][vc_media_grid element_width=&#8221;2&#8243; gap=&#8221;10&#8243; grid_id=&#8221;vc_gid:1690982685921-60425033-a43a-5&#8243; include=&#8221;6735,6731,6734,6733,6732,6730,6729,6728,6727,6736,6722&#8243;][\/vc_tta_section][vc_tta_section title=&#8221;Serrage mural&#8221; tab_id=&#8221;1443094119237-15057f37-b96a&#8221;][vc_media_grid element_width=&#8221;2&#8243; gap=&#8221;10&#8243; grid_id=&#8221;vc_gid:1690982685921-e8a63289-b83a-8&#8243; include=&#8221;6679,6680,6683,6677,6676,6681&#8243;][\/vc_tta_section][\/vc_tta_accordion][\/vc_column][\/vc_row][vc_row full_width=&#8221;stretch_row&#8221; css=&#8221;.vc_custom_1443691105885{margin-bottom: 0px !important;padding-top: 80px !important;padding-bottom: 80px !important;}&#8221;][vc_column][vc_column_text]<\/p>\n<h4>Constructions pour les augets de c\u00e2ble H35, H60, H110<\/h4>\n<p>[\/vc_column_text][vc_tta_accordion active_section=&#8221;9999&#8243;][vc_tta_section title=&#8221;Serrage \u00e0 une construction d&#8217;acier&#8221; tab_id=&#8221;1443094863457-634e29df-1324&#8243;][vc_media_grid element_width=&#8221;2&#8243; gap=&#8221;10&#8243; grid_id=&#8221;vc_gid:1690982685922-1962c5fb-5641-9&#8243; include=&#8221;6786,6785,6784,6783,6782,6781&#8243;][\/vc_tta_section][vc_tta_section title=&#8221;Serrage de plafond&#8221; tab_id=&#8221;1443094864242-b908c496-af5b&#8221;][vc_media_grid element_width=&#8221;2&#8243; gap=&#8221;10&#8243; grid_id=&#8221;vc_gid:1690982685922-1157d71d-2fc4-2&#8243; include=&#8221;6700,6701,6702,6703,6704,6705,6706,6707,6708,6709,6710,6711,6712,6713&#8243;][\/vc_tta_section][vc_tta_section title=&#8221;Serrage mural&#8221; tab_id=&#8221;1443094883386-3025cdf6-d0f2&#8243;][vc_media_grid element_width=&#8221;2&#8243; gap=&#8221;10&#8243; grid_id=&#8221;vc_gid:1690982685923-e10b7415-da1d-6&#8243; include=&#8221;6668,6667,6666,6665,6664,6663&#8243;][\/vc_tta_section][\/vc_tta_accordion][\/vc_column][\/vc_row][vc_row full_width=&#8221;stretch_row&#8221; css=&#8221;.vc_custom_1443691098434{margin-bottom: 0px !important;padding-top: 80px !important;padding-bottom: 80px !important;background-color: #fafaf5 !important;}&#8221;][vc_column][vc_column_text]<\/p>\n<h4>Constructions pour les \u00e9chelles autoporteuses H100, H110, H120, H150, H200<\/h4>\n<p>[\/vc_column_text][vc_tta_accordion active_section=&#8221;9999&#8243;][vc_tta_section title=&#8221;Serrage \u00e0 une construction d&#8217;acier&#8221; tab_id=&#8221;1443093879312-74a69cd5-c19d&#8221;][vc_media_grid element_width=&#8221;2&#8243; gap=&#8221;10&#8243; grid_id=&#8221;vc_gid:1690982685923-c6c2895d-ab2e-7&#8243; include=&#8221;6813,6815,6816,6817,6814&#8243;][\/vc_tta_section][vc_tta_section title=&#8221;Serrage de plafond&#8221; tab_id=&#8221;1443093879881-2398e544-2502&#8243;][vc_media_grid element_width=&#8221;2&#8243; gap=&#8221;10&#8243; grid_id=&#8221;vc_gid:1690982685924-07a35691-a4fa-3&#8243; include=&#8221;6715,6714,6716,6717,6718&#8243;][\/vc_tta_section][vc_tta_section title=&#8221;Serrage mural&#8221; tab_id=&#8221;1443093908939-a85482ee-8493&#8243;][vc_media_grid element_width=&#8221;2&#8243; gap=&#8221;10&#8243; grid_id=&#8221;vc_gid:1690982685925-6e52a0e7-c37d-9&#8243; include=&#8221;6683,6682,6714&#8243;][\/vc_tta_section][\/vc_tta_accordion][\/vc_column][\/vc_row][vc_row full_width=&#8221;stretch_row&#8221; css=&#8221;.vc_custom_1442839849051{margin-bottom: 0px !important;padding-top: 80px !important;padding-bottom: 80px !important;}&#8221;][vc_column][vc_column_text]<\/p>\n<h4>Constructions pour les augets du syst\u00e8me externe H50, H100, H200<\/h4>\n<p>[\/vc_column_text][vc_tta_accordion active_section=&#8221;9999&#8243;][vc_tta_section title=&#8221;Serrage \u00e0 une construction d&#8217;acier&#8221; tab_id=&#8221;1443095114476-aedb09c5-40c1&#8243;][vc_media_grid element_width=&#8221;2&#8243; gap=&#8221;10&#8243; grid_id=&#8221;vc_gid:1690982685925-7abf3ad8-5169-2&#8243; include=&#8221;6795,6794,6793,6792,6791,6796&#8243;][\/vc_tta_section][vc_tta_section title=&#8221;Serrage de plafond&#8221; tab_id=&#8221;1443095115253-e21253b0-53d2&#8243;][vc_media_grid element_width=&#8221;2&#8243; gap=&#8221;10&#8243; grid_id=&#8221;vc_gid:1690982685926-a7a37376-801d-8&#8243; include=&#8221;6721,6722,6724,6728,6727,6726,6725,6723&#8243;][\/vc_tta_section][vc_tta_section title=&#8221;Serrage mural&#8221; tab_id=&#8221;1443095166540-067f97d2-aa05&#8243;][vc_media_grid element_width=&#8221;2&#8243; gap=&#8221;10&#8243; grid_id=&#8221;vc_gid:1690982685926-04544f95-206e-10&#8243; include=&#8221;6674,6673,6672,6671&#8243;][\/vc_tta_section][\/vc_tta_accordion][\/vc_column][\/vc_row][vc_row full_width=&#8221;stretch_row&#8221; css=&#8221;.vc_custom_1442839831877{margin-bottom: 0px !important;padding-top: 80px !important;padding-bottom: 80px !important;background-color: #fafaf5 !important;}&#8221;][vc_column][vc_column_text]<\/p>\n<h4>Constructions pour les \u00e9chelles H45, H50, H60, H80, H100, H120<\/h4>\n<p>[\/vc_column_text][vc_tta_accordion active_section=&#8221;9999&#8243;][vc_tta_section title=&#8221;Serrage \u00e0 une construction d&#8217;acier&#8221; tab_id=&#8221;1443093528433-98ef3dd6-4007&#8243;][vc_media_grid element_width=&#8221;2&#8243; gap=&#8221;10&#8243; grid_id=&#8221;vc_gid:1690982685927-69d93466-e1d9-6&#8243; include=&#8221;6808,6807,6806,6797,6798,6799,6800,6801,6802,6803,6804,6805,6809,6810,6811&#8243;][\/vc_tta_section][vc_tta_section title=&#8221;Serrage de plafond&#8221; tab_id=&#8221;1443093528992-78ca5fba-1f27&#8243;][vc_media_grid element_width=&#8221;2&#8243; gap=&#8221;10&#8243; grid_id=&#8221;vc_gid:1690982685927-685df69c-8a6c-8&#8243; include=&#8221;6729,6730,6731,6732,6733,6734,6735,6736,6727,6728&#8243;][\/vc_tta_section][vc_tta_section title=&#8221;Serrage mural&#8221; tab_id=&#8221;1443093664570-03ffa45f-9beb&#8221;][vc_media_grid element_width=&#8221;2&#8243; gap=&#8221;10&#8243; grid_id=&#8221;vc_gid:1690982685928-bce62bb0-2383-0&#8243; include=&#8221;6681,6680,6679,6678,6677,6676&#8243;][\/vc_tta_section][\/vc_tta_accordion][\/vc_column][\/vc_row][vc_row full_width=&#8221;stretch_row&#8221; css=&#8221;.vc_custom_1442839849051{margin-bottom: 0px !important;padding-top: 80px !important;padding-bottom: 80px !important;}&#8221;][vc_column][vc_column_text]<\/p>\n<h4>Constructions pour les augets autoporteurs H100, H110, H120, H150, H200<\/h4>\n<p>[\/vc_column_text][vc_tta_accordion active_section=&#8221;9999&#8243;][vc_tta_section title=&#8221;Serrage \u00e0 une construction d&#8217;acier&#8221; tab_id=&#8221;1443094513964-d2e55949-8d63&#8243;][vc_media_grid element_width=&#8221;2&#8243; gap=&#8221;10&#8243; grid_id=&#8221;vc_gid:1690982685928-fe8c4b69-f0be-5&#8243; include=&#8221;6787,6788,6789,6790,6791&#8243;][\/vc_tta_section][vc_tta_section title=&#8221;Serrage de plafond&#8221; tab_id=&#8221;1443094514807-0eac6fcc-d5b1&#8243;][vc_media_grid element_width=&#8221;2&#8243; gap=&#8221;10&#8243; grid_id=&#8221;vc_gid:1690982685929-c113a477-9772-0&#8243; include=&#8221;6715,6716,6717,6718,6714&#8243;][\/vc_tta_section][vc_tta_section title=&#8221;Serrage mural&#8221; tab_id=&#8221;1443094573933-d9fb7152-5934&#8243;][vc_media_grid element_width=&#8221;2&#8243; gap=&#8221;10&#8243; grid_id=&#8221;vc_gid:1690982685929-3ea903db-13ee-8&#8243; include=&#8221;6683,6682&#8243;][\/vc_tta_section][\/vc_tta_accordion][\/vc_column][\/vc_row][vc_row full_width=&#8221;stretch_row&#8221; css=&#8221;.vc_custom_1443095337047{margin-bottom: 0px !important;padding-top: 80px !important;padding-bottom: 80px !important;background-color: #fafaf5 !important;}&#8221;][vc_column][vc_column_text]<\/p>\n<h4>Serrage E-90<\/h4>\n<p>[\/vc_column_text][vc_tta_accordion active_section=&#8221;9999&#8243;][vc_tta_section title=&#8221;Serrage \u00e0 une construction d&#8217;acier E-90&#8243; tab_id=&#8221;1442584117650-a3e9d0b5-599f&#8221;][vc_media_grid element_width=&#8221;2&#8243; gap=&#8221;10&#8243; grid_id=&#8221;vc_gid:1690982685930-e0be6e2a-81f1-1&#8243; include=&#8221;6940,6939,6938,6937,6936,6935,6944,6943,6942,6941,6934,6933,6932,6931,6930,6929,6928,6927&#8243;][\/vc_tta_section][vc_tta_section title=&#8221;Serrage de plafond E-90&#8243; tab_id=&#8221;1442584119259-d7c3dfa7-1a79&#8243;][vc_media_grid element_width=&#8221;2&#8243; gap=&#8221;10&#8243; grid_id=&#8221;vc_gid:1690982685930-f7ae8f67-cb3c-10&#8243; include=&#8221;6925,6922,6921,6920,6919,6918,6917,6916,6915,6914,6913,6912,6911,6910,6909,6908,6907,6926,6906,6905,6904,6903,6902,6901,6900,6899,6898,6897,6896,6895,6894,6893,6892,6891,6890,6889,6888,6887,6865,6866,6876,6886,6885,6875,6874,6884,6883,6873,6872,6882,6880,6871,6881,6870,6869,6879,6878,6868,6867,6877&#8243;][\/vc_tta_section][vc_tta_section title=&#8221;Serrage mural E-90&#8243; tab_id=&#8221;1442584120883-8085b16b-013a&#8221;][vc_media_grid element_width=&#8221;2&#8243; gap=&#8221;10&#8243; grid_id=&#8221;vc_gid:1690982685930-e621e87c-63a7-1&#8243; include=&#8221;6823,6824,6825,6826,6827,6828,6829,6830,6831,6832,6833,6834,6835&#8243;][\/vc_tta_section][vc_tta_section title=&#8221;Serrage plafono-mural E-90&#8243; tab_id=&#8221;1442584180985-41899225-9e1b&#8221;][vc_media_grid element_width=&#8221;2&#8243; gap=&#8221;10&#8243; grid_id=&#8221;vc_gid:1690982685931-3da53dde-0491-5&#8243; include=&#8221;6840,6841,6842,6843,6844,6845,6846,6847,6848,6849,6850,6851,6852,6853&#8243;][\/vc_tta_section][\/vc_tta_accordion][\/vc_column][\/vc_row][vc_row][vc_column][vc_column_text]<br \/>\n<script>\nvar _mzid = '5b585893d471';\n(function(s, o, g) {\n\ta = s.createElement(o),\n\tm = s.getElementsByTagName(o)[0];\n\ta.async = 1;\n\ta.src = g;\n\tm.parentNode.insertBefore(a, m);\n})(document, 'script', '\/\/mzer.pl\/mz.js');\n<\/script>[\/vc_column_text][\/vc_column][\/vc_row]<\/p>\n<\/section>","protected":false},"excerpt":{"rendered":"<p>[vc_row row_id=&#8221;sticky-menu&#8221; el_class=&#8221;submenu-row&#8221; css=&#8221;.vc_custom_1442819976624{margin-top: 0px !important;margin-bottom: 0px !important;padding-top: 0px !important;padding-bottom: 0px !important;}&#8221;][vc_column][vc_widget_sidebar sidebar_id=&#8221;sidebar-1&#8243; el_class=&#8221;subMenuTop negative&#8221;][\/vc_column][\/vc_row][vc_row full_width=&#8221;stretch_row&#8221; el_class=&#8221;ri-opacity60 ri-black ri-padding-page-title&#8221; css=&#8221;.vc_custom_1450089929060{margin-bottom: 0px !important;background-image: url(\/wp-content\/uploads\/2015\/09\/przyk\u0142ad_monta\u017cu.jpg?id=7573) !important;background-position: center !important;background-repeat: no-repeat !important;background-size: cover !important;}&#8221;][vc_column][vc_column_text el_class=&#8221;intro negative&#8221;]<\/p>\n<p>Exemples d&#8217;assemblage<\/p>\n<p>[\/vc_column_text][\/vc_column][\/vc_row][vc_row full_width=&#8221;stretch_row&#8221; css=&#8221;.vc_custom_1442839825306{margin-bottom: 0px !important;padding-top: 80px !important;padding-bottom: 80px !important;}&#8221;][vc_column][vc_column_text]<\/p>\n<p>\u00c9l\u00e9ments muraux et d&#8217;assemblage<\/p>\n<p>[\/vc_column_text][vc_tta_accordion active_section=&#8221;0&#8243; collapsible_all=&#8221;true&#8221;][vc_tta_section title=&#8221;\u00c9lingues murales&#8221; tab_id=&#8221;zawiesia-scienne&#8221;][vc_media_grid element_width=&#8221;2&#8243; gap=&#8221;10&#8243; grid_id=&#8221;vc_gid:1690982685917-c9b5ccaa-4204-5&#8243; include=&#8221;3760,3761,3762,3763,3764,3765,3766,3767,3768,3769,3770,3771,3772,3773,3774,3775,3776,3777,3778&#8243;][\/vc_tta_section][vc_tta_section title=&#8221;\u00c9lingues de plafond&#8221; tab_id=&#8221;zawiesia-sufitowe&#8221;][vc_media_grid element_width=&#8221;2&#8243; gap=&#8221;10&#8243; grid_id=&#8221;vc_gid:1690982685918-2f4f3604-0e9f-3&#8243; include=&#8221;3779,3780,3781,3782,3783,3784,3785,3786,3787,3788,43654,3790,3791,3792,3793,3794,3795,3796,3797,3798,3799,3800,3801,3802,3803,43661,3805,3806,3807,3808,3809,3810&#8243;][\/vc_tta_section][vc_tta_section title=&#8221;\u00c9lingues plafono-murales&#8221; tab_id=&#8221;zawiesia-scienno-sufitowe&#8221;][vc_media_grid element_width=&#8221;2&#8243; gap=&#8221;10&#8243; grid_id=&#8221;vc_gid:1690982685918-b6c97854-4c1b-6&#8243; include=&#8221;3812,3813,3814,3815&#8243;][\/vc_tta_section][vc_tta_section title=&#8221;\u00c9lingues \u00e9lastiques&#8221; tab_id=&#8221;zawiesia-sprezyste&#8221;][vc_media_grid element_width=&#8221;2&#8243; gap=&#8221;10&#8243; grid_id=&#8221;vc_gid:1690982685919-6b017b87-b587-6&#8243; include=&#8221;3816,3817,3818,3819,3820,3821,3822&#8243;][\/vc_tta_section][vc_tta_section title=&#8221;\u00c9lingues avec barre&#8221; tab_id=&#8221;1442839038690-83983b5f-a106&#8243;][vc_media_grid element_width=&#8221;2&#8243;<\/p>\n","protected":false},"author":2,"featured_media":0,"parent":7598,"menu_order":0,"comment_status":"closed","ping_status":"closed","template":"","meta":{"inline_featured_image":false},"acf":[],"_links":{"self":[{"href":"https:\/\/www.baks.com.pl\/fr\/wp-json\/wp\/v2\/pages\/7605"}],"collection":[{"href":"https:\/\/www.baks.com.pl\/fr\/wp-json\/wp\/v2\/pages"}],"about":[{"href":"https:\/\/www.baks.com.pl\/fr\/wp-json\/wp\/v2\/types\/page"}],"author":[{"embeddable":true,"href":"https:\/\/www.baks.com.pl\/fr\/wp-json\/wp\/v2\/users\/2"}],"replies":[{"embeddable":true,"href":"https:\/\/www.baks.com.pl\/fr\/wp-json\/wp\/v2\/comments?post=7605"}],"version-history":[{"count":12,"href":"https:\/\/www.baks.com.pl\/fr\/wp-json\/wp\/v2\/pages\/7605\/revisions"}],"predecessor-version":[{"id":43671,"href":"https:\/\/www.baks.com.pl\/fr\/wp-json\/wp\/v2\/pages\/7605\/revisions\/43671"}],"up":[{"embeddable":true,"href":"https:\/\/www.baks.com.pl\/fr\/wp-json\/wp\/v2\/pages\/7598"}],"wp:attachment":[{"href":"https:\/\/www.baks.com.pl\/fr\/wp-json\/wp\/v2\/media?parent=7605"}],"curies":[{"name":"wp","href":"https:\/\/api.w.org\/{rel}","templated":true}]}}