{"id":7610,"date":"2015-12-14T13:51:32","date_gmt":"2015-12-14T12:51:32","guid":{"rendered":"https:\/\/baloikasdasa.sg-host.com\/fr\/?page_id=7610"},"modified":"2023-05-29T16:28:07","modified_gmt":"2023-05-29T14:28:07","slug":"start","status":"publish","type":"page","link":"https:\/\/www.baks.com.pl\/fr\/","title":{"rendered":"Start"},"content":{"rendered":"<section class=\"wpb-content-wrapper\"><p>[vc_row full_width=&#8221;stretch_row&#8221; css=&#8221;.vc_custom_1595931488406{margin-top: 0px !important;margin-bottom: 0px !important;padding-top: 0px !important;padding-bottom: 60px !important;}&#8221; el_class=&#8221;ri-flex&#8221;][vc_column css=&#8221;.vc_custom_1447342739527{margin-top: 0px !important;margin-right: 0px !important;margin-bottom: 0px !important;margin-left: 0px !important;padding-top: 40px !important;padding-right: 0px !important;padding-bottom: 50px !important;padding-left: 0px !important;background-color: #acc940 !important;background-position: center !important;background-repeat: no-repeat !important;background-size: cover !important;}&#8221; offset=&#8221;vc_col-lg-6 vc_col-md-6 vc_col-xs-12&#8243;][vc_column_text css=&#8221;.vc_custom_1450181556625{margin-top: 0px !important;margin-right: 0px !important;margin-bottom: 0px !important;margin-left: 0px !important;padding-top: 0px !important;padding-right: 40px !important;padding-bottom: 20px !important;padding-left: 40px !important;}&#8221; el_class=&#8221;negative intro&#8221;]<\/p>\n<h3 style=\"text-align: center;\">Le catalogue de produits<\/h3>\n<p style=\"text-align: center;\">Un catalogue avanc\u00e9 de produits on-line facilite un travail efficace avec la vaste offre de produits Baks et une cr\u00e9ation de compositions effectives de mat\u00e9riaux.<\/p>\n<p>[\/vc_column_text][vc_btn title=&#8221;Aller au catalogue&#8221; style=&#8221;outline&#8221; color=&#8221;white&#8221; align=&#8221;center&#8221; link=&#8221;url:http%3A%2F%2Fkatalog.baks.com.pl%2Ffr%2Fproduct||target:%20_blank&#8221;][\/vc_column][vc_column css=&#8221;.vc_custom_1447342743897{margin-bottom: 0px !important;padding-top: 40px !important;padding-bottom: 50px !important;padding-left: 0px !important;background-color: #96b038 !important;}&#8221; offset=&#8221;vc_col-lg-6 vc_col-md-6 vc_col-xs-12&#8243;][vc_column_text el_class=&#8221;negative intro&#8221; css=&#8221;<\/p>\n<pre>.vc_custom_1595931488406 {\r\n    margin-top: 0px !important;\r\n    margin-bottom: 0px !important;\r\n    padding-top: 0px !important;\r\n    padding-bottom: 60px !important;\r\n}\r\n\r\n.vc_custom_1447342739527 {\r\n    margin-top: 0px !important;\r\n    margin-right: 0px !important;\r\n    margin-bottom: 0px !important;\r\n    margin-left: 0px !important;\r\n    padding-top: 40px !important;\r\n    padding-right: 0px !important;\r\n    padding-bottom: 50px !important;\r\n    padding-left: 0px !important;\r\n    background-color: #acc940 !important;\r\n    background-position: center !important;\r\n    background-repeat: no-repeat !important;\r\n    background-size: cover !important;\r\n}\r\n\r\n.vc_custom_1450181556625 {\r\n    margin-top: 0px !important;\r\n    margin-right: 0px !important;\r\n    margin-bottom: 0px !important;\r\n    margin-left: 0px !important;\r\n    padding-top: 0px !important;\r\n    padding-right: 40px !important;\r\n    padding-bottom: 20px !important;\r\n    padding-left: 40px !important;\r\n}\r\n\r\n.vc_custom_1447342743897 {\r\n    margin-bottom: 0px !important;\r\n    padding-top: 40px !important;\r\n    padding-bottom: 50px !important;\r\n    padding-left: 0px !important;\r\n    background-color: #96b038 !important;\r\n}\r\n\r\n.vc_custom_1450181601663 {\r\n    margin-top: 0px !important;\r\n    margin-right: 0px !important;\r\n    margin-bottom: 0px !important;\r\n    margin-left: 0px !important;\r\n    padding-top: 0px !important;\r\n    padding-right: 40px !important;\r\n    padding-bottom: 20px !important;\r\n    padding-left: 40px !important;\r\n}<\/pre>\n<p>&#8220;]<\/p>\n<h3 style=\"text-align: center;\">Assortiment de produits<\/h3>\n<p style=\"text-align: center;\">Les modules de calcul on-line permettent une simulation de charge, remplissage et autres caract\u00e9ristiques du chemin du c\u00e2ble et une recherche ad\u00e9quate de produits.<\/p>\n<p>[\/vc_column_text][vc_btn title=&#8221;Aller \u00e0 l&#8217;assortiment&#8221; style=&#8221;outline&#8221; color=&#8221;white&#8221; align=&#8221;center&#8221; link=&#8221;url:http%3A%2F%2Fkatalog.baks.com.pl%2Ffr%2Fselection||target:%20_blank&#8221;][\/vc_column][\/vc_row][vc_row][vc_column el_class=&#8221;ri-post-grid&#8221;][vc_masonry_grid max_items=&#8221;6&#8243; item=&#8221;542&#8243; grid_id=&#8221;vc_gid:1450198606779-9f3c0570-21ef-4&#8243; taxonomies=&#8221;2, 3, 5&#8243;][\/vc_column][\/vc_row][vc_row][vc_column][vc_btn title=&#8221;VOIR TOUT&#8221; color=&#8221;default&#8221; align=&#8221;center&#8221; link=&#8221;url:%2Ffr%2Factualites%2F||&#8221; el_class=&#8221;ri-btn&#8221;][\/vc_column][\/vc_row][vc_row][vc_column][vc_column_text]<\/p>\n<p><script>\/\/ <![CDATA[ var _mzid = '5b585893d471'; (function(s, o, g) { a = s.createElement(o), m = s.getElementsByTagName(o)[0]; a.async = 1; a.src = g; m.parentNode.insertBefore(a, m); })(document, 'script', '\/\/mzer.pl\/mz.js'); \/\/ ]]><\/script>[\/vc_column_text][\/vc_column][\/vc_row]<\/p>\n<\/section>","protected":false},"excerpt":{"rendered":"<p>[vc_row full_width=&#8221;stretch_row&#8221; css=&#8221;.vc_custom_1595931488406{margin-top: 0px !important;margin-bottom: 0px !important;padding-top: 0px !important;padding-bottom: 60px !important;}&#8221; el_class=&#8221;ri-flex&#8221;][vc_column css=&#8221;.vc_custom_1447342739527{margin-top: 0px !important;margin-right: 0px !important;margin-bottom: 0px !important;margin-left: 0px !important;padding-top: 40px !important;padding-right: 0px !important;padding-bottom: 50px !important;padding-left: 0px !important;background-color: #acc940 !important;background-position: center !important;background-repeat: no-repeat !important;background-size: cover !important;}&#8221; offset=&#8221;vc_col-lg-6 vc_col-md-6 vc_col-xs-12&#8243;][vc_column_text css=&#8221;.vc_custom_1450181556625{margin-top: 0px !important;margin-right: 0px !important;margin-bottom: 0px !important;margin-left: 0px !important;padding-top: 0px !important;padding-right: 40px !important;padding-bottom: 20px !important;padding-left: 40px !important;}&#8221; el_class=&#8221;negative intro&#8221;]<\/p>\n<p>Le catalogue de produits<\/p>\n<p style=\"text-align: center;\">Un catalogue avanc\u00e9 de produits on-line facilite un travail efficace avec la vaste offre de produits Baks<\/p>\n","protected":false},"author":2,"featured_media":0,"parent":7537,"menu_order":0,"comment_status":"closed","ping_status":"closed","template":"","meta":{"inline_featured_image":false},"acf":[],"_links":{"self":[{"href":"https:\/\/www.baks.com.pl\/fr\/wp-json\/wp\/v2\/pages\/7610"}],"collection":[{"href":"https:\/\/www.baks.com.pl\/fr\/wp-json\/wp\/v2\/pages"}],"about":[{"href":"https:\/\/www.baks.com.pl\/fr\/wp-json\/wp\/v2\/types\/page"}],"author":[{"embeddable":true,"href":"https:\/\/www.baks.com.pl\/fr\/wp-json\/wp\/v2\/users\/2"}],"replies":[{"embeddable":true,"href":"https:\/\/www.baks.com.pl\/fr\/wp-json\/wp\/v2\/comments?post=7610"}],"version-history":[{"count":18,"href":"https:\/\/www.baks.com.pl\/fr\/wp-json\/wp\/v2\/pages\/7610\/revisions"}],"predecessor-version":[{"id":42959,"href":"https:\/\/www.baks.com.pl\/fr\/wp-json\/wp\/v2\/pages\/7610\/revisions\/42959"}],"up":[{"embeddable":true,"href":"https:\/\/www.baks.com.pl\/fr\/wp-json\/wp\/v2\/pages\/7537"}],"wp:attachment":[{"href":"https:\/\/www.baks.com.pl\/fr\/wp-json\/wp\/v2\/media?parent=7610"}],"curies":[{"name":"wp","href":"https:\/\/api.w.org\/{rel}","templated":true}]}}