{"id":7613,"date":"2015-12-14T13:53:24","date_gmt":"2015-12-14T12:53:24","guid":{"rendered":"https:\/\/baloikasdasa.sg-host.com\/fr\/?page_id=7613"},"modified":"2025-01-10T09:39:17","modified_gmt":"2025-01-10T08:39:17","slug":"appui-technique","status":"publish","type":"page","link":"https:\/\/www.baks.com.pl\/fr\/appui-technique\/","title":{"rendered":"Appui technique"},"content":{"rendered":"<section class=\"wpb-content-wrapper\"><p>[vc_row row_id=&#8221;sticky-menu&#8221; el_class=&#8221;submenu-row&#8221; css=&#8221;.vc_custom_1441293753867{margin-top: 0px !important;margin-bottom: 0px !important;padding-top: 0px !important;padding-bottom: 0px !important;}&#8221;][vc_column css=&#8221;.vc_custom_1440752251833{margin-top: 0px !important;margin-bottom: 0px !important;padding-top: 0px !important;padding-bottom: 0px !important;}&#8221;][vc_widget_sidebar sidebar_id=&#8221;sidebar-2&#8243; el_class=&#8221;negative subMenuTop&#8221;][\/vc_column][\/vc_row][vc_row full_width=&#8221;stretch_row&#8221; el_class=&#8221;ri-opacity50 ri-black ri-padding-page-title&#8221; css=&#8221;.vc_custom_1736498342606{margin-bottom: 0px !important;background-image: url(https:\/\/www.baks.com.pl\/wp-content\/uploads\/2015\/08\/wsparcie_1v2.jpg?id=47771) !important;background-position: center !important;background-repeat: no-repeat !important;background-size: cover !important;}&#8221;][vc_column offset=&#8221;vc_col-lg-offset-2 vc_col-lg-8 vc_col-md-offset-2 vc_col-md-8 vc_col-xs-12&#8243;][vc_column_text el_class=&#8221;negative intro&#8221;]<\/p>\n<h1 style=\"text-align: center;\">Informations d\u00e9taill\u00e9es sur nos produits<\/h1>\n<hr \/>\n<p style=\"text-align: center;\">L&#8217;appui technique offert permet un travail plus rapide avec nos produits \u00e0 chaque \u00e9tape de l&#8217;investissement \u2013 \u00e0 commencer par le choix \u00e0 travers le projet et la sp\u00e9cification aboutissant \u00e0 l&#8217;assemblage d&#8217;un chemin de c\u00e2bles.<\/p>\n<p>[\/vc_column_text][\/vc_column][vc_column width=&#8221;1\/6&#8243;][\/vc_column][\/vc_row][vc_row full_width=&#8221;stretch_row&#8221; css=&#8221;.vc_custom_1442327788318{margin-bottom: 0px !important;padding-top: 0px !important;padding-bottom: 30px !important;background-color: #acc940 !important;}&#8221;][vc_column width=&#8221;1\/4&#8243; css=&#8221;.vc_custom_1441971750572{padding-top: 30px !important;}&#8221;][vc_icon icon_fontawesome=&#8221;fa fa-folder-open&#8221; color=&#8221;white&#8221; background_style=&#8221;rounded-outline&#8221; background_color=&#8221;white&#8221; align=&#8221;center&#8221; el_class=&#8221;ri_icon_element&#8221;][vc_column_text el_class=&#8221;negative&#8221;]<\/p>\n<p style=\"text-align: center;\">Une documentation technique compl\u00e8te<\/p>\n<p>[\/vc_column_text][\/vc_column][vc_column width=&#8221;1\/4&#8243; css=&#8221;.vc_custom_1442327176457{padding-top: 30px !important;}&#8221;][vc_icon icon_fontawesome=&#8221;fa fa-video-camera&#8221; color=&#8221;white&#8221; background_style=&#8221;rounded-outline&#8221; background_color=&#8221;white&#8221; align=&#8221;center&#8221; el_class=&#8221;ri_icon_element&#8221;][vc_column_text el_class=&#8221;negative&#8221;]<\/p>\n<p style=\"text-align: center;\">Des documents d&#8217;instruction exhaustifs<\/p>\n<p>[\/vc_column_text][\/vc_column][vc_column width=&#8221;1\/4&#8243; css=&#8221;.vc_custom_1441971758363{padding-top: 30px !important;}&#8221;][vc_icon icon_fontawesome=&#8221;fa fa-cogs&#8221; color=&#8221;white&#8221; background_style=&#8221;rounded-outline&#8221; background_color=&#8221;white&#8221; align=&#8221;center&#8221; el_class=&#8221;ri_icon_element&#8221;][vc_column_text el_class=&#8221;negative&#8221;]<\/p>\n<p style=\"text-align: center;\">Des outils de projets et de calcul avanc\u00e9s<\/p>\n<p>[\/vc_column_text][\/vc_column][vc_column width=&#8221;1\/4&#8243; css=&#8221;.vc_custom_1441971755235{padding-top: 30px !important;}&#8221;][vc_icon icon_fontawesome=&#8221;fa fa-users&#8221; color=&#8221;white&#8221; background_style=&#8221;rounded-outline&#8221; background_color=&#8221;white&#8221; align=&#8221;center&#8221; el_class=&#8221;ri_icon_element&#8221;][vc_column_text el_class=&#8221;negative&#8221;]<\/p>\n<p style=\"text-align: center;\">L&#8217;appui de la part de consultants techniques<\/p>\n<p>[\/vc_column_text][\/vc_column][\/vc_row][vc_row full_width=&#8221;stretch_row&#8221; css=&#8221;.vc_custom_1442913933725{margin-bottom: 0px !important;background-color: #ffffff !important;}&#8221; el_class=&#8221;ri-padding-txt-img&#8221;][vc_column offset=&#8221;vc_col-lg-6 vc_col-md-6 vc_col-xs-12&#8243; css=&#8221;.vc_custom_1442922749461{padding-top: 5vw !important;}&#8221;][vc_column_text el_class=&#8221;intro&#8221;]<\/p>\n<h2>Catalogues de produits<\/h2>\n<p>Tous les catalogues de produits BAKS sous forme de fichiers PDF sont r\u00e9unis en un m\u00eame endroit et constituent un suppl\u00e9ment au catalogue on-line.<\/p>\n<p><a href=\"\/fr\/appui-technique\/catalogues-a-telecharger\/\">Catalogues \u00e0 t\u00e9l\u00e9charger<\/a>\u00a0 \u00a0\u00a0\u00a0<a href=\"https:\/\/katalog.baks.com.pl\/fr\/product\" target=\"_blank\" rel=\"noopener\">Catalogue on-line<\/a>[\/vc_column_text][\/vc_column][vc_column offset=&#8221;vc_col-lg-6 vc_col-md-6 vc_col-xs-12&#8243; css=&#8221;.vc_custom_1442913944922{padding-top: 40px !important;padding-bottom: 3vw !important;}&#8221;][vc_single_image image=&#8221;7584&#8243; img_size=&#8221;full&#8221;][\/vc_column][\/vc_row][vc_row full_width=&#8221;stretch_row&#8221; css=&#8221;.vc_custom_1442914189818{margin-bottom: 0px !important;padding-bottom: 3vw !important;background-color: #fafaf5 !important;}&#8221; el_class=&#8221;ri-padding-txt-img&#8221;][vc_column css=&#8221;.vc_custom_1442406738654{padding-top: 40px !important;}&#8221; offset=&#8221;vc_col-lg-6 vc_col-md-6 vc_col-xs-12&#8243;][vc_single_image image=&#8221;1378&#8243; img_size=&#8221;full&#8221;][\/vc_column][vc_column offset=&#8221;vc_col-lg-6 vc_col-md-6 vc_col-xs-12&#8243; css=&#8221;.vc_custom_1442914140661{margin-bottom: 3vw !important;padding-top: 5vw !important;}&#8221;][vc_column_text el_class=&#8221;intro&#8221;]<\/p>\n<h2>Certificats<\/h2>\n<p>Certificats, attestations, accords et autres documents techniques, certifiant la conformit\u00e9 des produits BAKS avec les normes et dispositions l\u00e9gales en faveur.<\/p>\n<p><a href=\"\/fr\/appui-technique\/certificats\/\">Certificats \u00e0 t\u00e9l\u00e9charger<\/a>[\/vc_column_text][\/vc_column][\/vc_row][vc_row full_width=&#8221;stretch_row&#8221; css=&#8221;.vc_custom_1442914268554{margin-bottom: 0px !important;padding-bottom: 3vw !important;background-color: #ffffff !important;}&#8221; el_class=&#8221;ri-padding-txt-img&#8221;][vc_column offset=&#8221;vc_col-lg-6 vc_col-md-6 vc_col-xs-12&#8243; css=&#8221;.vc_custom_1442913830433{padding-top: 5vw !important;}&#8221;][vc_column_text el_class=&#8221;intro&#8221;]<\/p>\n<h2>Films d&#8217;instruction<\/h2>\n<p>Les films d&#8217;instruction on-line expliquent l&#8217;application et le mode d\u00e9taill\u00e9 de l&#8217;assemblage des produits de diff\u00e9rents groupes de produits.<\/p>\n<p><a href=\"\/fr\/appui-technique\/films-demonstratifs\/\">Films d&#8217;instruction on-line<\/a>[\/vc_column_text][\/vc_column][vc_column offset=&#8221;vc_col-lg-6 vc_col-md-6 vc_col-xs-12&#8243; css=&#8221;.vc_custom_1442406752661{padding-top: 40px !important;}&#8221;][vc_single_image image=&#8221;7585&#8243; img_size=&#8221;full&#8221;][\/vc_column][\/vc_row][vc_row full_width=&#8221;stretch_row&#8221; css=&#8221;.vc_custom_1469525051654{margin-bottom: 0px !important;padding-bottom: 3vw !important;background-color: #fafaf5 !important;}&#8221; el_class=&#8221;ri-padding-txt-img&#8221;][vc_column css=&#8221;.vc_custom_1442406768041{padding-top: 40px !important;}&#8221; offset=&#8221;vc_col-lg-6 vc_col-md-6 vc_col-xs-12&#8243;][vc_single_image image=&#8221;1251&#8243; img_size=&#8221;full&#8221;][\/vc_column][vc_column offset=&#8221;vc_col-lg-offset-0 vc_col-lg-6 vc_col-md-offset-0 vc_col-md-6 vc_col-xs-12&#8243; css=&#8221;.vc_custom_1441101591501{padding-top: 40px !important;}&#8221;][vc_column_text el_class=&#8221;intro&#8221; css=&#8221;.vc_custom_1450193794877{padding-top: 10px !important;}&#8221;]<\/p>\n<h2>Logiciel BAKSCAD<\/h2>\n<p>Le logiciel sous forme de module pour les environnements courants CAD (AutoCAD, BricsCAD, ZWCAD), permet de concevoir des chemins de c\u00e2ble et de g\u00e9rer les assortiments de mat\u00e9riaux \u00e0 la base de produits BAKS.<\/p>\n<p><a href=\"\/fr\/appui-technique\/logiciel-bakscad\/\">En savoir plus sur le logiciel BAKSCAD<\/a>[\/vc_column_text][\/vc_column][\/vc_row][vc_row full_width=&#8221;stretch_row&#8221; css=&#8221;.vc_custom_1469525042004{margin-bottom: 0px !important;padding-bottom: 3vw !important;background-color: #ffffff !important;}&#8221; el_class=&#8221;ri-padding-txt-img&#8221;][vc_column offset=&#8221;vc_col-lg-offset-0 vc_col-lg-6 vc_col-md-offset-0 vc_col-md-6 vc_col-xs-12&#8243; css=&#8221;.vc_custom_1441101591501{padding-top: 40px !important;}&#8221;][vc_column_text el_class=&#8221;intro&#8221; css=&#8221;.vc_custom_1469525128624{padding-top: 10px !important;}&#8221;]<\/p>\n<h2>Biblioth\u00e8que virtuelle avec des mod\u00e8les en 3D<\/h2>\n<p>Dans notre offre vous trouverez des biblioth\u00e8ques virtuelles de nos produits, compatibles avec deux outils les plus populaires pour la conception de l\u2019installation en 3D\u00a0: SmartPlant 3D et\u00a0REVIT.<\/p>\n<p><a href=\"\/fr\/appui-technique\/pour-le-designer\/\">Biblioth\u00e8que<\/a>[\/vc_column_text][\/vc_column][vc_column css=&#8221;.vc_custom_1442406768041{padding-top: 40px !important;}&#8221; offset=&#8221;vc_col-lg-6 vc_col-md-6 vc_col-xs-12&#8243;][vc_single_image image=&#8221;47771&#8243; img_size=&#8221;full&#8221;][\/vc_column][\/vc_row][vc_row full_width=&#8221;stretch_row&#8221; el_class=&#8221;ri-padding-txt-img&#8221; css=&#8221;.vc_custom_1469525058521{background-color: #fafaf5 !important;}&#8221;][vc_column css=&#8221;.vc_custom_1442406783699{padding-top: 40px !important;}&#8221; offset=&#8221;vc_col-lg-6 vc_col-md-6 vc_col-xs-12&#8243;][vc_single_image image=&#8221;3085&#8243; img_size=&#8221;full&#8221;][\/vc_column][vc_column offset=&#8221;vc_col-lg-6 vc_col-md-6 vc_col-xs-12&#8243; css=&#8221;.vc_custom_1442913997680{padding-top: 5vw !important;}&#8221;][vc_column_text el_class=&#8221;intro&#8221; css=&#8221;.vc_custom_1446826530858{padding-top: 10px !important;}&#8221;]<\/p>\n<h2>Les consultants techniques<\/h2>\n<p>Une \u00e9quipe de consultants techniques comp\u00e9tents vous sert d&#8217;appui pour l&#8217;assortiment, application et assemblage de nos produits et syst\u00e8mes<br \/>\n[\/vc_column_text][\/vc_column][\/vc_row][vc_row][vc_column][vc_column_text]<\/p>\n<p><script>\nvar _mzid = '5b585893d471';\n(function(s, o, g) {\n\ta = s.createElement(o),\n\tm = s.getElementsByTagName(o)[0];\n\ta.async = 1;\n\ta.src = g;\n\tm.parentNode.insertBefore(a, m);\n})(document, 'script', '\/\/mzer.pl\/mz.js');\n<\/script>[\/vc_column_text][\/vc_column][\/vc_row]<\/p>\n<\/section>","protected":false},"excerpt":{"rendered":"<p>[vc_row row_id=&#8221;sticky-menu&#8221; el_class=&#8221;submenu-row&#8221; css=&#8221;.vc_custom_1441293753867{margin-top: 0px !important;margin-bottom: 0px !important;padding-top: 0px !important;padding-bottom: 0px !important;}&#8221;][vc_column css=&#8221;.vc_custom_1440752251833{margin-top: 0px !important;margin-bottom: 0px !important;padding-top: 0px !important;padding-bottom: 0px !important;}&#8221;][vc_widget_sidebar sidebar_id=&#8221;sidebar-2&#8243; el_class=&#8221;negative subMenuTop&#8221;][\/vc_column][\/vc_row][vc_row full_width=&#8221;stretch_row&#8221; el_class=&#8221;ri-opacity50 ri-black ri-padding-page-title&#8221; css=&#8221;.vc_custom_1736498342606{margin-bottom: 0px !important;background-image: url(https:\/\/www.baks.com.pl\/wp-content\/uploads\/2015\/08\/wsparcie_1v2.jpg?id=47771) !important;background-position: center !important;background-repeat: no-repeat !important;background-size: cover !important;}&#8221;][vc_column offset=&#8221;vc_col-lg-offset-2 vc_col-lg-8 vc_col-md-offset-2 vc_col-md-8 vc_col-xs-12&#8243;][vc_column_text el_class=&#8221;negative intro&#8221;]<\/p>\n<p>Informations d\u00e9taill\u00e9es sur nos produits<\/p>\n<p style=\"text-align: center;\">L&#8217;appui technique offert permet un travail plus rapide avec nos produits \u00e0 chaque \u00e9tape de l&#8217;investissement \u2013 \u00e0 commencer par le choix \u00e0 travers le projet et la sp\u00e9cification<\/p>\n","protected":false},"author":2,"featured_media":0,"parent":0,"menu_order":0,"comment_status":"closed","ping_status":"closed","template":"","meta":{"inline_featured_image":false},"acf":[],"_links":{"self":[{"href":"https:\/\/www.baks.com.pl\/fr\/wp-json\/wp\/v2\/pages\/7613"}],"collection":[{"href":"https:\/\/www.baks.com.pl\/fr\/wp-json\/wp\/v2\/pages"}],"about":[{"href":"https:\/\/www.baks.com.pl\/fr\/wp-json\/wp\/v2\/types\/page"}],"author":[{"embeddable":true,"href":"https:\/\/www.baks.com.pl\/fr\/wp-json\/wp\/v2\/users\/2"}],"replies":[{"embeddable":true,"href":"https:\/\/www.baks.com.pl\/fr\/wp-json\/wp\/v2\/comments?post=7613"}],"version-history":[{"count":13,"href":"https:\/\/www.baks.com.pl\/fr\/wp-json\/wp\/v2\/pages\/7613\/revisions"}],"predecessor-version":[{"id":47846,"href":"https:\/\/www.baks.com.pl\/fr\/wp-json\/wp\/v2\/pages\/7613\/revisions\/47846"}],"wp:attachment":[{"href":"https:\/\/www.baks.com.pl\/fr\/wp-json\/wp\/v2\/media?parent=7613"}],"curies":[{"name":"wp","href":"https:\/\/api.w.org\/{rel}","templated":true}]}}