{"id":7615,"date":"2015-12-14T14:00:04","date_gmt":"2015-12-14T13:00:04","guid":{"rendered":"https:\/\/baloikasdasa.sg-host.com\/fr\/?page_id=7615"},"modified":"2026-03-06T07:37:21","modified_gmt":"2026-03-06T06:37:21","slug":"certificats","status":"publish","type":"page","link":"https:\/\/www.baks.com.pl\/fr\/appui-technique\/certificats\/","title":{"rendered":"Certificats"},"content":{"rendered":"<section class=\"wpb-content-wrapper\"><p>[vc_row row_id=&#8221;sticky-menu&#8221; el_class=&#8221;submenu-row&#8221; css=&#8221;.vc_custom_1441293974811{margin-top: 0px !important;margin-bottom: 0px !important;padding-top: 0px !important;padding-bottom: 0px !important;}&#8221;][vc_column css=&#8221;.vc_custom_1440764191142{margin-top: 0px !important;margin-bottom: 0px !important;padding-top: 0px !important;padding-bottom: 0px !important;}&#8221;][vc_widget_sidebar sidebar_id=&#8221;sidebar-2&#8243; el_class=&#8221;negative subMenuTop&#8221;][\/vc_column][\/vc_row][vc_row full_width=&#8221;stretch_row&#8221; css=&#8221;.vc_custom_1450097859468{background-image: url(\/wp-content\/uploads\/2015\/07\/certyfikaty.jpg?id=7616) !important;background-position: center !important;background-repeat: no-repeat !important;background-size: cover !important;}&#8221; el_class=&#8221;intro ri-padding-page-title ri-opacity60 ri-black&#8221;][vc_column offset=&#8221;vc_col-lg-offset-2 vc_col-lg-8 vc_col-md-offset-2 vc_col-md-8 vc_col-xs-12&#8243;][vc_column_text el_class=&#8221;intro negative&#8221;]<\/p>\n<h1 style=\"text-align: center;\">Certificats<\/h1>\n<p>[\/vc_column_text][\/vc_column][vc_column width=&#8221;1\/6&#8243;][\/vc_column][\/vc_row][vc_row][vc_column][vc_column_text]<\/p>\n<h3>Certificats g\u00e9n\u00e9riques<\/h3>\n<p>[\/vc_column_text][vc_row_inner][vc_column_inner width=&#8221;1\/4&#8243;][vc_single_image image=&#8221;58893&#8243; img_size=&#8221;full&#8221; alignment=&#8221;center&#8221; onclick=&#8221;custom_link&#8221; link=&#8221;https:\/\/www.baks.com.pl\/wp-content\/uploads\/2015\/08\/BAKS_14001_Certyfikat_EN-1.pdf&#8221;][vc_column_text]<\/p>\n<p style=\"text-align: center;\"><a href=\"https:\/\/www.baks.com.pl\/wp-content\/uploads\/2015\/08\/BAKS_14001_Certyfikat_EN-1.pdf\">EN ISO 14001:2015 Certificate<\/a><\/p>\n<p>[\/vc_column_text][\/vc_column_inner][vc_column_inner width=&#8221;1\/4&#8243;][vc_single_image image=&#8221;58870&#8243; img_size=&#8221;full&#8221; alignment=&#8221;center&#8221; onclick=&#8221;custom_link&#8221; link=&#8221;https:\/\/www.baks.com.pl\/wp-content\/uploads\/2015\/08\/BAKS_9001_Certyfikat_EN-2.pdf&#8221;][vc_column_text]<\/p>\n<p style=\"text-align: center;\"><a href=\"https:\/\/www.baks.com.pl\/wp-content\/uploads\/2015\/08\/BAKS_9001_Certyfikat_EN-2.pdf\">EN ISO 9001:2015 Certificate<\/a><\/p>\n<p>[\/vc_column_text][\/vc_column_inner][vc_column_inner width=&#8221;1\/4&#8243;][vc_single_image image=&#8221;13592&#8243; img_size=&#8221;full&#8221; alignment=&#8221;center&#8221; onclick=&#8221;custom_link&#8221; link=&#8221;https:\/\/www.baks.com.pl\/wp-content\/uploads\/2021\/05\/BAKS-TM-EN.pdf&#8221;][vc_column_text]<a href=\"https:\/\/www.baks.com.pl\/wp-content\/uploads\/2021\/05\/BAKS-TM-EN.pdf\">VDE Certificate &#8211; Product Safety<\/a>[\/vc_column_text][\/vc_column_inner][vc_column_inner width=&#8221;1\/4&#8243;][vc_single_image image=&#8221;13144&#8243; img_size=&#8221;full&#8221; alignment=&#8221;center&#8221; onclick=&#8221;custom_link&#8221; link=&#8221;https:\/\/www.baks.com.pl\/wp-content\/uploads\/2021\/05\/BAKS-TM-BS-EN.pdf&#8221;][vc_column_text]<a href=\"https:\/\/www.baks.com.pl\/wp-content\/uploads\/2021\/05\/BAKS-TM-BS-EN.pdf\">British Standard Certificate<\/a>[\/vc_column_text][\/vc_column_inner][\/vc_row_inner][vc_row_inner][vc_column_inner width=&#8221;1\/4&#8243;][vc_single_image image=&#8221;15334&#8243; img_size=&#8221;full&#8221; alignment=&#8221;center&#8221; onclick=&#8221;custom_link&#8221; link=&#8221;https:\/\/www.baks.com.pl\/wp-content\/uploads\/2015\/08\/BAKS-TM-EN-001.pdf&#8221;][vc_column_text]<\/p>\n<p style=\"text-align: center;\"><a href=\"https:\/\/www.baks.com.pl\/wp-content\/uploads\/2015\/08\/BAKS-TM-EN-001.pdf\">Certificate PC-TUV-I21 Photovoltaik-Module<\/a><\/p>\n<p>[\/vc_column_text][\/vc_column_inner][vc_column_inner width=&#8221;1\/4&#8243;][vc_single_image image=&#8221;46527&#8243; img_size=&#8221;full&#8221; alignment=&#8221;center&#8221; onclick=&#8221;custom_link&#8221; link=&#8221;https:\/\/www.baks.com.pl\/wp-content\/uploads\/2015\/08\/cert_mors_2024.pdf&#8221;][vc_column_text]<a href=\"https:\/\/www.baks.com.pl\/wp-content\/uploads\/2015\/08\/cert_mors_2024.pdf\">Certificate for marine cable trays and ladders system<\/a>[\/vc_column_text][\/vc_column_inner][vc_column_inner width=&#8221;1\/4&#8243;][vc_single_image image=&#8221;46664&#8243; img_size=&#8221;full&#8221; alignment=&#8221;center&#8221; onclick=&#8221;custom_link&#8221; link=&#8221;\/wp-content\/uploads\/2015\/11\/93.png&#8221;][vc_column_text]<\/p>\n<p style=\"text-align: center;\"><a href=\"https:\/\/www.baks.com.pl\/wp-content\/uploads\/2019\/11\/Atest-Higieniczny.pdf\">Hygenic Certificate<\/a><\/p>\n<p>[\/vc_column_text][\/vc_column_inner][vc_column_inner width=&#8221;1\/4&#8243;][vc_single_image image=&#8221;13151&#8243; img_size=&#8221;full&#8221; alignment=&#8221;center&#8221; onclick=&#8221;custom_link&#8221; link=&#8221;\/wp-content\/uploads\/2015\/11\/94.jpg&#8221;][vc_column_text]<\/p>\n<p style=\"text-align: center;\"><a href=\"\/wp-content\/uploads\/2015\/11\/94.jpg\">Certificate of Compilance for Electrical Tests<\/a><\/p>\n<p>[\/vc_column_text][\/vc_column_inner][\/vc_row_inner][vc_row_inner][vc_column_inner width=&#8221;1\/4&#8243;][vc_single_image image=&#8221;46655&#8243; img_size=&#8221;full&#8221; alignment=&#8221;center&#8221; onclick=&#8221;custom_link&#8221; link=&#8221;https:\/\/www.baks.com.pl\/wp-content\/uploads\/2015\/08\/spawanie_EN.pdf&#8221;][vc_column_text]<\/p>\n<p style=\"text-align: center;\"><a href=\"https:\/\/www.baks.com.pl\/wp-content\/uploads\/2015\/08\/spawanie_EN.pdf\">Welding certificate<\/a><\/p>\n<p>[\/vc_column_text][\/vc_column_inner][vc_column_inner width=&#8221;1\/4&#8243;][\/vc_column_inner][vc_column_inner width=&#8221;1\/4&#8243;][\/vc_column_inner][vc_column_inner width=&#8221;1\/4&#8243;][\/vc_column_inner][\/vc_row_inner][\/vc_column][\/vc_row][vc_row row_id=&#8221;e90-certificats&#8221; css=&#8221;.vc_custom_1447077796930{padding-bottom: 0px !important;}&#8221;][vc_column css=&#8221;.vc_custom_1439563424255{margin-bottom: 0px !important;padding-bottom: 0px !important;}&#8221;][vc_column_text]<\/p>\n<h3>Certificats et agr\u00e9ments E-30, E-90<\/h3>\n<p>[\/vc_column_text][vc_row_inner][vc_column_inner width=&#8221;1\/4&#8243;][vc_single_image image=&#8221;45137&#8243; img_size=&#8221;full&#8221; alignment=&#8221;center&#8221; onclick=&#8221;custom_link&#8221; link=&#8221;https:\/\/www.baks.com.pl\/wp-content\/uploads\/2015\/08\/CNBOP-PIB-KOT_2023_0371-3703-w2_EN.pdf&#8221;][vc_column_text]<\/p>\n<p style=\"text-align: center;\"><a href=\"https:\/\/www.baks.com.pl\/wp-content\/uploads\/2015\/08\/CNBOP-PIB-KOT_2023_0371-3703-w2_EN.pdf\">National Technical Assessment CNBOP-PIB-KOT-2023\/0371-3703 issue 2<\/a><\/p>\n<p>[\/vc_column_text][\/vc_column_inner][vc_column_inner width=&#8221;1\/4&#8243;][vc_single_image image=&#8221;43335&#8243; img_size=&#8221;full&#8221; alignment=&#8221;center&#8221; onclick=&#8221;custom_link&#8221; link=&#8221;https:\/\/www.baks.com.pl\/wp-content\/uploads\/2015\/08\/c1_1.pdf&#8221;][vc_column_text]<\/p>\n<p style=\"text-align: center;\"><a href=\"https:\/\/www.baks.com.pl\/wp-content\/uploads\/2015\/08\/c1_1.pdf\">Certificate of Conformity 063-UWB-0547<\/a><\/p>\n<p>[\/vc_column_text][\/vc_column_inner][vc_column_inner width=&#8221;1\/4&#8243;][vc_single_image image=&#8221;43356&#8243; img_size=&#8221;full&#8221; alignment=&#8221;center&#8221; onclick=&#8221;custom_link&#8221; link=&#8221;https:\/\/www.baks.com.pl\/wp-content\/uploads\/2015\/08\/c2_caly.pdf&#8221;][vc_column_text]<\/p>\n<p style=\"text-align: center;\"><a href=\"https:\/\/www.baks.com.pl\/wp-content\/uploads\/2015\/08\/c2_caly.pdf\">Certificate 2023<\/a><\/p>\n<p>[\/vc_column_text][\/vc_column_inner][vc_column_inner width=&#8221;1\/4&#8243;][vc_single_image image=&#8221;15193&#8243; img_size=&#8221;full&#8221; alignment=&#8221;center&#8221; onclick=&#8221;custom_link&#8221; link=&#8221;https:\/\/www.baks.com.pl\/wp-content\/uploads\/2015\/08\/Krajowa-Deklaracja-w\u0142a\u015bciwo\u015bci-u\u017cytkowych-2021-E90-.pdf&#8221;][vc_column_text]<\/p>\n<p style=\"text-align: center;\"><a href=\"https:\/\/www.baks.com.pl\/wp-content\/uploads\/2015\/08\/Krajowa-Deklaracja-w\u0142a\u015bciwo\u015bci-u\u017cytkowych-2021-E90-.pdf\">Declaration 01\/2021<\/a><\/p>\n<p>[\/vc_column_text][\/vc_column_inner][\/vc_row_inner][vc_row_inner][vc_column_inner width=&#8221;1\/4&#8243;][vc_single_image image=&#8221;43377&#8243; img_size=&#8221;full&#8221; alignment=&#8221;center&#8221; onclick=&#8221;custom_link&#8221; link=&#8221;https:\/\/www.baks.com.pl\/wp-content\/uploads\/2015\/08\/puszki-CNBOP-PIB-KOT-2023_0381-3704-w1.pdf&#8221;][vc_column_text]<\/p>\n<p style=\"text-align: center;\"><a href=\"https:\/\/www.baks.com.pl\/wp-content\/uploads\/2015\/08\/puszki-CNBOP-PIB-KOT-2023_0381-3704-w1.pdf\">bo\u00eetiers de raccordement-d\u00e9rivation<\/a><\/p>\n<p>[\/vc_column_text][\/vc_column_inner][vc_column_inner width=&#8221;1\/4&#8243;][vc_single_image image=&#8221;13132&#8243; img_size=&#8221;full&#8221; alignment=&#8221;center&#8221;][vc_column_text]<\/p>\n<p style=\"text-align: center;\"><a href=\"https:\/\/www.baks.com.pl\/wp-content\/uploads\/2015\/08\/P-1022-przedluzony.pdf\">E-90 P1022_DMT<\/a><br \/>\n<a href=\"https:\/\/www.baks.com.pl\/wp-content\/uploads\/2015\/08\/P-1035-przedluzony.pdf\">E-90 P1035_DMT<\/a><br \/>\n<a href=\"https:\/\/www.baks.com.pl\/wp-content\/uploads\/2015\/08\/P-MPA-BS-240054.pdf\">E-90 P-MPA-BS-240054<\/a><\/p>\n<p>[\/vc_column_text][\/vc_column_inner][vc_column_inner width=&#8221;1\/4&#8243;][vc_single_image image=&#8221;13165&#8243; img_size=&#8221;full&#8221; alignment=&#8221;center&#8221;][vc_column_text]<\/p>\n<p style=\"text-align: center;\"><a href=\"\/wp-content\/uploads\/2018\/02\/FIRES-CR-018-16-AUPE3.pdf\" target=\"_blank\" rel=\"noopener\">FIRES-CR-018-16-AUPE3<\/a><br \/>\n<a href=\"\/wp-content\/uploads\/2018\/02\/FIRES-CR-019-17-AUPE3.pdf\" target=\"_blank\" rel=\"noopener\">FIRES-CR-019-17-AUPE3<\/a><br \/>\n<a href=\"\/wp-content\/uploads\/2018\/02\/FIRES-CR-042-16-AUPE3.pdf\" target=\"_blank\" rel=\"noopener\">FIRES-CR-042-16-AUPE3<\/a><br \/>\n<a href=\"\/wp-content\/uploads\/2018\/02\/FIRES-CR-050-17-AUPE3.pdf\" target=\"_blank\" rel=\"noopener\">FIRES-CR-050-17-AUPE3<\/a><br \/>\n<a href=\"\/wp-content\/uploads\/2018\/02\/FIRES-CR-061-16-AUPE2.pdf\" target=\"_blank\" rel=\"noopener\">FIRES-CR-061-16-AUPE2<\/a><br \/>\n<a href=\"\/wp-content\/uploads\/2018\/02\/FIRES-CR-062-16-AUPE2.pdf\" target=\"_blank\" rel=\"noopener\">FIRES-CR-062-16-AUPE2<\/a><br \/>\n<a href=\"\/wp-content\/uploads\/2018\/02\/FIRES-CR-063-16-AUPE2.pdf\" target=\"_blank\" rel=\"noopener\">FIRES-CR-063-16-AUPE2<\/a><br \/>\n<a href=\"\/wp-content\/uploads\/2018\/02\/FIRES-CR-064-16-AUPE2.pdf\" target=\"_blank\" rel=\"noopener\">FIRES-CR-064-16-AUPE2<\/a><\/p>\n<p>[\/vc_column_text][\/vc_column_inner][vc_column_inner width=&#8221;1\/4&#8243;][vc_single_image image=&#8221;13165&#8243; img_size=&#8221;full&#8221; alignment=&#8221;center&#8221;][vc_column_text]<\/p>\n<p style=\"text-align: center;\"><a href=\"\/wp-content\/uploads\/2018\/02\/FIRES-CR-065-16-AUPE2.pdf\" target=\"_blank\" rel=\"noopener\">FIRES-CR-065-16-AUPE2<\/a><br \/>\n<a href=\"\/wp-content\/uploads\/2018\/02\/FIRES-CR-066-16-AUPE2.pdf\" target=\"_blank\" rel=\"noopener\">FIRES-CR-066-16-AUPE2<\/a><br \/>\n<a href=\"\/wp-content\/uploads\/2018\/02\/FIRES-CR-067-16-AUPE2.pdf\" target=\"_blank\" rel=\"noopener\">FIRES-CR-067-16-AUPE2<\/a><br \/>\n<a href=\"\/wp-content\/uploads\/2018\/02\/FIRES-CR-068-16-AUPE2.pdf\" target=\"_blank\" rel=\"noopener\">FIRES-CR-068-16-AUPE2<\/a><br \/>\n<a href=\"\/wp-content\/uploads\/2018\/02\/FIRES-CR-069-16-AUPE2.pdf\" target=\"_blank\" rel=\"noopener\">FIRES-CR-069-16-AUPE2<\/a><br \/>\n<a href=\"\/wp-content\/uploads\/2018\/02\/FIRES-CR-070-16-AUPE2.pdf\" target=\"_blank\" rel=\"noopener\">FIRES-CR-070-16-AUPE2<\/a><br \/>\n<a href=\"\/wp-content\/uploads\/2018\/02\/FIRES-CR-071-16-AUPE2.pdf\" target=\"_blank\" rel=\"noopener\">FIRES-CR-071-16-AUPE2<\/a><br \/>\n<a href=\"\/wp-content\/uploads\/2018\/02\/FIRES-CR-072-16-AUPE2.pdf\" target=\"_blank\" rel=\"noopener\">FIRES-CR-072-16-AUPE2<\/a><\/p>\n<p>[\/vc_column_text][\/vc_column_inner][\/vc_row_inner][vc_row_inner][vc_column_inner width=&#8221;1\/4&#8243;][vc_single_image image=&#8221;13165&#8243; img_size=&#8221;full&#8221; alignment=&#8221;center&#8221;][vc_column_text]<\/p>\n<p style=\"text-align: center;\"><a href=\"\/wp-content\/uploads\/2018\/02\/FIRES-CR-073-16-AUPE2.pdf\" target=\"_blank\" rel=\"noopener\">FIRES-CR-073-16-AUPE2<\/a><br \/>\n<a href=\"\/wp-content\/uploads\/2018\/02\/FIRES-CR-104-14-AUPE3.pdf\" target=\"_blank\" rel=\"noopener\">FIRES-CR-104-14-AUPE3<\/a><br \/>\n<a href=\"\/wp-content\/uploads\/2018\/02\/FIRES-CR-145-15-AUPE3.pdf\" target=\"_blank\" rel=\"noopener\">FIRES-CR-145-15-AUPE3<\/a><br \/>\n<a href=\"\/wp-content\/uploads\/2018\/02\/FIRES-CR-157-13-AUPE3.pdf\" target=\"_blank\" rel=\"noopener\">FIRES-CR-157-13-AUPE3<\/a><\/p>\n<p>[\/vc_column_text][\/vc_column_inner][vc_column_inner width=&#8221;1\/4&#8243;][vc_single_image image=&#8221;15138&#8243; img_size=&#8221;full&#8221; alignment=&#8221;center&#8221; onclick=&#8221;custom_link&#8221; link=&#8221;https:\/\/www.baks.com.pl\/wp-content\/uploads\/2015\/08\/240073818-4.pdf&#8221;][vc_column_text]<\/p>\n<p style=\"text-align: center;\"><a href=\"https:\/\/www.baks.com.pl\/wp-content\/uploads\/2015\/08\/240201723-1.pdf\">2400\/738\/18-1<\/a><br \/>\n<a href=\"https:\/\/www.baks.com.pl\/wp-content\/uploads\/2015\/08\/240201823-1.pdf\">2400\/738\/18-2<\/a><br \/>\n<a href=\"https:\/\/www.baks.com.pl\/wp-content\/uploads\/2015\/08\/240201923-1.pdf\">2400\/738\/18-3<\/a><br \/>\n<a href=\"https:\/\/www.baks.com.pl\/wp-content\/uploads\/2015\/08\/240073818-4-1.pdf\">2400\/738\/18-4<\/a><\/p>\n<p>[\/vc_column_text][\/vc_column_inner][vc_column_inner width=&#8221;1\/4&#8243;][vc_single_image image=&#8221;58797&#8243; img_size=&#8221;full&#8221; alignment=&#8221;center&#8221; onclick=&#8221;custom_link&#8221; link=&#8221;https:\/\/www.baks.com.pl\/wp-content\/uploads\/2015\/08\/GU-MPABS-2401372-Mischbelegung_B_vis_EN.pdf&#8221;][vc_column_text]<\/p>\n<p style=\"text-align: center;\"><a href=\"https:\/\/www.baks.com.pl\/wp-content\/uploads\/2015\/08\/GU-MPABS-2401372-Mischbelegung_B_vis_EN.pdf\">GU MPABS-2401372<\/a><\/p>\n<p>[\/vc_column_text][\/vc_column_inner][vc_column_inner width=&#8221;1\/4&#8243;][\/vc_column_inner][\/vc_row_inner][vc_row_inner][vc_column_inner width=&#8221;1\/4&#8243;][\/vc_column_inner][vc_column_inner width=&#8221;1\/4&#8243;][\/vc_column_inner][vc_column_inner width=&#8221;1\/4&#8243;][\/vc_column_inner][vc_column_inner width=&#8221;1\/4&#8243;][\/vc_column_inner][\/vc_row_inner][vc_row_inner][vc_column_inner width=&#8221;1\/4&#8243;][\/vc_column_inner][vc_column_inner width=&#8221;1\/4&#8243;][\/vc_column_inner][vc_column_inner width=&#8221;1\/4&#8243;][\/vc_column_inner][vc_column_inner width=&#8221;1\/4&#8243;][\/vc_column_inner][\/vc_row_inner][\/vc_column][\/vc_row][vc_row row_id=&#8221;e90-certificats&#8221; css=&#8221;.vc_custom_1447077796930{padding-bottom: 0px !important;}&#8221;][vc_column css=&#8221;.vc_custom_1439563424255{margin-bottom: 0px !important;padding-bottom: 0px !important;}&#8221;][vc_column_text]<\/p>\n<h3><\/h3>\n<p>[\/vc_column_text][vc_row_inner][vc_column_inner width=&#8221;1\/4&#8243;][\/vc_column_inner][vc_column_inner width=&#8221;1\/4&#8243;][vc_column_text][\/vc_column_text][\/vc_column_inner][vc_column_inner width=&#8221;1\/4&#8243;][\/vc_column_inner][vc_column_inner width=&#8221;1\/4&#8243;][\/vc_column_inner][\/vc_row_inner][\/vc_column][\/vc_row][vc_row][vc_column][vc_column_text]<\/p>\n<p><script>\/\/ <![CDATA[ var _mzid = '5b585893d471'; (function(s, o, g) { a = s.createElement(o), m = s.getElementsByTagName(o)[0]; a.async = 1; a.src = g; m.parentNode.insertBefore(a, m); })(document, 'script', '\/\/mzer.pl\/mz.js'); \/\/ ]]><\/script>[\/vc_column_text][\/vc_column][\/vc_row]<\/p>\n<\/section>","protected":false},"excerpt":{"rendered":"<p>[vc_row row_id=&#8221;sticky-menu&#8221; el_class=&#8221;submenu-row&#8221; css=&#8221;.vc_custom_1441293974811{margin-top: 0px !important;margin-bottom: 0px !important;padding-top: 0px !important;padding-bottom: 0px !important;}&#8221;][vc_column css=&#8221;.vc_custom_1440764191142{margin-top: 0px !important;margin-bottom: 0px !important;padding-top: 0px !important;padding-bottom: 0px !important;}&#8221;][vc_widget_sidebar sidebar_id=&#8221;sidebar-2&#8243; el_class=&#8221;negative subMenuTop&#8221;][\/vc_column][\/vc_row][vc_row full_width=&#8221;stretch_row&#8221; css=&#8221;.vc_custom_1450097859468{background-image: url(\/wp-content\/uploads\/2015\/07\/certyfikaty.jpg?id=7616) !important;background-position: center !important;background-repeat: no-repeat !important;background-size: cover !important;}&#8221; el_class=&#8221;intro ri-padding-page-title ri-opacity60 ri-black&#8221;][vc_column offset=&#8221;vc_col-lg-offset-2 vc_col-lg-8 vc_col-md-offset-2 vc_col-md-8 vc_col-xs-12&#8243;][vc_column_text el_class=&#8221;intro negative&#8221;]<\/p>\n<p>Certificats<\/p>\n<p>[\/vc_column_text][\/vc_column][vc_column width=&#8221;1\/6&#8243;][\/vc_column][\/vc_row][vc_row][vc_column][vc_column_text]<\/p>\n<p>Certificats g\u00e9n\u00e9riques<\/p>\n<p>[\/vc_column_text][vc_row_inner][vc_column_inner width=&#8221;1\/4&#8243;][vc_single_image image=&#8221;58893&#8243; img_size=&#8221;full&#8221; alignment=&#8221;center&#8221; onclick=&#8221;custom_link&#8221; link=&#8221;https:\/\/www.baks.com.pl\/wp-content\/uploads\/2015\/08\/BAKS_14001_Certyfikat_EN-1.pdf&#8221;][vc_column_text]<\/p>\n<p style=\"text-align: center;\"><a href=\"https:\/\/www.baks.com.pl\/wp-content\/uploads\/2015\/08\/BAKS_14001_Certyfikat_EN-1.pdf\">EN ISO 14001:2015 Certificate<\/a><\/p>\n<p>[\/vc_column_text][\/vc_column_inner][vc_column_inner width=&#8221;1\/4&#8243;][vc_single_image image=&#8221;58870&#8243; img_size=&#8221;full&#8221; alignment=&#8221;center&#8221; onclick=&#8221;custom_link&#8221; link=&#8221;https:\/\/www.baks.com.pl\/wp-content\/uploads\/2015\/08\/BAKS_9001_Certyfikat_EN-2.pdf&#8221;][vc_column_text]<\/p>\n<p style=\"text-align: center;\"><a href=\"https:\/\/www.baks.com.pl\/wp-content\/uploads\/2015\/08\/BAKS_9001_Certyfikat_EN-2.pdf\">EN ISO 9001:2015 Certificate<\/a><\/p>\n<p>[\/vc_column_text][\/vc_column_inner][vc_column_inner width=&#8221;1\/4&#8243;][vc_single_image image=&#8221;13592&#8243; img_size=&#8221;full&#8221; alignment=&#8221;center&#8221; onclick=&#8221;custom_link&#8221; link=&#8221;https:\/\/www.baks.com.pl\/wp-content\/uploads\/2021\/05\/BAKS-TM-EN.pdf&#8221;][vc_column_text]<a href=\"https:\/\/www.baks.com.pl\/wp-content\/uploads\/2021\/05\/BAKS-TM-EN.pdf\">VDE Certificate &#8211;<\/p>\n","protected":false},"author":2,"featured_media":0,"parent":7613,"menu_order":0,"comment_status":"closed","ping_status":"closed","template":"","meta":{"inline_featured_image":false},"acf":[],"_links":{"self":[{"href":"https:\/\/www.baks.com.pl\/fr\/wp-json\/wp\/v2\/pages\/7615"}],"collection":[{"href":"https:\/\/www.baks.com.pl\/fr\/wp-json\/wp\/v2\/pages"}],"about":[{"href":"https:\/\/www.baks.com.pl\/fr\/wp-json\/wp\/v2\/types\/page"}],"author":[{"embeddable":true,"href":"https:\/\/www.baks.com.pl\/fr\/wp-json\/wp\/v2\/users\/2"}],"replies":[{"embeddable":true,"href":"https:\/\/www.baks.com.pl\/fr\/wp-json\/wp\/v2\/comments?post=7615"}],"version-history":[{"count":50,"href":"https:\/\/www.baks.com.pl\/fr\/wp-json\/wp\/v2\/pages\/7615\/revisions"}],"predecessor-version":[{"id":58908,"href":"https:\/\/www.baks.com.pl\/fr\/wp-json\/wp\/v2\/pages\/7615\/revisions\/58908"}],"up":[{"embeddable":true,"href":"https:\/\/www.baks.com.pl\/fr\/wp-json\/wp\/v2\/pages\/7613"}],"wp:attachment":[{"href":"https:\/\/www.baks.com.pl\/fr\/wp-json\/wp\/v2\/media?parent=7615"}],"curies":[{"name":"wp","href":"https:\/\/api.w.org\/{rel}","templated":true}]}}