{"id":7623,"date":"2015-12-14T14:09:52","date_gmt":"2015-12-14T13:09:52","guid":{"rendered":"https:\/\/baloikasdasa.sg-host.com\/fr\/?page_id=7623"},"modified":"2021-11-02T14:30:28","modified_gmt":"2021-11-02T13:30:28","slug":"catalogues-a-telecharger","status":"publish","type":"page","link":"https:\/\/www.baks.com.pl\/fr\/appui-technique\/catalogues-a-telecharger\/","title":{"rendered":"Catalogues \u00e0 t\u00e9l\u00e9charger"},"content":{"rendered":"<section class=\"wpb-content-wrapper\"><p>[vc_row row_id=&#8221;sticky-menu&#8221; el_class=&#8221;submenu-row&#8221; css=&#8221;.vc_custom_1441293938868{margin-top: 0px !important;margin-bottom: 0px !important;padding-top: 0px !important;padding-bottom: 0px !important;}&#8221;][vc_column css=&#8221;.vc_custom_1440764055529{margin-top: 0px !important;margin-bottom: 0px !important;padding-top: 0px !important;padding-bottom: 0px !important;}&#8221;][vc_widget_sidebar sidebar_id=&#8221;sidebar-2&#8243; el_class=&#8221;negative subMenuTop&#8221;][\/vc_column][\/vc_row][vc_row full_width=&#8221;stretch_row&#8221; el_class=&#8221;ri-opacity60 ri-black intro negative ri-padding-page-title&#8221; css=&#8221;.vc_custom_1450094299171{background-image: url(\/wp-content\/uploads\/2015\/07\/wsparcie_2.jpg?id=7584) !important;background-position: center !important;background-repeat: no-repeat !important;background-size: cover !important;}&#8221;][vc_column][vc_column_text]<\/p>\n<h1 style=\"text-align: center;\">Catalogues \u00e0 t\u00e9l\u00e9charger<\/h1>\n<p>[\/vc_column_text][\/vc_column][\/vc_row][vc_row][vc_column][vc_column_text]<\/p>\n<h3>Catalogue g\u00e9n\u00e9rique<\/h3>\n<p>[\/vc_column_text][vc_separator color=&#8221;green&#8221;][\/vc_column][\/vc_row][vc_row][vc_column width=&#8221;1\/3&#8243;][vc_single_image image=&#8221;2425&#8243; img_size=&#8221;30&#215;20&#8243; el_class=&#8221;baks-small-logo&#8221;][vc_column_text css=&#8221;.vc_custom_1442840579882{margin-top: 5px !important;margin-bottom: 5px !important;}&#8221;]<\/p>\n<h6>Informations g\u00e9n\u00e9rales<\/h6>\n<p>[\/vc_column_text][vc_row_inner][vc_column_inner][vc_column_text]<small>Informations<\/small>[\/vc_column_text][\/vc_column_inner][\/vc_row_inner][\/vc_column][vc_column width=&#8221;1\/3&#8243;][\/vc_column][vc_column width=&#8221;1\/3&#8243;][\/vc_column][\/vc_row][vc_row][vc_column width=&#8221;1\/3&#8243;][vc_single_image image=&#8221;2432&#8243; img_size=&#8221;full&#8221; height_param=&#8221;31&#8243;][vc_column_text css=&#8221;.vc_custom_1442840615960{margin-top: 5px !important;margin-bottom: 5px !important;}&#8221;]<\/p>\n<h6>Augets de c\u00e2bles<\/h6>\n<p>[\/vc_column_text][vc_row_inner el_class=&#8221;katalogi-link&#8221;][vc_column_inner][vc_column_text]<small>Augets de c\u00e2bles partie 1 H30 <\/small><br \/>\n<small>Augets de c\u00e2bles partie 2 H42<br \/>\n<\/small><small><\/small><small>Augets de c\u00e2bles partie 3 H50<\/small><br \/>\n<small>Augets de c\u00e2bles partie 4 H60<\/small><br \/>\n<small>Augets de c\u00e2bles partie 5 H80<\/small><br \/>\n<small>Augets de c\u00e2bles partie 6 H100<\/small><br \/>\n<small>Augets de c\u00e2bles partie 7 H110<\/small><br \/>\n<small>Augets de c\u00e2ble partie 8 Accessoires<\/small>[\/vc_column_text][\/vc_column_inner][\/vc_row_inner][\/vc_column][vc_column width=&#8221;1\/3&#8243;][vc_single_image image=&#8221;2435&#8243; img_size=&#8221;full&#8221; height_param=&#8221;31&#8243;][vc_column_text css=&#8221;.vc_custom_1442840695786{margin-top: 5px !important;margin-bottom: 5px !important;}&#8221;]<\/p>\n<h6>Augets de toile<\/h6>\n<p>[\/vc_column_text][vc_row_inner css=&#8221;.vc_custom_1439798239069{margin-top: 0px !important;padding-top: 0px !important;padding-right: 0px !important;padding-bottom: 0px !important;}&#8221; el_class=&#8221;katalogi-link&#8221;][vc_column_inner][vc_column_text]<small>Augets de toile partie 1<\/small>[\/vc_column_text][\/vc_column_inner][\/vc_row_inner][\/vc_column][vc_column width=&#8221;1\/3&#8243;][vc_single_image image=&#8221;2434&#8243; img_size=&#8221;full&#8221; height_param=&#8221;31&#8243;][vc_column_text css=&#8221;.vc_custom_1442840704549{margin-top: 5px !important;margin-bottom: 5px !important;}&#8221;]<\/p>\n<h6>Augets autoporteurs<\/h6>\n<p>[\/vc_column_text][vc_row_inner el_class=&#8221;katalogi-link&#8221;][vc_column_inner][vc_column_text]<small>Augets autoporteurs partie 1<\/small>[\/vc_column_text][\/vc_column_inner][\/vc_row_inner][\/vc_column][\/vc_row][vc_row][vc_column width=&#8221;1\/3&#8243;][vc_single_image image=&#8221;2436&#8243; img_size=&#8221;full&#8221;][vc_column_text css=&#8221;.vc_custom_1442840715786{margin-top: 5px !important;margin-bottom: 5px !important;}&#8221;]<\/p>\n<h6>Augets de syst\u00e8me externe lourd<\/h6>\n<p>[\/vc_column_text][vc_row_inner el_class=&#8221;katalogi-link&#8221;][vc_column_inner][vc_column_text]<small>Externe lourd partie 1<\/small>[\/vc_column_text][\/vc_column_inner][\/vc_row_inner][\/vc_column][vc_column width=&#8221;1\/3&#8243;][vc_single_image image=&#8221;2433&#8243; img_size=&#8221;full&#8221;][vc_column_text css=&#8221;.vc_custom_1442840724800{margin-top: 5px !important;margin-bottom: 5px !important;}&#8221;]<\/p>\n<h6>Augets d c\u00e2ble syst\u00e8me d&#8217;alimentation de machines<\/h6>\n<p>[\/vc_column_text][vc_row_inner css=&#8221;.vc_custom_1439477363215{margin-top: 0px !important;padding-top: 0px !important;padding-right: 0px !important;padding-bottom: 0px !important;padding-left: 0px !important;}&#8221; el_class=&#8221;katalogi-link&#8221;][vc_column_inner css=&#8221;.vc_custom_1439801412419{padding-right: 0px !important;}&#8221;][vc_column_text]<small>Syst\u00e8me d&#8217;alimentation de machines partie 1<\/small>[\/vc_column_text][\/vc_column_inner][\/vc_row_inner][\/vc_column][vc_column width=&#8221;1\/3&#8243;][vc_single_image image=&#8221;2426&#8243; img_size=&#8221;full&#8221;][vc_column_text css=&#8221;.vc_custom_1442840733602{margin-top: 5px !important;margin-bottom: 5px !important;}&#8221;]<\/p>\n<h6>Echelles de c\u00e2bles<\/h6>\n<p>[\/vc_column_text][vc_row_inner el_class=&#8221;katalogi-link&#8221;][vc_column_inner][vc_column_text]<small>Echelles de c\u00e2bles partie 1<\/small><br \/>\n<small><\/small>[\/vc_column_text][\/vc_column_inner][\/vc_row_inner][\/vc_column][\/vc_row][vc_row][vc_column width=&#8221;1\/3&#8243;][vc_single_image image=&#8221;2428&#8243; img_size=&#8221;full&#8221;][vc_column_text css=&#8221;.vc_custom_1439551167107{margin-top: 20px !important;margin-bottom: 20px !important;}&#8221;]<\/p>\n<h5>Echelles autoporteuses<\/h5>\n<p>[\/vc_column_text][vc_row_inner el_class=&#8221;katalogi-link&#8221;][vc_column_inner][vc_column_text]<small>Echelles autoporteuses partie 1<\/small><small><br \/>\n<\/small>[\/vc_column_text][\/vc_column_inner][\/vc_row_inner][\/vc_column][vc_column width=&#8221;1\/3&#8243;][vc_single_image image=&#8221;2427&#8243; img_size=&#8221;full&#8221;][vc_column_text css=&#8221;.vc_custom_1439551488300{margin-top: 20px !important;margin-bottom: 20px !important;}&#8221;]<\/p>\n<h5>Echelles verticales<\/h5>\n<p>[\/vc_column_text][vc_row_inner css=&#8221;.vc_custom_1439477363215{margin-top: 0px !important;padding-top: 0px !important;padding-right: 0px !important;padding-bottom: 0px !important;padding-left: 0px !important;}&#8221; el_class=&#8221;katalogi-link&#8221;][vc_column_inner][vc_column_text]<small>Echelles verticales<\/small>[\/vc_column_text][\/vc_column_inner][\/vc_row_inner][\/vc_column][vc_column width=&#8221;1\/3&#8243;][vc_single_image image=&#8221;2437&#8243; img_size=&#8221;full&#8221;][vc_column_text css=&#8221;.vc_custom_1439551542272{margin-top: 20px !important;margin-bottom: 20px !important;}&#8221;]<\/p>\n<h5>Profil\u00e9s<\/h5>\n<p>[\/vc_column_text][vc_row_inner el_class=&#8221;katalogi-link&#8221;][vc_column_inner][vc_column_text]<small>Profil\u00e9s en U partie 1<\/small>[\/vc_column_text][\/vc_column_inner][\/vc_row_inner][\/vc_column][\/vc_row][vc_row][vc_column width=&#8221;1\/3&#8243;][vc_single_image image=&#8221;2440&#8243; img_size=&#8221;full&#8221;][vc_column_text css=&#8221;.vc_custom_1442840851844{margin-top: 5px !important;margin-bottom: 5px !important;}&#8221;]<\/p>\n<h6>Barres, vis, cordes<\/h6>\n<p>[\/vc_column_text][vc_row_inner el_class=&#8221;katalogi-link&#8221;][vc_column_inner][vc_column_text]<small>\u00c9l\u00e9ments de c\u00e2blage<\/small>[\/vc_column_text][\/vc_column_inner][\/vc_row_inner][\/vc_column][vc_column width=&#8221;1\/3&#8243;][vc_single_image image=&#8221;2444&#8243; img_size=&#8221;full&#8221;][vc_column_text css=&#8221;.vc_custom_1442840899185{margin-top: 5px !important;margin-bottom: 5px !important;}&#8221;]<\/p>\n<h6>Elingues de c\u00e2ble murales<\/h6>\n<p>[\/vc_column_text][vc_row_inner css=&#8221;.vc_custom_1439477363215{margin-top: 0px !important;padding-top: 0px !important;padding-right: 0px !important;padding-bottom: 0px !important;padding-left: 0px !important;}&#8221; el_class=&#8221;katalogi-link&#8221;][vc_column_inner][vc_column_text]<small>Elingues de c\u00e2ble murales<\/small>[\/vc_column_text][\/vc_column_inner][\/vc_row_inner][\/vc_column][vc_column width=&#8221;1\/3&#8243;][vc_single_image image=&#8221;2446&#8243; img_size=&#8221;full&#8221;][vc_column_text css=&#8221;.vc_custom_1450273812870{margin-top: 5px !important;margin-bottom: 5px !important;}&#8221;]<\/p>\n<h6>Elingues de c\u00e2ble de plafond<\/h6>\n<p>[\/vc_column_text][vc_row_inner el_class=&#8221;katalogi-link&#8221;][vc_column_inner][vc_column_text]<small>Elingues de c\u00e2ble de plafond<\/small>[\/vc_column_text][\/vc_column_inner][\/vc_row_inner][\/vc_column][\/vc_row][vc_row][vc_column width=&#8221;1\/3&#8243;][vc_single_image image=&#8221;2445&#8243; img_size=&#8221;full&#8221;][vc_column_text css=&#8221;.vc_custom_1442840948032{margin-top: 5px !important;margin-bottom: 5px !important;}&#8221;]<\/p>\n<h6>Elingues de c\u00e2ble \u00e9lastiques<\/h6>\n<p>[\/vc_column_text][vc_row_inner el_class=&#8221;katalogi-link&#8221;][vc_column_inner][vc_column_text]<small>Elingues de c\u00e2ble \u00e9lastiques<\/small>[\/vc_column_text][\/vc_column_inner][\/vc_row_inner][\/vc_column][vc_column width=&#8221;1\/3&#8243;][vc_single_image image=&#8221;2442&#8243; img_size=&#8221;full&#8221;][vc_column_text css=&#8221;.vc_custom_1442840998373{margin-top: 5px !important;margin-bottom: 5px !important;}&#8221;]<\/p>\n<h6>Syst\u00e8me H<\/h6>\n<p>[\/vc_column_text][vc_row_inner css=&#8221;.vc_custom_1439477363215{margin-top: 0px !important;padding-top: 0px !important;padding-right: 0px !important;padding-bottom: 0px !important;padding-left: 0px !important;}&#8221; el_class=&#8221;katalogi-link&#8221;][vc_column_inner][vc_column_text]<small>Syst\u00e8me H<\/small>[\/vc_column_text][\/vc_column_inner][\/vc_row_inner][\/vc_column][vc_column width=&#8221;1\/3&#8243;][vc_single_image image=&#8221;2431&#8243; img_size=&#8221;full&#8221;][vc_column_text css=&#8221;.vc_custom_1442841013069{margin-top: 5px !important;margin-bottom: 5px !important;}&#8221;]<\/p>\n<h6>Conduites sous-sol<\/h6>\n<p>[\/vc_column_text][vc_row_inner el_class=&#8221;katalogi-link&#8221;][vc_column_inner][vc_column_text]<small>Conduites sous-sol<\/small>[\/vc_column_text][\/vc_column_inner][\/vc_row_inner][\/vc_column][\/vc_row][vc_row][vc_column width=&#8221;1\/3&#8243;][vc_single_image image=&#8221;2430&#8243; img_size=&#8221;full&#8221;][vc_column_text css=&#8221;.vc_custom_1442841042399{margin-top: 5px !important;margin-bottom: 5px !important;}&#8221;]<\/p>\n<h6>Conduites murales<\/h6>\n<p>[\/vc_column_text][vc_row_inner el_class=&#8221;katalogi-link&#8221;][vc_column_inner][vc_column_text]<small>Conduites murales<\/small>[\/vc_column_text][\/vc_column_inner][\/vc_row_inner][\/vc_column][vc_column width=&#8221;1\/3&#8243;][vc_single_image image=&#8221;2443&#8243; img_size=&#8221;full&#8221;][vc_column_text css=&#8221;.vc_custom_1442841051313{margin-top: 5px !important;margin-bottom: 5px !important;}&#8221;]<\/p>\n<h6>Syst\u00e8me d&#8217;\u00e9clairage<\/h6>\n<p>[\/vc_column_text][vc_row_inner el_class=&#8221;katalogi-link&#8221;][vc_column_inner][vc_column_text]<small>Syst\u00e8me \u00e9clairage-d\u00e9cor<\/small>[\/vc_column_text][\/vc_column_inner][\/vc_row_inner][\/vc_column][vc_column width=&#8221;1\/3&#8243;][vc_single_image image=&#8221;2429&#8243; img_size=&#8221;full&#8221;][vc_column_text css=&#8221;.vc_custom_1449566948393{margin-top: 5px !important;margin-bottom: 5px !important;}&#8221;]<\/p>\n<h6>Photopiles<\/h6>\n<p>[\/vc_column_text][vc_row_inner el_class=&#8221;katalogi-link&#8221;][vc_column_inner][vc_column_text]<small>Photopiles1<\/small><br \/>\n<small>Photopiles2<\/small>[\/vc_column_text][\/vc_column_inner][\/vc_row_inner][\/vc_column][\/vc_row][vc_row css=&#8221;.vc_custom_1442843219576{margin-bottom: 80px !important;}&#8221;][vc_column width=&#8221;1\/3&#8243;][vc_single_image image=&#8221;2441&#8243; img_size=&#8221;full&#8221;][vc_column_text css=&#8221;.vc_custom_1442841199630{margin-top: 5px !important;margin-bottom: 5px !important;}&#8221;]<\/p>\n<h6>Syst\u00e8mes E-30, E-90<del><\/del><\/h6>\n<p>[\/vc_column_text][vc_row_inner el_class=&#8221;katalogi-link&#8221;][vc_column_inner][vc_column_text]<small>E-90 partie 1<\/small><br \/>\n<small>E-90 partie 2<\/small><br \/>\n<small>E-90 partie 3<\/small>[\/vc_column_text][\/vc_column_inner][\/vc_row_inner][\/vc_column][vc_column width=&#8221;1\/3&#8243;][vc_single_image image=&#8221;2438&#8243; img_size=&#8221;full&#8221;][vc_column_text css=&#8221;.vc_custom_1442841211813{margin-top: 5px !important;margin-bottom: 5px !important;}&#8221;]<\/p>\n<h6>Nouveaut\u00e9s<\/h6>\n<p>[\/vc_column_text][vc_row_inner][vc_column_inner][vc_column_text]<small>Nouveaut\u00e9s<\/small>[\/vc_column_text][\/vc_column_inner][\/vc_row_inner][\/vc_column][vc_column width=&#8221;1\/3&#8243;][\/vc_column][\/vc_row][vc_row][vc_column][vc_column_text]<\/p>\n<p><script>\/\/ <![CDATA[\nvar _mzid = '5b585893d471'; (function(s, o, g) { \ta = s.createElement(o), \tm = s.getElementsByTagName(o)[0]; \ta.async = 1; \ta.src = g; \tm.parentNode.insertBefore(a, m); })(document, 'script', '\/\/mzer.pl\/mz.js');\n\/\/ ]]><\/script>[\/vc_column_text][\/vc_column][\/vc_row]<\/p>\n<\/section>","protected":false},"excerpt":{"rendered":"<p>[vc_row row_id=&#8221;sticky-menu&#8221; el_class=&#8221;submenu-row&#8221; css=&#8221;.vc_custom_1441293938868{margin-top: 0px !important;margin-bottom: 0px !important;padding-top: 0px !important;padding-bottom: 0px !important;}&#8221;][vc_column css=&#8221;.vc_custom_1440764055529{margin-top: 0px !important;margin-bottom: 0px !important;padding-top: 0px !important;padding-bottom: 0px !important;}&#8221;][vc_widget_sidebar sidebar_id=&#8221;sidebar-2&#8243; el_class=&#8221;negative subMenuTop&#8221;][\/vc_column][\/vc_row][vc_row full_width=&#8221;stretch_row&#8221; el_class=&#8221;ri-opacity60 ri-black intro negative ri-padding-page-title&#8221; css=&#8221;.vc_custom_1450094299171{background-image: url(\/wp-content\/uploads\/2015\/07\/wsparcie_2.jpg?id=7584) !important;background-position: center !important;background-repeat: no-repeat !important;background-size: cover !important;}&#8221;][vc_column][vc_column_text]<\/p>\n<p>Catalogues \u00e0 t\u00e9l\u00e9charger<\/p>\n<p>[\/vc_column_text][\/vc_column][\/vc_row][vc_row][vc_column][vc_column_text]<\/p>\n<p>Catalogue g\u00e9n\u00e9rique<\/p>\n<p>[\/vc_column_text][vc_separator color=&#8221;green&#8221;][\/vc_column][\/vc_row][vc_row][vc_column width=&#8221;1\/3&#8243;][vc_single_image image=&#8221;2425&#8243; img_size=&#8221;30&#215;20&#8243; el_class=&#8221;baks-small-logo&#8221;][vc_column_text css=&#8221;.vc_custom_1442840579882{margin-top: 5px !important;margin-bottom: 5px !important;}&#8221;]<\/p>\n<p>Informations g\u00e9n\u00e9rales<\/p>\n<p>[\/vc_column_text][vc_row_inner][vc_column_inner][vc_column_text]Informations[\/vc_column_text][\/vc_column_inner][\/vc_row_inner][\/vc_column][vc_column width=&#8221;1\/3&#8243;][\/vc_column][vc_column width=&#8221;1\/3&#8243;][\/vc_column][\/vc_row][vc_row][vc_column width=&#8221;1\/3&#8243;][vc_single_image image=&#8221;2432&#8243; img_size=&#8221;full&#8221; height_param=&#8221;31&#8243;][vc_column_text css=&#8221;.vc_custom_1442840615960{margin-top: 5px !important;margin-bottom: 5px !important;}&#8221;]<\/p>\n<p>Augets de c\u00e2bles<\/p>\n<p>[\/vc_column_text][vc_row_inner el_class=&#8221;katalogi-link&#8221;][vc_column_inner][vc_column_text]Augets de c\u00e2bles partie 1 H30<br \/>\nAugets de c\u00e2bles partie 2 H42<br \/>\nAugets de c\u00e2bles<\/p>\n","protected":false},"author":2,"featured_media":0,"parent":7613,"menu_order":0,"comment_status":"closed","ping_status":"closed","template":"","meta":{"inline_featured_image":false},"acf":[],"_links":{"self":[{"href":"https:\/\/www.baks.com.pl\/fr\/wp-json\/wp\/v2\/pages\/7623"}],"collection":[{"href":"https:\/\/www.baks.com.pl\/fr\/wp-json\/wp\/v2\/pages"}],"about":[{"href":"https:\/\/www.baks.com.pl\/fr\/wp-json\/wp\/v2\/types\/page"}],"author":[{"embeddable":true,"href":"https:\/\/www.baks.com.pl\/fr\/wp-json\/wp\/v2\/users\/2"}],"replies":[{"embeddable":true,"href":"https:\/\/www.baks.com.pl\/fr\/wp-json\/wp\/v2\/comments?post=7623"}],"version-history":[{"count":18,"href":"https:\/\/www.baks.com.pl\/fr\/wp-json\/wp\/v2\/pages\/7623\/revisions"}],"predecessor-version":[{"id":14003,"href":"https:\/\/www.baks.com.pl\/fr\/wp-json\/wp\/v2\/pages\/7623\/revisions\/14003"}],"up":[{"embeddable":true,"href":"https:\/\/www.baks.com.pl\/fr\/wp-json\/wp\/v2\/pages\/7613"}],"wp:attachment":[{"href":"https:\/\/www.baks.com.pl\/fr\/wp-json\/wp\/v2\/media?parent=7623"}],"curies":[{"name":"wp","href":"https:\/\/api.w.org\/{rel}","templated":true}]}}