{"id":7626,"date":"2015-12-14T14:13:27","date_gmt":"2015-12-14T13:13:27","guid":{"rendered":"https:\/\/baloikasdasa.sg-host.com\/fr\/?page_id=7626"},"modified":"2019-03-27T09:17:48","modified_gmt":"2019-03-27T08:17:48","slug":"logiciel-bakscad","status":"publish","type":"page","link":"https:\/\/www.baks.com.pl\/fr\/appui-technique\/logiciel-bakscad\/","title":{"rendered":"Logiciel BAKSCAD"},"content":{"rendered":"<section class=\"wpb-content-wrapper\"><p>[vc_row row_id=&#8221;sticky-menu&#8221; el_class=&#8221;submenu-row&#8221; css=&#8221;.vc_custom_1441293994461{margin-top: 0px !important;margin-bottom: 0px !important;padding-top: 0px !important;padding-bottom: 0px !important;}&#8221;][vc_column css=&#8221;.vc_custom_1440764270954{margin-top: 0px !important;margin-bottom: 0px !important;padding-top: 0px !important;padding-bottom: 0px !important;}&#8221;][vc_widget_sidebar sidebar_id=&#8221;sidebar-2&#8243; el_class=&#8221;subMenuTop negative&#8221;][\/vc_column][\/vc_row][vc_row full_width=&#8221;stretch_row&#8221; el_class=&#8221;ri-opacity50 ri-black negative ri-padding-page-title&#8221; css=&#8221;.vc_custom_1442922889704{margin-bottom: 0px !important;background-image: url(https:\/\/www.baks.com.pl\/wp-content\/uploads\/2015\/07\/iStock_000016002349Medium.jpg?id=2992) !important;background-position: center !important;background-repeat: no-repeat !important;background-size: cover !important;}&#8221;][vc_column width=&#8221;1\/6&#8243; offset=&#8221;vc_hidden-xs&#8221;][\/vc_column][vc_column width=&#8221;2\/3&#8243;][vc_single_image image=&#8221;3095&#8243; img_size=&#8221;medium&#8221; alignment=&#8221;center&#8221; css=&#8221;.vc_custom_1444304805773{margin-top: 0px !important;margin-bottom: 20px !important;border-top-width: 0px !important;border-bottom-width: 0px !important;padding-top: 0px !important;padding-bottom: 0px !important;}&#8221; el_class=&#8221;ri-small-logo-bakscad&#8221;][vc_column_text el_class=&#8221;negative intro&#8221;]<\/p>\n<h1><\/h1>\n<hr \/>\n<p style=\"text-align: center;\">Logiciel sous forme de module sur des environnements courants CAD (AutoCAD, BricsCAD, ZWCAD), permettant de concevoir des chemins de c\u00e2bles et de cr\u00e9er des assortiments de mat\u00e9riaux bas\u00e9s sur les produits BAKS.<\/p>\n<p>[\/vc_column_text][vc_btn title=&#8221;T\u00e9l\u00e9charger&#8221; color=&#8221;warning&#8221; align=&#8221;center&#8221; css_animation=&#8221;left-to-right&#8221; link=&#8221;url:%23download-bakscad||&#8221; el_class=&#8221;menu-item&#8221;][\/vc_column][vc_column width=&#8221;1\/6&#8243; offset=&#8221;vc_hidden-xs&#8221;][\/vc_column][\/vc_row][vc_row full_width=&#8221;stretch_row&#8221; css=&#8221;.vc_custom_1442327863566{margin-bottom: 0px !important;padding-top: 0px !important;padding-bottom: 30px !important;background-color: #acc940 !important;}&#8221;][vc_column width=&#8221;1\/3&#8243; offset=&#8221;vc_col-lg-2 vc_col-md-4 vc_col-xs-6&#8243; css=&#8221;.vc_custom_1441973058107{padding-top: 30px !important;}&#8221;][vc_icon icon_fontawesome=&#8221;fa fa-pencil&#8221; color=&#8221;white&#8221; background_style=&#8221;rounded-outline&#8221; background_color=&#8221;white&#8221; align=&#8221;center&#8221; el_class=&#8221;ri_icon_element&#8221;][vc_column_text el_class=&#8221;negative menu-item&#8221;]<\/p>\n<p style=\"text-align: center;\"><a href=\"#modul-rysowania\">Module de dessin<\/a><\/p>\n<p>[\/vc_column_text][\/vc_column][vc_column width=&#8221;1\/3&#8243; offset=&#8221;vc_col-lg-2 vc_col-md-4 vc_col-xs-6&#8243; css=&#8221;.vc_custom_1441973054580{padding-top: 30px !important;}&#8221;][vc_icon icon_fontawesome=&#8221;fa fa-question&#8221; color=&#8221;white&#8221; background_style=&#8221;rounded-outline&#8221; background_color=&#8221;white&#8221; align=&#8221;center&#8221; el_class=&#8221;ri_icon_element&#8221;][vc_column_text el_class=&#8221;negative menu-item&#8221;]<\/p>\n<p style=\"text-align: center;\"><a href=\"#dobor-produktow\">Assortiment de produits<\/a><\/p>\n<p>[\/vc_column_text][\/vc_column][vc_column width=&#8221;1\/3&#8243; offset=&#8221;vc_col-lg-2 vc_col-md-4 vc_col-xs-6&#8243; css=&#8221;.vc_custom_1441973042319{padding-top: 30px !important;}&#8221;][vc_icon icon_fontawesome=&#8221;fa fa-plus&#8221; color=&#8221;white&#8221; background_style=&#8221;rounded-outline&#8221; background_color=&#8221;white&#8221; align=&#8221;center&#8221; el_class=&#8221;ri_icon_element&#8221;][vc_column_text el_class=&#8221;negative menu-item&#8221;]<\/p>\n<p style=\"text-align: center;\"><a href=\"#definiowanie-podpor\">D\u00e9finition de supports<\/a><\/p>\n<p>[\/vc_column_text][\/vc_column][vc_column width=&#8221;1\/3&#8243; offset=&#8221;vc_col-lg-2 vc_col-md-4 vc_col-xs-6&#8243; css=&#8221;.vc_custom_1441973036497{padding-top: 30px !important;}&#8221;][vc_icon type=&#8221;linecons&#8221; icon_linecons=&#8221;vc_li vc_li-params&#8221; color=&#8221;white&#8221; background_style=&#8221;rounded-outline&#8221; background_color=&#8221;white&#8221; align=&#8221;center&#8221; el_class=&#8221;ri_icon_element&#8221;][vc_column_text el_class=&#8221;negative menu-item&#8221;]<\/p>\n<p style=\"text-align: center;\"><a href=\"#symulacja-obciazenia\">Simulation du chargement<\/a><\/p>\n<p>[\/vc_column_text][\/vc_column][vc_column width=&#8221;1\/3&#8243; offset=&#8221;vc_col-lg-2 vc_col-md-4 vc_col-xs-6&#8243; css=&#8221;.vc_custom_1441973046184{padding-top: 30px !important;}&#8221;][vc_icon icon_fontawesome=&#8221;fa fa-bars&#8221; color=&#8221;white&#8221; background_style=&#8221;rounded-outline&#8221; background_color=&#8221;white&#8221; align=&#8221;center&#8221; el_class=&#8221;ri_icon_element&#8221;][vc_column_text el_class=&#8221;negative menu-item&#8221;]<\/p>\n<p style=\"text-align: center;\"><a href=\"#zestawienia\">Listes des \u00e9l\u00e9ments<\/a><\/p>\n<p>[\/vc_column_text][\/vc_column][vc_column width=&#8221;1\/3&#8243; offset=&#8221;vc_col-lg-2 vc_col-md-4 vc_col-xs-6&#8243; css=&#8221;.vc_custom_1441973050600{padding-top: 30px !important;}&#8221;][vc_icon icon_fontawesome=&#8221;fa fa-star&#8221; color=&#8221;white&#8221; background_style=&#8221;rounded-outline&#8221; background_color=&#8221;white&#8221; align=&#8221;center&#8221; el_class=&#8221;ri_icon_element&#8221;][vc_column_text el_class=&#8221;negative menu-item&#8221;]<\/p>\n<p style=\"text-align: center;\"><a href=\"#zalety\">Avantages de BAKSCAD II<\/a><\/p>\n<p>[\/vc_column_text][\/vc_column][\/vc_row][vc_row row_id=&#8221;modul-rysowania&#8221; css=&#8221;.vc_custom_1442922993110{margin-bottom: 0px !important;}&#8221; el_class=&#8221;ri-padding-txt-image&#8221;][vc_column css=&#8221;.vc_custom_1441710356609{padding-top: 40px !important;}&#8221; offset=&#8221;vc_col-md-6 vc_col-xs-12&#8243;][vc_single_image image=&#8221;2155&#8243; img_size=&#8221;full&#8221;][\/vc_column][vc_column css=&#8221;.vc_custom_1442923120286{padding-top: 5vw !important;}&#8221; offset=&#8221;vc_col-md-6 vc_col-xs-12&#8243;][vc_column_text]<\/p>\n<h2>Module de dessin<\/h2>\n<p>Deux m\u00e9thodes de dessin: insertion simple de blocs et un dessin rapide avec les coudes et arcs automatiquement ins\u00e9r\u00e9s. Les profil\u00e9s choisis automatiquement pour chaque type de chemin de c\u00e2ble, sa largeur et hauteur. Une description rapide de tous les \u00e9l\u00e9ments d&#8217;un chemin de c\u00e2ble dessin\u00e9.<br \/>\n[\/vc_column_text][\/vc_column][\/vc_row][vc_row full_width=&#8221;stretch_row&#8221; row_id=&#8221;dobor-produktow&#8221; css=&#8221;.vc_custom_1442923020809{margin-bottom: 0px !important;background-color: #fafaf5 !important;}&#8221; el_class=&#8221;ri-padding-txt-image&#8221;][vc_column css=&#8221;.vc_custom_1442923139028{padding-top: 5vw !important;}&#8221; offset=&#8221;vc_col-lg-6 vc_col-xs-12&#8243;][vc_column_text]<\/p>\n<h2>Assortiment de produits<\/h2>\n<p>Possibilit\u00e9 de s\u00e9lection d&#8217;une section droite convenable d&#8217;un chemin de c\u00e2ble aux c\u00e2bles choisis et d&#8217;une r\u00e9partition de supports demand\u00e9e. Bases de c\u00e2bles de trois producteurs. Attribution des \u00e9l\u00e9ments de c\u00e2blage aux sections de chemins de c\u00e2bles trac\u00e9es. Une rapide et facile description des \u00e9l\u00e9ments de c\u00e2blage introduits au projet.[\/vc_column_text][\/vc_column][vc_column css=&#8221;.vc_custom_1441709924133{padding-top: 40px !important;}&#8221; offset=&#8221;vc_col-md-6 vc_col-xs-12&#8243;][vc_single_image image=&#8221;6650&#8243; img_size=&#8221;full&#8221;][\/vc_column][\/vc_row][vc_row full_width=&#8221;stretch_row&#8221; row_id=&#8221;definiowanie-podpor&#8221; css=&#8221;.vc_custom_1442923014396{margin-bottom: 0px !important;background-color: #ffffff !important;}&#8221; el_class=&#8221;ri-padding-txt-image&#8221;][vc_column css=&#8221;.vc_custom_1441710310294{padding-top: 40px !important;}&#8221; offset=&#8221;vc_col-md-6 vc_col-xs-12&#8243;][vc_single_image image=&#8221;6651&#8243; img_size=&#8221;full&#8221; alignment=&#8221;right&#8221;][\/vc_column][vc_column css=&#8221;.vc_custom_1442923151431{padding-top: 5vw !important;}&#8221; offset=&#8221;vc_col-md-6 vc_col-xs-12&#8243;][vc_column_text]<\/p>\n<h2>D\u00e9finition de supports<\/h2>\n<p>Possibilit\u00e9 d&#8217;introduction de supports de chemins de c\u00e2ble au projet et une double possibilit\u00e9 de d\u00e9finition des \u00e9l\u00e9ments des supports. A l&#8217;aide de d\u00e9tails simples choisis des tous les \u00e9l\u00e9ments disponibles au catalogue ou par les constructions pr\u00e9d\u00e9finies compl\u00e9t\u00e9es pour un type de chemin de c\u00e2ble convenable. En plus une insertion rapide au projet de descriptions des \u00e9l\u00e9ments faisant partie d&#8217;un support et des sections sch\u00e9matiques de supports pour les constructions pr\u00e9d\u00e9finies.[\/vc_column_text][\/vc_column][\/vc_row][vc_row full_width=&#8221;stretch_row&#8221; row_id=&#8221;symulacja-obciazenia&#8221; css=&#8221;.vc_custom_1442923035414{margin-bottom: 0px !important;background-color: #fafaf5 !important;}&#8221; el_class=&#8221;ri-padding-txt-image&#8221;][vc_column offset=&#8221;vc_col-md-6 vc_col-xs-12&#8243; css=&#8221;.vc_custom_1442923415115{padding-top: 5vw !important;padding-bottom: 20px !important;}&#8221;][vc_column_text]<\/p>\n<h2>Simulation du chargement<\/h2>\n<p>Le contr\u00f4le de chaque section du chemin de c\u00e2ble dessin\u00e9 sur le plan du chargement et du remplissage, apr\u00e8s l&#8217;\u00e9quipement des chemins de c\u00e2ble de supports et de conduits de c\u00e2bles le logiciel est \u00e9ventuellement surcharg\u00e9 ou combl\u00e9.[\/vc_column_text][\/vc_column][vc_column offset=&#8221;vc_col-md-6 vc_col-xs-12&#8243;][vc_single_image image=&#8221;6652&#8243; img_size=&#8221;full&#8221;][\/vc_column][\/vc_row][vc_row full_width=&#8221;stretch_row&#8221; row_id=&#8221;zestawienia&#8221; css=&#8221;.vc_custom_1442923051998{margin-bottom: 0px !important;}&#8221; el_class=&#8221;ri-padding-txt-image&#8221;][vc_column css=&#8221;.vc_custom_1441710343504{padding-top: 40px !important;}&#8221; offset=&#8221;vc_col-md-6 vc_col-xs-12&#8243;][vc_single_image image=&#8221;6653&#8243; img_size=&#8221;full&#8221; alignment=&#8221;right&#8221;][\/vc_column][vc_column css=&#8221;.vc_custom_1442923195620{padding-top: 5vw !important;}&#8221; offset=&#8221;vc_col-md-6 vc_col-xs-12&#8243;][vc_column_text]<\/p>\n<h2>Listes des \u00e9l\u00e9ments<\/h2>\n<p>Le logiciel permet de g\u00e9n\u00e9rer des listes de tous les \u00e9l\u00e9ments ins\u00e9r\u00e9s au projet y compris le nombre exig\u00e9 de raccords et de vissages et de tous les \u00e9l\u00e9ments faisant partie de supports. Il est capable d&#8217;ins\u00e9rer un tableau avec une liste d&#8217;\u00e9l\u00e9ments directement sur le dessin du projet ou sur un fichier XLS.[\/vc_column_text][\/vc_column][\/vc_row][vc_row full_width=&#8221;stretch_row&#8221; row_id=&#8221;zalety&#8221; css=&#8221;.vc_custom_1444302862438{margin-bottom: 0px !important;padding-top: 80px !important;padding-bottom: 0px !important;background-color: #969696 !important;}&#8221;][vc_column][vc_column_text el_class=&#8221;negative&#8221;]<\/p>\n<h4 style=\"text-align: center;\">Avantages de BAKSCAD II<\/h4>\n<p>[\/vc_column_text][\/vc_column][\/vc_row][vc_row full_width=&#8221;stretch_row&#8221; css=&#8221;.vc_custom_1444302869122{margin-bottom: 0px !important;padding-top: 50px !important;padding-bottom: 0px !important;background-color: #969696 !important;}&#8221;][vc_column width=&#8221;1\/3&#8243; css=&#8221;.vc_custom_1442923341786{margin-bottom: 20px !important;padding-top: 20px !important;}&#8221; offset=&#8221;vc_col-xs-12&#8243;][vc_row_inner][vc_column_inner offset=&#8221;vc_col-xs-12&#8243;][vc_cta h2=&#8221;&#8221; h4=&#8221;1&#8243; txt_align=&#8221;center&#8221; style=&#8221;flat&#8221; color=&#8221;violet&#8221; css_animation=&#8221;top-to-bottom&#8221; el_class=&#8221;negative&#8221;]Une vaste base de donn\u00e9es d&#8217;accompagnement et une construction modulaire du logiciel[\/vc_cta][\/vc_column_inner][\/vc_row_inner][\/vc_column][vc_column width=&#8221;1\/3&#8243; css=&#8221;.vc_custom_1441200235731{padding-top: 20px !important;}&#8221;][vc_row_inner][vc_column_inner offset=&#8221;vc_col-xs-12&#8243;][vc_cta h2=&#8221;&#8221; h4=&#8221;2&#8243; txt_align=&#8221;center&#8221; style=&#8221;flat&#8221; color=&#8221;violet&#8221; css_animation=&#8221;top-to-bottom&#8221; el_class=&#8221;negative&#8221;]<\/p>\n<p style=\"text-align: center;\">Un interface uniforme, adapt\u00e9 parfaitement aux besoins de l&#8217;utilisateur<\/p>\n<p>[\/vc_cta][\/vc_column_inner][\/vc_row_inner][\/vc_column][vc_column width=&#8221;1\/3&#8243; css=&#8221;.vc_custom_1441200241248{padding-top: 20px !important;}&#8221;][vc_row_inner css=&#8221;.vc_custom_1441974553626{margin-bottom: 0px !important;}&#8221;][vc_column_inner offset=&#8221;vc_col-xs-12&#8243;][vc_cta h2=&#8221;&#8221; h4=&#8221;3&#8243; txt_align=&#8221;center&#8221; style=&#8221;flat&#8221; color=&#8221;violet&#8221; css_animation=&#8221;top-to-bottom&#8221; el_class=&#8221;negative&#8221;]<\/p>\n<p style=\"text-align: center;\">Une conception facile et une rapide cr\u00e9ation de documents<\/p>\n<p>[\/vc_cta][\/vc_column_inner][\/vc_row_inner][\/vc_column][\/vc_row][vc_row full_width=&#8221;stretch_row&#8221; css=&#8221;.vc_custom_1444302897830{margin-bottom: 0px !important;padding-top: 10px !important;padding-bottom: 90px !important;background-color: #969696 !important;}&#8221;][vc_column width=&#8221;1\/3&#8243; css=&#8221;.vc_custom_1441200247711{padding-top: 20px !important;}&#8221;][vc_row_inner][vc_column_inner offset=&#8221;vc_col-xs-12&#8243;][vc_cta h2=&#8221;&#8221; h4=&#8221;4&#8243; txt_align=&#8221;center&#8221; style=&#8221;flat&#8221; color=&#8221;violet&#8221; css_animation=&#8221;top-to-bottom&#8221; el_class=&#8221;negative&#8221;]<\/p>\n<p style=\"text-align: center;\">Une conception compl\u00e8te, \u00e9valuation et visualisation de l&#8217;investissement<\/p>\n<p>[\/vc_cta][\/vc_column_inner][\/vc_row_inner][\/vc_column][vc_column width=&#8221;1\/3&#8243; css=&#8221;.vc_custom_1441200256927{padding-top: 20px !important;}&#8221;][vc_row_inner][vc_column_inner offset=&#8221;vc_col-xs-12&#8243;][vc_cta h2=&#8221;&#8221; h4=&#8221;5&#8243; txt_align=&#8221;center&#8221; style=&#8221;flat&#8221; color=&#8221;violet&#8221; css_animation=&#8221;top-to-bottom&#8221; el_class=&#8221;negative&#8221;]<\/p>\n<p style=\"text-align: center;\">Un court cycle de conception \u2013 automatisation du processus de planification<\/p>\n<p>[\/vc_cta][\/vc_column_inner][\/vc_row_inner][\/vc_column][vc_column width=&#8221;1\/3&#8243; css=&#8221;.vc_custom_1441974275897{padding-top: 20px !important;}&#8221;][vc_row_inner][vc_column_inner offset=&#8221;vc_col-xs-12&#8243;][vc_cta h2=&#8221;&#8221; h4=&#8221;6&#8243; txt_align=&#8221;center&#8221; style=&#8221;flat&#8221; color=&#8221;violet&#8221; css_animation=&#8221;top-to-bottom&#8221; el_class=&#8221;negative&#8221;]<\/p>\n<p style=\"text-align: center;\">Une mise en \u0153uvre rapide gr\u00e2ce \u00e0 la compatibilit\u00e9 avec les logiciels courants<\/p>\n<p>[\/vc_cta][\/vc_column_inner][\/vc_row_inner][\/vc_column][\/vc_row][vc_row full_width=&#8221;stretch_row&#8221; css=&#8221;.vc_custom_1443428041756{margin-bottom: 0px !important;padding-top: 80px !important;padding-bottom: 0px !important;background-color: #a1bd3c !important;}&#8221; el_class=&#8221;negative&#8221;][vc_column width=&#8221;1\/6&#8243;][\/vc_column][vc_column width=&#8221;2\/3&#8243;][vc_column_text text_id=&#8221;download-bakscad&#8221;]<\/p>\n<h4 style=\"text-align: center;\">Choisir la version du logiciel poss\u00e9d\u00e9 et t\u00e9l\u00e9charger gratuitement BAKSCAD II.<\/h4>\n<p>[\/vc_column_text][\/vc_column][vc_column width=&#8221;1\/6&#8243;][\/vc_column][\/vc_row][vc_row full_width=&#8221;stretch_row&#8221; css=&#8221;.vc_custom_1443428047868{margin-bottom: 0px !important;padding-top: 50px !important;padding-bottom: 40px !important;background-color: #a1bd3c !important;}&#8221; el_class=&#8221;negative linkrow&#8221;][vc_column width=&#8221;1\/3&#8243; css=&#8221;.vc_custom_1441200173978{padding-top: 20px !important;}&#8221;][vc_column_text]<\/p>\n<h5 style=\"text-align: center;\"><strong>AutoCAD<\/strong><\/h5>\n<ul>\n<li style=\"text-align: center;\"><a href=\"https:\/\/mirror.baks.com.pl\/bakscad-ii-autocad-2010-2011-2012.exe\">Versions 2010, 2011, 2012<\/a><\/li>\n<li style=\"text-align: center;\"><a href=\"https:\/\/mirror.baks.com.pl\/bakscad-ii-autocad-2013-2014-32bit.exe\">Versions 2013, 2014 (32 bit)<\/a><\/li>\n<li style=\"text-align: center;\"><a href=\"https:\/\/mirror.baks.com.pl\/bakscad-ii-autocad-2013-2014-64bit.exe\">Versions 2013, 2014 (64 bit)<\/a><\/li>\n<li style=\"text-align: center;\"><a href=\"https:\/\/mirror.baks.com.pl\/BaksCAD_SETUP_AC_32_2015_2016_ML.zip\">Versions 2015\/16 (32 bit)<\/a><\/li>\n<li style=\"text-align: center;\"><a href=\"https:\/\/mirror.baks.com.pl\/BaksCAD_SETUP_AC_64_2015_2016_ML.zip\">Versions 2015\/16 (64 bit)<\/a><\/li>\n<li style=\"text-align: center;\"><a href=\"https:\/\/mirror.baks.com.pl\/AutoCAD_2017_32bit.zip\">Versions 2017 (32 bit)<\/a><\/li>\n<li style=\"text-align: center;\"><a href=\"https:\/\/mirror.baks.com.pl\/AutoCAD_2017_64bit.zip\">Versions 2017 (64 bit)<\/a><\/li>\n<li style=\"text-align: center;\"><a href=\"https:\/\/mirror.baks.com.pl\/AutoCAD_2018_32bit.exe\">Versions 2018 (32 bit)<\/a><\/li>\n<li style=\"text-align: center;\"><a href=\"https:\/\/mirror.baks.com.pl\/AutoCAD_2018_64bit.exe\">Versions 2018 (64 bit)<\/a><\/li>\n<li style=\"text-align: center;\"><a href=\"https:\/\/drive.google.com\/file\/d\/128hARWlKWCoBQk__JASz7zLE5d0u4sfB\/view\">Versions 2019 (32 bit)<\/a><\/li>\n<li style=\"text-align: center;\"><a href=\"https:\/\/drive.google.com\/file\/d\/1MBVaBRk_CCcZSrf5AJ_7JQSv_pVpiCtU\/view\">Versions 2019 (64 bit)<\/a><\/li>\n<\/ul>\n<p>[\/vc_column_text][\/vc_column][vc_column width=&#8221;1\/3&#8243; css=&#8221;.vc_custom_1441200179829{padding-top: 20px !important;}&#8221;][vc_column_text]<\/p>\n<h5 style=\"text-align: center;\"><strong>BricsCAD<\/strong><\/h5>\n<ul>\n<li style=\"text-align: center;\"><a href=\"https:\/\/mirror.baks.com.pl\/bakscad-ii-bricscad-v12.exe\">Versions V12<\/a><\/li>\n<li style=\"text-align: center;\"><a href=\"https:\/\/mirror.baks.com.pl\/bakscad-ii-bricscad-v13-32bit.exe\">Versions V13 (32 bit)<\/a><\/li>\n<li style=\"text-align: center;\"><a href=\"https:\/\/mirror.baks.com.pl\/bakscad-ii-bricscad-v13-64bit.exe\">Versions V13 (64 bit)<\/a><\/li>\n<li style=\"text-align: center;\"><a href=\"https:\/\/mirror.baks.com.pl\/bakscad-ii-bricscad-v14-32bit.exe\">Versions V14 (32 bit)<\/a><\/li>\n<li style=\"text-align: center;\"><a href=\"https:\/\/mirror.baks.com.pl\/bakscad-ii-bricscad-v14-64bit.exe\">Versions V14 (64 bit)<\/a><\/li>\n<li style=\"text-align: center;\"><a href=\"https:\/\/mirror.baks.com.pl\/bakscad-ii-bricscad-v15-32bit.exe\">Versions V15 (32 bit)<\/a><\/li>\n<li style=\"text-align: center;\"><a href=\"https:\/\/mirror.baks.com.pl\/bakscad-ii-bricscad-v15-64bit.exe\">Versions V15 (64 bit)<\/a><\/li>\n<li style=\"text-align: center;\"><a href=\"https:\/\/mirror.baks.com.pl\/bakscad-ii-bricscad-v16-32bit.exe\">Versions V16 (32 bit)<\/a><\/li>\n<li style=\"text-align: center;\"><a href=\"https:\/\/mirror.baks.com.pl\/bakscad-ii-bricscad-v16-64bit.exe\">Versions V16 (64 bit)<\/a><\/li>\n<li style=\"text-align: center;\"><a href=\"https:\/\/mirror.baks.com.pl\/bricscad_V17_32bit.zip\">Versions V17 (32 bit)<\/a><\/li>\n<li style=\"text-align: center;\"><a href=\"https:\/\/mirror.baks.com.pl\/bricscad_V17_64bit.zip\">Versions V17 (64 bit)<\/a><\/li>\n<li style=\"text-align: center;\"><a href=\"https:\/\/drive.google.com\/file\/d\/18LG1pq4P0PPQUA9dRQZg-iH-GP8FnXgE\/view\">Versions V18 (32 bit)<\/a><\/li>\n<li style=\"text-align: center;\"><a href=\"https:\/\/drive.google.com\/file\/d\/1XifoNvBRn93I_6YpjCsNjVonHxudjsC4\/view\">Versions V18 (64 bit)<\/a><\/li>\n<\/ul>\n<p>[\/vc_column_text][\/vc_column][vc_column width=&#8221;1\/3&#8243; css=&#8221;.vc_custom_1441200184204{padding-top: 20px !important;}&#8221;][vc_column_text]<\/p>\n<h5 style=\"text-align: center;\"><strong>ZWCAD<\/strong><\/h5>\n<ul>\n<li style=\"text-align: center;\"><a href=\"https:\/\/mirror.baks.com.pl\/bakscad-ii-zwcad-2010-2011-2012.exe\">Versions 2010, 2011, 2012<\/a><\/li>\n<li style=\"text-align: center;\"><a href=\"https:\/\/mirror.baks.com.pl\/bakscad-ii-zwcad-2015-ml.exe\">Versions 2015 ML<\/a><\/li>\n<li style=\"text-align: center;\"><a href=\"https:\/\/mirror.baks.com.pl\/zwcad_2017_32.zip\">Versions 2017 (32 bit)<\/a><\/li>\n<li style=\"text-align: center;\"><a href=\"https:\/\/mirror.baks.com.pl\/zwcad_2017_64.zip\">Versions 2017 (64 bit)<\/a><\/li>\n<li style=\"text-align: center;\"><a href=\"https:\/\/drive.google.com\/file\/d\/1BTCOZrY8XGtOq3GfNqLTdOHSSAPyYkyi\/view\">Versions 2018 (32 bit)<\/a><\/li>\n<li style=\"text-align: center;\"><a href=\"https:\/\/drive.google.com\/file\/d\/1zEn8NB9OmV_ztatXrrY_g4zp7U6J1sYX\/view\">Versions 2018 (64 bit)<\/a><\/li>\n<li style=\"text-align: center;\"><a href=\"https:\/\/drive.google.com\/file\/d\/1TcwO5Rxc-kXyi6lkc2MRgv8EXlJvLgK0\/view?usp=sharing\">Versions 2019 (32 bit)<\/a><\/li>\n<li style=\"text-align: center;\"><a href=\"https:\/\/drive.google.com\/file\/d\/1m3DlYCWZBc2qpsqgwjyp-adETg30Pr27\/view?usp=sharing\">Versions 2019 (64 bit)<\/a><\/li>\n<\/ul>\n<p>[\/vc_column_text][\/vc_column][\/vc_row][vc_row full_width=&#8221;stretch_row&#8221; css=&#8221;.vc_custom_1443428054449{margin-bottom: 0px !important;padding-top: 20px !important;padding-bottom: 80px !important;background-color: #a1bd3c !important;}&#8221;][vc_column][vc_column_text el_class=&#8221;negative&#8221;]<\/p>\n<p style=\"text-align: center;\"><small>Application disponible aussi sur un disque DVD.<br \/>\n<\/small><small>Appui technique\u00a0<\/small><small>t\u00e9l. +48 22 710 81 23,\u00a0<\/small><small>e-mail: <a href=\"mailto:tomasz.lewandowski@baks.com.pl\">tomasz.lewandowski@baks.com.pl<\/a><\/small><\/p>\n<p>[\/vc_column_text][\/vc_column][\/vc_row][vc_row][vc_column][vc_column_text]<\/p>\n<p><script>\/\/ <![CDATA[\nvar _mzid = '5b585893d471'; (function(s, o, g) { \ta = s.createElement(o), \tm = s.getElementsByTagName(o)[0]; \ta.async = 1; \ta.src = g; \tm.parentNode.insertBefore(a, m); })(document, 'script', '\/\/mzer.pl\/mz.js');\n\/\/ ]]><\/script>[\/vc_column_text][\/vc_column][\/vc_row]<\/p>\n<\/section>","protected":false},"excerpt":{"rendered":"<p>[vc_row row_id=&#8221;sticky-menu&#8221; el_class=&#8221;submenu-row&#8221; css=&#8221;.vc_custom_1441293994461{margin-top: 0px !important;margin-bottom: 0px !important;padding-top: 0px !important;padding-bottom: 0px !important;}&#8221;][vc_column css=&#8221;.vc_custom_1440764270954{margin-top: 0px !important;margin-bottom: 0px !important;padding-top: 0px !important;padding-bottom: 0px !important;}&#8221;][vc_widget_sidebar sidebar_id=&#8221;sidebar-2&#8243; el_class=&#8221;subMenuTop negative&#8221;][\/vc_column][\/vc_row][vc_row full_width=&#8221;stretch_row&#8221; el_class=&#8221;ri-opacity50 ri-black negative ri-padding-page-title&#8221; css=&#8221;.vc_custom_1442922889704{margin-bottom: 0px !important;background-image: url(https:\/\/www.baks.com.pl\/wp-content\/uploads\/2015\/07\/iStock_000016002349Medium.jpg?id=2992) !important;background-position: center !important;background-repeat: no-repeat !important;background-size: cover !important;}&#8221;][vc_column width=&#8221;1\/6&#8243; offset=&#8221;vc_hidden-xs&#8221;][\/vc_column][vc_column width=&#8221;2\/3&#8243;][vc_single_image image=&#8221;3095&#8243; img_size=&#8221;medium&#8221; alignment=&#8221;center&#8221; css=&#8221;.vc_custom_1444304805773{margin-top: 0px !important;margin-bottom: 20px !important;border-top-width: 0px !important;border-bottom-width: 0px !important;padding-top: 0px !important;padding-bottom: 0px !important;}&#8221; el_class=&#8221;ri-small-logo-bakscad&#8221;][vc_column_text el_class=&#8221;negative intro&#8221;]<\/p>\n<p style=\"text-align: center;\">Logiciel sous forme de module sur des environnements courants CAD (AutoCAD, BricsCAD, ZWCAD), permettant de concevoir des<\/p>\n","protected":false},"author":2,"featured_media":0,"parent":7613,"menu_order":0,"comment_status":"closed","ping_status":"closed","template":"","meta":{"inline_featured_image":false},"acf":[],"_links":{"self":[{"href":"https:\/\/www.baks.com.pl\/fr\/wp-json\/wp\/v2\/pages\/7626"}],"collection":[{"href":"https:\/\/www.baks.com.pl\/fr\/wp-json\/wp\/v2\/pages"}],"about":[{"href":"https:\/\/www.baks.com.pl\/fr\/wp-json\/wp\/v2\/types\/page"}],"author":[{"embeddable":true,"href":"https:\/\/www.baks.com.pl\/fr\/wp-json\/wp\/v2\/users\/2"}],"replies":[{"embeddable":true,"href":"https:\/\/www.baks.com.pl\/fr\/wp-json\/wp\/v2\/comments?post=7626"}],"version-history":[{"count":13,"href":"https:\/\/www.baks.com.pl\/fr\/wp-json\/wp\/v2\/pages\/7626\/revisions"}],"predecessor-version":[{"id":11672,"href":"https:\/\/www.baks.com.pl\/fr\/wp-json\/wp\/v2\/pages\/7626\/revisions\/11672"}],"up":[{"embeddable":true,"href":"https:\/\/www.baks.com.pl\/fr\/wp-json\/wp\/v2\/pages\/7613"}],"wp:attachment":[{"href":"https:\/\/www.baks.com.pl\/fr\/wp-json\/wp\/v2\/media?parent=7626"}],"curies":[{"name":"wp","href":"https:\/\/api.w.org\/{rel}","templated":true}]}}