{"id":7631,"date":"2015-07-21T15:35:08","date_gmt":"2015-07-21T13:35:08","guid":{"rendered":"https:\/\/baloikasdasa.sg-host.com\/fr\/?page_id=7631"},"modified":"2022-03-22T14:28:02","modified_gmt":"2022-03-22T13:28:02","slug":"films-demonstratifs","status":"publish","type":"page","link":"https:\/\/www.baks.com.pl\/fr\/appui-technique\/films-demonstratifs\/","title":{"rendered":"Films d\u00e9monstratifs"},"content":{"rendered":"<section class=\"wpb-content-wrapper\"><p>[vc_row row_id=&#8221;sticky-menu&#8221; el_class=&#8221;submenu-row&#8221; css=&#8221;.vc_custom_1441294021510{margin-top: 0px !important;margin-bottom: 0px !important;padding-top: 0px !important;padding-bottom: 0px !important;}&#8221;][vc_column css=&#8221;.vc_custom_1440764227880{margin-top: 0px !important;margin-bottom: 0px !important;padding-top: 0px !important;padding-bottom: 0px !important;}&#8221;][vc_widget_sidebar sidebar_id=&#8221;sidebar-2&#8243; el_class=&#8221;subMenuTop negative&#8221;][\/vc_column][\/vc_row][vc_row full_width=&#8221;stretch_row&#8221; css=&#8221;.vc_custom_1444653773203{margin-bottom: 0px !important;background-image: url(https:\/\/www.baks.com.pl\/wp-content\/uploads\/2015\/07\/DSC_0095.jpg?id=4247) !important;background-position: center !important;background-repeat: no-repeat !important;background-size: cover !important;}&#8221; el_class=&#8221;negative intro ri-opacity60 ri-black ri-padding-page-title&#8221;][vc_column][vc_column_text css=&#8221;.vc_custom_1444304753158{margin-top: 50px !important;margin-bottom: 50px !important;}&#8221;]<\/p>\n<h1 style=\"text-align: center;\">Films d&#8217;instruction<\/h1>\n<p>[\/vc_column_text][\/vc_column][\/vc_row][vc_row css=&#8221;.vc_custom_1442925287962{margin-bottom: 0px !important;padding-top: 5vw !important;padding-bottom: 5vw !important;}&#8221;][vc_column css=&#8221;.vc_custom_1442925646238{padding-top: 2vw !important;padding-bottom: 20px !important;}&#8221; offset=&#8221;vc_col-md-6 vc_col-xs-12&#8243;][vc_column_text]<\/p>\n<h4>Un assemblage rapide<\/h4>\n<p>Construction du type plafond \u201eassemblage rapide\u201d \u00e0 l&#8217;aide d&#8217;un support WSP, d&#8217;une potence renforc\u00e9e WW, potence WSZ et la potence WS<br \/>\n<small><br \/>\n<a class=\"prdlnk\" href=\"https:\/\/katalog.baks.com.pl\/produkty\/wsz-wysignik_1354.html\" target=\"_blank\">WSZ Potence<\/a>\u00a0<a class=\"prdlnk\" href=\"https:\/\/katalog.baks.com.pl\/produkty\/ww-wysignik-wzmocniony_1356.html\" target=\"_blank\">WW Potence renforc\u00e9e<\/a>\u00a0<a class=\"prdlnk\" href=\"https:\/\/katalog.baks.com.pl\/produkty\/ws-wysignik_1366.html\" target=\"_blank\">WS Potence<\/a>\u00a0<a class=\"prdlnk\" href=\"https:\/\/katalog.baks.com.pl\/produkty\/wsp-wspornik_1406.html\" target=\"_blank\">WSP Support<\/a><\/small>[\/vc_column_text][\/vc_column][vc_column offset=&#8221;vc_col-md-6 vc_col-xs-12&#8243;][vc_video link=&#8221;https:\/\/youtu.be\/g3pfrrxl-60&#8243;][\/vc_column][\/vc_row][vc_row full_width=&#8221;stretch_row&#8221; css=&#8221;.vc_custom_1442925293698{margin-bottom: 0px !important;padding-top: 5vw !important;padding-bottom: 5vw !important;background-color: #f5f5f0 !important;}&#8221;][vc_column offset=&#8221;vc_col-md-6 vc_col-xs-12&#8243;][vc_video link=&#8221;https:\/\/youtu.be\/HvqoyegVLcg&#8221;][\/vc_column][vc_column css=&#8221;.vc_custom_1442925330978{padding-top: 2vw !important;}&#8221; offset=&#8221;vc_col-md-6 vc_col-xs-12&#8243;][vc_column_text]<\/p>\n<h4>E-90 augets de c\u00e2ble<\/h4>\n<p>Construction du type plafond \u00e0 l&#8217;aide d&#8217;une patte de plafond USOV, d&#8217;une barre filet\u00e9e PGM, d&#8217;un profil\u00e9 en U renforc\u00e9 CWOP, d&#8217;augets KCOP<br \/>\n<small><br \/>\n<a class=\"prdlnk\" href=\"https:\/\/katalog.baks.com.pl\/produkty\/psro-ruba-tulejowa-rozporowa_1571.html\" target=\"_blank\">PSRO Vis \u00e9tresillon\u00e9 de manchon<\/a>\u00a0<a class=\"prdlnk\" href=\"https:\/\/katalog.baks.com.pl\/produkty\/trso-tuleja-rozporowa-stalowa_1572.html\" target=\"_blank\">TRSO Manchon d&#8217;\u00e9tr\u00e9sillon en acier<\/a><\/small>[\/vc_column_text][\/vc_column][\/vc_row][vc_row css=&#8221;.vc_custom_1442925874763{margin-bottom: 0px !important;padding-top: 5vw !important;padding-bottom: 5vw !important;}&#8221;][vc_column css=&#8221;.vc_custom_1442925909244{padding-top: 2vw !important;}&#8221; offset=&#8221;vc_col-md-6 vc_col-xs-12&#8243;][vc_column_text]<\/p>\n<h4>Syst\u00e8me d&#8217;augets de toile<\/h4>\n<p><small><br \/>\n<a class=\"prdlnk\" href=\"https:\/\/katalog.baks.com.pl\/produkty\/plc-paskownik_1202.html\" target=\"_blank\">PLC Plat<\/a>\u00a0<a class=\"prdlnk\" href=\"https:\/\/katalog.baks.com.pl\/produkty\/zsw-zacisk_1818.html\" target=\"_blank\">ZSW Pince<\/a>\u00a0<a class=\"prdlnk\" href=\"https:\/\/katalog.baks.com.pl\/produkty\/wfls-wspornik-fajkowy_1819.html\" target=\"_blank\">WFLS Support de conduite<\/a>\u00a0<a class=\"prdlnk\" href=\"https:\/\/katalog.baks.com.pl\/produkty\/wfcs-wspornik-fajkowy_1829.html\" target=\"_blank\">WFCS Support de conduit<\/a>\u00a0<a class=\"prdlnk\" href=\"https:\/\/katalog.baks.com.pl\/produkty\/wwss-wysignik-wzmocniony_1832.html\" target=\"_blank\">WWSS Potence renforc\u00e9e<\/a>\u00a0<a class=\"prdlnk\" href=\"https:\/\/katalog.baks.com.pl\/produkty\/nks-noyce-do-korytek-siatkowych_1837.html\" target=\"_blank\">NKS Ciseaux pour les augets de toile<\/a>\u00a0\u00a0<a class=\"prdlnk\" href=\"https:\/\/katalog.baks.com.pl\/produkty\/wsks-wieszak-sufitowy_1992.html\" target=\"_blank\">WSKS Pendule de plafond<\/a>\u00a0<a class=\"prdlnk\" href=\"https:\/\/katalog.baks.com.pl\/produkty\/usk-uchwyt-korytka-siatkowego_1993.html\" target=\"_blank\">USK Anse de l&#8217;auget de toile<\/a>\u00a0<\/small>[\/vc_column_text][\/vc_column][vc_column offset=&#8221;vc_col-md-6 vc_col-xs-12&#8243; css=&#8221;.vc_custom_1441120110504{padding-top: 20px !important;}&#8221;][vc_video link=&#8221;https:\/\/youtu.be\/Xn6vKYFnpyA&#8221;][\/vc_column][\/vc_row][vc_row full_width=&#8221;stretch_row&#8221; css=&#8221;.vc_custom_1442925886819{margin-bottom: 0px !important;padding-top: 5vw !important;padding-bottom: 5vw !important;background-color: #f5f5f0 !important;}&#8221;][vc_column offset=&#8221;vc_col-md-6 vc_col-xs-12&#8243;][vc_video link=&#8221;https:\/\/youtu.be\/HvqoyegVLcg&#8221;][\/vc_column][vc_column css=&#8221;.vc_custom_1442925916260{padding-top: 2vw !important;}&#8221; offset=&#8221;vc_col-md-6 vc_col-xs-12&#8243;][vc_column_text]<\/p>\n<h4>Augets de c\u00e2ble \u2013 syst\u00e8me externe lourd avec un syst\u00e8me d&#8217;\u00e9lingues de plafond du type H<\/h4>\n<p><small><br \/>\n<a class=\"prdlnk\" href=\"https:\/\/katalog.baks.com.pl\/produkty\/no-nakadka_1266.html\" target=\"_blank\">NO Couvre-joint<\/a>\u00a0<a class=\"prdlnk\" href=\"https:\/\/katalog.baks.com.pl\/produkty\/wwch-wysignik_1469.html\" target=\"_blank\">WWCH Potence<\/a>\u00a0<a class=\"prdlnk\" href=\"https:\/\/katalog.baks.com.pl\/produkty\/dph-dwuteownik-hutniczy_1471.html\" target=\"_blank\">DPH Profil\u00e9 en I m\u00e9tallurgique<\/a>\u00a0<a class=\"prdlnk\" href=\"https:\/\/katalog.baks.com.pl\/produkty\/nkh-nakadka-ktowa-dwuteownika_1477.html\" target=\"_blank\">NKH Couvre-joint angulaire du profil\u00e9 en I<\/a>\u00a0<a class=\"prdlnk\" href=\"https:\/\/katalog.baks.com.pl\/produkty\/ndh-nakadka-dwuteownika_1478.html\" target=\"_blank\">NDH Couvre-joint du profil\u00e9 en I<\/a><\/small>[\/vc_column_text][\/vc_column][\/vc_row][vc_row css=&#8221;.vc_custom_1442925937669{margin-bottom: 0px !important;padding-top: 5vw !important;padding-bottom: 5vw !important;}&#8221;][vc_column css=&#8221;.vc_custom_1442925929497{padding-top: 2vw !important;}&#8221; offset=&#8221;vc_col-md-6&#8243;][vc_column_text]<\/p>\n<h4>Augets de c\u00e2ble \u2013 syst\u00e8me autoporteur<\/h4>\n<p>[\/vc_column_text][\/vc_column][vc_column offset=&#8221;vc_col-md-6 vc_col-xs-12&#8243; css=&#8221;.vc_custom_1441120122156{padding-top: 20px !important;}&#8221;][vc_video link=&#8221;https:\/\/youtu.be\/HvqoyegVLcg&#8221;][\/vc_column][\/vc_row][vc_row full_width=&#8221;stretch_row&#8221; css=&#8221;.vc_custom_1442925950475{margin-bottom: 0px !important;padding-top: 5vw !important;padding-bottom: 5vw !important;background-color: #f5f5f0 !important;}&#8221;][vc_column offset=&#8221;vc_col-md-6 vc_col-xs-12&#8243;][vc_video link=&#8221;https:\/\/youtu.be\/ylioRuTK39g&#8221;][\/vc_column][vc_column css=&#8221;.vc_custom_1441120138344{padding-top: 20px !important;}&#8221; offset=&#8221;vc_col-md-6 vc_col-xs-12&#8243;][vc_column_text]<\/p>\n<h4>E-90 \u00e9chelles de c\u00e2ble<\/h4>\n<p>Construction type plafond avec passage au mur. Construction de plafond \u00e0 l&#8217;aide d&#8217;un support de plafond \u2013 WPCO avec la potence WMCO et la poign\u00e9e de plafond USOV, par une barre filet\u00e9e PGM et l&#8217;\u00e9chelle DGOP. Construction murale \u00e0 l&#8217;aide d&#8217;une poign\u00e9e triangulaire UTMO + \u00e9chelle DGOP.<br \/>\n<small><br \/>\n<a class=\"prdlnk\" href=\"https:\/\/katalog.baks.com.pl\/produkty\/sgn-ruba-z-bem-grzybkowym-komplet_1558.html\" target=\"_blank\">SGN Vis avec t\u00eate de champignon (kit)\u00a0<\/a><a class=\"prdlnk\" href=\"https:\/\/katalog.baks.com.pl\/produkty\/psro-ruba-tulejowa-rozporowa_1571.html\" target=\"_blank\">PSRO Vis \u00e9tresillon\u00e9 de manchon<br \/>\n<\/a><a class=\"prdlnk\" href=\"https:\/\/katalog.baks.com.pl\/produkty\/sgn-ruba-z-bem-grzybkowym-komplet_3346.html\" target=\"_blank\">SGN Vis avec t\u00eate de champignon (kit)<\/a><\/small>[\/vc_column_text][\/vc_column][\/vc_row][vc_row css=&#8221;.vc_custom_1442925965016{margin-bottom: 0px !important;padding-top: 5vw !important;padding-bottom: 5vw !important;}&#8221;][vc_column css=&#8221;.vc_custom_1441119531460{padding-top: 20px !important;}&#8221; offset=&#8221;vc_col-md-6&#8243;][vc_column_text]<\/p>\n<h4>Echelles de c\u00e2ble<\/h4>\n<p><small><br \/>\n<a class=\"prdlnk\" href=\"https:\/\/katalog.baks.com.pl\/produkty\/ldpn-uk-drabinki-90_869.html\" target=\"_blank\">LDPN Angle de l&#8217;\u00e9chelle 90\u00b0<\/a>\u00a0<a class=\"prdlnk\" href=\"https:\/\/katalog.baks.com.pl\/produkty\/ldpn-uk-drabinki-90_903.html\" target=\"_blank\">LDPN Angle de l&#8217;\u00e9chelle 90\u00b0<\/a>\u00a0<a class=\"prdlnk\" href=\"https:\/\/katalog.baks.com.pl\/produkty\/ldpn-uk-drabinki-90_978.html\" target=\"_blank\">LDPN Angle de l&#8217;\u00e9chelle 90\u00b0<\/a>\u00a0<a class=\"prdlnk\" href=\"https:\/\/katalog.baks.com.pl\/produkty\/ldpn-uk-drabinki-90_1008.html\" target=\"_blank\">LDPN Angle de l&#8217;\u00e9chelle 90\u00b0<\/a>\u00a0<a class=\"prdlnk\" href=\"https:\/\/katalog.baks.com.pl\/produkty\/ldpn-uk-drabinki-90_1905.html\" target=\"_blank\">LDPN Angle de l&#8217;\u00e9chelle 90\u00b0<\/a><\/small>[\/vc_column_text][\/vc_column][vc_column offset=&#8221;vc_col-md-6&#8243;][vc_video link=&#8221;https:\/\/youtu.be\/ylioRuTK39g&#8221;][\/vc_column][\/vc_row][vc_row full_width=&#8221;stretch_row&#8221; css=&#8221;.vc_custom_1442925978821{margin-bottom: 0px !important;padding-top: 5vw !important;padding-bottom: 5vw !important;background-color: #f5f5f0 !important;}&#8221;][vc_column offset=&#8221;vc_col-md-6 vc_col-xs-12&#8243;][vc_video link=&#8221;https:\/\/youtu.be\/HvqoyegVLcg&#8221;][\/vc_column][vc_column css=&#8221;.vc_custom_1441119727941{padding-top: 20px !important;}&#8221; offset=&#8221;vc_col-md-6 vc_col-xs-12&#8243;][vc_column_text]<\/p>\n<h4>Augets de c\u00e2ble<\/h4>\n<p>Assemblage des augets par glissage<br \/>\n<small><br \/>\n<a class=\"prdlnk\" href=\"https:\/\/katalog.baks.com.pl\/produkty\/kgj-korytko_82.html\" target=\"_blank\">KGJ Auget<\/a>\u00a0<a class=\"prdlnk\" href=\"https:\/\/katalog.baks.com.pl\/produkty\/kgj-korytko_173.html\" target=\"_blank\">KGJ Auget<\/a>\u00a0<a class=\"prdlnk\" href=\"https:\/\/katalog.baks.com.pl\/produkty\/kgj-korytko_408.html\" target=\"_blank\">KGJ Auget<\/a>\u00a0<a class=\"prdlnk\" href=\"https:\/\/katalog.baks.com.pl\/produkty\/wsz-wysignik_1354.html\" target=\"_blank\">WSZ Potence<\/a>\u00a0<a class=\"prdlnk\" href=\"https:\/\/katalog.baks.com.pl\/produkty\/wsp-wspornik_1406.html\" target=\"_blank\">WSP Support<\/a>\u00a0<a class=\"prdlnk\" href=\"https:\/\/katalog.baks.com.pl\/produkty\/kgr-korytko_1886.html\" target=\"_blank\">KGR Auget<\/a>\u00a0<a class=\"prdlnk\" href=\"https:\/\/katalog.baks.com.pl\/produkty\/kgr-korytko_1894.html\" target=\"_blank\">KGR Auget<\/a>\u00a0<a class=\"prdlnk\" href=\"https:\/\/katalog.baks.com.pl\/produkty\/kgr-korytko_1937.html\" target=\"_blank\">KGR Auget<\/a>\u00a0<a class=\"prdlnk\" href=\"https:\/\/katalog.baks.com.pl\/produkty\/kgj-korytko-_2007.html\" target=\"_blank\">KGJ Auget<\/a>\u00a0<a class=\"prdlnk\" href=\"https:\/\/katalog.baks.com.pl\/produkty\/no32x18n-nakadka-ochronna_2122.html\" target=\"_blank\">NO32x18N Couvre-joint de protection<\/a>\u00a0<a class=\"prdlnk\" href=\"https:\/\/katalog.baks.com.pl\/produkty\/kgj-korytko-_2933.html\" target=\"_blank\">KGJ Auget<\/a>\u00a0<a class=\"prdlnk\" href=\"https:\/\/katalog.baks.com.pl\/produkty\/kgr-korytko_3104.html\" target=\"_blank\">KGR Auget<\/a>\u00a0<a class=\"prdlnk\" href=\"https:\/\/katalog.baks.com.pl\/produkty\/kgj-korytko-_3106.html\" target=\"_blank\">KGJ Auget<\/a><\/small>[\/vc_column_text][\/vc_column][\/vc_row][vc_row css=&#8221;.vc_custom_1442925990265{margin-bottom: 0px !important;padding-top: 5vw !important;padding-bottom: 5vw !important;}&#8221;][vc_column css=&#8221;.vc_custom_1441119736698{padding-top: 20px !important;}&#8221; offset=&#8221;vc_col-md-6&#8243;][vc_column_text]<\/p>\n<h4>Augets de c\u00e2ble<\/h4>\n<p>Assemblage des augets par superposition<br \/>\n<small><br \/>\n<a class=\"prdlnk\" href=\"https:\/\/katalog.baks.com.pl\/produkty\/kgj-korytko_82.html\" target=\"_blank\">KGJ Auget<\/a>\u00a0<a class=\"prdlnk\" href=\"https:\/\/katalog.baks.com.pl\/produkty\/kgj-korytko_173.html\" target=\"_blank\">KGJ Auget<\/a>\u00a0<a class=\"prdlnk\" href=\"https:\/\/katalog.baks.com.pl\/produkty\/kgj-korytko_408.html\" target=\"_blank\">KGJ Auget<\/a>\u00a0<a class=\"prdlnk\" href=\"https:\/\/katalog.baks.com.pl\/produkty\/wsz-wysignik_1354.html\" target=\"_blank\">WSZ Potence\u00a0<\/a><a class=\"prdlnk\" href=\"https:\/\/katalog.baks.com.pl\/produkty\/wsp-wspornik_1406.html\" target=\"_blank\">WSP Support<\/a>\u00a0<a class=\"prdlnk\" href=\"https:\/\/katalog.baks.com.pl\/produkty\/kgr-korytko_1886.html\" target=\"_blank\">KGR Auget<\/a>\u00a0<a class=\"prdlnk\" href=\"https:\/\/katalog.baks.com.pl\/produkty\/kgr-korytko_1894.html\" target=\"_blank\">KGR Auget<\/a>\u00a0<a class=\"prdlnk\" href=\"https:\/\/katalog.baks.com.pl\/produkty\/kgr-korytko_1937.html\" target=\"_blank\">KGR Auget<\/a>\u00a0<a class=\"prdlnk\" href=\"https:\/\/katalog.baks.com.pl\/produkty\/kgj-korytko-_2007.html\" target=\"_blank\">KGJ Auget<\/a>\u00a0<a class=\"prdlnk\" href=\"https:\/\/katalog.baks.com.pl\/produkty\/no32x18n-nakadka-ochronna_2122.html\" target=\"_blank\">NO32x18N Couvre-joint<\/a>\u00a0<a class=\"prdlnk\" href=\"https:\/\/katalog.baks.com.pl\/produkty\/kgj-korytko-_2933.html\" target=\"_blank\">KGJ Auget<\/a>\u00a0<a class=\"prdlnk\" href=\"https:\/\/katalog.baks.com.pl\/produkty\/kgr-korytko_3104.html\" target=\"_blank\">KGR Auget<\/a>\u00a0<a class=\"prdlnk\" href=\"https:\/\/katalog.baks.com.pl\/produkty\/kgj-korytko-_3106.html\" target=\"_blank\">KGJ Auget<\/a><\/small>[\/vc_column_text][\/vc_column][vc_column offset=&#8221;vc_col-md-6&#8243; css=&#8221;.vc_custom_1441120163436{padding-top: 20px !important;}&#8221;][vc_video link=&#8221;https:\/\/youtu.be\/HvqoyegVLcg&#8221;][\/vc_column][\/vc_row][vc_row full_width=&#8221;stretch_row&#8221; css=&#8221;.vc_custom_1442926003013{margin-bottom: 0px !important;padding-top: 5vw !important;padding-bottom: 5vw !important;background-color: #f5f5f0 !important;}&#8221;][vc_column offset=&#8221;vc_col-md-6 vc_col-xs-12&#8243;][vc_video link=&#8221;https:\/\/youtu.be\/HvqoyegVLcg&#8221; css=&#8221;.vc_custom_1647949695605{padding-top: 20px !important;}&#8221;][\/vc_column][vc_column css=&#8221;.vc_custom_1441119745087{padding-top: 20px !important;}&#8221; offset=&#8221;vc_col-md-6 vc_col-xs-12&#8243;][vc_column_text]<\/p>\n<h4>Augets de c\u00e2ble<\/h4>\n<p>Assemblage des augets par superposition avec ajustement serr\u00e9<br \/>\n<small><br \/>\n<a class=\"prdlnk\" href=\"https:\/\/katalog.baks.com.pl\/produkty\/wsz-wysignik_1354.html\" target=\"_blank\">WSZ Potence<\/a>\u00a0<a class=\"prdlnk\" href=\"https:\/\/katalog.baks.com.pl\/produkty\/wsp-wspornik_1406.html\" target=\"_blank\">WSP Support<\/a>\u00a0<a class=\"prdlnk\" href=\"https:\/\/katalog.baks.com.pl\/produkty\/no32x18n-nakadka-ochronna_2122.html\" target=\"_blank\">NO32x18N Couvre-joint de protection<\/a><\/small>[\/vc_column_text][\/vc_column][\/vc_row][vc_row css=&#8221;.vc_custom_1442926016137{margin-bottom: 0px !important;padding-top: 5vw !important;padding-bottom: 5vw !important;}&#8221;][vc_column css=&#8221;.vc_custom_1441119750216{padding-top: 20px !important;}&#8221; offset=&#8221;vc_col-md-6&#8243;][vc_column_text]<\/p>\n<h4>Augets de toile<\/h4>\n<p>Raccord articul\u00e9 LSG[\/vc_column_text][\/vc_column][vc_column offset=&#8221;vc_col-md-6&#8243;][vc_video link=&#8221;https:\/\/youtu.be\/Xn6vKYFnpyA&#8221; css=&#8221;.vc_custom_1647949720259{padding-top: 20px !important;}&#8221;][\/vc_column][\/vc_row][vc_row full_width=&#8221;stretch_row&#8221; css=&#8221;.vc_custom_1442926030032{margin-bottom: 0px !important;padding-top: 5vw !important;padding-bottom: 5vw !important;background-color: #f5f5f0 !important;}&#8221;][vc_column offset=&#8221;vc_col-md-6 vc_col-xs-12&#8243;][vc_video link=&#8221;https:\/\/youtu.be\/Xn6vKYFnpyA&#8221;][\/vc_column][vc_column css=&#8221;.vc_custom_1441119757136{padding-top: 20px !important;}&#8221; offset=&#8221;vc_col-md-6 vc_col-xs-12&#8243;][vc_column_text]<\/p>\n<h4>Augets de toile<\/h4>\n<p>Assemblage des augets de toile au plafond sur un support de plafond WSKS60<small><br \/>\n<a class=\"prdlnk\" href=\"https:\/\/katalog.baks.com.pl\/produkty\/wsks-wieszak-sufitowy_1992.html\" target=\"_blank\">Assemblage des augets de toile au plafond sur un support de plafond WSKS60<\/a><\/small>[\/vc_column_text][\/vc_column][\/vc_row][vc_row css=&#8221;.vc_custom_1442926044721{margin-bottom: 0px !important;padding-top: 5vw !important;padding-bottom: 5vw !important;}&#8221;][vc_column css=&#8221;.vc_custom_1441119764879{padding-top: 20px !important;}&#8221; offset=&#8221;vc_col-md-6&#8243;][vc_column_text]<\/p>\n<h4>Augets de toile<\/h4>\n<p>Assemblage et application des raccords de cliquet ZLS et du raccord UZS<br \/>\n<small><br \/>\n<\/small>[\/vc_column_text][\/vc_column][vc_column offset=&#8221;vc_col-md-6&#8243; css=&#8221;.vc_custom_1441119907339{padding-top: 20px !important;}&#8221;][vc_video link=&#8221;https:\/\/youtu.be\/e7d8SR7NnVI&#8221;][\/vc_column][\/vc_row][vc_row full_width=&#8221;stretch_row&#8221; css=&#8221;.vc_custom_1442926054168{padding-top: 5vw !important;padding-bottom: 5vw !important;background-color: #f5f5f0 !important;}&#8221;][vc_column offset=&#8221;vc_col-md-6 vc_col-xs-12&#8243;][vc_video link=&#8221;https:\/\/youtu.be\/HvqoyegVLcg&#8221;][\/vc_column][vc_column css=&#8221;.vc_custom_1441119769710{padding-top: 20px !important;}&#8221; offset=&#8221;vc_col-md-6 vc_col-xs-12&#8243;][vc_column_text]<\/p>\n<h4>Augets de c\u00e2ble, augets de toile et profil\u00e9s<\/h4>\n<p>Assemblage et application du fil de suspension WD40<br \/>\n<small><br \/>\n<a class=\"prdlnk\" href=\"https:\/\/katalog.baks.com.pl\/produkty\/wd-wieszak-z-drutu_2891.html\" target=\"_blank\">WD Fil de suspension<\/a>\u00a0<a class=\"prdlnk\" href=\"https:\/\/katalog.baks.com.pl\/produkty\/wd-wieszak-z-drutu_2920.html\" target=\"_blank\">WD Fil de suspension<\/a><\/small>[\/vc_column_text][\/vc_column][\/vc_row][vc_row css=&#8221;.vc_custom_1442926065833{margin-bottom: 0px !important;padding-top: 5vw !important;padding-bottom: 5vw !important;}&#8221;][vc_column offset=&#8221;vc_col-md-6&#8243; css=&#8221;.vc_custom_1442926327550{padding-top: 2vw !important;}&#8221;][vc_column_text]<\/p>\n<h4>Augets de c\u00e2ble, augets de toile et profil\u00e9s<\/h4>\n<p>Assemblage et application du fil de suspension WD60<br \/>\n<small><br \/>\n<a class=\"prdlnk\" href=\"https:\/\/katalog.baks.com.pl\/produkty\/wd-wieszak-z-drutu_2891.html\" target=\"_blank\">WD Fil de suspension<\/a>\u00a0<a class=\"prdlnk\" href=\"https:\/\/katalog.baks.com.pl\/produkty\/wd-wieszak-z-drutu_2920.html\" target=\"_blank\">WD Fil de suspension<\/a><\/small>[\/vc_column_text][\/vc_column][vc_column offset=&#8221;vc_col-md-6&#8243; css=&#8221;.vc_custom_1441120184740{padding-top: 20px !important;}&#8221;][vc_video link=&#8221;https:\/\/youtu.be\/HvqoyegVLcg&#8221;][\/vc_column][\/vc_row][vc_row full_width=&#8221;stretch_row&#8221; css=&#8221;.vc_custom_1442926075425{margin-bottom: 0px !important;padding-top: 5vw !important;padding-bottom: 5vw !important;background-color: #f5f5f0 !important;}&#8221;][vc_column offset=&#8221;vc_col-md-6 vc_col-xs-12&#8243;][vc_video link=&#8221;https:\/\/youtu.be\/HvqoyegVLcg&#8221;][\/vc_column][vc_column offset=&#8221;vc_col-md-6 vc_col-xs-12&#8243; css=&#8221;.vc_custom_1441120193837{padding-top: 20px !important;}&#8221;][vc_column_text]<\/p>\n<h4>Augets de c\u00e2ble, augets de toile et profil\u00e9s<\/h4>\n<p>Assemblage et application du fil de suspension WD100<br \/>\n<small><br \/>\n<a class=\"prdlnk\" href=\"https:\/\/katalog.baks.com.pl\/produkty\/wd-wieszak-z-drutu_2891.html\" target=\"_blank\">WD Fil de suspension<\/a>\u00a0<a class=\"prdlnk\" href=\"https:\/\/katalog.baks.com.pl\/produkty\/wd-wieszak-z-drutu_2920.html\" target=\"_blank\">WD Fil de suspension<\/a><\/small>[\/vc_column_text][\/vc_column][\/vc_row][vc_row][vc_column][vc_column_text]<\/p>\n<p>[\/vc_column_text][\/vc_column][\/vc_row]<\/p>\n<p><script>\/\/ <![CDATA[\nvar _mzid = '5b585893d471';\n(function(s, o, g) {\n a = s.createElement(o),\n m = s.getElementsByTagName(o)[0];\n a.async = 1;\n a.src = g;\n m.parentNode.insertBefore(a, m);\n})(document, 'script', '\/\/mzer.pl\/mz.js');\n\/\/ ]]><\/script><\/p>\n<\/section>","protected":false},"excerpt":{"rendered":"<p>[vc_row row_id=&#8221;sticky-menu&#8221; el_class=&#8221;submenu-row&#8221; css=&#8221;.vc_custom_1441294021510{margin-top: 0px !important;margin-bottom: 0px !important;padding-top: 0px !important;padding-bottom: 0px !important;}&#8221;][vc_column css=&#8221;.vc_custom_1440764227880{margin-top: 0px !important;margin-bottom: 0px !important;padding-top: 0px !important;padding-bottom: 0px !important;}&#8221;][vc_widget_sidebar sidebar_id=&#8221;sidebar-2&#8243; el_class=&#8221;subMenuTop negative&#8221;][\/vc_column][\/vc_row][vc_row full_width=&#8221;stretch_row&#8221; css=&#8221;.vc_custom_1444653773203{margin-bottom: 0px !important;background-image: url(https:\/\/www.baks.com.pl\/wp-content\/uploads\/2015\/07\/DSC_0095.jpg?id=4247) !important;background-position: center !important;background-repeat: no-repeat !important;background-size: cover !important;}&#8221; el_class=&#8221;negative intro ri-opacity60 ri-black ri-padding-page-title&#8221;][vc_column][vc_column_text css=&#8221;.vc_custom_1444304753158{margin-top: 50px !important;margin-bottom: 50px !important;}&#8221;]<\/p>\n<p>Films d&#8217;instruction<\/p>\n<p>[\/vc_column_text][\/vc_column][\/vc_row][vc_row css=&#8221;.vc_custom_1442925287962{margin-bottom: 0px !important;padding-top: 5vw !important;padding-bottom: 5vw !important;}&#8221;][vc_column css=&#8221;.vc_custom_1442925646238{padding-top: 2vw !important;padding-bottom: 20px !important;}&#8221; offset=&#8221;vc_col-md-6 vc_col-xs-12&#8243;][vc_column_text]<\/p>\n<p>Un assemblage rapide<\/p>\n<p>Construction du type plafond \u201eassemblage rapide\u201d \u00e0 l&#8217;aide d&#8217;un support WSP, d&#8217;une potence renforc\u00e9e WW, potence WSZ et<\/p>\n","protected":false},"author":2,"featured_media":0,"parent":7613,"menu_order":0,"comment_status":"closed","ping_status":"closed","template":"","meta":{"inline_featured_image":false},"acf":[],"_links":{"self":[{"href":"https:\/\/www.baks.com.pl\/fr\/wp-json\/wp\/v2\/pages\/7631"}],"collection":[{"href":"https:\/\/www.baks.com.pl\/fr\/wp-json\/wp\/v2\/pages"}],"about":[{"href":"https:\/\/www.baks.com.pl\/fr\/wp-json\/wp\/v2\/types\/page"}],"author":[{"embeddable":true,"href":"https:\/\/www.baks.com.pl\/fr\/wp-json\/wp\/v2\/users\/2"}],"replies":[{"embeddable":true,"href":"https:\/\/www.baks.com.pl\/fr\/wp-json\/wp\/v2\/comments?post=7631"}],"version-history":[{"count":19,"href":"https:\/\/www.baks.com.pl\/fr\/wp-json\/wp\/v2\/pages\/7631\/revisions"}],"predecessor-version":[{"id":14395,"href":"https:\/\/www.baks.com.pl\/fr\/wp-json\/wp\/v2\/pages\/7631\/revisions\/14395"}],"up":[{"embeddable":true,"href":"https:\/\/www.baks.com.pl\/fr\/wp-json\/wp\/v2\/pages\/7613"}],"wp:attachment":[{"href":"https:\/\/www.baks.com.pl\/fr\/wp-json\/wp\/v2\/media?parent=7631"}],"curies":[{"name":"wp","href":"https:\/\/api.w.org\/{rel}","templated":true}]}}