{"id":8008,"date":"2015-12-21T14:57:03","date_gmt":"2015-12-21T13:57:03","guid":{"rendered":"https:\/\/baloikasdasa.sg-host.com\/fr\/mapa-strony\/"},"modified":"2015-12-21T15:23:38","modified_gmt":"2015-12-21T14:23:38","slug":"plan-du-site","status":"publish","type":"page","link":"https:\/\/www.baks.com.pl\/fr\/plan-du-site\/","title":{"rendered":"Plan du site"},"content":{"rendered":"<section class=\"wpb-content-wrapper\"><p>[vc_row][vc_column width=&#8221;1\/6&#8243;][\/vc_column][vc_column width=&#8221;2\/3&#8243; css=&#8221;.vc_custom_1450707789547{padding-top: 40px !important;padding-bottom: 40px !important;}&#8221;][vc_column_text]<div id=\"simple-sitemap-container-69e35bdab6ac6\" class=\"simple-sitemap-container simple-sitemap-container-69e35bdab6ac6 tab-disabled\"><div class=\"simple-sitemap-wrap\"><h3 class=\"post-type\">Pages<\/h3><ul class=\"simple-sitemap-page main\"><li class=\"sitemap-item page_item page-item-7535\"><a href=\"https:\/\/www.baks.com.pl\/fr\/actualites\/\">Actualit\u00e9s<\/a><\/li>\n<li class=\"sitemap-item page_item page-item-7613 page_item_has_children\"><a href=\"https:\/\/www.baks.com.pl\/fr\/appui-technique\/\">Appui technique<\/a>\n<ul class='children'>\n\t<li class=\"sitemap-item page_item page-item-7623\"><a href=\"https:\/\/www.baks.com.pl\/fr\/appui-technique\/catalogues-a-telecharger\/\">Catalogues \u00e0 t\u00e9l\u00e9charger<\/a><\/li>\n\t<li class=\"sitemap-item page_item page-item-7615\"><a href=\"https:\/\/www.baks.com.pl\/fr\/appui-technique\/certificats\/\">Certificats<\/a><\/li>\n\t<li class=\"sitemap-item page_item page-item-7631\"><a href=\"https:\/\/www.baks.com.pl\/fr\/appui-technique\/films-demonstratifs\/\">Films d\u00e9monstratifs<\/a><\/li>\n\t<li class=\"sitemap-item page_item page-item-7626\"><a href=\"https:\/\/www.baks.com.pl\/fr\/appui-technique\/logiciel-bakscad\/\">Logiciel BAKSCAD<\/a><\/li>\n\t<li class=\"sitemap-item page_item page-item-8481\"><a href=\"https:\/\/www.baks.com.pl\/fr\/appui-technique\/pour-le-designer-2\/\">Pour le designer<\/a><\/li>\n<\/ul>\n<\/li>\n<li class=\"sitemap-item page_item page-item-7537 page_item_has_children\"><a href=\"https:\/\/www.baks.com.pl\/fr\/entreprise\/\">Entreprise<\/a>\n<ul class='children'>\n\t<li class=\"sitemap-item page_item page-item-7553\"><a href=\"https:\/\/www.baks.com.pl\/fr\/entreprise\/demandes-doffre\/\">Demandes d'offre<\/a><\/li>\n\t<li class=\"sitemap-item page_item page-item-7551\"><a href=\"https:\/\/www.baks.com.pl\/fr\/entreprise\/fonds-de-l-ue\/\">Fonds de l' UE<\/a><\/li>\n\t<li class=\"sitemap-item page_item page-item-7541\"><a href=\"https:\/\/www.baks.com.pl\/fr\/entreprise\/recherches-et-developpement\/\">Recherches et d\u00e9veloppement<\/a><\/li>\n\t<li class=\"sitemap-item page_item page-item-7549\"><a href=\"https:\/\/www.baks.com.pl\/fr\/entreprise\/references\/\">R\u00e9f\u00e9rences<\/a><\/li>\n\t<li class=\"sitemap-item page_item page-item-7610\"><a href=\"https:\/\/www.baks.com.pl\/fr\/\">Start<\/a><\/li>\n<\/ul>\n<\/li>\n<li class=\"sitemap-item page_item page-item-7999\"><a href=\"https:\/\/www.baks.com.pl\/fr\/film\/\">Film<\/a><\/li>\n<li class=\"sitemap-item page_item page-item-7555 page_item_has_children\"><a href=\"https:\/\/www.baks.com.pl\/fr\/nous-joindre\/\">Nous joindre<\/a>\n<ul class='children'>\n\t<li class=\"sitemap-item page_item page-item-7596\"><a href=\"https:\/\/www.baks.com.pl\/fr\/nous-joindre\/partenaires-commerciaux\/\">Partenaires commerciaux<\/a><\/li>\n<\/ul>\n<\/li>\n<li class=\"sitemap-item page_item page-item-8008\"><a href=\"https:\/\/www.baks.com.pl\/fr\/plan-du-site\/\">Plan du site<\/a><\/li>\n<li class=\"sitemap-item page_item page-item-7989\"><a href=\"https:\/\/www.baks.com.pl\/fr\/politique-de-confidentialite\/\">Politique de confidentialit\u00e9<\/a><\/li>\n<li class=\"sitemap-item page_item page-item-7598 page_item_has_children\"><a href=\"https:\/\/www.baks.com.pl\/fr\/produits\/\">Produits<\/a>\n<ul class='children'>\n\t<li class=\"sitemap-item page_item page-item-7605\"><a href=\"https:\/\/www.baks.com.pl\/fr\/produits\/exemple-dassemblage\/\">Exemple d'assemblage<\/a><\/li>\n\t<li class=\"sitemap-item page_item page-item-7601\"><a href=\"https:\/\/www.baks.com.pl\/fr\/produits\/garantie\/\">Garantie<\/a><\/li>\n\t<li class=\"sitemap-item page_item page-item-7603\"><a href=\"https:\/\/www.baks.com.pl\/fr\/produits\/informations-techniques\/\">Informations techniques<\/a><\/li>\n\t<li class=\"sitemap-item page_item page-item-7607\"><a href=\"https:\/\/www.baks.com.pl\/fr\/produits\/solutions\/\">Solutions<\/a><\/li>\n<\/ul>\n<\/li>\n<li class=\"sitemap-item page_item page-item-7543\"><a href=\"https:\/\/www.baks.com.pl\/fr\/travail\/\">Travail<\/a><\/li>\n<\/ul><\/div><\/div><br style=\"clear: both;\">[\/vc_column_text][\/vc_column][\/vc_row]<\/p>\n<\/section>","protected":false},"excerpt":{"rendered":"<p>[vc_row][vc_column width=&#8221;1\/6&#8243;][\/vc_column][vc_column width=&#8221;2\/3&#8243; css=&#8221;.vc_custom_1450707789547{padding-top: 40px !important;padding-bottom: 40px !important;}&#8221;][vc_column_text]Pages<a href=\"https:\/\/www.baks.com.pl\/fr\/actualites\/\">Actualit\u00e9s<\/a><br \/>\n<a href=\"https:\/\/www.baks.com.pl\/fr\/appui-technique\/\">Appui technique<\/a><\/p>\n<p>\t<a href=\"https:\/\/www.baks.com.pl\/fr\/appui-technique\/catalogues-a-telecharger\/\">Catalogues \u00e0 t\u00e9l\u00e9charger<\/a><br \/>\n\t<a href=\"https:\/\/www.baks.com.pl\/fr\/appui-technique\/certificats\/\">Certificats<\/a><br \/>\n\t<a href=\"https:\/\/www.baks.com.pl\/fr\/appui-technique\/films-demonstratifs\/\">Films d\u00e9monstratifs<\/a><br \/>\n\t<a href=\"https:\/\/www.baks.com.pl\/fr\/appui-technique\/logiciel-bakscad\/\">Logiciel BAKSCAD<\/a><br \/>\n\t<a href=\"https:\/\/www.baks.com.pl\/fr\/appui-technique\/pour-le-designer-2\/\">Pour le designer<\/a><\/p>\n<p><a href=\"https:\/\/www.baks.com.pl\/fr\/entreprise\/\">Entreprise<\/a><\/p>\n<p>\t<a href=\"https:\/\/www.baks.com.pl\/fr\/entreprise\/demandes-doffre\/\">Demandes d&#8217;offre<\/a><br \/>\n\t<a href=\"https:\/\/www.baks.com.pl\/fr\/entreprise\/fonds-de-l-ue\/\">Fonds de l&#8217; UE<\/a><br \/>\n\t<a href=\"https:\/\/www.baks.com.pl\/fr\/entreprise\/recherches-et-developpement\/\">Recherches et d\u00e9veloppement<\/a><br \/>\n\t<a href=\"https:\/\/www.baks.com.pl\/fr\/entreprise\/references\/\">R\u00e9f\u00e9rences<\/a><br \/>\n\t<a href=\"https:\/\/www.baks.com.pl\/fr\/\">Start<\/a><\/p>\n<p><a href=\"https:\/\/www.baks.com.pl\/fr\/film\/\">Film<\/a><br \/>\n<a href=\"https:\/\/www.baks.com.pl\/fr\/nous-joindre\/\">Nous joindre<\/a><\/p>\n<p>\t<a href=\"https:\/\/www.baks.com.pl\/fr\/nous-joindre\/partenaires-commerciaux\/\">Partenaires commerciaux<\/a><\/p>\n<p><a href=\"https:\/\/www.baks.com.pl\/fr\/plan-du-site\/\">Plan du site<\/a><br \/>\n<a href=\"https:\/\/www.baks.com.pl\/fr\/politique-de-confidentialite\/\">Politique de confidentialit\u00e9<\/a><br \/>\n<a href=\"https:\/\/www.baks.com.pl\/fr\/produits\/\">Produits<\/a><\/p>\n<p>\t<a href=\"https:\/\/www.baks.com.pl\/fr\/produits\/exemple-dassemblage\/\">Exemple d&#8217;assemblage<\/a><br \/>\n\t<a href=\"https:\/\/www.baks.com.pl\/fr\/produits\/garantie\/\">Garantie<\/a><br \/>\n\t<a href=\"https:\/\/www.baks.com.pl\/fr\/produits\/informations-techniques\/\">Informations techniques<\/a><br \/>\n\t<a href=\"https:\/\/www.baks.com.pl\/fr\/produits\/solutions\/\">Solutions<\/a><\/p>\n<p><a href=\"https:\/\/www.baks.com.pl\/fr\/travail\/\">Travail<\/a><br \/>\n[\/vc_column_text][\/vc_column][\/vc_row]<\/p>\n","protected":false},"author":1,"featured_media":0,"parent":0,"menu_order":0,"comment_status":"open","ping_status":"open","template":"","meta":{"inline_featured_image":false},"acf":[],"_links":{"self":[{"href":"https:\/\/www.baks.com.pl\/fr\/wp-json\/wp\/v2\/pages\/8008"}],"collection":[{"href":"https:\/\/www.baks.com.pl\/fr\/wp-json\/wp\/v2\/pages"}],"about":[{"href":"https:\/\/www.baks.com.pl\/fr\/wp-json\/wp\/v2\/types\/page"}],"author":[{"embeddable":true,"href":"https:\/\/www.baks.com.pl\/fr\/wp-json\/wp\/v2\/users\/1"}],"replies":[{"embeddable":true,"href":"https:\/\/www.baks.com.pl\/fr\/wp-json\/wp\/v2\/comments?post=8008"}],"version-history":[{"count":3,"href":"https:\/\/www.baks.com.pl\/fr\/wp-json\/wp\/v2\/pages\/8008\/revisions"}],"predecessor-version":[{"id":8034,"href":"https:\/\/www.baks.com.pl\/fr\/wp-json\/wp\/v2\/pages\/8008\/revisions\/8034"}],"wp:attachment":[{"href":"https:\/\/www.baks.com.pl\/fr\/wp-json\/wp\/v2\/media?parent=8008"}],"curies":[{"name":"wp","href":"https:\/\/api.w.org\/{rel}","templated":true}]}}