{"id":8481,"date":"2016-07-28T07:49:12","date_gmt":"2016-07-28T05:49:12","guid":{"rendered":"https:\/\/baloikasdasa.sg-host.com\/fr\/?page_id=8481"},"modified":"2025-01-23T08:42:55","modified_gmt":"2025-01-23T07:42:55","slug":"pour-le-designer-2","status":"publish","type":"page","link":"https:\/\/www.baks.com.pl\/fr\/appui-technique\/pour-le-designer-2\/","title":{"rendered":"Pour le designer"},"content":{"rendered":"<section class=\"wpb-content-wrapper\"><p>[vc_row row_id=&#8221;sticky-menu&#8221; el_class=&#8221;submenu-row&#8221; css=&#8221;.vc_custom_1441293994461{margin-top: 0px !important;margin-bottom: 0px !important;padding-top: 0px !important;padding-bottom: 0px !important;}&#8221;][vc_column css=&#8221;.vc_custom_1440764270954{margin-top: 0px !important;margin-bottom: 0px !important;padding-top: 0px !important;padding-bottom: 0px !important;}&#8221;][vc_widget_sidebar sidebar_id=&#8221;sidebar-2&#8243; el_class=&#8221;subMenuTop negative&#8221;][\/vc_column][\/vc_row][vc_row full_width=&#8221;stretch_row&#8221; el_class=&#8221;ri-opacity50 ri-black negative ri-padding-page-title&#8221; css=&#8221;.vc_custom_1737618173910{margin-bottom: 0px !important;background-image: url(https:\/\/www.baks.com.pl\/wp-content\/uploads\/2015\/08\/wsparcie_1v2.jpg?id=47771) !important;background-position: center !important;background-repeat: no-repeat !important;background-size: cover !important;}&#8221;][vc_column width=&#8221;1\/6&#8243; offset=&#8221;vc_hidden-xs&#8221;][\/vc_column][vc_column width=&#8221;2\/3&#8243;][vc_column_text el_class=&#8221;negative intro&#8221;]<\/p>\n<h1 style=\"text-align: center;\">Biblioth\u00e8que virtuelle avec des mod\u00e8les en 3d<\/h1>\n<hr \/>\n<p style=\"text-align: center;\">Dans notre offre vous trouverez des biblioth\u00e8ques virtuelles de nos produits, compatibles avec deux outils les plus populaires pour la conception de l\u2019installation en 3D : SmartPlant 3D et REVIT. Apr\u00e8s l\u2019installation de nos bibliot\u00e8ques virtuelles les designers disposent d\u2019un vaste \u00e9ventail de nos produits pr\u00eats \u00e0 l\u2019utilistation dans les projets, tous les dimensions, symboles et num\u00e9ros de catalogue gard\u00e9s.<\/p>\n<p>[\/vc_column_text][vc_btn title=&#8221;T\u00e9l\u00e9chargez le logiciel&#8221; color=&#8221;warning&#8221; align=&#8221;center&#8221; css_animation=&#8221;left-to-right&#8221; link=&#8221;url:%23download-bakscad||&#8221; el_class=&#8221;menu-item&#8221;][\/vc_column][vc_column width=&#8221;1\/6&#8243; offset=&#8221;vc_hidden-xs&#8221;][\/vc_column][\/vc_row][vc_row full_width=&#8221;stretch_row&#8221; css=&#8221;.vc_custom_1469429794773{margin-bottom: 0px !important;padding-top: 80px !important;padding-bottom: 0px !important;background-color: #a1bd3c !important;}&#8221; el_class=&#8221;negative&#8221;][vc_column width=&#8221;1\/6&#8243;][\/vc_column][vc_column width=&#8221;2\/3&#8243;][vc_column_text text_id=&#8221;download-bakscad&#8221;]<\/p>\n<h4 style=\"text-align: center;\">S\u00e9lectionnez la version du logiciel dont vous disposez et t\u00e9l\u00e9chargez gratuitement la biblioth\u00e8que avec des mod\u00e8les en 3d.<\/h4>\n<p>[\/vc_column_text][\/vc_column][vc_column width=&#8221;1\/6&#8243;][\/vc_column][\/vc_row][vc_row full_width=&#8221;stretch_row&#8221; css=&#8221;.vc_custom_1469429810386{margin-bottom: 0px !important;padding-top: 50px !important;padding-bottom: 40px !important;background-color: #a1bd3c !important;}&#8221; el_class=&#8221;negative linkrow&#8221;][vc_column width=&#8221;1\/3&#8243; css=&#8221;.vc_custom_1441200173978{padding-top: 20px !important;}&#8221;][vc_column_text]<\/p>\n<h5 style=\"text-align: center;\"><strong>SmartPlant 3D<\/strong><\/h5>\n<ul>\n<li style=\"text-align: center;\"><a href=\"\/wp-content\/uploads\/2016\/07\/SmartPlant3D_Biblioteka_BAKS.rar\">SmartPlan 3d<\/a><\/li>\n<\/ul>\n<p>[\/vc_column_text][\/vc_column][vc_column width=&#8221;1\/3&#8243; css=&#8221;.vc_custom_1441200179829{padding-top: 20px !important;}&#8221;][vc_column_text]<\/p>\n<h5 style=\"text-align: center;\"><strong>Revit<\/strong><\/h5>\n<ul>\n<li style=\"text-align: center;\"><a href=\"\/wp-content\/uploads\/2016\/08\/revit.zip\">Revit<\/a><\/li>\n<\/ul>\n<p>[\/vc_column_text][\/vc_column][\/vc_row]<\/p>\n<\/section>","protected":false},"excerpt":{"rendered":"<p>[vc_row row_id=&#8221;sticky-menu&#8221; el_class=&#8221;submenu-row&#8221; css=&#8221;.vc_custom_1441293994461{margin-top: 0px !important;margin-bottom: 0px !important;padding-top: 0px !important;padding-bottom: 0px !important;}&#8221;][vc_column css=&#8221;.vc_custom_1440764270954{margin-top: 0px !important;margin-bottom: 0px !important;padding-top: 0px !important;padding-bottom: 0px !important;}&#8221;][vc_widget_sidebar sidebar_id=&#8221;sidebar-2&#8243; el_class=&#8221;subMenuTop negative&#8221;][\/vc_column][\/vc_row][vc_row full_width=&#8221;stretch_row&#8221; el_class=&#8221;ri-opacity50 ri-black negative ri-padding-page-title&#8221; css=&#8221;.vc_custom_1737618173910{margin-bottom: 0px !important;background-image: url(https:\/\/www.baks.com.pl\/wp-content\/uploads\/2015\/08\/wsparcie_1v2.jpg?id=47771) !important;background-position: center !important;background-repeat: no-repeat !important;background-size: cover !important;}&#8221;][vc_column width=&#8221;1\/6&#8243; offset=&#8221;vc_hidden-xs&#8221;][\/vc_column][vc_column width=&#8221;2\/3&#8243;][vc_column_text el_class=&#8221;negative intro&#8221;]<\/p>\n<p>Biblioth\u00e8que virtuelle avec des mod\u00e8les en 3d<\/p>\n<p style=\"text-align: center;\">Dans notre offre vous trouverez des biblioth\u00e8ques virtuelles de nos produits, compatibles avec deux outils les plus populaires pour la conception de l\u2019installation en 3D : SmartPlant 3D<\/p>\n","protected":false},"author":5,"featured_media":0,"parent":7613,"menu_order":0,"comment_status":"closed","ping_status":"closed","template":"","meta":{"inline_featured_image":false},"acf":[],"_links":{"self":[{"href":"https:\/\/www.baks.com.pl\/fr\/wp-json\/wp\/v2\/pages\/8481"}],"collection":[{"href":"https:\/\/www.baks.com.pl\/fr\/wp-json\/wp\/v2\/pages"}],"about":[{"href":"https:\/\/www.baks.com.pl\/fr\/wp-json\/wp\/v2\/types\/page"}],"author":[{"embeddable":true,"href":"https:\/\/www.baks.com.pl\/fr\/wp-json\/wp\/v2\/users\/5"}],"replies":[{"embeddable":true,"href":"https:\/\/www.baks.com.pl\/fr\/wp-json\/wp\/v2\/comments?post=8481"}],"version-history":[{"count":3,"href":"https:\/\/www.baks.com.pl\/fr\/wp-json\/wp\/v2\/pages\/8481\/revisions"}],"predecessor-version":[{"id":48117,"href":"https:\/\/www.baks.com.pl\/fr\/wp-json\/wp\/v2\/pages\/8481\/revisions\/48117"}],"up":[{"embeddable":true,"href":"https:\/\/www.baks.com.pl\/fr\/wp-json\/wp\/v2\/pages\/7613"}],"wp:attachment":[{"href":"https:\/\/www.baks.com.pl\/fr\/wp-json\/wp\/v2\/media?parent=8481"}],"curies":[{"name":"wp","href":"https:\/\/api.w.org\/{rel}","templated":true}]}}